{"id":1018,"date":"2021-08-03T16:46:05","date_gmt":"2021-08-03T16:46:05","guid":{"rendered":"http:\/\/telemetry.com.pe\/?page_id=1018"},"modified":"2021-08-03T16:48:45","modified_gmt":"2021-08-03T16:48:45","slug":"inclinometro-en-el-lugar","status":"publish","type":"page","link":"https:\/\/telemetry.com.pe\/index.php\/inclinometro-en-el-lugar\/","title":{"rendered":"INCLIN\u00d3METRO EN EL LUGAR"},"content":{"rendered":"\t\t<div data-elementor-type=\"wp-page\" data-elementor-id=\"1018\" class=\"elementor elementor-1018\">\n\t\t\t\t\t\t<section class=\"elementor-section elementor-top-section elementor-element elementor-element-b25d83b elementor-section-boxed elementor-section-height-default elementor-section-height-default\" data-id=\"b25d83b\" data-element_type=\"section\" data-e-type=\"section\">\n\t\t\t\t\t\t<div class=\"elementor-container elementor-column-gap-default\">\n\t\t\t\t\t<div class=\"elementor-column elementor-col-100 elementor-top-column elementor-element elementor-element-e46139a\" data-id=\"e46139a\" data-element_type=\"column\" data-e-type=\"column\">\n\t\t\t<div class=\"elementor-widget-wrap elementor-element-populated\">\n\t\t\t\t\t\t<section class=\"elementor-section elementor-inner-section elementor-element elementor-element-1822689 elementor-section-boxed elementor-section-height-default elementor-section-height-default\" data-id=\"1822689\" data-element_type=\"section\" data-e-type=\"section\">\n\t\t\t\t\t\t<div class=\"elementor-container elementor-column-gap-default\">\n\t\t\t\t\t<div class=\"elementor-column elementor-col-50 elementor-inner-column elementor-element elementor-element-ee24e62\" data-id=\"ee24e62\" data-element_type=\"column\" data-e-type=\"column\">\n\t\t\t<div class=\"elementor-widget-wrap elementor-element-populated\">\n\t\t\t\t\t\t<div class=\"elementor-element elementor-element-1d65b9d elementor-widget elementor-widget-image\" data-id=\"1d65b9d\" data-element_type=\"widget\" data-e-type=\"widget\" data-widget_type=\"image.default\">\n\t\t\t\t<div class=\"elementor-widget-container\">\n\t\t\t\t\t\t\t\t\t\t\t\t\t\t\t<img fetchpriority=\"high\" decoding=\"async\" width=\"748\" height=\"526\" src=\"https:\/\/telemetry.com.pe\/wp-content\/uploads\/2021\/08\/INCLINOMETRO-EN-EL-LUGAR.jpg\" class=\"attachment-large size-large wp-image-1020\" alt=\"INCLIN\u00d3METRO EN EL LUGAR\" srcset=\"https:\/\/telemetry.com.pe\/wp-content\/uploads\/2021\/08\/INCLINOMETRO-EN-EL-LUGAR.jpg 748w, https:\/\/telemetry.com.pe\/wp-content\/uploads\/2021\/08\/INCLINOMETRO-EN-EL-LUGAR-300x211.jpg 300w, https:\/\/telemetry.com.pe\/wp-content\/uploads\/2021\/08\/INCLINOMETRO-EN-EL-LUGAR-600x422.jpg 600w\" sizes=\"(max-width: 748px) 100vw, 748px\" \/>\t\t\t\t\t\t\t\t\t\t\t\t\t\t\t<\/div>\n\t\t\t\t<\/div>\n\t\t\t\t<div class=\"elementor-element elementor-element-4866417 elementor-widget elementor-widget-accordion\" data-id=\"4866417\" data-element_type=\"widget\" data-e-type=\"widget\" data-widget_type=\"accordion.default\">\n\t\t\t\t<div class=\"elementor-widget-container\">\n\t\t\t\t\t\t\t<div class=\"elementor-accordion\">\n\t\t\t\t\t\t\t<div class=\"elementor-accordion-item\">\n\t\t\t\t\t<div id=\"elementor-tab-title-7591\" class=\"elementor-tab-title\" data-tab=\"1\" role=\"button\" aria-controls=\"elementor-tab-content-7591\" aria-expanded=\"false\">\n\t\t\t\t\t\t\t\t\t\t\t\t\t<span class=\"elementor-accordion-icon elementor-accordion-icon-left\" aria-hidden=\"true\">\n\t\t\t\t\t\t\t\t\t\t\t\t\t\t\t<span class=\"elementor-accordion-icon-closed\"><svg class=\"e-font-icon-svg e-fas-plus\" viewBox=\"0 0 448 512\" xmlns=\"http:\/\/www.w3.org\/2000\/svg\"><path d=\"M416 208H272V64c0-17.67-14.33-32-32-32h-32c-17.67 0-32 14.33-32 32v144H32c-17.67 0-32 14.33-32 32v32c0 17.67 14.33 32 32 32h144v144c0 17.67 14.33 32 32 32h32c17.67 0 32-14.33 32-32V304h144c17.67 0 32-14.33 32-32v-32c0-17.67-14.33-32-32-32z\"><\/path><\/svg><\/span>\n\t\t\t\t\t\t\t\t<span class=\"elementor-accordion-icon-opened\"><svg class=\"e-font-icon-svg e-fas-minus\" viewBox=\"0 0 448 512\" xmlns=\"http:\/\/www.w3.org\/2000\/svg\"><path d=\"M416 208H32c-17.67 0-32 14.33-32 32v32c0 17.67 14.33 32 32 32h384c17.67 0 32-14.33 32-32v-32c0-17.67-14.33-32-32-32z\"><\/path><\/svg><\/span>\n\t\t\t\t\t\t\t\t\t\t\t\t\t\t<\/span>\n\t\t\t\t\t\t\t\t\t\t\t\t<a class=\"elementor-accordion-title\" tabindex=\"0\">CARACTER\u00cdSTICAS DEL PRODUCTO <\/a>\n\t\t\t\t\t<\/div>\n\t\t\t\t\t<div id=\"elementor-tab-content-7591\" class=\"elementor-tab-content elementor-clearfix\" data-tab=\"1\" role=\"region\" aria-labelledby=\"elementor-tab-title-7591\"><ul><li><span><span>Las cadenas de sensores brindan un perfil f\u00e1cilmente automatizado de desplazamientos verticales u horizontales<\/span><\/span><\/li><li><span><span>Mediciones precisas y precisas utilizando sensores MEMS<\/span><\/span><\/li><li><span><span>Disponible en versiones Uniaxial y Biaxial<\/span><\/span><\/li><li><span><span>Compensaci\u00f3n de temperatura incorporada<\/span><\/span><\/li><li><span><span>Construcci\u00f3n de acero inoxidable, resistente al agua hasta 2000 kPa<\/span><\/span><\/li><\/ul><\/div>\n\t\t\t\t<\/div>\n\t\t\t\t\t\t\t<div class=\"elementor-accordion-item\">\n\t\t\t\t\t<div id=\"elementor-tab-title-7592\" class=\"elementor-tab-title\" data-tab=\"2\" role=\"button\" aria-controls=\"elementor-tab-content-7592\" aria-expanded=\"false\">\n\t\t\t\t\t\t\t\t\t\t\t\t\t<span class=\"elementor-accordion-icon elementor-accordion-icon-left\" aria-hidden=\"true\">\n\t\t\t\t\t\t\t\t\t\t\t\t\t\t\t<span class=\"elementor-accordion-icon-closed\"><svg class=\"e-font-icon-svg e-fas-plus\" viewBox=\"0 0 448 512\" xmlns=\"http:\/\/www.w3.org\/2000\/svg\"><path d=\"M416 208H272V64c0-17.67-14.33-32-32-32h-32c-17.67 0-32 14.33-32 32v144H32c-17.67 0-32 14.33-32 32v32c0 17.67 14.33 32 32 32h144v144c0 17.67 14.33 32 32 32h32c17.67 0 32-14.33 32-32V304h144c17.67 0 32-14.33 32-32v-32c0-17.67-14.33-32-32-32z\"><\/path><\/svg><\/span>\n\t\t\t\t\t\t\t\t<span class=\"elementor-accordion-icon-opened\"><svg class=\"e-font-icon-svg e-fas-minus\" viewBox=\"0 0 448 512\" xmlns=\"http:\/\/www.w3.org\/2000\/svg\"><path d=\"M416 208H32c-17.67 0-32 14.33-32 32v32c0 17.67 14.33 32 32 32h384c17.67 0 32-14.33 32-32v-32c0-17.67-14.33-32-32-32z\"><\/path><\/svg><\/span>\n\t\t\t\t\t\t\t\t\t\t\t\t\t\t<\/span>\n\t\t\t\t\t\t\t\t\t\t\t\t<a class=\"elementor-accordion-title\" tabindex=\"0\">BENEFICIOS DEL PRODUCTO<\/a>\n\t\t\t\t\t<\/div>\n\t\t\t\t\t<div id=\"elementor-tab-content-7592\" class=\"elementor-tab-content elementor-clearfix\" data-tab=\"2\" role=\"region\" aria-labelledby=\"elementor-tab-title-7592\"><ul><li><span><span>F\u00e1cil de automatizar utilizando sistemas de adquisici\u00f3n de datos y software Argus<\/span><\/span><\/li><li><span><span>Elimina la necesidad de monitoreo manual<\/span><\/span><\/li><li><span><span>Recuperable y reutilizable<\/span><\/span><\/li><li><span><span>Adecuado para aplicaciones cr\u00edticas para la seguridad<\/span><\/span><\/li><li><span><span>Bajo consumo de energ\u00eda<\/span><\/span><\/li><li>\u00a0<\/li><\/ul><\/div>\n\t\t\t\t<\/div>\n\t\t\t\t\t\t\t<div class=\"elementor-accordion-item\">\n\t\t\t\t\t<div id=\"elementor-tab-title-7593\" class=\"elementor-tab-title\" data-tab=\"3\" role=\"button\" aria-controls=\"elementor-tab-content-7593\" aria-expanded=\"false\">\n\t\t\t\t\t\t\t\t\t\t\t\t\t<span class=\"elementor-accordion-icon elementor-accordion-icon-left\" aria-hidden=\"true\">\n\t\t\t\t\t\t\t\t\t\t\t\t\t\t\t<span class=\"elementor-accordion-icon-closed\"><svg class=\"e-font-icon-svg e-fas-plus\" viewBox=\"0 0 448 512\" xmlns=\"http:\/\/www.w3.org\/2000\/svg\"><path d=\"M416 208H272V64c0-17.67-14.33-32-32-32h-32c-17.67 0-32 14.33-32 32v144H32c-17.67 0-32 14.33-32 32v32c0 17.67 14.33 32 32 32h144v144c0 17.67 14.33 32 32 32h32c17.67 0 32-14.33 32-32V304h144c17.67 0 32-14.33 32-32v-32c0-17.67-14.33-32-32-32z\"><\/path><\/svg><\/span>\n\t\t\t\t\t\t\t\t<span class=\"elementor-accordion-icon-opened\"><svg class=\"e-font-icon-svg e-fas-minus\" viewBox=\"0 0 448 512\" xmlns=\"http:\/\/www.w3.org\/2000\/svg\"><path d=\"M416 208H32c-17.67 0-32 14.33-32 32v32c0 17.67 14.33 32 32 32h384c17.67 0 32-14.33 32-32v-32c0-17.67-14.33-32-32-32z\"><\/path><\/svg><\/span>\n\t\t\t\t\t\t\t\t\t\t\t\t\t\t<\/span>\n\t\t\t\t\t\t\t\t\t\t\t\t<a class=\"elementor-accordion-title\" tabindex=\"0\">OPERACI\u00d3N<\/a>\n\t\t\t\t\t<\/div>\n\t\t\t\t\t<div id=\"elementor-tab-content-7593\" class=\"elementor-tab-content elementor-clearfix\" data-tab=\"3\" role=\"region\" aria-labelledby=\"elementor-tab-title-7593\"><p><span>Los IPI se instalan en la carcasa del inclin\u00f3metro dentro de un pozo;\u00a0un conjunto de rueda con resorte en el IPI encaja en las ranuras de la carcasa del inclin\u00f3metro para asegurar la alineaci\u00f3n.<\/span><\/p><p><span>Se instalan varios IPI a diferentes profundidades, asegurados mediante varillas de medici\u00f3n conectadas al IPI siguiente \/ anterior;\u00a0la varilla de calibre final se asegura en la parte superior del pozo utilizando un conjunto de soporte superior.<\/span><\/p><p><span>Cada IPI est\u00e1 conectado a un registrador de datos como un Campbell Scientific CR1000;\u00a0el registrador de datos alimenta los sensores, inicia lecturas y comunica los datos.<\/span><\/p><p><span>El software de monitoreo Argus tambi\u00e9n se puede utilizar para mostrar y monitorear los datos.<\/span><\/p><\/div>\n\t\t\t\t<\/div>\n\t\t\t\t\t\t\t<div class=\"elementor-accordion-item\">\n\t\t\t\t\t<div id=\"elementor-tab-title-7594\" class=\"elementor-tab-title\" data-tab=\"4\" role=\"button\" aria-controls=\"elementor-tab-content-7594\" aria-expanded=\"false\">\n\t\t\t\t\t\t\t\t\t\t\t\t\t<span class=\"elementor-accordion-icon elementor-accordion-icon-left\" aria-hidden=\"true\">\n\t\t\t\t\t\t\t\t\t\t\t\t\t\t\t<span class=\"elementor-accordion-icon-closed\"><svg class=\"e-font-icon-svg e-fas-plus\" viewBox=\"0 0 448 512\" xmlns=\"http:\/\/www.w3.org\/2000\/svg\"><path d=\"M416 208H272V64c0-17.67-14.33-32-32-32h-32c-17.67 0-32 14.33-32 32v144H32c-17.67 0-32 14.33-32 32v32c0 17.67 14.33 32 32 32h144v144c0 17.67 14.33 32 32 32h32c17.67 0 32-14.33 32-32V304h144c17.67 0 32-14.33 32-32v-32c0-17.67-14.33-32-32-32z\"><\/path><\/svg><\/span>\n\t\t\t\t\t\t\t\t<span class=\"elementor-accordion-icon-opened\"><svg class=\"e-font-icon-svg e-fas-minus\" viewBox=\"0 0 448 512\" xmlns=\"http:\/\/www.w3.org\/2000\/svg\"><path d=\"M416 208H32c-17.67 0-32 14.33-32 32v32c0 17.67 14.33 32 32 32h384c17.67 0 32-14.33 32-32v-32c0-17.67-14.33-32-32-32z\"><\/path><\/svg><\/span>\n\t\t\t\t\t\t\t\t\t\t\t\t\t\t<\/span>\n\t\t\t\t\t\t\t\t\t\t\t\t<a class=\"elementor-accordion-title\" tabindex=\"0\">APLICACIONES<\/a>\n\t\t\t\t\t<\/div>\n\t\t\t\t\t<div id=\"elementor-tab-content-7594\" class=\"elementor-tab-content elementor-clearfix\" data-tab=\"4\" role=\"region\" aria-labelledby=\"elementor-tab-title-7594\"><p><span>Los sistemas IPI miden el movimiento lateral en el suelo o en una estructura.\u00a0Son \u00fatiles para determinar la profundidad, la direcci\u00f3n, la magnitud y tambi\u00e9n la velocidad de movimiento.<\/span><\/p><p><span>Por ejemplo, se pueden utilizar para determinar la estabilidad de los muros de contenci\u00f3n midiendo la flexi\u00f3n y la rotaci\u00f3n en el muro de contenci\u00f3n.\u00a0Tambi\u00e9n pueden revelar movimientos de tierra que podr\u00edan afectar a otros edificios.\u00a0Los sistemas inclin\u00f3metros tambi\u00e9n se pueden utilizar para detectar movimientos en el lado aguas abajo y aguas arriba de las presas y para definir zonas de corte en los cimientos de presas con revestimiento de hormig\u00f3n.<\/span><\/p><p><span>Las mediciones del movimiento registrado se pueden utilizar para verificar que las deflexiones est\u00e9n dentro de los supuestos de dise\u00f1o.\u00a0Se debe continuar el seguimiento para establecer cualquier efecto a largo plazo una vez finalizadas las obras.<\/span><\/p><p><span>Las carcasas de inclin\u00f3metros se pueden usar en perforaciones, incrustadas en material de relleno, moldeadas en concreto o unidas a estructuras para las siguientes aplicaciones t\u00edpicas:<\/span><\/p><ul><li class=\"bullet\"><span>Detecci\u00f3n de desniveles y deslizamientos de tierra<\/span><\/li><li class=\"bullet\"><span>Determinaci\u00f3n de zonas de corte y deslizamiento<\/span><\/li><li class=\"bullet\"><span>Monitoreo de paredes de membrana o tablestacas<\/span><\/li><li class=\"bullet\"><span>Monitoreo de flexi\u00f3n en pilotes<\/span><\/li><li class=\"bullet\"><span>Verificaci\u00f3n de supuestos de dise\u00f1o y an\u00e1lisis de elementos finitos<\/span><\/li><li class=\"bullet\"><span>Fines de seguimiento a largo plazo<\/span><\/li><li class=\"bullet\"><span>Monitoreo de presas<\/span><\/li><li class=\"bullet\"><span>Detectar y registrar el movimiento del suelo debido a las operaciones de construcci\u00f3n de t\u00faneles.<\/span><\/li><li class=\"bullet\"><span>Monitoreo de muros de contenci\u00f3n<\/span><\/li><li class=\"bullet\"><span>Utilice sistemas IPI horizontales para medir el asentamiento y la deformaci\u00f3n de losas de hormig\u00f3n y bases de tanques.<\/span><\/li><\/ul><\/div>\n\t\t\t\t<\/div>\n\t\t\t\t\t\t\t\t<\/div>\n\t\t\t\t\t\t<\/div>\n\t\t\t\t<\/div>\n\t\t\t\t\t<\/div>\n\t\t<\/div>\n\t\t\t\t<div class=\"elementor-column elementor-col-50 elementor-inner-column elementor-element elementor-element-8e65fdb\" data-id=\"8e65fdb\" data-element_type=\"column\" data-e-type=\"column\">\n\t\t\t<div class=\"elementor-widget-wrap elementor-element-populated\">\n\t\t\t\t\t\t<div class=\"elementor-element elementor-element-e18a504 elementor-widget elementor-widget-heading\" data-id=\"e18a504\" data-element_type=\"widget\" data-e-type=\"widget\" data-widget_type=\"heading.default\">\n\t\t\t\t<div class=\"elementor-widget-container\">\n\t\t\t\t\t<h2 class=\"elementor-heading-title elementor-size-default\">INCLIN\u00d3METRO EN EL LUGAR<\/h2>\t\t\t\t<\/div>\n\t\t\t\t<\/div>\n\t\t\t\t<div class=\"elementor-element elementor-element-aa16fd8 elementor-widget elementor-widget-text-editor\" data-id=\"aa16fd8\" data-element_type=\"widget\" data-e-type=\"widget\" data-widget_type=\"text-editor.default\">\n\t\t\t\t<div class=\"elementor-widget-container\">\n\t\t\t\t\t\t\t\t\t<p align=\"justify\"><span>El Inclin\u00f3metro In Place (IPI) est\u00e1 dise\u00f1ado para aplicaciones de pozos casi verticales, la operaci\u00f3n principal y los datos obtenidos son similares a los sistemas de inclin\u00f3metro de tipo transversal, como los sistemas de inclin\u00f3metro digital Bluetooth port\u00e1til.<\/span><\/p><p align=\"justify\"><span>El Inclin\u00f3metro In-Place (IPI) se utiliza para medir el desplazamiento lateral dentro de un pozo.<\/span><\/p><p align=\"justify\"><span>M\u00e1s com\u00fanmente, el IPI se usa en un sistema donde se instalan m\u00faltiples IPI a diferentes profundidades.\u00a0De esta manera se puede controlar el perfil del desplazamiento.<\/span><\/p><p align=\"justify\"><span>El IPI en s\u00ed consta de uno o dos sensores de inclinaci\u00f3n MEMS (uniaxiales o biaxiales) montados en una carcasa de acero inoxidable.\u00a0Cada sensor incorpora un microprocesador integrado que realiza una compensaci\u00f3n autom\u00e1tica de temperatura de los datos de inclinaci\u00f3n (g).<\/span><\/p><p align=\"justify\"><span>El sensor en s\u00ed es un peque\u00f1o dispositivo discreto que mide en g (gravedad).\u00a0Los sensores son alimentados y le\u00eddos por un registrador de datos como el Campbell Scientific CR1000.\u00a0El software Argus puede producir un perfil de desplazamiento casi en tiempo real que se actualiza constantemente.<\/span><\/p>\t\t\t\t\t\t\t\t<\/div>\n\t\t\t\t<\/div>\n\t\t\t\t\t<\/div>\n\t\t<\/div>\n\t\t\t\t\t<\/div>\n\t\t<\/section>\n\t\t\t\t\t<\/div>\n\t\t<\/div>\n\t\t\t\t\t<\/div>\n\t\t<\/section>\n\t\t\t\t<\/div>\n\t\t","protected":false},"excerpt":{"rendered":"<p>CARACTER\u00cdSTICAS DEL PRODUCTO Las cadenas de sensores brindan un perfil f\u00e1cilmente automatizado de desplazamientos verticales u horizontales Mediciones precisas y precisas utilizando sensores MEMS Disponible en versiones Uniaxial y Biaxial Compensaci\u00f3n de temperatura incorporada Construcci\u00f3n de acero inoxidable, resistente al agua hasta 2000 kPa BENEFICIOS DEL PRODUCTO F\u00e1cil de automatizar utilizando sistemas de adquisici\u00f3n de [&hellip;]<\/p>\n","protected":false},"author":1,"featured_media":0,"parent":0,"menu_order":0,"comment_status":"closed","ping_status":"closed","template":"","meta":{"om_disable_all_campaigns":false,"ocean_post_layout":"","ocean_both_sidebars_style":"","ocean_both_sidebars_content_width":0,"ocean_both_sidebars_sidebars_width":0,"ocean_sidebar":"0","ocean_second_sidebar":"0","ocean_disable_margins":"enable","ocean_add_body_class":"","ocean_shortcode_before_top_bar":"","ocean_shortcode_after_top_bar":"","ocean_shortcode_before_header":"","ocean_shortcode_after_header":"","ocean_has_shortcode":"","ocean_shortcode_after_title":"","ocean_shortcode_before_footer_widgets":"","ocean_shortcode_after_footer_widgets":"","ocean_shortcode_before_footer_bottom":"","ocean_shortcode_after_footer_bottom":"","ocean_display_top_bar":"default","ocean_display_header":"default","ocean_header_style":"","ocean_center_header_left_menu":"0","ocean_custom_header_template":"0","ocean_custom_logo":0,"ocean_custom_retina_logo":0,"ocean_custom_logo_max_width":0,"ocean_custom_logo_tablet_max_width":0,"ocean_custom_logo_mobile_max_width":0,"ocean_custom_logo_max_height":0,"ocean_custom_logo_tablet_max_height":0,"ocean_custom_logo_mobile_max_height":0,"ocean_header_custom_menu":"0","ocean_menu_typo_font_family":"0","ocean_menu_typo_font_subset":"","ocean_menu_typo_font_size":0,"ocean_menu_typo_font_size_tablet":0,"ocean_menu_typo_font_size_mobile":0,"ocean_menu_typo_font_size_unit":"px","ocean_menu_typo_font_weight":"","ocean_menu_typo_font_weight_tablet":"","ocean_menu_typo_font_weight_mobile":"","ocean_menu_typo_transform":"","ocean_menu_typo_transform_tablet":"","ocean_menu_typo_transform_mobile":"","ocean_menu_typo_line_height":0,"ocean_menu_typo_line_height_tablet":0,"ocean_menu_typo_line_height_mobile":0,"ocean_menu_typo_line_height_unit":"","ocean_menu_typo_spacing":0,"ocean_menu_typo_spacing_tablet":0,"ocean_menu_typo_spacing_mobile":0,"ocean_menu_typo_spacing_unit":"","ocean_menu_link_color":"","ocean_menu_link_color_hover":"","ocean_menu_link_color_active":"","ocean_menu_link_background":"","ocean_menu_link_hover_background":"","ocean_menu_link_active_background":"","ocean_menu_social_links_bg":"","ocean_menu_social_hover_links_bg":"","ocean_menu_social_links_color":"","ocean_menu_social_hover_links_color":"","ocean_disable_title":"default","ocean_disable_heading":"default","ocean_post_title":"","ocean_post_subheading":"","ocean_post_title_style":"","ocean_post_title_background_color":"","ocean_post_title_background":0,"ocean_post_title_bg_image_position":"","ocean_post_title_bg_image_attachment":"","ocean_post_title_bg_image_repeat":"","ocean_post_title_bg_image_size":"","ocean_post_title_height":0,"ocean_post_title_bg_overlay":0.5,"ocean_post_title_bg_overlay_color":"","ocean_disable_breadcrumbs":"default","ocean_breadcrumbs_color":"","ocean_breadcrumbs_separator_color":"","ocean_breadcrumbs_links_color":"","ocean_breadcrumbs_links_hover_color":"","ocean_display_footer_widgets":"default","ocean_display_footer_bottom":"default","ocean_custom_footer_template":"0","_joinchat":[],"footnotes":""},"class_list":["post-1018","page","type-page","status-publish","hentry","entry","owp-thumbs-layout-horizontal","owp-btn-normal","owp-tabs-layout-horizontal","has-no-thumbnails","has-product-nav"],"_links":{"self":[{"href":"https:\/\/telemetry.com.pe\/index.php\/wp-json\/wp\/v2\/pages\/1018","targetHints":{"allow":["GET"]}}],"collection":[{"href":"https:\/\/telemetry.com.pe\/index.php\/wp-json\/wp\/v2\/pages"}],"about":[{"href":"https:\/\/telemetry.com.pe\/index.php\/wp-json\/wp\/v2\/types\/page"}],"author":[{"embeddable":true,"href":"https:\/\/telemetry.com.pe\/index.php\/wp-json\/wp\/v2\/users\/1"}],"replies":[{"embeddable":true,"href":"https:\/\/telemetry.com.pe\/index.php\/wp-json\/wp\/v2\/comments?post=1018"}],"version-history":[{"count":0,"href":"https:\/\/telemetry.com.pe\/index.php\/wp-json\/wp\/v2\/pages\/1018\/revisions"}],"wp:attachment":[{"href":"https:\/\/telemetry.com.pe\/index.php\/wp-json\/wp\/v2\/media?parent=1018"}],"curies":[{"name":"wp","href":"https:\/\/api.w.org\/{rel}","templated":true}]}}