{"id":1265,"date":"2021-08-06T18:52:14","date_gmt":"2021-08-06T18:52:14","guid":{"rendered":"http:\/\/telemetry.com.pe\/?page_id=1265"},"modified":"2021-08-06T18:54:41","modified_gmt":"2021-08-06T18:54:41","slug":"galga-extensometrica-montada-en-superficie-de-hormigon","status":"publish","type":"page","link":"https:\/\/telemetry.com.pe\/index.php\/galga-extensometrica-montada-en-superficie-de-hormigon\/","title":{"rendered":"Galga extensom\u00e9trica montada en superficie de hormig\u00f3n"},"content":{"rendered":"\t\t<div data-elementor-type=\"wp-page\" data-elementor-id=\"1265\" class=\"elementor elementor-1265\">\n\t\t\t\t\t\t<section class=\"elementor-section elementor-top-section elementor-element elementor-element-f85c18e elementor-section-boxed elementor-section-height-default elementor-section-height-default\" data-id=\"f85c18e\" data-element_type=\"section\" data-e-type=\"section\">\n\t\t\t\t\t\t<div class=\"elementor-container elementor-column-gap-default\">\n\t\t\t\t\t<div class=\"elementor-column elementor-col-100 elementor-top-column elementor-element elementor-element-ee21a0d\" data-id=\"ee21a0d\" data-element_type=\"column\" data-e-type=\"column\">\n\t\t\t<div class=\"elementor-widget-wrap elementor-element-populated\">\n\t\t\t\t\t\t<section class=\"elementor-section elementor-inner-section elementor-element elementor-element-0d2ade3 elementor-section-boxed elementor-section-height-default elementor-section-height-default\" data-id=\"0d2ade3\" data-element_type=\"section\" data-e-type=\"section\">\n\t\t\t\t\t\t<div class=\"elementor-container elementor-column-gap-default\">\n\t\t\t\t\t<div class=\"elementor-column elementor-col-50 elementor-inner-column elementor-element elementor-element-c0518a4\" data-id=\"c0518a4\" data-element_type=\"column\" data-e-type=\"column\">\n\t\t\t<div class=\"elementor-widget-wrap elementor-element-populated\">\n\t\t\t\t\t\t<div class=\"elementor-element elementor-element-b62154f elementor-widget elementor-widget-image\" data-id=\"b62154f\" data-element_type=\"widget\" data-e-type=\"widget\" data-widget_type=\"image.default\">\n\t\t\t\t<div class=\"elementor-widget-container\">\n\t\t\t\t\t\t\t\t\t\t\t\t\t\t\t<img fetchpriority=\"high\" decoding=\"async\" width=\"748\" height=\"526\" src=\"https:\/\/telemetry.com.pe\/wp-content\/uploads\/2021\/08\/GALGA-EXTENSOMETRICA-MONTADA-EN-SUPERFICIE-DE-HORMIGON.jpg\" class=\"attachment-large size-large wp-image-1247\" alt=\"Galga extensom\u00e9trica montada en superficie de hormig\u00f3n\" srcset=\"https:\/\/telemetry.com.pe\/wp-content\/uploads\/2021\/08\/GALGA-EXTENSOMETRICA-MONTADA-EN-SUPERFICIE-DE-HORMIGON.jpg 748w, https:\/\/telemetry.com.pe\/wp-content\/uploads\/2021\/08\/GALGA-EXTENSOMETRICA-MONTADA-EN-SUPERFICIE-DE-HORMIGON-300x211.jpg 300w, https:\/\/telemetry.com.pe\/wp-content\/uploads\/2021\/08\/GALGA-EXTENSOMETRICA-MONTADA-EN-SUPERFICIE-DE-HORMIGON-600x422.jpg 600w\" sizes=\"(max-width: 748px) 100vw, 748px\" \/>\t\t\t\t\t\t\t\t\t\t\t\t\t\t\t<\/div>\n\t\t\t\t<\/div>\n\t\t\t\t<div class=\"elementor-element elementor-element-c4f3856 elementor-widget elementor-widget-accordion\" data-id=\"c4f3856\" data-element_type=\"widget\" data-e-type=\"widget\" data-widget_type=\"accordion.default\">\n\t\t\t\t<div class=\"elementor-widget-container\">\n\t\t\t\t\t\t\t<div class=\"elementor-accordion\">\n\t\t\t\t\t\t\t<div class=\"elementor-accordion-item\">\n\t\t\t\t\t<div id=\"elementor-tab-title-2061\" class=\"elementor-tab-title\" data-tab=\"1\" role=\"button\" aria-controls=\"elementor-tab-content-2061\" aria-expanded=\"false\">\n\t\t\t\t\t\t\t\t\t\t\t\t\t<span class=\"elementor-accordion-icon elementor-accordion-icon-left\" aria-hidden=\"true\">\n\t\t\t\t\t\t\t\t\t\t\t\t\t\t\t<span class=\"elementor-accordion-icon-closed\"><svg class=\"e-font-icon-svg e-fas-plus\" viewBox=\"0 0 448 512\" xmlns=\"http:\/\/www.w3.org\/2000\/svg\"><path d=\"M416 208H272V64c0-17.67-14.33-32-32-32h-32c-17.67 0-32 14.33-32 32v144H32c-17.67 0-32 14.33-32 32v32c0 17.67 14.33 32 32 32h144v144c0 17.67 14.33 32 32 32h32c17.67 0 32-14.33 32-32V304h144c17.67 0 32-14.33 32-32v-32c0-17.67-14.33-32-32-32z\"><\/path><\/svg><\/span>\n\t\t\t\t\t\t\t\t<span class=\"elementor-accordion-icon-opened\"><svg class=\"e-font-icon-svg e-fas-minus\" viewBox=\"0 0 448 512\" xmlns=\"http:\/\/www.w3.org\/2000\/svg\"><path d=\"M416 208H32c-17.67 0-32 14.33-32 32v32c0 17.67 14.33 32 32 32h384c17.67 0 32-14.33 32-32v-32c0-17.67-14.33-32-32-32z\"><\/path><\/svg><\/span>\n\t\t\t\t\t\t\t\t\t\t\t\t\t\t<\/span>\n\t\t\t\t\t\t\t\t\t\t\t\t<a class=\"elementor-accordion-title\" tabindex=\"0\">CARACTER\u00cdSTICAS DEL PRODUCTO <\/a>\n\t\t\t\t\t<\/div>\n\t\t\t\t\t<div id=\"elementor-tab-content-2061\" class=\"elementor-tab-content elementor-clearfix\" data-tab=\"1\" role=\"region\" aria-labelledby=\"elementor-tab-title-2061\"><ul><li><span><span>Medidor de tensi\u00f3n ajustable para el uso m\u00e1s efectivo de la gama de instrumentos<\/span><\/span><\/li><li><span><span>Calibrado individualmente<\/span><\/span><\/li><li><span><span>Termistor integral<\/span><\/span><\/li><li><span><span>Impermeable<\/span><\/span><\/li><li><span><span>El calibre y las bobinas son reutilizables.<\/span><\/span><\/li><\/ul><\/div>\n\t\t\t\t<\/div>\n\t\t\t\t\t\t\t<div class=\"elementor-accordion-item\">\n\t\t\t\t\t<div id=\"elementor-tab-title-2062\" class=\"elementor-tab-title\" data-tab=\"2\" role=\"button\" aria-controls=\"elementor-tab-content-2062\" aria-expanded=\"false\">\n\t\t\t\t\t\t\t\t\t\t\t\t\t<span class=\"elementor-accordion-icon elementor-accordion-icon-left\" aria-hidden=\"true\">\n\t\t\t\t\t\t\t\t\t\t\t\t\t\t\t<span class=\"elementor-accordion-icon-closed\"><svg class=\"e-font-icon-svg e-fas-plus\" viewBox=\"0 0 448 512\" xmlns=\"http:\/\/www.w3.org\/2000\/svg\"><path d=\"M416 208H272V64c0-17.67-14.33-32-32-32h-32c-17.67 0-32 14.33-32 32v144H32c-17.67 0-32 14.33-32 32v32c0 17.67 14.33 32 32 32h144v144c0 17.67 14.33 32 32 32h32c17.67 0 32-14.33 32-32V304h144c17.67 0 32-14.33 32-32v-32c0-17.67-14.33-32-32-32z\"><\/path><\/svg><\/span>\n\t\t\t\t\t\t\t\t<span class=\"elementor-accordion-icon-opened\"><svg class=\"e-font-icon-svg e-fas-minus\" viewBox=\"0 0 448 512\" xmlns=\"http:\/\/www.w3.org\/2000\/svg\"><path d=\"M416 208H32c-17.67 0-32 14.33-32 32v32c0 17.67 14.33 32 32 32h384c17.67 0 32-14.33 32-32v-32c0-17.67-14.33-32-32-32z\"><\/path><\/svg><\/span>\n\t\t\t\t\t\t\t\t\t\t\t\t\t\t<\/span>\n\t\t\t\t\t\t\t\t\t\t\t\t<a class=\"elementor-accordion-title\" tabindex=\"0\">BENEFICIOS DEL PRODUCTO<\/a>\n\t\t\t\t\t<\/div>\n\t\t\t\t\t<div id=\"elementor-tab-content-2062\" class=\"elementor-tab-content elementor-clearfix\" data-tab=\"2\" role=\"region\" aria-labelledby=\"elementor-tab-title-2062\"><ul><li><span><span>M\u00e1s de 30 a\u00f1os de experiencia en el dise\u00f1o y fabricaci\u00f3n de tecnolog\u00eda de instrumentos de cuerda vibrante<\/span><\/span><\/li><li><span><span>Lecturas precisas y repetibles en cables de gran longitud<\/span><\/span><\/li><li><span><span>Larga vida \u00fatil, estabilidad y fiabilidad a largo plazo<\/span><\/span><\/li><li><span><span>Se puede utilizar con cables de gran longitud sin degradaci\u00f3n de la se\u00f1al.<\/span><\/span><\/li><li><span><span>Adecuado para lectura remota y registro de datos.<\/span><\/span><\/li><\/ul><\/div>\n\t\t\t\t<\/div>\n\t\t\t\t\t\t\t<div class=\"elementor-accordion-item\">\n\t\t\t\t\t<div id=\"elementor-tab-title-2063\" class=\"elementor-tab-title\" data-tab=\"3\" role=\"button\" aria-controls=\"elementor-tab-content-2063\" aria-expanded=\"false\">\n\t\t\t\t\t\t\t\t\t\t\t\t\t<span class=\"elementor-accordion-icon elementor-accordion-icon-left\" aria-hidden=\"true\">\n\t\t\t\t\t\t\t\t\t\t\t\t\t\t\t<span class=\"elementor-accordion-icon-closed\"><svg class=\"e-font-icon-svg e-fas-plus\" viewBox=\"0 0 448 512\" xmlns=\"http:\/\/www.w3.org\/2000\/svg\"><path d=\"M416 208H272V64c0-17.67-14.33-32-32-32h-32c-17.67 0-32 14.33-32 32v144H32c-17.67 0-32 14.33-32 32v32c0 17.67 14.33 32 32 32h144v144c0 17.67 14.33 32 32 32h32c17.67 0 32-14.33 32-32V304h144c17.67 0 32-14.33 32-32v-32c0-17.67-14.33-32-32-32z\"><\/path><\/svg><\/span>\n\t\t\t\t\t\t\t\t<span class=\"elementor-accordion-icon-opened\"><svg class=\"e-font-icon-svg e-fas-minus\" viewBox=\"0 0 448 512\" xmlns=\"http:\/\/www.w3.org\/2000\/svg\"><path d=\"M416 208H32c-17.67 0-32 14.33-32 32v32c0 17.67 14.33 32 32 32h384c17.67 0 32-14.33 32-32v-32c0-17.67-14.33-32-32-32z\"><\/path><\/svg><\/span>\n\t\t\t\t\t\t\t\t\t\t\t\t\t\t<\/span>\n\t\t\t\t\t\t\t\t\t\t\t\t<a class=\"elementor-accordion-title\" tabindex=\"0\">OPERACI\u00d3N<\/a>\n\t\t\t\t\t<\/div>\n\t\t\t\t\t<div id=\"elementor-tab-content-2063\" class=\"elementor-tab-content elementor-clearfix\" data-tab=\"3\" role=\"region\" aria-labelledby=\"elementor-tab-title-2063\"><p><span>El medidor de tensi\u00f3n de montaje en superficie de hormig\u00f3n consiste en un tubo sellado que contiene el cable que se fija mediante pernos allen a un ancla extra\u00edble en cada extremo.<\/span><\/p><p><span>La bobina captadora est\u00e1 dise\u00f1ada para deslizarse f\u00e1cilmente sobre una secci\u00f3n aplanada en el centro del tubo del medidor, por lo que tambi\u00e9n se puede colocar despu\u00e9s de instalar el medidor.\u00a0Como el medidor y la bobina se pueden quitar f\u00e1cilmente, se pueden reutilizar si se desea.<\/span><\/p><p><span>Los pernos de anclaje se colocan en el sitio usando la barra de ajuste como plantilla para perforar agujeros en la estructura que se va a monitorear. El calibre debe retirarse de los pernos de anclaje durante el enlechado para evitar da\u00f1arlo.\u00a0Los dos pernos de anclaje se colocan enlechados (usando la barra de ajuste del calibre como plantilla) en la estructura que se va a monitorear.\u00a0Una vez que los anclajes se han colocado en los orificios, el calibre se vuelve a colocar en los anclajes y se tensa seg\u00fan sea necesario.\u00a0Si a\u00fan no est\u00e1 instalado, la bobina captadora debe deslizarse en su lugar y asegurarse con bridas.<\/span><\/p><p><span>El sensor se puede leer usando cualquier lectura de cuerda vibrante disponible comercialmente, y los datos de temperatura tambi\u00e9n se pueden leer desde el termistor integral.\u00a0El uso de una se\u00f1al basada en frecuencia (como con todas las mediciones de VW) significa que se pueden lograr tramos largos de cable (m\u00e1s de 1,000 m) entre el instrumento y el punto de lectura o registrador de datos.<\/span><\/p><\/div>\n\t\t\t\t<\/div>\n\t\t\t\t\t\t\t<div class=\"elementor-accordion-item\">\n\t\t\t\t\t<div id=\"elementor-tab-title-2064\" class=\"elementor-tab-title\" data-tab=\"4\" role=\"button\" aria-controls=\"elementor-tab-content-2064\" aria-expanded=\"false\">\n\t\t\t\t\t\t\t\t\t\t\t\t\t<span class=\"elementor-accordion-icon elementor-accordion-icon-left\" aria-hidden=\"true\">\n\t\t\t\t\t\t\t\t\t\t\t\t\t\t\t<span class=\"elementor-accordion-icon-closed\"><svg class=\"e-font-icon-svg e-fas-plus\" viewBox=\"0 0 448 512\" xmlns=\"http:\/\/www.w3.org\/2000\/svg\"><path d=\"M416 208H272V64c0-17.67-14.33-32-32-32h-32c-17.67 0-32 14.33-32 32v144H32c-17.67 0-32 14.33-32 32v32c0 17.67 14.33 32 32 32h144v144c0 17.67 14.33 32 32 32h32c17.67 0 32-14.33 32-32V304h144c17.67 0 32-14.33 32-32v-32c0-17.67-14.33-32-32-32z\"><\/path><\/svg><\/span>\n\t\t\t\t\t\t\t\t<span class=\"elementor-accordion-icon-opened\"><svg class=\"e-font-icon-svg e-fas-minus\" viewBox=\"0 0 448 512\" xmlns=\"http:\/\/www.w3.org\/2000\/svg\"><path d=\"M416 208H32c-17.67 0-32 14.33-32 32v32c0 17.67 14.33 32 32 32h384c17.67 0 32-14.33 32-32v-32c0-17.67-14.33-32-32-32z\"><\/path><\/svg><\/span>\n\t\t\t\t\t\t\t\t\t\t\t\t\t\t<\/span>\n\t\t\t\t\t\t\t\t\t\t\t\t<a class=\"elementor-accordion-title\" tabindex=\"0\">APLICACIONES<\/a>\n\t\t\t\t\t<\/div>\n\t\t\t\t\t<div id=\"elementor-tab-content-2064\" class=\"elementor-tab-content elementor-clearfix\" data-tab=\"4\" role=\"region\" aria-labelledby=\"elementor-tab-title-2064\"><p><span>El medidor de tensi\u00f3n montado en superficie de hormig\u00f3n puede medir la tensi\u00f3n en elementos de hormig\u00f3n en edificios, puentes, presas, tuber\u00edas o cualquier otra estructura de hormig\u00f3n.<\/span><\/p><h5><span>Las aplicaciones t\u00edpicas incluyen:<\/span><\/h5><ul><li class=\"bullet\"><span>Elementos y puntales de hormig\u00f3n<\/span><\/li><li class=\"bullet\"><span>Monitorizaci\u00f3n de la deformaci\u00f3n debida a la carga<\/span><\/li><li class=\"bullet\"><span>Puentes y presas<\/span><\/li><li class=\"bullet\"><span>Supervisi\u00f3n de la tensi\u00f3n y la carga durante la construcci\u00f3n y la vida \u00fatil<\/span><\/li><li class=\"bullet\"><span>Pilotes y hormig\u00f3n en masa.<\/span><\/li><\/ul><\/div>\n\t\t\t\t<\/div>\n\t\t\t\t\t\t\t\t<\/div>\n\t\t\t\t\t\t<\/div>\n\t\t\t\t<\/div>\n\t\t\t\t\t<\/div>\n\t\t<\/div>\n\t\t\t\t<div class=\"elementor-column elementor-col-50 elementor-inner-column elementor-element elementor-element-5bc12c5\" data-id=\"5bc12c5\" data-element_type=\"column\" data-e-type=\"column\">\n\t\t\t<div class=\"elementor-widget-wrap elementor-element-populated\">\n\t\t\t\t\t\t<div class=\"elementor-element elementor-element-3e9a094 elementor-widget elementor-widget-heading\" data-id=\"3e9a094\" data-element_type=\"widget\" data-e-type=\"widget\" data-widget_type=\"heading.default\">\n\t\t\t\t<div class=\"elementor-widget-container\">\n\t\t\t\t\t<h2 class=\"elementor-heading-title elementor-size-default\">Galga extensom\u00e9trica montada en superficie de hormig\u00f3n<\/h2>\t\t\t\t<\/div>\n\t\t\t\t<\/div>\n\t\t\t\t<div class=\"elementor-element elementor-element-f2b5512 elementor-widget elementor-widget-text-editor\" data-id=\"f2b5512\" data-element_type=\"widget\" data-e-type=\"widget\" data-widget_type=\"text-editor.default\">\n\t\t\t\t<div class=\"elementor-widget-container\">\n\t\t\t\t\t\t\t\t\t<p class=\"lead\"><span>El medidor de deformaci\u00f3n montado en superficie de hormig\u00f3n se utiliza para medir la deformaci\u00f3n en estructuras de hormig\u00f3n, incluidas vigas y pilotes de hormig\u00f3n que soportan cargas.<\/span><\/p><p><span>El medidor de deformaci\u00f3n de montaje en superficie de hormig\u00f3n mide la deformaci\u00f3n en elementos de hormig\u00f3n.\u00a0Consiste en un ensamble de bobina, un elemento de cuerda vibrante y dos anclajes que se pueden enlechar para incrustar la unidad en la estructura de concreto a monitorear.\u00a0Las juntas t\u00f3ricas entre el tubo protector y los bloques del extremo del man\u00f3metro proporcionan impermeabilidad y permiten que el tubo permanezca libre de tensiones.<\/span><\/p><p><span>Un cable blindado de cuatro n\u00facleos instalado de f\u00e1brica conecta la bobina a la unidad de lectura.\u00a0Una vez instalado, los cambios en la deformaci\u00f3n son monitoreados por el conjunto de bobina montado en el medidor.\u00a0Los medidores se pueden leer de forma individual y local, o de forma remota y autom\u00e1tica como parte de un sistema de recopilaci\u00f3n de datos.<\/span><\/p>\t\t\t\t\t\t\t\t<\/div>\n\t\t\t\t<\/div>\n\t\t\t\t\t<\/div>\n\t\t<\/div>\n\t\t\t\t\t<\/div>\n\t\t<\/section>\n\t\t\t\t\t<\/div>\n\t\t<\/div>\n\t\t\t\t\t<\/div>\n\t\t<\/section>\n\t\t\t\t<\/div>\n\t\t","protected":false},"excerpt":{"rendered":"<p>CARACTER\u00cdSTICAS DEL PRODUCTO Medidor de tensi\u00f3n ajustable para el uso m\u00e1s efectivo de la gama de instrumentos Calibrado individualmente Termistor integral Impermeable El calibre y las bobinas son reutilizables. BENEFICIOS DEL PRODUCTO M\u00e1s de 30 a\u00f1os de experiencia en el dise\u00f1o y fabricaci\u00f3n de tecnolog\u00eda de instrumentos de cuerda vibrante Lecturas precisas y repetibles en [&hellip;]<\/p>\n","protected":false},"author":1,"featured_media":0,"parent":0,"menu_order":0,"comment_status":"closed","ping_status":"closed","template":"","meta":{"om_disable_all_campaigns":false,"ocean_post_layout":"","ocean_both_sidebars_style":"","ocean_both_sidebars_content_width":0,"ocean_both_sidebars_sidebars_width":0,"ocean_sidebar":"0","ocean_second_sidebar":"0","ocean_disable_margins":"enable","ocean_add_body_class":"","ocean_shortcode_before_top_bar":"","ocean_shortcode_after_top_bar":"","ocean_shortcode_before_header":"","ocean_shortcode_after_header":"","ocean_has_shortcode":"","ocean_shortcode_after_title":"","ocean_shortcode_before_footer_widgets":"","ocean_shortcode_after_footer_widgets":"","ocean_shortcode_before_footer_bottom":"","ocean_shortcode_after_footer_bottom":"","ocean_display_top_bar":"default","ocean_display_header":"default","ocean_header_style":"","ocean_center_header_left_menu":"0","ocean_custom_header_template":"0","ocean_custom_logo":0,"ocean_custom_retina_logo":0,"ocean_custom_logo_max_width":0,"ocean_custom_logo_tablet_max_width":0,"ocean_custom_logo_mobile_max_width":0,"ocean_custom_logo_max_height":0,"ocean_custom_logo_tablet_max_height":0,"ocean_custom_logo_mobile_max_height":0,"ocean_header_custom_menu":"0","ocean_menu_typo_font_family":"0","ocean_menu_typo_font_subset":"","ocean_menu_typo_font_size":0,"ocean_menu_typo_font_size_tablet":0,"ocean_menu_typo_font_size_mobile":0,"ocean_menu_typo_font_size_unit":"px","ocean_menu_typo_font_weight":"","ocean_menu_typo_font_weight_tablet":"","ocean_menu_typo_font_weight_mobile":"","ocean_menu_typo_transform":"","ocean_menu_typo_transform_tablet":"","ocean_menu_typo_transform_mobile":"","ocean_menu_typo_line_height":0,"ocean_menu_typo_line_height_tablet":0,"ocean_menu_typo_line_height_mobile":0,"ocean_menu_typo_line_height_unit":"","ocean_menu_typo_spacing":0,"ocean_menu_typo_spacing_tablet":0,"ocean_menu_typo_spacing_mobile":0,"ocean_menu_typo_spacing_unit":"","ocean_menu_link_color":"","ocean_menu_link_color_hover":"","ocean_menu_link_color_active":"","ocean_menu_link_background":"","ocean_menu_link_hover_background":"","ocean_menu_link_active_background":"","ocean_menu_social_links_bg":"","ocean_menu_social_hover_links_bg":"","ocean_menu_social_links_color":"","ocean_menu_social_hover_links_color":"","ocean_disable_title":"default","ocean_disable_heading":"default","ocean_post_title":"","ocean_post_subheading":"","ocean_post_title_style":"","ocean_post_title_background_color":"","ocean_post_title_background":0,"ocean_post_title_bg_image_position":"","ocean_post_title_bg_image_attachment":"","ocean_post_title_bg_image_repeat":"","ocean_post_title_bg_image_size":"","ocean_post_title_height":0,"ocean_post_title_bg_overlay":0.5,"ocean_post_title_bg_overlay_color":"","ocean_disable_breadcrumbs":"default","ocean_breadcrumbs_color":"","ocean_breadcrumbs_separator_color":"","ocean_breadcrumbs_links_color":"","ocean_breadcrumbs_links_hover_color":"","ocean_display_footer_widgets":"default","ocean_display_footer_bottom":"default","ocean_custom_footer_template":"0","_joinchat":[],"footnotes":""},"class_list":["post-1265","page","type-page","status-publish","hentry","entry","owp-thumbs-layout-horizontal","owp-btn-normal","owp-tabs-layout-horizontal","has-no-thumbnails","has-product-nav"],"_links":{"self":[{"href":"https:\/\/telemetry.com.pe\/index.php\/wp-json\/wp\/v2\/pages\/1265","targetHints":{"allow":["GET"]}}],"collection":[{"href":"https:\/\/telemetry.com.pe\/index.php\/wp-json\/wp\/v2\/pages"}],"about":[{"href":"https:\/\/telemetry.com.pe\/index.php\/wp-json\/wp\/v2\/types\/page"}],"author":[{"embeddable":true,"href":"https:\/\/telemetry.com.pe\/index.php\/wp-json\/wp\/v2\/users\/1"}],"replies":[{"embeddable":true,"href":"https:\/\/telemetry.com.pe\/index.php\/wp-json\/wp\/v2\/comments?post=1265"}],"version-history":[{"count":0,"href":"https:\/\/telemetry.com.pe\/index.php\/wp-json\/wp\/v2\/pages\/1265\/revisions"}],"wp:attachment":[{"href":"https:\/\/telemetry.com.pe\/index.php\/wp-json\/wp\/v2\/media?parent=1265"}],"curies":[{"name":"wp","href":"https:\/\/api.w.org\/{rel}","templated":true}]}}