{"id":5141,"date":"2023-01-30T11:55:00","date_gmt":"2023-01-30T11:55:00","guid":{"rendered":"https:\/\/telemetry.com.pe\/?page_id=5141"},"modified":"2023-08-04T18:31:47","modified_gmt":"2023-08-04T18:31:47","slug":"estructural-2","status":"publish","type":"page","link":"https:\/\/telemetry.com.pe\/index.php\/estructural-2\/","title":{"rendered":"Estructural"},"content":{"rendered":"\t\t<div data-elementor-type=\"wp-page\" data-elementor-id=\"5141\" class=\"elementor elementor-5141\">\n\t\t\t\t\t\t<section class=\"elementor-section elementor-top-section elementor-element elementor-element-f7c3ce0 elementor-section-full_width elementor-section-height-default elementor-section-height-default\" data-id=\"f7c3ce0\" data-element_type=\"section\" data-e-type=\"section\">\n\t\t\t\t\t\t<div class=\"elementor-container elementor-column-gap-default\">\n\t\t\t\t\t<div class=\"elementor-column elementor-col-100 elementor-top-column elementor-element elementor-element-590c2d2\" data-id=\"590c2d2\" data-element_type=\"column\" data-e-type=\"column\">\n\t\t\t<div class=\"elementor-widget-wrap elementor-element-populated\">\n\t\t\t\t\t\t<div class=\"elementor-element elementor-element-4afd31c elementor-widget elementor-widget-spacer\" data-id=\"4afd31c\" data-element_type=\"widget\" data-e-type=\"widget\" data-widget_type=\"spacer.default\">\n\t\t\t\t<div class=\"elementor-widget-container\">\n\t\t\t\t\t\t\t<div class=\"elementor-spacer\">\n\t\t\t<div class=\"elementor-spacer-inner\"><\/div>\n\t\t<\/div>\n\t\t\t\t\t\t<\/div>\n\t\t\t\t<\/div>\n\t\t\t\t<div class=\"elementor-element elementor-element-86b4e52 elementor-widget elementor-widget-heading\" data-id=\"86b4e52\" data-element_type=\"widget\" data-e-type=\"widget\" data-widget_type=\"heading.default\">\n\t\t\t\t<div class=\"elementor-widget-container\">\n\t\t\t\t\t<h1 class=\"elementor-heading-title elementor-size-default\"><a href=\"https:\/\/telemetry.com.pe\/index.php\/extensometros\/\">Estructural<\/a><\/h1>\t\t\t\t<\/div>\n\t\t\t\t<\/div>\n\t\t\t\t<section class=\"elementor-section elementor-inner-section elementor-element elementor-element-c342e21 elementor-section-boxed elementor-section-height-default elementor-section-height-default\" data-id=\"c342e21\" data-element_type=\"section\" data-e-type=\"section\">\n\t\t\t\t\t\t<div class=\"elementor-container elementor-column-gap-default\">\n\t\t\t\t\t<div class=\"elementor-column elementor-col-25 elementor-inner-column elementor-element elementor-element-189a66b\" data-id=\"189a66b\" data-element_type=\"column\" data-e-type=\"column\">\n\t\t\t<div class=\"elementor-widget-wrap elementor-element-populated\">\n\t\t\t\t\t\t<div class=\"elementor-element elementor-element-1abda58 elementor-widget elementor-widget-e_image_hover_effects\" data-id=\"1abda58\" data-element_type=\"widget\" data-e-type=\"widget\" data-widget_type=\"e_image_hover_effects.default\">\n\t\t\t\t<div class=\"elementor-widget-container\">\n\t\t\t\t\t\t\t\t<a href=\"https:\/\/telemetry.com.pe\/index.php\/localizacion-de-tuberias-y-cualquier-tipo-de-objeto-enterrado-con-georadar\/\">\n\t\t\t\t\t<div class=\"eihe-box eihe-fade-in-up eihe_center\">\n\t\t\t\t<img fetchpriority=\"high\" decoding=\"async\" width=\"435\" height=\"375\" src=\"https:\/\/telemetry.com.pe\/wp-content\/uploads\/2021\/08\/Localizacion-de-Tuberias-y-Cualquier-tipo-de-Objeto-Enterrado-con-Georadar.jpg\" class=\"attachment-full size-full wp-image-1742\" alt=\"\" srcset=\"https:\/\/telemetry.com.pe\/wp-content\/uploads\/2021\/08\/Localizacion-de-Tuberias-y-Cualquier-tipo-de-Objeto-Enterrado-con-Georadar.jpg 435w, https:\/\/telemetry.com.pe\/wp-content\/uploads\/2021\/08\/Localizacion-de-Tuberias-y-Cualquier-tipo-de-Objeto-Enterrado-con-Georadar-300x259.jpg 300w\" sizes=\"(max-width: 435px) 100vw, 435px\" \/>\t\t\t\t<div class=\"eihe-caption\">\n\t\t\t\t\t<div class=\"eihe-title-cover\">\n\t\t\t\t\t\t\t\t\t\t\t\t<h3 class=\"eihe-title\"><img decoding=\"async\" src=\"https:\/\/telemetry.com.pe\/wp-content\/uploads\/2023\/08\/Localizacion-de-Tuberias-y-Cualquier-tipo-de-Objeto-Enterrado-con-Georadar3.jpg\"><\/h3>\n\t\t\t\t\t\t\t\t\t\t\t<\/div>\n\t\t\t\t\t<p><\/p>\n\t\t\t\t<\/div>\n\t\t\t<\/div>\n\t\t\t\t\t<\/a>\n\t\t\t\t\t\t<\/div>\n\t\t\t\t<\/div>\n\t\t\t\t<div class=\"elementor-element elementor-element-23c1f24 elementor-widget elementor-widget-heading\" data-id=\"23c1f24\" data-element_type=\"widget\" data-e-type=\"widget\" data-widget_type=\"heading.default\">\n\t\t\t\t<div class=\"elementor-widget-container\">\n\t\t\t\t\t<h2 class=\"elementor-heading-title elementor-size-default\"><a href=\"https:\/\/telemetry.com.pe\/index.php\/localizacion-de-tuberias-y-cualquier-tipo-de-objeto-enterrado-con-georadar\/\"><b>Localizaci\u00f3n de Tuber\u00edas y Cualquier-tipo-de Objeto Enterrado con Georadar<\/b><\/a><\/h2>\t\t\t\t<\/div>\n\t\t\t\t<\/div>\n\t\t\t\t\t<\/div>\n\t\t<\/div>\n\t\t\t\t<div class=\"elementor-column elementor-col-25 elementor-inner-column elementor-element elementor-element-0dad946\" data-id=\"0dad946\" data-element_type=\"column\" data-e-type=\"column\">\n\t\t\t<div class=\"elementor-widget-wrap elementor-element-populated\">\n\t\t\t\t\t\t<div class=\"elementor-element elementor-element-b89eab2 elementor-widget elementor-widget-e_image_hover_effects\" data-id=\"b89eab2\" data-element_type=\"widget\" data-e-type=\"widget\" data-widget_type=\"e_image_hover_effects.default\">\n\t\t\t\t<div class=\"elementor-widget-container\">\n\t\t\t\t\t\t\t\t<a href=\"https:\/\/telemetry.com.pe\/index.php\/estudio-de-interferencias-tuberias-cables-electricos-con-el-metodo-georadar\/\">\n\t\t\t\t\t<div class=\"eihe-box eihe-fade-in-up eihe_center\">\n\t\t\t\t<img decoding=\"async\" width=\"1288\" height=\"1145\" src=\"https:\/\/telemetry.com.pe\/wp-content\/uploads\/2023\/08\/Localizacion-de-Tuberias-y-Cualquier-tipo-de-Objeto-Enterrado-con-Georadar2.jpg\" class=\"attachment-full size-full wp-image-6030\" alt=\"\" srcset=\"https:\/\/telemetry.com.pe\/wp-content\/uploads\/2023\/08\/Localizacion-de-Tuberias-y-Cualquier-tipo-de-Objeto-Enterrado-con-Georadar2.jpg 1288w, https:\/\/telemetry.com.pe\/wp-content\/uploads\/2023\/08\/Localizacion-de-Tuberias-y-Cualquier-tipo-de-Objeto-Enterrado-con-Georadar2-300x267.jpg 300w, https:\/\/telemetry.com.pe\/wp-content\/uploads\/2023\/08\/Localizacion-de-Tuberias-y-Cualquier-tipo-de-Objeto-Enterrado-con-Georadar2-1024x910.jpg 1024w, https:\/\/telemetry.com.pe\/wp-content\/uploads\/2023\/08\/Localizacion-de-Tuberias-y-Cualquier-tipo-de-Objeto-Enterrado-con-Georadar2-768x683.jpg 768w, https:\/\/telemetry.com.pe\/wp-content\/uploads\/2023\/08\/Localizacion-de-Tuberias-y-Cualquier-tipo-de-Objeto-Enterrado-con-Georadar2-24x21.jpg 24w, https:\/\/telemetry.com.pe\/wp-content\/uploads\/2023\/08\/Localizacion-de-Tuberias-y-Cualquier-tipo-de-Objeto-Enterrado-con-Georadar2-36x32.jpg 36w, https:\/\/telemetry.com.pe\/wp-content\/uploads\/2023\/08\/Localizacion-de-Tuberias-y-Cualquier-tipo-de-Objeto-Enterrado-con-Georadar2-48x43.jpg 48w, https:\/\/telemetry.com.pe\/wp-content\/uploads\/2023\/08\/Localizacion-de-Tuberias-y-Cualquier-tipo-de-Objeto-Enterrado-con-Georadar2-600x533.jpg 600w\" sizes=\"(max-width: 1288px) 100vw, 1288px\" \/>\t\t\t\t<div class=\"eihe-caption\">\n\t\t\t\t\t<div class=\"eihe-title-cover\">\n\t\t\t\t\t\t\t\t\t\t\t\t<h3 class=\"eihe-title\"><img decoding=\"async\" src=\"https:\/\/telemetry.com.pe\/wp-content\/uploads\/2023\/08\/Localizacion-de-Tuberias-y-Cualquier-tipo-de-Objeto-Enterrado-con-Georadar3.jpg\"><\/h3>\n\t\t\t\t\t\t\t\t\t\t\t<\/div>\n\t\t\t\t\t<p><\/p>\n\t\t\t\t<\/div>\n\t\t\t<\/div>\n\t\t\t\t\t<\/a>\n\t\t\t\t\t\t<\/div>\n\t\t\t\t<\/div>\n\t\t\t\t<div class=\"elementor-element elementor-element-123b094 elementor-widget elementor-widget-heading\" data-id=\"123b094\" data-element_type=\"widget\" data-e-type=\"widget\" data-widget_type=\"heading.default\">\n\t\t\t\t<div class=\"elementor-widget-container\">\n\t\t\t\t\t<h2 class=\"elementor-heading-title elementor-size-default\"><a href=\"https:\/\/telemetry.com.pe\/index.php\/estudio-de-interferencias-tuberias-cables-electricos-con-el-metodo-georadar\/\"><b>Estudio de Interferencias (Tuber\u00edas, Cables El\u00e9ctricos) con el M\u00e9todo Georadar<\/b><\/a><\/h2>\t\t\t\t<\/div>\n\t\t\t\t<\/div>\n\t\t\t\t\t<\/div>\n\t\t<\/div>\n\t\t\t\t<div class=\"elementor-column elementor-col-25 elementor-inner-column elementor-element elementor-element-530f6df\" data-id=\"530f6df\" data-element_type=\"column\" data-e-type=\"column\">\n\t\t\t<div class=\"elementor-widget-wrap elementor-element-populated\">\n\t\t\t\t\t\t<div class=\"elementor-element elementor-element-cedd931 elementor-widget elementor-widget-e_image_hover_effects\" data-id=\"cedd931\" data-element_type=\"widget\" data-e-type=\"widget\" data-widget_type=\"e_image_hover_effects.default\">\n\t\t\t\t<div class=\"elementor-widget-container\">\n\t\t\t\t\t\t\t\t<a href=\"https:\/\/telemetry.com.pe\/index.php\/estudio-de-interferencias-tuberias-cables-electricos-con-el-metodo-georadar\/\">\n\t\t\t\t\t<div class=\"eihe-box eihe-fade-in-up eihe_center\">\n\t\t\t\t<img decoding=\"async\" width=\"1288\" height=\"1145\" src=\"https:\/\/telemetry.com.pe\/wp-content\/uploads\/2023\/08\/Localizacion-de-Tuberias-y-Cualquier-tipo-de-Objeto-Enterrado-con-Georadar3.jpg\" class=\"attachment-full size-full wp-image-6031\" alt=\"\" srcset=\"https:\/\/telemetry.com.pe\/wp-content\/uploads\/2023\/08\/Localizacion-de-Tuberias-y-Cualquier-tipo-de-Objeto-Enterrado-con-Georadar3.jpg 1288w, https:\/\/telemetry.com.pe\/wp-content\/uploads\/2023\/08\/Localizacion-de-Tuberias-y-Cualquier-tipo-de-Objeto-Enterrado-con-Georadar3-300x267.jpg 300w, https:\/\/telemetry.com.pe\/wp-content\/uploads\/2023\/08\/Localizacion-de-Tuberias-y-Cualquier-tipo-de-Objeto-Enterrado-con-Georadar3-1024x910.jpg 1024w, https:\/\/telemetry.com.pe\/wp-content\/uploads\/2023\/08\/Localizacion-de-Tuberias-y-Cualquier-tipo-de-Objeto-Enterrado-con-Georadar3-768x683.jpg 768w, https:\/\/telemetry.com.pe\/wp-content\/uploads\/2023\/08\/Localizacion-de-Tuberias-y-Cualquier-tipo-de-Objeto-Enterrado-con-Georadar3-24x21.jpg 24w, https:\/\/telemetry.com.pe\/wp-content\/uploads\/2023\/08\/Localizacion-de-Tuberias-y-Cualquier-tipo-de-Objeto-Enterrado-con-Georadar3-36x32.jpg 36w, https:\/\/telemetry.com.pe\/wp-content\/uploads\/2023\/08\/Localizacion-de-Tuberias-y-Cualquier-tipo-de-Objeto-Enterrado-con-Georadar3-48x43.jpg 48w, https:\/\/telemetry.com.pe\/wp-content\/uploads\/2023\/08\/Localizacion-de-Tuberias-y-Cualquier-tipo-de-Objeto-Enterrado-con-Georadar3-600x533.jpg 600w\" sizes=\"(max-width: 1288px) 100vw, 1288px\" \/>\t\t\t\t<div class=\"eihe-caption\">\n\t\t\t\t\t<div class=\"eihe-title-cover\">\n\t\t\t\t\t\t\t\t\t\t\t\t<h3 class=\"eihe-title\"><img decoding=\"async\" src=\"https:\/\/telemetry.com.pe\/wp-content\/uploads\/2023\/08\/Localizacion-de-Tuberias-y-Cualquier-tipo-de-Objeto-Enterrado-con-Georadar2.jpg\"><\/h3>\n\t\t\t\t\t\t\t\t\t\t\t<\/div>\n\t\t\t\t\t<p><\/p>\n\t\t\t\t<\/div>\n\t\t\t<\/div>\n\t\t\t\t\t<\/a>\n\t\t\t\t\t\t<\/div>\n\t\t\t\t<\/div>\n\t\t\t\t<div class=\"elementor-element elementor-element-8f76822 elementor-widget elementor-widget-heading\" data-id=\"8f76822\" data-element_type=\"widget\" data-e-type=\"widget\" data-widget_type=\"heading.default\">\n\t\t\t\t<div class=\"elementor-widget-container\">\n\t\t\t\t\t<h2 class=\"elementor-heading-title elementor-size-default\"><a href=\"https:\/\/telemetry.com.pe\/index.php\/estudio-de-interferencias-tuberias-cables-electricos-con-el-metodo-georadar\/\"><b>Detecci\u00f3n de Tuber\u00edas con el M\u00e9todo de Georadar<\/b><\/a><\/h2>\t\t\t\t<\/div>\n\t\t\t\t<\/div>\n\t\t\t\t\t<\/div>\n\t\t<\/div>\n\t\t\t\t<div class=\"elementor-column elementor-col-25 elementor-inner-column elementor-element elementor-element-81ea778\" data-id=\"81ea778\" data-element_type=\"column\" data-e-type=\"column\">\n\t\t\t<div class=\"elementor-widget-wrap elementor-element-populated\">\n\t\t\t\t\t\t<div class=\"elementor-element elementor-element-45ecba9 elementor-widget elementor-widget-e_image_hover_effects\" data-id=\"45ecba9\" data-element_type=\"widget\" data-e-type=\"widget\" data-widget_type=\"e_image_hover_effects.default\">\n\t\t\t\t<div class=\"elementor-widget-container\">\n\t\t\t\t\t\t\t\t<a href=\"https:\/\/telemetry.com.pe\/index.php\/instalacion-de-acelerografos-para-monitoreo-continuo-de-sismos-en-edificaciones\/\">\n\t\t\t\t\t<div class=\"eihe-box eihe-fade-in-up eihe_center\">\n\t\t\t\t<img loading=\"lazy\" decoding=\"async\" width=\"1200\" height=\"1034\" src=\"https:\/\/telemetry.com.pe\/wp-content\/uploads\/2022\/10\/instalacion-de-Acelerografos-para-Monitoreo-continuo-de-Sismos-en-Edificacionesx.jpg\" class=\"attachment-full size-full wp-image-4613\" alt=\"\" srcset=\"https:\/\/telemetry.com.pe\/wp-content\/uploads\/2022\/10\/instalacion-de-Acelerografos-para-Monitoreo-continuo-de-Sismos-en-Edificacionesx.jpg 1200w, https:\/\/telemetry.com.pe\/wp-content\/uploads\/2022\/10\/instalacion-de-Acelerografos-para-Monitoreo-continuo-de-Sismos-en-Edificacionesx-300x259.jpg 300w, https:\/\/telemetry.com.pe\/wp-content\/uploads\/2022\/10\/instalacion-de-Acelerografos-para-Monitoreo-continuo-de-Sismos-en-Edificacionesx-1024x882.jpg 1024w, https:\/\/telemetry.com.pe\/wp-content\/uploads\/2022\/10\/instalacion-de-Acelerografos-para-Monitoreo-continuo-de-Sismos-en-Edificacionesx-768x662.jpg 768w, https:\/\/telemetry.com.pe\/wp-content\/uploads\/2022\/10\/instalacion-de-Acelerografos-para-Monitoreo-continuo-de-Sismos-en-Edificacionesx-24x21.jpg 24w, https:\/\/telemetry.com.pe\/wp-content\/uploads\/2022\/10\/instalacion-de-Acelerografos-para-Monitoreo-continuo-de-Sismos-en-Edificacionesx-36x31.jpg 36w, https:\/\/telemetry.com.pe\/wp-content\/uploads\/2022\/10\/instalacion-de-Acelerografos-para-Monitoreo-continuo-de-Sismos-en-Edificacionesx-48x41.jpg 48w, https:\/\/telemetry.com.pe\/wp-content\/uploads\/2022\/10\/instalacion-de-Acelerografos-para-Monitoreo-continuo-de-Sismos-en-Edificacionesx-600x517.jpg 600w\" sizes=\"(max-width: 1200px) 100vw, 1200px\" \/>\t\t\t\t<div class=\"eihe-caption\">\n\t\t\t\t\t<div class=\"eihe-title-cover\">\n\t\t\t\t\t\t\t\t\t\t\t\t<h3 class=\"eihe-title\"><img decoding=\"async\" src=\"https:\/\/telemetry.com.pe\/wp-content\/uploads\/2022\/10\/instalacion-de-Acelerografos-para-Monitoreo-continuo-de-Sismos-en-Edificacionesx.jpg\"><\/h3>\n\t\t\t\t\t\t\t\t\t\t\t<\/div>\n\t\t\t\t\t<p><\/p>\n\t\t\t\t<\/div>\n\t\t\t<\/div>\n\t\t\t\t\t<\/a>\n\t\t\t\t\t\t<\/div>\n\t\t\t\t<\/div>\n\t\t\t\t<div class=\"elementor-element elementor-element-6e23375 elementor-widget elementor-widget-heading\" data-id=\"6e23375\" data-element_type=\"widget\" data-e-type=\"widget\" data-widget_type=\"heading.default\">\n\t\t\t\t<div class=\"elementor-widget-container\">\n\t\t\t\t\t<h2 class=\"elementor-heading-title elementor-size-default\"><a href=\"https:\/\/telemetry.com.pe\/index.php\/instalacion-de-acelerografos-para-monitoreo-continuo-de-sismos-en-edificaciones\/\"><b>Instalaci\u00f3n de Aceler\u00f3grafos para Monitoreo continuo de Sismos en Edificaciones<\/b><\/a><\/h2>\t\t\t\t<\/div>\n\t\t\t\t<\/div>\n\t\t\t\t\t<\/div>\n\t\t<\/div>\n\t\t\t\t\t<\/div>\n\t\t<\/section>\n\t\t\t\t\t<\/div>\n\t\t<\/div>\n\t\t\t\t\t<\/div>\n\t\t<\/section>\n\t\t\t\t<\/div>\n\t\t","protected":false},"excerpt":{"rendered":"<p>Estructural Localizaci\u00f3n de Tuber\u00edas y Cualquier-tipo-de Objeto Enterrado con Georadar Estudio de Interferencias (Tuber\u00edas, Cables El\u00e9ctricos) con el M\u00e9todo Georadar Detecci\u00f3n de Tuber\u00edas con el M\u00e9todo de Georadar Instalaci\u00f3n de Aceler\u00f3grafos para Monitoreo continuo de Sismos en Edificaciones<\/p>\n","protected":false},"author":1,"featured_media":0,"parent":0,"menu_order":0,"comment_status":"closed","ping_status":"closed","template":"","meta":{"om_disable_all_campaigns":false,"ocean_post_layout":"","ocean_both_sidebars_style":"","ocean_both_sidebars_content_width":0,"ocean_both_sidebars_sidebars_width":0,"ocean_sidebar":"0","ocean_second_sidebar":"0","ocean_disable_margins":"enable","ocean_add_body_class":"","ocean_shortcode_before_top_bar":"","ocean_shortcode_after_top_bar":"","ocean_shortcode_before_header":"","ocean_shortcode_after_header":"","ocean_has_shortcode":"","ocean_shortcode_after_title":"","ocean_shortcode_before_footer_widgets":"","ocean_shortcode_after_footer_widgets":"","ocean_shortcode_before_footer_bottom":"","ocean_shortcode_after_footer_bottom":"","ocean_display_top_bar":"default","ocean_display_header":"default","ocean_header_style":"","ocean_center_header_left_menu":"0","ocean_custom_header_template":"0","ocean_custom_logo":0,"ocean_custom_retina_logo":0,"ocean_custom_logo_max_width":0,"ocean_custom_logo_tablet_max_width":0,"ocean_custom_logo_mobile_max_width":0,"ocean_custom_logo_max_height":0,"ocean_custom_logo_tablet_max_height":0,"ocean_custom_logo_mobile_max_height":0,"ocean_header_custom_menu":"0","ocean_menu_typo_font_family":"0","ocean_menu_typo_font_subset":"","ocean_menu_typo_font_size":0,"ocean_menu_typo_font_size_tablet":0,"ocean_menu_typo_font_size_mobile":0,"ocean_menu_typo_font_size_unit":"px","ocean_menu_typo_font_weight":"","ocean_menu_typo_font_weight_tablet":"","ocean_menu_typo_font_weight_mobile":"","ocean_menu_typo_transform":"","ocean_menu_typo_transform_tablet":"","ocean_menu_typo_transform_mobile":"","ocean_menu_typo_line_height":0,"ocean_menu_typo_line_height_tablet":0,"ocean_menu_typo_line_height_mobile":0,"ocean_menu_typo_line_height_unit":"","ocean_menu_typo_spacing":0,"ocean_menu_typo_spacing_tablet":0,"ocean_menu_typo_spacing_mobile":0,"ocean_menu_typo_spacing_unit":"","ocean_menu_link_color":"","ocean_menu_link_color_hover":"","ocean_menu_link_color_active":"","ocean_menu_link_background":"","ocean_menu_link_hover_background":"","ocean_menu_link_active_background":"","ocean_menu_social_links_bg":"","ocean_menu_social_hover_links_bg":"","ocean_menu_social_links_color":"","ocean_menu_social_hover_links_color":"","ocean_disable_title":"default","ocean_disable_heading":"default","ocean_post_title":"","ocean_post_subheading":"","ocean_post_title_style":"","ocean_post_title_background_color":"","ocean_post_title_background":0,"ocean_post_title_bg_image_position":"","ocean_post_title_bg_image_attachment":"","ocean_post_title_bg_image_repeat":"","ocean_post_title_bg_image_size":"","ocean_post_title_height":0,"ocean_post_title_bg_overlay":0.5,"ocean_post_title_bg_overlay_color":"","ocean_disable_breadcrumbs":"default","ocean_breadcrumbs_color":"","ocean_breadcrumbs_separator_color":"","ocean_breadcrumbs_links_color":"","ocean_breadcrumbs_links_hover_color":"","ocean_display_footer_widgets":"default","ocean_display_footer_bottom":"default","ocean_custom_footer_template":"0","_joinchat":[],"footnotes":""},"class_list":["post-5141","page","type-page","status-publish","hentry","entry","owp-thumbs-layout-horizontal","owp-btn-normal","owp-tabs-layout-horizontal","has-no-thumbnails","has-product-nav"],"_links":{"self":[{"href":"https:\/\/telemetry.com.pe\/index.php\/wp-json\/wp\/v2\/pages\/5141","targetHints":{"allow":["GET"]}}],"collection":[{"href":"https:\/\/telemetry.com.pe\/index.php\/wp-json\/wp\/v2\/pages"}],"about":[{"href":"https:\/\/telemetry.com.pe\/index.php\/wp-json\/wp\/v2\/types\/page"}],"author":[{"embeddable":true,"href":"https:\/\/telemetry.com.pe\/index.php\/wp-json\/wp\/v2\/users\/1"}],"replies":[{"embeddable":true,"href":"https:\/\/telemetry.com.pe\/index.php\/wp-json\/wp\/v2\/comments?post=5141"}],"version-history":[{"count":23,"href":"https:\/\/telemetry.com.pe\/index.php\/wp-json\/wp\/v2\/pages\/5141\/revisions"}],"predecessor-version":[{"id":7502,"href":"https:\/\/telemetry.com.pe\/index.php\/wp-json\/wp\/v2\/pages\/5141\/revisions\/7502"}],"wp:attachment":[{"href":"https:\/\/telemetry.com.pe\/index.php\/wp-json\/wp\/v2\/media?parent=5141"}],"curies":[{"name":"wp","href":"https:\/\/api.w.org\/{rel}","templated":true}]}}