{"id":5202,"date":"2023-01-30T13:22:12","date_gmt":"2023-01-30T13:22:12","guid":{"rendered":"https:\/\/telemetry.com.pe\/?page_id=5202"},"modified":"2023-03-16T18:03:25","modified_gmt":"2023-03-16T18:03:25","slug":"geoespacial-2","status":"publish","type":"page","link":"https:\/\/telemetry.com.pe\/index.php\/geoespacial-2\/","title":{"rendered":"Geoespacial"},"content":{"rendered":"\t\t<div data-elementor-type=\"wp-page\" data-elementor-id=\"5202\" class=\"elementor elementor-5202\">\n\t\t\t\t\t\t<section class=\"elementor-section elementor-top-section elementor-element elementor-element-93cb925 elementor-section-full_width elementor-section-height-default elementor-section-height-default\" data-id=\"93cb925\" data-element_type=\"section\" data-e-type=\"section\">\n\t\t\t\t\t\t<div class=\"elementor-container elementor-column-gap-default\">\n\t\t\t\t\t<div class=\"elementor-column elementor-col-100 elementor-top-column elementor-element elementor-element-6a26d38\" data-id=\"6a26d38\" data-element_type=\"column\" data-e-type=\"column\">\n\t\t\t<div class=\"elementor-widget-wrap elementor-element-populated\">\n\t\t\t\t\t\t<div class=\"elementor-element elementor-element-5aebfd7 elementor-widget elementor-widget-heading\" data-id=\"5aebfd7\" data-element_type=\"widget\" data-e-type=\"widget\" data-widget_type=\"heading.default\">\n\t\t\t\t<div class=\"elementor-widget-container\">\n\t\t\t\t\t<h1 class=\"elementor-heading-title elementor-size-default\"><a href=\"https:\/\/telemetry.com.pe\/index.php\/extensometros\/\">Geoespacial<\/a><\/h1>\t\t\t\t<\/div>\n\t\t\t\t<\/div>\n\t\t\t\t<section class=\"elementor-section elementor-inner-section elementor-element elementor-element-3f92c1d elementor-section-boxed elementor-section-height-default elementor-section-height-default\" data-id=\"3f92c1d\" data-element_type=\"section\" data-e-type=\"section\">\n\t\t\t\t\t\t<div class=\"elementor-container elementor-column-gap-default\">\n\t\t\t\t\t<div class=\"elementor-column elementor-col-25 elementor-inner-column elementor-element elementor-element-3ba4a46\" data-id=\"3ba4a46\" data-element_type=\"column\" data-e-type=\"column\">\n\t\t\t<div class=\"elementor-widget-wrap elementor-element-populated\">\n\t\t\t\t\t\t<div class=\"elementor-element elementor-element-ed85082 elementor-widget elementor-widget-e_image_hover_effects\" data-id=\"ed85082\" data-element_type=\"widget\" data-e-type=\"widget\" data-widget_type=\"e_image_hover_effects.default\">\n\t\t\t\t<div class=\"elementor-widget-container\">\n\t\t\t\t\t\t\t\t<a href=\"https:\/\/telemetry.com.pe\/index.php\/monitoreo-batimetrico-con-barcos-no-tripulados-de-presas-de-relaves-mineros\/\">\n\t\t\t\t\t<div class=\"eihe-box eihe-fade-in-up eihe_center\">\n\t\t\t\t<img fetchpriority=\"high\" decoding=\"async\" width=\"435\" height=\"375\" src=\"https:\/\/telemetry.com.pe\/wp-content\/uploads\/2021\/08\/Monitoreo-Batimetrico-con-Barcos-no-Tripulados-de-Presas-de-Relaves-Mineros.jpg\" class=\"attachment-full size-full wp-image-1763\" alt=\"\" srcset=\"https:\/\/telemetry.com.pe\/wp-content\/uploads\/2021\/08\/Monitoreo-Batimetrico-con-Barcos-no-Tripulados-de-Presas-de-Relaves-Mineros.jpg 435w, https:\/\/telemetry.com.pe\/wp-content\/uploads\/2021\/08\/Monitoreo-Batimetrico-con-Barcos-no-Tripulados-de-Presas-de-Relaves-Mineros-300x259.jpg 300w\" sizes=\"(max-width: 435px) 100vw, 435px\" \/>\t\t\t\t<div class=\"eihe-caption\">\n\t\t\t\t\t<div class=\"eihe-title-cover\">\n\t\t\t\t\t\t\t\t\t\t\t\t<h3 class=\"eihe-title\"><img decoding=\"async\" src=\"https:\/\/telemetry.com.pe\/wp-content\/uploads\/2023\/01\/Monitoreo-Batimetrico-con-Barcos-no-Tripulados-de-Presas-de-Relaves-Mineros.jpg\"><\/h3>\n\t\t\t\t\t\t\t\t\t\t\t<\/div>\n\t\t\t\t\t<p><\/p>\n\t\t\t\t<\/div>\n\t\t\t<\/div>\n\t\t\t\t\t<\/a>\n\t\t\t\t\t\t<\/div>\n\t\t\t\t<\/div>\n\t\t\t\t<div class=\"elementor-element elementor-element-f8419e5 elementor-widget elementor-widget-heading\" data-id=\"f8419e5\" data-element_type=\"widget\" data-e-type=\"widget\" data-widget_type=\"heading.default\">\n\t\t\t\t<div class=\"elementor-widget-container\">\n\t\t\t\t\t<h2 class=\"elementor-heading-title elementor-size-default\"><a href=\"https:\/\/telemetry.com.pe\/index.php\/monitoreo-batimetrico-con-barcos-no-tripulados-de-presas-de-relaves-mineros\/\"><b>Monitoreo Batim\u00e9trico con Barcos no Tripulados de Presas de Relaves Mineros<\/b><\/a><\/h2>\t\t\t\t<\/div>\n\t\t\t\t<\/div>\n\t\t\t\t\t<\/div>\n\t\t<\/div>\n\t\t\t\t<div class=\"elementor-column elementor-col-25 elementor-inner-column elementor-element elementor-element-f45885c\" data-id=\"f45885c\" data-element_type=\"column\" data-e-type=\"column\">\n\t\t\t<div class=\"elementor-widget-wrap elementor-element-populated\">\n\t\t\t\t\t\t<div class=\"elementor-element elementor-element-6268e6d elementor-widget elementor-widget-e_image_hover_effects\" data-id=\"6268e6d\" data-element_type=\"widget\" data-e-type=\"widget\" data-widget_type=\"e_image_hover_effects.default\">\n\t\t\t\t<div class=\"elementor-widget-container\">\n\t\t\t\t\t\t\t\t<a href=\"https:\/\/telemetry.com.pe\/index.php\/control-automatico-de-movimientos-en-los-taludes-de-la-mina-a-cielo-abierto\/\">\n\t\t\t\t\t<div class=\"eihe-box eihe-fade-in-up eihe_center\">\n\t\t\t\t<img decoding=\"async\" width=\"375\" height=\"282\" src=\"https:\/\/telemetry.com.pe\/wp-content\/uploads\/2023\/02\/Control-Automatico-de-Movimiento.jpg\" class=\"attachment-full size-full wp-image-5387\" alt=\"\" srcset=\"https:\/\/telemetry.com.pe\/wp-content\/uploads\/2023\/02\/Control-Automatico-de-Movimiento.jpg 375w, https:\/\/telemetry.com.pe\/wp-content\/uploads\/2023\/02\/Control-Automatico-de-Movimiento-300x226.jpg 300w, https:\/\/telemetry.com.pe\/wp-content\/uploads\/2023\/02\/Control-Automatico-de-Movimiento-24x18.jpg 24w, https:\/\/telemetry.com.pe\/wp-content\/uploads\/2023\/02\/Control-Automatico-de-Movimiento-36x27.jpg 36w, https:\/\/telemetry.com.pe\/wp-content\/uploads\/2023\/02\/Control-Automatico-de-Movimiento-48x36.jpg 48w\" sizes=\"(max-width: 375px) 100vw, 375px\" \/>\t\t\t\t<div class=\"eihe-caption\">\n\t\t\t\t\t<div class=\"eihe-title-cover\">\n\t\t\t\t\t\t\t\t\t\t\t\t<h3 class=\"eihe-title\"><img decoding=\"async\" src=\"https:\/\/telemetry.com.pe\/wp-content\/uploads\/2023\/01\/Control-Automatico-de-Movimientos-en-los-Taludes-de-la-Mina-a-Cielo-Abierto1.jpg\"><\/h3>\n\t\t\t\t\t\t\t\t\t\t\t<\/div>\n\t\t\t\t\t<p><\/p>\n\t\t\t\t<\/div>\n\t\t\t<\/div>\n\t\t\t\t\t<\/a>\n\t\t\t\t\t\t<\/div>\n\t\t\t\t<\/div>\n\t\t\t\t<div class=\"elementor-element elementor-element-152f110 elementor-widget elementor-widget-heading\" data-id=\"152f110\" data-element_type=\"widget\" data-e-type=\"widget\" data-widget_type=\"heading.default\">\n\t\t\t\t<div class=\"elementor-widget-container\">\n\t\t\t\t\t<h2 class=\"elementor-heading-title elementor-size-default\"><a href=\"https:\/\/telemetry.com.pe\/index.php\/control-automatico-de-movimientos-en-los-taludes-de-la-mina-a-cielo-abierto\/\"><b>Control Autom\u00e1tico de Movimientos en los Taludes de la Mina a Cielo Abierto<\/b><\/a><\/h2>\t\t\t\t<\/div>\n\t\t\t\t<\/div>\n\t\t\t\t\t<\/div>\n\t\t<\/div>\n\t\t\t\t<div class=\"elementor-column elementor-col-25 elementor-inner-column elementor-element elementor-element-a1162ed\" data-id=\"a1162ed\" data-element_type=\"column\" data-e-type=\"column\">\n\t\t\t<div class=\"elementor-widget-wrap elementor-element-populated\">\n\t\t\t\t\t\t<div class=\"elementor-element elementor-element-2ada33a elementor-widget elementor-widget-e_image_hover_effects\" data-id=\"2ada33a\" data-element_type=\"widget\" data-e-type=\"widget\" data-widget_type=\"e_image_hover_effects.default\">\n\t\t\t\t<div class=\"elementor-widget-container\">\n\t\t\t\t\t\t\t\t<a href=\"https:\/\/telemetry.com.pe\/index.php\/monitoreo-automatizado-de-presas-con-estacion-total-robotizada-26-3\/\">\n\t\t\t\t\t<div class=\"eihe-box eihe-fade-in-up eihe_center\">\n\t\t\t\t<img decoding=\"async\" width=\"2500\" height=\"1882\" src=\"https:\/\/telemetry.com.pe\/wp-content\/uploads\/2023\/02\/servicios-de-instrumentacion-26.3.jpg\" class=\"attachment-full size-full wp-image-5306\" alt=\"\" srcset=\"https:\/\/telemetry.com.pe\/wp-content\/uploads\/2023\/02\/servicios-de-instrumentacion-26.3.jpg 2500w, https:\/\/telemetry.com.pe\/wp-content\/uploads\/2023\/02\/servicios-de-instrumentacion-26.3-300x226.jpg 300w, https:\/\/telemetry.com.pe\/wp-content\/uploads\/2023\/02\/servicios-de-instrumentacion-26.3-1024x771.jpg 1024w, https:\/\/telemetry.com.pe\/wp-content\/uploads\/2023\/02\/servicios-de-instrumentacion-26.3-768x578.jpg 768w, https:\/\/telemetry.com.pe\/wp-content\/uploads\/2023\/02\/servicios-de-instrumentacion-26.3-1536x1156.jpg 1536w, https:\/\/telemetry.com.pe\/wp-content\/uploads\/2023\/02\/servicios-de-instrumentacion-26.3-2048x1542.jpg 2048w, https:\/\/telemetry.com.pe\/wp-content\/uploads\/2023\/02\/servicios-de-instrumentacion-26.3-24x18.jpg 24w, https:\/\/telemetry.com.pe\/wp-content\/uploads\/2023\/02\/servicios-de-instrumentacion-26.3-36x27.jpg 36w, https:\/\/telemetry.com.pe\/wp-content\/uploads\/2023\/02\/servicios-de-instrumentacion-26.3-48x36.jpg 48w, https:\/\/telemetry.com.pe\/wp-content\/uploads\/2023\/02\/servicios-de-instrumentacion-26.3-600x452.jpg 600w\" sizes=\"(max-width: 2500px) 100vw, 2500px\" \/>\t\t\t\t<div class=\"eihe-caption\">\n\t\t\t\t\t<div class=\"eihe-title-cover\">\n\t\t\t\t\t\t\t\t\t\t\t\t<h3 class=\"eihe-title\"><img decoding=\"async\" src=\"https:\/\/telemetry.com.pe\/wp-content\/uploads\/2023\/02\/servicios-de-instrumentacion-26-3a.jpg\"><\/h3>\n\t\t\t\t\t\t\t\t\t\t\t<\/div>\n\t\t\t\t\t<p><\/p>\n\t\t\t\t<\/div>\n\t\t\t<\/div>\n\t\t\t\t\t<\/a>\n\t\t\t\t\t\t<\/div>\n\t\t\t\t<\/div>\n\t\t\t\t<div class=\"elementor-element elementor-element-e54bf0d elementor-widget elementor-widget-heading\" data-id=\"e54bf0d\" data-element_type=\"widget\" data-e-type=\"widget\" data-widget_type=\"heading.default\">\n\t\t\t\t<div class=\"elementor-widget-container\">\n\t\t\t\t\t<h2 class=\"elementor-heading-title elementor-size-default\"><a href=\"https:\/\/telemetry.com.pe\/index.php\/monitoreo-automatizado-de-presas-con-estacion-total-robotizada-26-3\/\"><b>Monitoreo Automatizado de Presas con Estaci\u00f3n Total Robotizada 26.3<\/b><\/a><\/h2>\t\t\t\t<\/div>\n\t\t\t\t<\/div>\n\t\t\t\t\t<\/div>\n\t\t<\/div>\n\t\t\t\t<div class=\"elementor-column elementor-col-25 elementor-inner-column elementor-element elementor-element-b207068\" data-id=\"b207068\" data-element_type=\"column\" data-e-type=\"column\">\n\t\t\t<div class=\"elementor-widget-wrap elementor-element-populated\">\n\t\t\t\t\t\t<div class=\"elementor-element elementor-element-9043159 elementor-widget elementor-widget-e_image_hover_effects\" data-id=\"9043159\" data-element_type=\"widget\" data-e-type=\"widget\" data-widget_type=\"e_image_hover_effects.default\">\n\t\t\t\t<div class=\"elementor-widget-container\">\n\t\t\t\t\t\t\t\t<div class=\"eihe-box eihe-fade-in-up eihe_center\">\n\t\t\t\t<img loading=\"lazy\" decoding=\"async\" width=\"2500\" height=\"1882\" src=\"https:\/\/telemetry.com.pe\/wp-content\/uploads\/2023\/02\/servicios-de-instrumentacion-26.7.jpg\" class=\"attachment-full size-full wp-image-5336\" alt=\"\" srcset=\"https:\/\/telemetry.com.pe\/wp-content\/uploads\/2023\/02\/servicios-de-instrumentacion-26.7.jpg 2500w, https:\/\/telemetry.com.pe\/wp-content\/uploads\/2023\/02\/servicios-de-instrumentacion-26.7-300x226.jpg 300w, https:\/\/telemetry.com.pe\/wp-content\/uploads\/2023\/02\/servicios-de-instrumentacion-26.7-1024x771.jpg 1024w, https:\/\/telemetry.com.pe\/wp-content\/uploads\/2023\/02\/servicios-de-instrumentacion-26.7-768x578.jpg 768w, https:\/\/telemetry.com.pe\/wp-content\/uploads\/2023\/02\/servicios-de-instrumentacion-26.7-1536x1156.jpg 1536w, https:\/\/telemetry.com.pe\/wp-content\/uploads\/2023\/02\/servicios-de-instrumentacion-26.7-2048x1542.jpg 2048w, https:\/\/telemetry.com.pe\/wp-content\/uploads\/2023\/02\/servicios-de-instrumentacion-26.7-24x18.jpg 24w, https:\/\/telemetry.com.pe\/wp-content\/uploads\/2023\/02\/servicios-de-instrumentacion-26.7-36x27.jpg 36w, https:\/\/telemetry.com.pe\/wp-content\/uploads\/2023\/02\/servicios-de-instrumentacion-26.7-48x36.jpg 48w, https:\/\/telemetry.com.pe\/wp-content\/uploads\/2023\/02\/servicios-de-instrumentacion-26.7-600x452.jpg 600w\" sizes=\"(max-width: 2500px) 100vw, 2500px\" \/>\t\t\t\t<div class=\"eihe-caption\">\n\t\t\t\t\t<div class=\"eihe-title-cover\">\n\t\t\t\t\t\t\t\t\t\t\t\t<h3 class=\"eihe-title\"><img decoding=\"async\" src=\"https:\/\/telemetry.com.pe\/wp-content\/uploads\/2023\/02\/servicios-de-instrumentacion-26.7b.jpg\"><\/h3>\n\t\t\t\t\t\t\t\t\t\t\t<\/div>\n\t\t\t\t\t<p><\/p>\n\t\t\t\t<\/div>\n\t\t\t<\/div>\n\t\t\t\t\t\t<\/div>\n\t\t\t\t<\/div>\n\t\t\t\t<div class=\"elementor-element elementor-element-9072636 elementor-widget elementor-widget-heading\" data-id=\"9072636\" data-element_type=\"widget\" data-e-type=\"widget\" data-widget_type=\"heading.default\">\n\t\t\t\t<div class=\"elementor-widget-container\">\n\t\t\t\t\t<h2 class=\"elementor-heading-title elementor-size-default\"><b>Monitoreo Automatizado de Presas con Estaci\u00f3n Total Robotizada 26.7<\/b><\/h2>\t\t\t\t<\/div>\n\t\t\t\t<\/div>\n\t\t\t\t\t<\/div>\n\t\t<\/div>\n\t\t\t\t\t<\/div>\n\t\t<\/section>\n\t\t\t\t\t<\/div>\n\t\t<\/div>\n\t\t\t\t\t<\/div>\n\t\t<\/section>\n\t\t\t\t<\/div>\n\t\t","protected":false},"excerpt":{"rendered":"<p>Geoespacial Monitoreo Batim\u00e9trico con Barcos no Tripulados de Presas de Relaves Mineros Control Autom\u00e1tico de Movimientos en los Taludes de la Mina a Cielo Abierto Monitoreo Automatizado de Presas con Estaci\u00f3n Total Robotizada 26.3 Monitoreo Automatizado de Presas con Estaci\u00f3n Total Robotizada 26.7<\/p>\n","protected":false},"author":1,"featured_media":0,"parent":0,"menu_order":0,"comment_status":"closed","ping_status":"closed","template":"","meta":{"om_disable_all_campaigns":false,"ocean_post_layout":"","ocean_both_sidebars_style":"","ocean_both_sidebars_content_width":0,"ocean_both_sidebars_sidebars_width":0,"ocean_sidebar":"0","ocean_second_sidebar":"0","ocean_disable_margins":"enable","ocean_add_body_class":"","ocean_shortcode_before_top_bar":"","ocean_shortcode_after_top_bar":"","ocean_shortcode_before_header":"","ocean_shortcode_after_header":"","ocean_has_shortcode":"","ocean_shortcode_after_title":"","ocean_shortcode_before_footer_widgets":"","ocean_shortcode_after_footer_widgets":"","ocean_shortcode_before_footer_bottom":"","ocean_shortcode_after_footer_bottom":"","ocean_display_top_bar":"default","ocean_display_header":"default","ocean_header_style":"","ocean_center_header_left_menu":"0","ocean_custom_header_template":"0","ocean_custom_logo":0,"ocean_custom_retina_logo":0,"ocean_custom_logo_max_width":0,"ocean_custom_logo_tablet_max_width":0,"ocean_custom_logo_mobile_max_width":0,"ocean_custom_logo_max_height":0,"ocean_custom_logo_tablet_max_height":0,"ocean_custom_logo_mobile_max_height":0,"ocean_header_custom_menu":"0","ocean_menu_typo_font_family":"0","ocean_menu_typo_font_subset":"","ocean_menu_typo_font_size":0,"ocean_menu_typo_font_size_tablet":0,"ocean_menu_typo_font_size_mobile":0,"ocean_menu_typo_font_size_unit":"px","ocean_menu_typo_font_weight":"","ocean_menu_typo_font_weight_tablet":"","ocean_menu_typo_font_weight_mobile":"","ocean_menu_typo_transform":"","ocean_menu_typo_transform_tablet":"","ocean_menu_typo_transform_mobile":"","ocean_menu_typo_line_height":0,"ocean_menu_typo_line_height_tablet":0,"ocean_menu_typo_line_height_mobile":0,"ocean_menu_typo_line_height_unit":"","ocean_menu_typo_spacing":0,"ocean_menu_typo_spacing_tablet":0,"ocean_menu_typo_spacing_mobile":0,"ocean_menu_typo_spacing_unit":"","ocean_menu_link_color":"","ocean_menu_link_color_hover":"","ocean_menu_link_color_active":"","ocean_menu_link_background":"","ocean_menu_link_hover_background":"","ocean_menu_link_active_background":"","ocean_menu_social_links_bg":"","ocean_menu_social_hover_links_bg":"","ocean_menu_social_links_color":"","ocean_menu_social_hover_links_color":"","ocean_disable_title":"default","ocean_disable_heading":"default","ocean_post_title":"","ocean_post_subheading":"","ocean_post_title_style":"","ocean_post_title_background_color":"","ocean_post_title_background":0,"ocean_post_title_bg_image_position":"","ocean_post_title_bg_image_attachment":"","ocean_post_title_bg_image_repeat":"","ocean_post_title_bg_image_size":"","ocean_post_title_height":0,"ocean_post_title_bg_overlay":0.5,"ocean_post_title_bg_overlay_color":"","ocean_disable_breadcrumbs":"default","ocean_breadcrumbs_color":"","ocean_breadcrumbs_separator_color":"","ocean_breadcrumbs_links_color":"","ocean_breadcrumbs_links_hover_color":"","ocean_display_footer_widgets":"default","ocean_display_footer_bottom":"default","ocean_custom_footer_template":"0","_joinchat":[],"footnotes":""},"class_list":["post-5202","page","type-page","status-publish","hentry","entry","owp-thumbs-layout-horizontal","owp-btn-normal","owp-tabs-layout-horizontal","has-no-thumbnails","has-product-nav"],"_links":{"self":[{"href":"https:\/\/telemetry.com.pe\/index.php\/wp-json\/wp\/v2\/pages\/5202","targetHints":{"allow":["GET"]}}],"collection":[{"href":"https:\/\/telemetry.com.pe\/index.php\/wp-json\/wp\/v2\/pages"}],"about":[{"href":"https:\/\/telemetry.com.pe\/index.php\/wp-json\/wp\/v2\/types\/page"}],"author":[{"embeddable":true,"href":"https:\/\/telemetry.com.pe\/index.php\/wp-json\/wp\/v2\/users\/1"}],"replies":[{"embeddable":true,"href":"https:\/\/telemetry.com.pe\/index.php\/wp-json\/wp\/v2\/comments?post=5202"}],"version-history":[{"count":31,"href":"https:\/\/telemetry.com.pe\/index.php\/wp-json\/wp\/v2\/pages\/5202\/revisions"}],"predecessor-version":[{"id":5790,"href":"https:\/\/telemetry.com.pe\/index.php\/wp-json\/wp\/v2\/pages\/5202\/revisions\/5790"}],"wp:attachment":[{"href":"https:\/\/telemetry.com.pe\/index.php\/wp-json\/wp\/v2\/media?parent=5202"}],"curies":[{"name":"wp","href":"https:\/\/api.w.org\/{rel}","templated":true}]}}