{"id":5743,"date":"2023-03-08T19:11:21","date_gmt":"2023-03-08T19:11:21","guid":{"rendered":"https:\/\/telemetry.com.pe\/?page_id=5743"},"modified":"2023-03-09T18:20:19","modified_gmt":"2023-03-09T18:20:19","slug":"recursos-hidricos-2","status":"publish","type":"page","link":"https:\/\/telemetry.com.pe\/index.php\/recursos-hidricos-2\/","title":{"rendered":"Recursos H\u00eddricos"},"content":{"rendered":"\t\t<div data-elementor-type=\"wp-page\" data-elementor-id=\"5743\" class=\"elementor elementor-5743\">\n\t\t\t\t\t\t<section class=\"elementor-section elementor-top-section elementor-element elementor-element-d05362a elementor-section-full_width elementor-section-height-default elementor-section-height-default\" data-id=\"d05362a\" data-element_type=\"section\" data-e-type=\"section\">\n\t\t\t\t\t\t<div class=\"elementor-container elementor-column-gap-default\">\n\t\t\t\t\t<div class=\"elementor-column elementor-col-100 elementor-top-column elementor-element elementor-element-b9921fd\" data-id=\"b9921fd\" data-element_type=\"column\" data-e-type=\"column\">\n\t\t\t<div class=\"elementor-widget-wrap elementor-element-populated\">\n\t\t\t\t\t\t<div class=\"elementor-element elementor-element-3003183 elementor-widget elementor-widget-heading\" data-id=\"3003183\" data-element_type=\"widget\" data-e-type=\"widget\" data-widget_type=\"heading.default\">\n\t\t\t\t<div class=\"elementor-widget-container\">\n\t\t\t\t\t<h1 class=\"elementor-heading-title elementor-size-default\"><a href=\"https:\/\/telemetry.com.pe\/index.php\/extensometros\/\">Recursos H\u00eddricos<\/a><\/h1>\t\t\t\t<\/div>\n\t\t\t\t<\/div>\n\t\t\t\t<section class=\"elementor-section elementor-inner-section elementor-element elementor-element-0886aa2 elementor-section-boxed elementor-section-height-default elementor-section-height-default\" data-id=\"0886aa2\" data-element_type=\"section\" data-e-type=\"section\">\n\t\t\t\t\t\t<div class=\"elementor-container elementor-column-gap-default\">\n\t\t\t\t\t<div class=\"elementor-column elementor-col-25 elementor-inner-column elementor-element elementor-element-c24e73f\" data-id=\"c24e73f\" data-element_type=\"column\" data-e-type=\"column\">\n\t\t\t<div class=\"elementor-widget-wrap elementor-element-populated\">\n\t\t\t\t\t\t<div class=\"elementor-element elementor-element-5e6c5d7 elementor-widget elementor-widget-e_image_hover_effects\" data-id=\"5e6c5d7\" data-element_type=\"widget\" data-e-type=\"widget\" data-widget_type=\"e_image_hover_effects.default\">\n\t\t\t\t<div class=\"elementor-widget-container\">\n\t\t\t\t\t\t\t\t<a href=\"https:\/\/telemetry.com.pe\/index.php\/monitoreo-automatizado-de-presas-con-estacion-total-robotizada-2\/\">\n\t\t\t\t\t<div class=\"eihe-box eihe-fade-in-up eihe_center\">\n\t\t\t\t<img fetchpriority=\"high\" decoding=\"async\" width=\"2490\" height=\"1875\" src=\"https:\/\/telemetry.com.pe\/wp-content\/uploads\/2023\/02\/servicios-de-instrumentacion-26-1.jpg\" class=\"attachment-full size-full wp-image-5304\" alt=\"\" srcset=\"https:\/\/telemetry.com.pe\/wp-content\/uploads\/2023\/02\/servicios-de-instrumentacion-26-1.jpg 2490w, https:\/\/telemetry.com.pe\/wp-content\/uploads\/2023\/02\/servicios-de-instrumentacion-26-1-300x226.jpg 300w, https:\/\/telemetry.com.pe\/wp-content\/uploads\/2023\/02\/servicios-de-instrumentacion-26-1-1024x771.jpg 1024w, https:\/\/telemetry.com.pe\/wp-content\/uploads\/2023\/02\/servicios-de-instrumentacion-26-1-768x578.jpg 768w, https:\/\/telemetry.com.pe\/wp-content\/uploads\/2023\/02\/servicios-de-instrumentacion-26-1-1536x1157.jpg 1536w, https:\/\/telemetry.com.pe\/wp-content\/uploads\/2023\/02\/servicios-de-instrumentacion-26-1-2048x1542.jpg 2048w, https:\/\/telemetry.com.pe\/wp-content\/uploads\/2023\/02\/servicios-de-instrumentacion-26-1-24x18.jpg 24w, https:\/\/telemetry.com.pe\/wp-content\/uploads\/2023\/02\/servicios-de-instrumentacion-26-1-36x27.jpg 36w, https:\/\/telemetry.com.pe\/wp-content\/uploads\/2023\/02\/servicios-de-instrumentacion-26-1-48x36.jpg 48w, https:\/\/telemetry.com.pe\/wp-content\/uploads\/2023\/02\/servicios-de-instrumentacion-26-1-600x452.jpg 600w\" sizes=\"(max-width: 2490px) 100vw, 2490px\" \/>\t\t\t\t<div class=\"eihe-caption\">\n\t\t\t\t\t<div class=\"eihe-title-cover\">\n\t\t\t\t\t\t\t\t\t\t\t\t<h3 class=\"eihe-title\"><img decoding=\"async\" src=\"https:\/\/telemetry.com.pe\/wp-content\/uploads\/2021\/08\/Monitoreo-Automatizado-de-Presas-con-Estacion-Total-Robotizada1.jpg\"><\/h3>\n\t\t\t\t\t\t\t\t\t\t\t<\/div>\n\t\t\t\t\t<p><\/p>\n\t\t\t\t<\/div>\n\t\t\t<\/div>\n\t\t\t\t\t<\/a>\n\t\t\t\t\t\t<\/div>\n\t\t\t\t<\/div>\n\t\t\t\t<div class=\"elementor-element elementor-element-9b776c0 elementor-widget elementor-widget-heading\" data-id=\"9b776c0\" data-element_type=\"widget\" data-e-type=\"widget\" data-widget_type=\"heading.default\">\n\t\t\t\t<div class=\"elementor-widget-container\">\n\t\t\t\t\t<h2 class=\"elementor-heading-title elementor-size-default\"><a href=\"https:\/\/telemetry.com.pe\/index.php\/monitoreo-automatizado-de-presas-con-estacion-total-robotizada-2\/\"><b>Monitoreo Automatizado de Presas con Estaci\u00f3n Total Robotizada<\/b><\/a><\/h2>\t\t\t\t<\/div>\n\t\t\t\t<\/div>\n\t\t\t\t\t<\/div>\n\t\t<\/div>\n\t\t\t\t<div class=\"elementor-column elementor-col-25 elementor-inner-column elementor-element elementor-element-9b0e10b\" data-id=\"9b0e10b\" data-element_type=\"column\" data-e-type=\"column\">\n\t\t\t<div class=\"elementor-widget-wrap elementor-element-populated\">\n\t\t\t\t\t\t<div class=\"elementor-element elementor-element-b1255b6 elementor-widget elementor-widget-e_image_hover_effects\" data-id=\"b1255b6\" data-element_type=\"widget\" data-e-type=\"widget\" data-widget_type=\"e_image_hover_effects.default\">\n\t\t\t\t<div class=\"elementor-widget-container\">\n\t\t\t\t\t\t\t\t<a href=\"https:\/\/telemetry.com.pe\/index.php\/monitoreo-automatizado-de-presas-con-estacion-total-robotizada-26-2\/\">\n\t\t\t\t\t<div class=\"eihe-box eihe-fade-in-up eihe_center\">\n\t\t\t\t<img decoding=\"async\" width=\"2490\" height=\"1875\" src=\"https:\/\/telemetry.com.pe\/wp-content\/uploads\/2023\/02\/servicios-de-instrumentacion-26-2.jpg\" class=\"attachment-full size-full wp-image-5307\" alt=\"\" srcset=\"https:\/\/telemetry.com.pe\/wp-content\/uploads\/2023\/02\/servicios-de-instrumentacion-26-2.jpg 2490w, https:\/\/telemetry.com.pe\/wp-content\/uploads\/2023\/02\/servicios-de-instrumentacion-26-2-300x226.jpg 300w, https:\/\/telemetry.com.pe\/wp-content\/uploads\/2023\/02\/servicios-de-instrumentacion-26-2-1024x771.jpg 1024w, https:\/\/telemetry.com.pe\/wp-content\/uploads\/2023\/02\/servicios-de-instrumentacion-26-2-768x578.jpg 768w, https:\/\/telemetry.com.pe\/wp-content\/uploads\/2023\/02\/servicios-de-instrumentacion-26-2-1536x1157.jpg 1536w, https:\/\/telemetry.com.pe\/wp-content\/uploads\/2023\/02\/servicios-de-instrumentacion-26-2-2048x1542.jpg 2048w, https:\/\/telemetry.com.pe\/wp-content\/uploads\/2023\/02\/servicios-de-instrumentacion-26-2-24x18.jpg 24w, https:\/\/telemetry.com.pe\/wp-content\/uploads\/2023\/02\/servicios-de-instrumentacion-26-2-36x27.jpg 36w, https:\/\/telemetry.com.pe\/wp-content\/uploads\/2023\/02\/servicios-de-instrumentacion-26-2-48x36.jpg 48w, https:\/\/telemetry.com.pe\/wp-content\/uploads\/2023\/02\/servicios-de-instrumentacion-26-2-600x452.jpg 600w\" sizes=\"(max-width: 2490px) 100vw, 2490px\" \/>\t\t\t\t<div class=\"eihe-caption\">\n\t\t\t\t\t<div class=\"eihe-title-cover\">\n\t\t\t\t\t\t\t\t\t\t\t\t<h3 class=\"eihe-title\"><img decoding=\"async\" src=\"https:\/\/telemetry.com.pe\/wp-content\/uploads\/2023\/02\/servicios-de-instrumentacion-26.2-a.jpg\"><\/h3>\n\t\t\t\t\t\t\t\t\t\t\t<\/div>\n\t\t\t\t\t<p><\/p>\n\t\t\t\t<\/div>\n\t\t\t<\/div>\n\t\t\t\t\t<\/a>\n\t\t\t\t\t\t<\/div>\n\t\t\t\t<\/div>\n\t\t\t\t<div class=\"elementor-element elementor-element-51e5e8f elementor-widget elementor-widget-heading\" data-id=\"51e5e8f\" data-element_type=\"widget\" data-e-type=\"widget\" data-widget_type=\"heading.default\">\n\t\t\t\t<div class=\"elementor-widget-container\">\n\t\t\t\t\t<h2 class=\"elementor-heading-title elementor-size-default\"><a href=\"https:\/\/telemetry.com.pe\/index.php\/monitoreo-automatizado-de-presas-con-estacion-total-robotizada-26-2\/\"><b>Monitoreo Automatizado de Presas con Estaci\u00f3n Total Robotizada 26.2<\/b><\/a><\/h2>\t\t\t\t<\/div>\n\t\t\t\t<\/div>\n\t\t\t\t\t<\/div>\n\t\t<\/div>\n\t\t\t\t<div class=\"elementor-column elementor-col-25 elementor-inner-column elementor-element elementor-element-25d25f2\" data-id=\"25d25f2\" data-element_type=\"column\" data-e-type=\"column\">\n\t\t\t<div class=\"elementor-widget-wrap elementor-element-populated\">\n\t\t\t\t\t\t<div class=\"elementor-element elementor-element-280eac5 elementor-widget elementor-widget-e_image_hover_effects\" data-id=\"280eac5\" data-element_type=\"widget\" data-e-type=\"widget\" data-widget_type=\"e_image_hover_effects.default\">\n\t\t\t\t<div class=\"elementor-widget-container\">\n\t\t\t\t\t\t\t\t<a href=\"https:\/\/telemetry.com.pe\/index.php\/monitoreo-automatizado-de-presas-con-estacion-total-robotizada-26-4\/\">\n\t\t\t\t\t<div class=\"eihe-box eihe-fade-in-up eihe_center\">\n\t\t\t\t<img decoding=\"async\" width=\"2500\" height=\"1882\" src=\"https:\/\/telemetry.com.pe\/wp-content\/uploads\/2023\/02\/servicios-de-instrumentacion-26-4.jpg\" class=\"attachment-full size-full wp-image-5363\" alt=\"\" srcset=\"https:\/\/telemetry.com.pe\/wp-content\/uploads\/2023\/02\/servicios-de-instrumentacion-26-4.jpg 2500w, https:\/\/telemetry.com.pe\/wp-content\/uploads\/2023\/02\/servicios-de-instrumentacion-26-4-300x226.jpg 300w, https:\/\/telemetry.com.pe\/wp-content\/uploads\/2023\/02\/servicios-de-instrumentacion-26-4-1024x771.jpg 1024w, https:\/\/telemetry.com.pe\/wp-content\/uploads\/2023\/02\/servicios-de-instrumentacion-26-4-768x578.jpg 768w, https:\/\/telemetry.com.pe\/wp-content\/uploads\/2023\/02\/servicios-de-instrumentacion-26-4-1536x1156.jpg 1536w, https:\/\/telemetry.com.pe\/wp-content\/uploads\/2023\/02\/servicios-de-instrumentacion-26-4-2048x1542.jpg 2048w, https:\/\/telemetry.com.pe\/wp-content\/uploads\/2023\/02\/servicios-de-instrumentacion-26-4-24x18.jpg 24w, https:\/\/telemetry.com.pe\/wp-content\/uploads\/2023\/02\/servicios-de-instrumentacion-26-4-36x27.jpg 36w, https:\/\/telemetry.com.pe\/wp-content\/uploads\/2023\/02\/servicios-de-instrumentacion-26-4-48x36.jpg 48w, https:\/\/telemetry.com.pe\/wp-content\/uploads\/2023\/02\/servicios-de-instrumentacion-26-4-600x452.jpg 600w\" sizes=\"(max-width: 2500px) 100vw, 2500px\" \/>\t\t\t\t<div class=\"eihe-caption\">\n\t\t\t\t\t<div class=\"eihe-title-cover\">\n\t\t\t\t\t\t\t\t\t\t\t\t<h3 class=\"eihe-title\"><img decoding=\"async\" src=\"https:\/\/telemetry.com.pe\/wp-content\/uploads\/2023\/02\/servicios-de-instrumentacion-26-4b.jpg\"><\/h3>\n\t\t\t\t\t\t\t\t\t\t\t<\/div>\n\t\t\t\t\t<p><\/p>\n\t\t\t\t<\/div>\n\t\t\t<\/div>\n\t\t\t\t\t<\/a>\n\t\t\t\t\t\t<\/div>\n\t\t\t\t<\/div>\n\t\t\t\t<div class=\"elementor-element elementor-element-348f407 elementor-widget elementor-widget-heading\" data-id=\"348f407\" data-element_type=\"widget\" data-e-type=\"widget\" data-widget_type=\"heading.default\">\n\t\t\t\t<div class=\"elementor-widget-container\">\n\t\t\t\t\t<h2 class=\"elementor-heading-title elementor-size-default\"><a href=\"https:\/\/telemetry.com.pe\/index.php\/monitoreo-automatizado-de-presas-con-estacion-total-robotizada-26-4\/\"><b>Monitoreo Automatizado de Presas con Estaci\u00f3n Total Robotizada 26.4<\/b><\/a><\/h2>\t\t\t\t<\/div>\n\t\t\t\t<\/div>\n\t\t\t\t\t<\/div>\n\t\t<\/div>\n\t\t\t\t<div class=\"elementor-column elementor-col-25 elementor-inner-column elementor-element elementor-element-a405e84\" data-id=\"a405e84\" data-element_type=\"column\" data-e-type=\"column\">\n\t\t\t<div class=\"elementor-widget-wrap elementor-element-populated\">\n\t\t\t\t\t\t<div class=\"elementor-element elementor-element-d707098 elementor-widget elementor-widget-e_image_hover_effects\" data-id=\"d707098\" data-element_type=\"widget\" data-e-type=\"widget\" data-widget_type=\"e_image_hover_effects.default\">\n\t\t\t\t<div class=\"elementor-widget-container\">\n\t\t\t\t\t\t\t\t<a href=\"https:\/\/telemetry.com.pe\/index.php\/monitoreo-automatizado-de-presas-con-estacion-total-robotizada-26-5\">\n\t\t\t\t\t<div class=\"eihe-box eihe-fade-in-up eihe_center\">\n\t\t\t\t<img loading=\"lazy\" decoding=\"async\" width=\"2500\" height=\"1882\" src=\"https:\/\/telemetry.com.pe\/wp-content\/uploads\/2023\/02\/servicios-de-instrumentacion-26.5.jpg\" class=\"attachment-full size-full wp-image-5368\" alt=\"\" srcset=\"https:\/\/telemetry.com.pe\/wp-content\/uploads\/2023\/02\/servicios-de-instrumentacion-26.5.jpg 2500w, https:\/\/telemetry.com.pe\/wp-content\/uploads\/2023\/02\/servicios-de-instrumentacion-26.5-300x226.jpg 300w, https:\/\/telemetry.com.pe\/wp-content\/uploads\/2023\/02\/servicios-de-instrumentacion-26.5-1024x771.jpg 1024w, https:\/\/telemetry.com.pe\/wp-content\/uploads\/2023\/02\/servicios-de-instrumentacion-26.5-768x578.jpg 768w, https:\/\/telemetry.com.pe\/wp-content\/uploads\/2023\/02\/servicios-de-instrumentacion-26.5-1536x1156.jpg 1536w, https:\/\/telemetry.com.pe\/wp-content\/uploads\/2023\/02\/servicios-de-instrumentacion-26.5-2048x1542.jpg 2048w, https:\/\/telemetry.com.pe\/wp-content\/uploads\/2023\/02\/servicios-de-instrumentacion-26.5-24x18.jpg 24w, https:\/\/telemetry.com.pe\/wp-content\/uploads\/2023\/02\/servicios-de-instrumentacion-26.5-36x27.jpg 36w, https:\/\/telemetry.com.pe\/wp-content\/uploads\/2023\/02\/servicios-de-instrumentacion-26.5-48x36.jpg 48w, https:\/\/telemetry.com.pe\/wp-content\/uploads\/2023\/02\/servicios-de-instrumentacion-26.5-600x452.jpg 600w\" sizes=\"(max-width: 2500px) 100vw, 2500px\" \/>\t\t\t\t<div class=\"eihe-caption\">\n\t\t\t\t\t<div class=\"eihe-title-cover\">\n\t\t\t\t\t\t\t\t\t\t\t\t<h3 class=\"eihe-title\"><img decoding=\"async\" src=\"https:\/\/telemetry.com.pe\/wp-content\/uploads\/2023\/02\/servicios-de-instrumentacion-26-5b.jpg\"><\/h3>\n\t\t\t\t\t\t\t\t\t\t\t<\/div>\n\t\t\t\t\t<p><\/p>\n\t\t\t\t<\/div>\n\t\t\t<\/div>\n\t\t\t\t\t<\/a>\n\t\t\t\t\t\t<\/div>\n\t\t\t\t<\/div>\n\t\t\t\t<div class=\"elementor-element elementor-element-7bc1641 elementor-widget elementor-widget-heading\" data-id=\"7bc1641\" data-element_type=\"widget\" data-e-type=\"widget\" data-widget_type=\"heading.default\">\n\t\t\t\t<div class=\"elementor-widget-container\">\n\t\t\t\t\t<h2 class=\"elementor-heading-title elementor-size-default\"><a href=\"https:\/\/telemetry.com.pe\/index.php\/monitoreo-automatizado-de-presas-con-estacion-total-robotizada-26-5\"><b>Monitoreo Automatizado de Presas con Estaci\u00f3n Total Robotizada 26.5<\/b><\/a><\/h2>\t\t\t\t<\/div>\n\t\t\t\t<\/div>\n\t\t\t\t\t<\/div>\n\t\t<\/div>\n\t\t\t\t\t<\/div>\n\t\t<\/section>\n\t\t\t\t\t<\/div>\n\t\t<\/div>\n\t\t\t\t\t<\/div>\n\t\t<\/section>\n\t\t\t\t<\/div>\n\t\t","protected":false},"excerpt":{"rendered":"<p>Recursos H\u00eddricos Monitoreo Automatizado de Presas con Estaci\u00f3n Total Robotizada Monitoreo Automatizado de Presas con Estaci\u00f3n Total Robotizada 26.2 Monitoreo Automatizado de Presas con Estaci\u00f3n Total Robotizada 26.4 Monitoreo Automatizado de Presas con Estaci\u00f3n Total Robotizada 26.5<\/p>\n","protected":false},"author":1,"featured_media":0,"parent":0,"menu_order":0,"comment_status":"closed","ping_status":"closed","template":"","meta":{"om_disable_all_campaigns":false,"ocean_post_layout":"","ocean_both_sidebars_style":"","ocean_both_sidebars_content_width":0,"ocean_both_sidebars_sidebars_width":0,"ocean_sidebar":"0","ocean_second_sidebar":"0","ocean_disable_margins":"enable","ocean_add_body_class":"","ocean_shortcode_before_top_bar":"","ocean_shortcode_after_top_bar":"","ocean_shortcode_before_header":"","ocean_shortcode_after_header":"","ocean_has_shortcode":"","ocean_shortcode_after_title":"","ocean_shortcode_before_footer_widgets":"","ocean_shortcode_after_footer_widgets":"","ocean_shortcode_before_footer_bottom":"","ocean_shortcode_after_footer_bottom":"","ocean_display_top_bar":"default","ocean_display_header":"default","ocean_header_style":"","ocean_center_header_left_menu":"0","ocean_custom_header_template":"0","ocean_custom_logo":0,"ocean_custom_retina_logo":0,"ocean_custom_logo_max_width":0,"ocean_custom_logo_tablet_max_width":0,"ocean_custom_logo_mobile_max_width":0,"ocean_custom_logo_max_height":0,"ocean_custom_logo_tablet_max_height":0,"ocean_custom_logo_mobile_max_height":0,"ocean_header_custom_menu":"0","ocean_menu_typo_font_family":"0","ocean_menu_typo_font_subset":"","ocean_menu_typo_font_size":0,"ocean_menu_typo_font_size_tablet":0,"ocean_menu_typo_font_size_mobile":0,"ocean_menu_typo_font_size_unit":"px","ocean_menu_typo_font_weight":"","ocean_menu_typo_font_weight_tablet":"","ocean_menu_typo_font_weight_mobile":"","ocean_menu_typo_transform":"","ocean_menu_typo_transform_tablet":"","ocean_menu_typo_transform_mobile":"","ocean_menu_typo_line_height":0,"ocean_menu_typo_line_height_tablet":0,"ocean_menu_typo_line_height_mobile":0,"ocean_menu_typo_line_height_unit":"","ocean_menu_typo_spacing":0,"ocean_menu_typo_spacing_tablet":0,"ocean_menu_typo_spacing_mobile":0,"ocean_menu_typo_spacing_unit":"","ocean_menu_link_color":"","ocean_menu_link_color_hover":"","ocean_menu_link_color_active":"","ocean_menu_link_background":"","ocean_menu_link_hover_background":"","ocean_menu_link_active_background":"","ocean_menu_social_links_bg":"","ocean_menu_social_hover_links_bg":"","ocean_menu_social_links_color":"","ocean_menu_social_hover_links_color":"","ocean_disable_title":"default","ocean_disable_heading":"default","ocean_post_title":"","ocean_post_subheading":"","ocean_post_title_style":"","ocean_post_title_background_color":"","ocean_post_title_background":0,"ocean_post_title_bg_image_position":"","ocean_post_title_bg_image_attachment":"","ocean_post_title_bg_image_repeat":"","ocean_post_title_bg_image_size":"","ocean_post_title_height":0,"ocean_post_title_bg_overlay":0.5,"ocean_post_title_bg_overlay_color":"","ocean_disable_breadcrumbs":"default","ocean_breadcrumbs_color":"","ocean_breadcrumbs_separator_color":"","ocean_breadcrumbs_links_color":"","ocean_breadcrumbs_links_hover_color":"","ocean_display_footer_widgets":"default","ocean_display_footer_bottom":"default","ocean_custom_footer_template":"0","_joinchat":[],"footnotes":""},"class_list":["post-5743","page","type-page","status-publish","hentry","entry","owp-thumbs-layout-horizontal","owp-btn-normal","owp-tabs-layout-horizontal","has-no-thumbnails","has-product-nav"],"_links":{"self":[{"href":"https:\/\/telemetry.com.pe\/index.php\/wp-json\/wp\/v2\/pages\/5743","targetHints":{"allow":["GET"]}}],"collection":[{"href":"https:\/\/telemetry.com.pe\/index.php\/wp-json\/wp\/v2\/pages"}],"about":[{"href":"https:\/\/telemetry.com.pe\/index.php\/wp-json\/wp\/v2\/types\/page"}],"author":[{"embeddable":true,"href":"https:\/\/telemetry.com.pe\/index.php\/wp-json\/wp\/v2\/users\/1"}],"replies":[{"embeddable":true,"href":"https:\/\/telemetry.com.pe\/index.php\/wp-json\/wp\/v2\/comments?post=5743"}],"version-history":[{"count":7,"href":"https:\/\/telemetry.com.pe\/index.php\/wp-json\/wp\/v2\/pages\/5743\/revisions"}],"predecessor-version":[{"id":5759,"href":"https:\/\/telemetry.com.pe\/index.php\/wp-json\/wp\/v2\/pages\/5743\/revisions\/5759"}],"wp:attachment":[{"href":"https:\/\/telemetry.com.pe\/index.php\/wp-json\/wp\/v2\/media?parent=5743"}],"curies":[{"name":"wp","href":"https:\/\/api.w.org\/{rel}","templated":true}]}}