{"id":8576,"date":"2025-02-24T08:16:39","date_gmt":"2025-02-24T08:16:39","guid":{"rendered":"https:\/\/telemetry.com.pe\/?page_id=8576"},"modified":"2025-02-24T08:18:24","modified_gmt":"2025-02-24T08:18:24","slug":"ova-5000-2","status":"publish","type":"page","link":"https:\/\/telemetry.com.pe\/index.php\/ova-5000-2\/","title":{"rendered":"OVA 5000"},"content":{"rendered":"\t\t<div data-elementor-type=\"wp-page\" data-elementor-id=\"8576\" class=\"elementor elementor-8576\">\n\t\t\t\t\t\t<section class=\"elementor-section elementor-top-section elementor-element elementor-element-8f2f528 elementor-section-boxed elementor-section-height-default elementor-section-height-default\" data-id=\"8f2f528\" data-element_type=\"section\" data-e-type=\"section\">\n\t\t\t\t\t\t<div class=\"elementor-container elementor-column-gap-default\">\n\t\t\t\t\t<div class=\"elementor-column elementor-col-100 elementor-top-column elementor-element elementor-element-263d1aa\" data-id=\"263d1aa\" data-element_type=\"column\" data-e-type=\"column\">\n\t\t\t<div class=\"elementor-widget-wrap elementor-element-populated\">\n\t\t\t\t\t\t<section class=\"elementor-section elementor-inner-section elementor-element elementor-element-1fd67d6 elementor-section-boxed elementor-section-height-default elementor-section-height-default\" data-id=\"1fd67d6\" data-element_type=\"section\" data-e-type=\"section\">\n\t\t\t\t\t\t<div class=\"elementor-container elementor-column-gap-default\">\n\t\t\t\t\t<div class=\"elementor-column elementor-col-50 elementor-inner-column elementor-element elementor-element-74f3a69\" data-id=\"74f3a69\" data-element_type=\"column\" data-e-type=\"column\">\n\t\t\t<div class=\"elementor-widget-wrap elementor-element-populated\">\n\t\t\t\t\t\t<div class=\"elementor-element elementor-element-0727b8d elementor-arrows-position-inside elementor-pagination-position-outside elementor-widget elementor-widget-image-carousel\" data-id=\"0727b8d\" data-element_type=\"widget\" data-e-type=\"widget\" data-settings=\"{&quot;slides_to_show&quot;:&quot;1&quot;,&quot;navigation&quot;:&quot;both&quot;,&quot;autoplay&quot;:&quot;yes&quot;,&quot;pause_on_hover&quot;:&quot;yes&quot;,&quot;pause_on_interaction&quot;:&quot;yes&quot;,&quot;autoplay_speed&quot;:5000,&quot;infinite&quot;:&quot;yes&quot;,&quot;effect&quot;:&quot;slide&quot;,&quot;speed&quot;:500}\" data-widget_type=\"image-carousel.default\">\n\t\t\t\t<div class=\"elementor-widget-container\">\n\t\t\t\t\t\t\t<div class=\"elementor-image-carousel-wrapper swiper\" role=\"region\" aria-roledescription=\"carousel\" aria-label=\"Image Carousel\" dir=\"ltr\">\n\t\t\t<div class=\"elementor-image-carousel swiper-wrapper\" aria-live=\"off\">\n\t\t\t\t\t\t\t\t<div class=\"swiper-slide\" role=\"group\" aria-roledescription=\"slide\" aria-label=\"1 of 1\"><figure class=\"swiper-slide-inner\"><img decoding=\"async\" class=\"swiper-slide-image\" src=\"https:\/\/telemetry.com.pe\/wp-content\/uploads\/2025\/02\/OVA-5000.jpg\" alt=\"OVA 5000\" \/><\/figure><\/div>\t\t\t<\/div>\n\t\t\t\t\t<\/div>\n\t\t\t\t\t\t<\/div>\n\t\t\t\t<\/div>\n\t\t<div class=\"elementor-element elementor-element-942a71c e-flex e-con-boxed e-con e-parent\" data-id=\"942a71c\" data-element_type=\"container\" data-e-type=\"container\">\n\t\t\t\t\t<div class=\"e-con-inner\">\n\t\t<div class=\"elementor-element elementor-element-3081234 e-con-full e-flex e-con e-child\" data-id=\"3081234\" data-element_type=\"container\" data-e-type=\"container\">\n\t\t\t\t<div class=\"elementor-element elementor-element-1a5d257 elementor-widget elementor-widget-image\" data-id=\"1a5d257\" data-element_type=\"widget\" data-e-type=\"widget\" data-widget_type=\"image.default\">\n\t\t\t\t<div class=\"elementor-widget-container\">\n\t\t\t\t\t\t\t\t\t\t\t\t\t\t\t<img decoding=\"async\" src=\"https:\/\/telemetry.com.pe\/wp-content\/uploads\/2022\/01\/PDF.png\" title=\"PDF\" alt=\"PDF\" loading=\"lazy\" \/>\t\t\t\t\t\t\t\t\t\t\t\t\t\t\t<\/div>\n\t\t\t\t<\/div>\n\t\t\t\t<\/div>\n\t\t<div class=\"elementor-element elementor-element-b68ba53 e-con-full e-flex e-con e-child\" data-id=\"b68ba53\" data-element_type=\"container\" data-e-type=\"container\">\n\t\t\t\t<div class=\"elementor-element elementor-element-6cf6318 elementor-widget elementor-widget-text-editor\" data-id=\"6cf6318\" data-element_type=\"widget\" data-e-type=\"widget\" data-widget_type=\"text-editor.default\">\n\t\t\t\t<div class=\"elementor-widget-container\">\n\t\t\t\t\t\t\t\t\t<h3><a href=\"https:\/\/www.equitrol.com\/pdf\/Cogent_OVA_5000.pdf\">Hoja de Cat\u00e1logo<\/a><\/h3>\t\t\t\t\t\t\t\t<\/div>\n\t\t\t\t<\/div>\n\t\t\t\t<\/div>\n\t\t\t\t\t<\/div>\n\t\t\t\t<\/div>\n\t\t\t\t\t<\/div>\n\t\t<\/div>\n\t\t\t\t<div class=\"elementor-column elementor-col-50 elementor-inner-column elementor-element elementor-element-5d95c90\" data-id=\"5d95c90\" data-element_type=\"column\" data-e-type=\"column\">\n\t\t\t<div class=\"elementor-widget-wrap elementor-element-populated\">\n\t\t\t\t\t\t<div class=\"elementor-element elementor-element-0d69c20 elementor-widget elementor-widget-heading\" data-id=\"0d69c20\" data-element_type=\"widget\" data-e-type=\"widget\" data-widget_type=\"heading.default\">\n\t\t\t\t<div class=\"elementor-widget-container\">\n\t\t\t\t\t<h2 class=\"elementor-heading-title elementor-size-default\">OVA 5000<\/h2>\t\t\t\t<\/div>\n\t\t\t\t<\/div>\n\t\t\t\t<div class=\"elementor-element elementor-element-ba29b49 elementor-widget elementor-widget-text-editor\" data-id=\"ba29b49\" data-element_type=\"widget\" data-e-type=\"widget\" data-widget_type=\"text-editor.default\">\n\t\t\t\t<div class=\"elementor-widget-container\">\n\t\t\t\t\t\t\t\t\t<figure><h2>Analizadores de metales pesados para aguas, suelos, alimentos y bebidas.<\/h2><figure><img decoding=\"async\" class=\"alignright\" src=\"https:\/\/www.equitrol.com\/wp-content\/uploads\/Cogent_OVA-5000-200x196.jpg\" alt=\"Cogent_OVA 5000\" \/><\/figure><p>Principio de funcionamiento, voltametr\u00eda de redisoluci\u00f3n an\u00f3dica (VAS). La voltametr\u00eda ofrece una alternativa internacionalmente aceptada al muestreo de laboratorio o a muestreadores autom\u00e1ticos.<\/p><p>Los analizadores de metales pesados de COGENT se llevan utilizando durante 20 a\u00f1os en el mercado. Proporcionan una forma f\u00e1cil de generar y guardar datos continuos en tiempo real, lo que permite la toma de decisiones r\u00e1pidas.<\/p><p>El OVA puede autofinanciarse, gracias a los ahorros en productos qu\u00edmicos del proceso y en sanciones por descargas.Se integra f\u00e1cilmente en sistemas de procesos est\u00e1ndar.<\/p><p>Puede detectar una gama de diferentes metales (As, Cd, CR, Cu, Hg, Ni, Pb, Se, TI, Zn y otros) hasta niveles ppb de una cifra. El color o la turbidez no afectan al m\u00e9todo. Las muestras van desde aguas residuales hasta aguas de proceso, aguas fluviales y aguas potables. Tiene opciones extra como la filtraci\u00f3n y el tratamiento con UV.<br \/><span id=\"more-579\"><\/span><\/p><h3>Caracter\u00edsticas principales:<\/h3><ul><li>Control durante 24 horas de hasta 3 flujos de muestras en efluente, 6 en agua potable<\/li><li>Configurado seg\u00fan requisitos del cliente<\/li><li>Opciones de pre-tratamiento de extracci\u00f3n por \u00e1cido\/UV para eliminar interferencias<\/li><li>Bajo mantenimiento<\/li><li>Construcci\u00f3n modular (pueden a\u00f1adirse bombas de reactivo\/ muestras u opciones de tratamiento extra despu\u00e9s de la instalaci\u00f3n)<\/li><li>Resultados guardados en disco duro, unidades de copia de seguridad USB\/DVD<\/li><li>Salidas de alarma programables para muestras fuera de rango o fallos del sistema<\/li><li>Salidas LAN, USB, 4-20mA y 12V m\u00faltiple como est\u00e1ndar<\/li><li>Electrodos s\u00f3lidos \u2013 sin mercurio elemental peligroso\u2022 Disponibles configuraciones de an\u00e1lisis multi-elemento<\/li><\/ul><\/figure>\t\t\t\t\t\t\t\t<\/div>\n\t\t\t\t<\/div>\n\t\t\t\t\t<\/div>\n\t\t<\/div>\n\t\t\t\t\t<\/div>\n\t\t<\/section>\n\t\t\t\t\t<\/div>\n\t\t<\/div>\n\t\t\t\t\t<\/div>\n\t\t<\/section>\n\t\t\t\t<\/div>\n\t\t","protected":false},"excerpt":{"rendered":"<p>Hoja de Cat\u00e1logo OVA 5000 Analizadores de metales pesados para aguas, suelos, alimentos y bebidas. Principio de funcionamiento, voltametr\u00eda de redisoluci\u00f3n an\u00f3dica (VAS). La voltametr\u00eda ofrece una alternativa internacionalmente aceptada al muestreo de laboratorio o a muestreadores autom\u00e1ticos. Los analizadores de metales pesados de COGENT se llevan utilizando durante 20 a\u00f1os en el mercado. Proporcionan [&hellip;]<\/p>\n","protected":false},"author":1,"featured_media":0,"parent":0,"menu_order":0,"comment_status":"closed","ping_status":"closed","template":"","meta":{"om_disable_all_campaigns":false,"ocean_post_layout":"","ocean_both_sidebars_style":"","ocean_both_sidebars_content_width":0,"ocean_both_sidebars_sidebars_width":0,"ocean_sidebar":"","ocean_second_sidebar":"","ocean_disable_margins":"enable","ocean_add_body_class":"","ocean_shortcode_before_top_bar":"","ocean_shortcode_after_top_bar":"","ocean_shortcode_before_header":"","ocean_shortcode_after_header":"","ocean_has_shortcode":"","ocean_shortcode_after_title":"","ocean_shortcode_before_footer_widgets":"","ocean_shortcode_after_footer_widgets":"","ocean_shortcode_before_footer_bottom":"","ocean_shortcode_after_footer_bottom":"","ocean_display_top_bar":"default","ocean_display_header":"default","ocean_header_style":"","ocean_center_header_left_menu":"","ocean_custom_header_template":"","ocean_custom_logo":0,"ocean_custom_retina_logo":0,"ocean_custom_logo_max_width":0,"ocean_custom_logo_tablet_max_width":0,"ocean_custom_logo_mobile_max_width":0,"ocean_custom_logo_max_height":0,"ocean_custom_logo_tablet_max_height":0,"ocean_custom_logo_mobile_max_height":0,"ocean_header_custom_menu":"","ocean_menu_typo_font_family":"","ocean_menu_typo_font_subset":"","ocean_menu_typo_font_size":0,"ocean_menu_typo_font_size_tablet":0,"ocean_menu_typo_font_size_mobile":0,"ocean_menu_typo_font_size_unit":"px","ocean_menu_typo_font_weight":"","ocean_menu_typo_font_weight_tablet":"","ocean_menu_typo_font_weight_mobile":"","ocean_menu_typo_transform":"","ocean_menu_typo_transform_tablet":"","ocean_menu_typo_transform_mobile":"","ocean_menu_typo_line_height":0,"ocean_menu_typo_line_height_tablet":0,"ocean_menu_typo_line_height_mobile":0,"ocean_menu_typo_line_height_unit":"","ocean_menu_typo_spacing":0,"ocean_menu_typo_spacing_tablet":0,"ocean_menu_typo_spacing_mobile":0,"ocean_menu_typo_spacing_unit":"","ocean_menu_link_color":"","ocean_menu_link_color_hover":"","ocean_menu_link_color_active":"","ocean_menu_link_background":"","ocean_menu_link_hover_background":"","ocean_menu_link_active_background":"","ocean_menu_social_links_bg":"","ocean_menu_social_hover_links_bg":"","ocean_menu_social_links_color":"","ocean_menu_social_hover_links_color":"","ocean_disable_title":"default","ocean_disable_heading":"default","ocean_post_title":"","ocean_post_subheading":"","ocean_post_title_style":"","ocean_post_title_background_color":"","ocean_post_title_background":0,"ocean_post_title_bg_image_position":"","ocean_post_title_bg_image_attachment":"","ocean_post_title_bg_image_repeat":"","ocean_post_title_bg_image_size":"","ocean_post_title_height":0,"ocean_post_title_bg_overlay":0.5,"ocean_post_title_bg_overlay_color":"","ocean_disable_breadcrumbs":"default","ocean_breadcrumbs_color":"","ocean_breadcrumbs_separator_color":"","ocean_breadcrumbs_links_color":"","ocean_breadcrumbs_links_hover_color":"","ocean_display_footer_widgets":"default","ocean_display_footer_bottom":"default","ocean_custom_footer_template":"","_joinchat":[],"footnotes":""},"class_list":["post-8576","page","type-page","status-publish","hentry","entry","owp-thumbs-layout-horizontal","owp-btn-normal","owp-tabs-layout-horizontal","has-no-thumbnails","has-product-nav"],"_links":{"self":[{"href":"https:\/\/telemetry.com.pe\/index.php\/wp-json\/wp\/v2\/pages\/8576","targetHints":{"allow":["GET"]}}],"collection":[{"href":"https:\/\/telemetry.com.pe\/index.php\/wp-json\/wp\/v2\/pages"}],"about":[{"href":"https:\/\/telemetry.com.pe\/index.php\/wp-json\/wp\/v2\/types\/page"}],"author":[{"embeddable":true,"href":"https:\/\/telemetry.com.pe\/index.php\/wp-json\/wp\/v2\/users\/1"}],"replies":[{"embeddable":true,"href":"https:\/\/telemetry.com.pe\/index.php\/wp-json\/wp\/v2\/comments?post=8576"}],"version-history":[{"count":4,"href":"https:\/\/telemetry.com.pe\/index.php\/wp-json\/wp\/v2\/pages\/8576\/revisions"}],"predecessor-version":[{"id":8581,"href":"https:\/\/telemetry.com.pe\/index.php\/wp-json\/wp\/v2\/pages\/8576\/revisions\/8581"}],"wp:attachment":[{"href":"https:\/\/telemetry.com.pe\/index.php\/wp-json\/wp\/v2\/media?parent=8576"}],"curies":[{"name":"wp","href":"https:\/\/api.w.org\/{rel}","templated":true}]}}