{"id":954,"date":"2021-08-02T21:18:47","date_gmt":"2021-08-02T21:18:47","guid":{"rendered":"http:\/\/telemetry.com.pe\/?page_id=954"},"modified":"2021-08-02T21:22:50","modified_gmt":"2021-08-02T21:22:50","slug":"sistema-inclinometro-digital-vertical-c17-pro","status":"publish","type":"page","link":"https:\/\/telemetry.com.pe\/index.php\/sistema-inclinometro-digital-vertical-c17-pro\/","title":{"rendered":"SISTEMA INCLIN\u00d3METRO DIGITAL VERTICAL C17-PRO"},"content":{"rendered":"\t\t<div data-elementor-type=\"wp-page\" data-elementor-id=\"954\" class=\"elementor elementor-954\">\n\t\t\t\t\t\t<section class=\"elementor-section elementor-top-section elementor-element elementor-element-02aa9b5 elementor-section-boxed elementor-section-height-default elementor-section-height-default\" data-id=\"02aa9b5\" data-element_type=\"section\" data-e-type=\"section\">\n\t\t\t\t\t\t<div class=\"elementor-container elementor-column-gap-default\">\n\t\t\t\t\t<div class=\"elementor-column elementor-col-100 elementor-top-column elementor-element elementor-element-24bbf4d\" data-id=\"24bbf4d\" data-element_type=\"column\" data-e-type=\"column\">\n\t\t\t<div class=\"elementor-widget-wrap elementor-element-populated\">\n\t\t\t\t\t\t<section class=\"elementor-section elementor-inner-section elementor-element elementor-element-54a8c6e elementor-section-boxed elementor-section-height-default elementor-section-height-default\" data-id=\"54a8c6e\" data-element_type=\"section\" data-e-type=\"section\">\n\t\t\t\t\t\t<div class=\"elementor-container elementor-column-gap-default\">\n\t\t\t\t\t<div class=\"elementor-column elementor-col-50 elementor-inner-column elementor-element elementor-element-fe773d1\" data-id=\"fe773d1\" data-element_type=\"column\" data-e-type=\"column\">\n\t\t\t<div class=\"elementor-widget-wrap elementor-element-populated\">\n\t\t\t\t\t\t<div class=\"elementor-element elementor-element-bb17ee2 elementor-widget elementor-widget-image\" data-id=\"bb17ee2\" data-element_type=\"widget\" data-e-type=\"widget\" data-widget_type=\"image.default\">\n\t\t\t\t<div class=\"elementor-widget-container\">\n\t\t\t\t\t\t\t\t\t\t\t\t\t\t\t<img fetchpriority=\"high\" decoding=\"async\" width=\"748\" height=\"526\" src=\"https:\/\/telemetry.com.pe\/wp-content\/uploads\/2021\/08\/SISTEMA-INCLINOMETRO-DIGITAL-VERTICAL-C17-PRO.jpg\" class=\"attachment-large size-large wp-image-956\" alt=\"SISTEMA INCLIN\u00d3METRO DIGITAL VERTICAL C17 PRO\" srcset=\"https:\/\/telemetry.com.pe\/wp-content\/uploads\/2021\/08\/SISTEMA-INCLINOMETRO-DIGITAL-VERTICAL-C17-PRO.jpg 748w, https:\/\/telemetry.com.pe\/wp-content\/uploads\/2021\/08\/SISTEMA-INCLINOMETRO-DIGITAL-VERTICAL-C17-PRO-300x211.jpg 300w, https:\/\/telemetry.com.pe\/wp-content\/uploads\/2021\/08\/SISTEMA-INCLINOMETRO-DIGITAL-VERTICAL-C17-PRO-600x422.jpg 600w\" sizes=\"(max-width: 748px) 100vw, 748px\" \/>\t\t\t\t\t\t\t\t\t\t\t\t\t\t\t<\/div>\n\t\t\t\t<\/div>\n\t\t\t\t<div class=\"elementor-element elementor-element-9755d3a elementor-widget elementor-widget-accordion\" data-id=\"9755d3a\" data-element_type=\"widget\" data-e-type=\"widget\" data-widget_type=\"accordion.default\">\n\t\t\t\t<div class=\"elementor-widget-container\">\n\t\t\t\t\t\t\t<div class=\"elementor-accordion\">\n\t\t\t\t\t\t\t<div class=\"elementor-accordion-item\">\n\t\t\t\t\t<div id=\"elementor-tab-title-1581\" class=\"elementor-tab-title\" data-tab=\"1\" role=\"button\" aria-controls=\"elementor-tab-content-1581\" aria-expanded=\"false\">\n\t\t\t\t\t\t\t\t\t\t\t\t\t<span class=\"elementor-accordion-icon elementor-accordion-icon-left\" aria-hidden=\"true\">\n\t\t\t\t\t\t\t\t\t\t\t\t\t\t\t<span class=\"elementor-accordion-icon-closed\"><svg class=\"e-font-icon-svg e-fas-plus\" viewBox=\"0 0 448 512\" xmlns=\"http:\/\/www.w3.org\/2000\/svg\"><path d=\"M416 208H272V64c0-17.67-14.33-32-32-32h-32c-17.67 0-32 14.33-32 32v144H32c-17.67 0-32 14.33-32 32v32c0 17.67 14.33 32 32 32h144v144c0 17.67 14.33 32 32 32h32c17.67 0 32-14.33 32-32V304h144c17.67 0 32-14.33 32-32v-32c0-17.67-14.33-32-32-32z\"><\/path><\/svg><\/span>\n\t\t\t\t\t\t\t\t<span class=\"elementor-accordion-icon-opened\"><svg class=\"e-font-icon-svg e-fas-minus\" viewBox=\"0 0 448 512\" xmlns=\"http:\/\/www.w3.org\/2000\/svg\"><path d=\"M416 208H32c-17.67 0-32 14.33-32 32v32c0 17.67 14.33 32 32 32h384c17.67 0 32-14.33 32-32v-32c0-17.67-14.33-32-32-32z\"><\/path><\/svg><\/span>\n\t\t\t\t\t\t\t\t\t\t\t\t\t\t<\/span>\n\t\t\t\t\t\t\t\t\t\t\t\t<a class=\"elementor-accordion-title\" tabindex=\"0\">CARACTER\u00cdSTICAS DEL PRODUCTO <\/a>\n\t\t\t\t\t<\/div>\n\t\t\t\t\t<div id=\"elementor-tab-content-1581\" class=\"elementor-tab-content elementor-clearfix\" data-tab=\"1\" role=\"region\" aria-labelledby=\"elementor-tab-title-1581\"><ul><li><span><span>Sin conectores entre la sonda, el carrete de cable y la tableta de campo<\/span><\/span><\/li><li><span><span>La sonda est\u00e1 fabricada en acero inoxidable 316<\/span><\/span><\/li><li><span><span>Conjuntos de ruedas con resortes de precisi\u00f3n<\/span><\/span><\/li><li><span><span>Conexi\u00f3n Bluetooth entre el carrete de cable y la tableta de campo<\/span><\/span><\/li><li><span><span>Mediciones precisas y precisas utilizando sensores MEMS<\/span><\/span><\/li><li><span><span>Control de profundidad repetible mediante marcadores de acero inoxidable de bajo desgaste y sistema de compuerta para cables<\/span><\/span><\/li><li><span><span>La tableta de campo ultrarresistente permite una f\u00e1cil transferencia de datos<\/span><\/span><\/li><li><span><span>Software &#8216;In-Port Pro&#8217; mejorado para usar con Field Tablet para una duraci\u00f3n de bater\u00eda muy larga, f\u00e1cil captura de datos<\/span><\/span><\/li><li><span><span>Gran pantalla t\u00e1ctil de 7 &#8220;de alta visibilidad<\/span><\/span><\/li><\/ul><\/div>\n\t\t\t\t<\/div>\n\t\t\t\t\t\t\t<div class=\"elementor-accordion-item\">\n\t\t\t\t\t<div id=\"elementor-tab-title-1582\" class=\"elementor-tab-title\" data-tab=\"2\" role=\"button\" aria-controls=\"elementor-tab-content-1582\" aria-expanded=\"false\">\n\t\t\t\t\t\t\t\t\t\t\t\t\t<span class=\"elementor-accordion-icon elementor-accordion-icon-left\" aria-hidden=\"true\">\n\t\t\t\t\t\t\t\t\t\t\t\t\t\t\t<span class=\"elementor-accordion-icon-closed\"><svg class=\"e-font-icon-svg e-fas-plus\" viewBox=\"0 0 448 512\" xmlns=\"http:\/\/www.w3.org\/2000\/svg\"><path d=\"M416 208H272V64c0-17.67-14.33-32-32-32h-32c-17.67 0-32 14.33-32 32v144H32c-17.67 0-32 14.33-32 32v32c0 17.67 14.33 32 32 32h144v144c0 17.67 14.33 32 32 32h32c17.67 0 32-14.33 32-32V304h144c17.67 0 32-14.33 32-32v-32c0-17.67-14.33-32-32-32z\"><\/path><\/svg><\/span>\n\t\t\t\t\t\t\t\t<span class=\"elementor-accordion-icon-opened\"><svg class=\"e-font-icon-svg e-fas-minus\" viewBox=\"0 0 448 512\" xmlns=\"http:\/\/www.w3.org\/2000\/svg\"><path d=\"M416 208H32c-17.67 0-32 14.33-32 32v32c0 17.67 14.33 32 32 32h384c17.67 0 32-14.33 32-32v-32c0-17.67-14.33-32-32-32z\"><\/path><\/svg><\/span>\n\t\t\t\t\t\t\t\t\t\t\t\t\t\t<\/span>\n\t\t\t\t\t\t\t\t\t\t\t\t<a class=\"elementor-accordion-title\" tabindex=\"0\">BENEFICIOS DEL PRODUCTO<\/a>\n\t\t\t\t\t<\/div>\n\t\t\t\t\t<div id=\"elementor-tab-content-1582\" class=\"elementor-tab-content elementor-clearfix\" data-tab=\"2\" role=\"region\" aria-labelledby=\"elementor-tab-title-1582\"><ul><li><span><span>La conexi\u00f3n de cable moldeado elimina la entrada de agua y los problemas de conexi\u00f3n<\/span><\/span><\/li><li><span><span>La se\u00f1al digital permite una transmisi\u00f3n de datos sin interferencias<\/span><\/span><\/li><li><span><span>La electr\u00f3nica avanzada garantiza un uso prolongado y sin problemas en un entorno de sitio hostil<\/span><\/span><\/li><li><span><span>Transferencia de datos sencilla a trav\u00e9s de Bluetooth, conexi\u00f3n directa o Internet mediante red Wi-Fi o GSM<\/span><\/span><\/li><li><span><span>Tableta de campo impermeable para uso continuo en entornos hostiles<\/span><\/span><\/li><li><span><span>Duraci\u00f3n de la bater\u00eda muy larga<\/span><\/span><\/li><li><span><span>Ligero y f\u00e1cilmente port\u00e1til<\/span><\/span><\/li><\/ul><\/div>\n\t\t\t\t<\/div>\n\t\t\t\t\t\t\t<div class=\"elementor-accordion-item\">\n\t\t\t\t\t<div id=\"elementor-tab-title-1583\" class=\"elementor-tab-title\" data-tab=\"3\" role=\"button\" aria-controls=\"elementor-tab-content-1583\" aria-expanded=\"false\">\n\t\t\t\t\t\t\t\t\t\t\t\t\t<span class=\"elementor-accordion-icon elementor-accordion-icon-left\" aria-hidden=\"true\">\n\t\t\t\t\t\t\t\t\t\t\t\t\t\t\t<span class=\"elementor-accordion-icon-closed\"><svg class=\"e-font-icon-svg e-fas-plus\" viewBox=\"0 0 448 512\" xmlns=\"http:\/\/www.w3.org\/2000\/svg\"><path d=\"M416 208H272V64c0-17.67-14.33-32-32-32h-32c-17.67 0-32 14.33-32 32v144H32c-17.67 0-32 14.33-32 32v32c0 17.67 14.33 32 32 32h144v144c0 17.67 14.33 32 32 32h32c17.67 0 32-14.33 32-32V304h144c17.67 0 32-14.33 32-32v-32c0-17.67-14.33-32-32-32z\"><\/path><\/svg><\/span>\n\t\t\t\t\t\t\t\t<span class=\"elementor-accordion-icon-opened\"><svg class=\"e-font-icon-svg e-fas-minus\" viewBox=\"0 0 448 512\" xmlns=\"http:\/\/www.w3.org\/2000\/svg\"><path d=\"M416 208H32c-17.67 0-32 14.33-32 32v32c0 17.67 14.33 32 32 32h384c17.67 0 32-14.33 32-32v-32c0-17.67-14.33-32-32-32z\"><\/path><\/svg><\/span>\n\t\t\t\t\t\t\t\t\t\t\t\t\t\t<\/span>\n\t\t\t\t\t\t\t\t\t\t\t\t<a class=\"elementor-accordion-title\" tabindex=\"0\">OPERACI\u00d3N<\/a>\n\t\t\t\t\t<\/div>\n\t\t\t\t\t<div id=\"elementor-tab-content-1583\" class=\"elementor-tab-content elementor-clearfix\" data-tab=\"3\" role=\"region\" aria-labelledby=\"elementor-tab-title-1583\"><p align=\"justify\"><span>La sonda del inclin\u00f3metro se inserta en la carcasa del inclin\u00f3metro y se baja a la profundidad, asegurando que las ruedas de la sonda est\u00e9n correctamente alineadas y ranuradas dentro de las ranuras de la carcasa.\u00a0La sonda est\u00e1 conectada mediante un cable graduado al carrete de cable.<\/span><\/p><p align=\"justify\"><span>Las lecturas de desplazamiento se toman a intervalos regulares de 0.5 m (2 pies para sistemas imperiales) dentro de la carcasa (la longitud del calibre entre las ruedas de la sonda).\u00a0Esto se mide y controla mediante marcadores de acero inoxidable engarzados alrededor del cable, estos pasan a trav\u00e9s de una muesca en la compuerta del cable, dando una posici\u00f3n exacta para cada lectura.<\/span><\/p><p align=\"justify\"><span>Al presionar el bot\u00f3n de pantalla o usar el modo de ejecuci\u00f3n autom\u00e1tica, puede guardar las lecturas de los sensores MEMS, que se transmiten a la tableta de campo desde el carrete de cable a trav\u00e9s de la transmisi\u00f3n Bluetooth.<\/span><\/p><p align=\"justify\"><span>Se obtiene un conjunto inicial o &#8220;base&#8221; de lecturas del inclin\u00f3metro en cada incremento dentro de la carcasa.<\/span><\/p><p align=\"justify\"><span>La suma de cada lectura incremental proporciona un perfil de desplazamiento horizontal de la carcasa en funci\u00f3n de la profundidad.<\/span><\/p><p align=\"justify\"><span>Cuando se toman todas las lecturas posteriores a profundidades id\u00e9nticas, la comparaci\u00f3n de los perfiles de revestimiento sucesivos indica la profundidad, la direcci\u00f3n, la magnitud y la tasa de cambio de movimiento.<\/span><\/p><p align=\"justify\"><span>Puede ver la indicaci\u00f3n m\u00e1s clara de movimiento al graficar el cambio en el desplazamiento de la carcasa contra la profundidad utilizando el paquete de gesti\u00f3n de datos del inclin\u00f3metro &#8216;In-Profile&#8217;.<\/span><\/p><\/div>\n\t\t\t\t<\/div>\n\t\t\t\t\t\t\t<div class=\"elementor-accordion-item\">\n\t\t\t\t\t<div id=\"elementor-tab-title-1584\" class=\"elementor-tab-title\" data-tab=\"4\" role=\"button\" aria-controls=\"elementor-tab-content-1584\" aria-expanded=\"false\">\n\t\t\t\t\t\t\t\t\t\t\t\t\t<span class=\"elementor-accordion-icon elementor-accordion-icon-left\" aria-hidden=\"true\">\n\t\t\t\t\t\t\t\t\t\t\t\t\t\t\t<span class=\"elementor-accordion-icon-closed\"><svg class=\"e-font-icon-svg e-fas-plus\" viewBox=\"0 0 448 512\" xmlns=\"http:\/\/www.w3.org\/2000\/svg\"><path d=\"M416 208H272V64c0-17.67-14.33-32-32-32h-32c-17.67 0-32 14.33-32 32v144H32c-17.67 0-32 14.33-32 32v32c0 17.67 14.33 32 32 32h144v144c0 17.67 14.33 32 32 32h32c17.67 0 32-14.33 32-32V304h144c17.67 0 32-14.33 32-32v-32c0-17.67-14.33-32-32-32z\"><\/path><\/svg><\/span>\n\t\t\t\t\t\t\t\t<span class=\"elementor-accordion-icon-opened\"><svg class=\"e-font-icon-svg e-fas-minus\" viewBox=\"0 0 448 512\" xmlns=\"http:\/\/www.w3.org\/2000\/svg\"><path d=\"M416 208H32c-17.67 0-32 14.33-32 32v32c0 17.67 14.33 32 32 32h384c17.67 0 32-14.33 32-32v-32c0-17.67-14.33-32-32-32z\"><\/path><\/svg><\/span>\n\t\t\t\t\t\t\t\t\t\t\t\t\t\t<\/span>\n\t\t\t\t\t\t\t\t\t\t\t\t<a class=\"elementor-accordion-title\" tabindex=\"0\">APLICACIONES <\/a>\n\t\t\t\t\t<\/div>\n\t\t\t\t\t<div id=\"elementor-tab-content-1584\" class=\"elementor-tab-content elementor-clearfix\" data-tab=\"4\" role=\"region\" aria-labelledby=\"elementor-tab-title-1584\"><p align=\"justify\"><span>Los sistemas de inclin\u00f3metro se utilizan para medir el desplazamiento lateral en el suelo o la estructura.\u00a0Son \u00fatiles para determinar la profundidad, direcci\u00f3n, magnitud y velocidad de movimiento.<\/span><\/p><p><span>Las aplicaciones t\u00edpicas incluyen:<\/span><\/p><ul><li class=\"bullet\"><span>Fallas de taludes y deslizamientos de tierra<\/span><\/li><li class=\"bullet\"><span>Zonas de cizallamiento y deslizamiento<\/span><\/li><li class=\"bullet\"><span>Paredes de diafragma o tablestacas<\/span><\/li><li class=\"bullet\"><span>Monitoreo de flexi\u00f3n en pilotes<\/span><\/li><li class=\"bullet\"><span>Verificaci\u00f3n de supuestos de dise\u00f1o y an\u00e1lisis de elementos finitos<\/span><\/li><li class=\"bullet\"><span>Terraplenes<\/span><\/li><li class=\"bullet\"><span>Presas<\/span><\/li><li class=\"bullet\"><span>Muro de contenci\u00f3n<\/span><\/li><\/ul><\/div>\n\t\t\t\t<\/div>\n\t\t\t\t\t\t\t\t<\/div>\n\t\t\t\t\t\t<\/div>\n\t\t\t\t<\/div>\n\t\t\t\t\t<\/div>\n\t\t<\/div>\n\t\t\t\t<div class=\"elementor-column elementor-col-50 elementor-inner-column elementor-element elementor-element-f720d3b\" data-id=\"f720d3b\" data-element_type=\"column\" data-e-type=\"column\">\n\t\t\t<div class=\"elementor-widget-wrap elementor-element-populated\">\n\t\t\t\t\t\t<div class=\"elementor-element elementor-element-f62ff52 elementor-widget elementor-widget-heading\" data-id=\"f62ff52\" data-element_type=\"widget\" data-e-type=\"widget\" data-widget_type=\"heading.default\">\n\t\t\t\t<div class=\"elementor-widget-container\">\n\t\t\t\t\t<h2 class=\"elementor-heading-title elementor-size-default\">SISTEMA INCLIN\u00d3METRO DIGITAL VERTICAL C17-PRO<\/h2>\t\t\t\t<\/div>\n\t\t\t\t<\/div>\n\t\t\t\t<div class=\"elementor-element elementor-element-c8b82d9 elementor-widget elementor-widget-text-editor\" data-id=\"c8b82d9\" data-element_type=\"widget\" data-e-type=\"widget\" data-widget_type=\"text-editor.default\">\n\t\t\t\t<div class=\"elementor-widget-container\">\n\t\t\t\t\t\t\t\t\t<p align=\"justify\"><span>El sistema PRO de inclin\u00f3metro digital vertical se utiliza para medir las deflexiones laterales dentro de un pozo.\u00a0El sistema consta de una sonda biaxial, un carrete de cable y una tableta de campo ultrarresistente que se suministra con el software de captura de datos &#8216;In-Port Pro&#8217;.<\/span><\/p><p align=\"justify\"><span>La sonda incorpora tecnolog\u00eda MEMS que permite lecturas altamente precisas y repetibles, transferidas a trav\u00e9s de una se\u00f1al digital.\u00a0La comunicaci\u00f3n Bluetooth permite un sistema de transmisi\u00f3n de datos sin cables y sin conectores que se corroan o rompan.<\/span><\/p><p align=\"justify\"><span>El robusto cable reforzado de Kevlar\u00ae consiste en un sistema de marcador de cable antideslizante que, cuando se usa junto con la compuerta de cable, proporciona un control de profundidad altamente preciso y repetible.<\/span><\/p><p align=\"justify\"><span>Con todas estas caracter\u00edsticas combinadas, el sistema PRO de inclin\u00f3metro digital vertical es un sistema robusto y de alta precisi\u00f3n que es liviano, compacto y f\u00e1cil de operar en cualquier entorno de sitio.<\/span><\/p>\t\t\t\t\t\t\t\t<\/div>\n\t\t\t\t<\/div>\n\t\t\t\t<div class=\"elementor-element elementor-element-fbb0e92 elementor-widget elementor-widget-video\" data-id=\"fbb0e92\" data-element_type=\"widget\" data-e-type=\"widget\" data-settings=\"{&quot;youtube_url&quot;:&quot;https:\\\/\\\/youtu.be\\\/KTKWmJ9rODw&quot;,&quot;video_type&quot;:&quot;youtube&quot;,&quot;controls&quot;:&quot;yes&quot;}\" data-widget_type=\"video.default\">\n\t\t\t\t<div class=\"elementor-widget-container\">\n\t\t\t\t\t\t\t<div class=\"elementor-wrapper elementor-open-inline\">\n\t\t\t<div class=\"elementor-video\"><\/div>\t\t<\/div>\n\t\t\t\t\t\t<\/div>\n\t\t\t\t<\/div>\n\t\t\t\t\t<\/div>\n\t\t<\/div>\n\t\t\t\t\t<\/div>\n\t\t<\/section>\n\t\t\t\t\t<\/div>\n\t\t<\/div>\n\t\t\t\t\t<\/div>\n\t\t<\/section>\n\t\t\t\t<\/div>\n\t\t","protected":false},"excerpt":{"rendered":"<p>CARACTER\u00cdSTICAS DEL PRODUCTO Sin conectores entre la sonda, el carrete de cable y la tableta de campo La sonda est\u00e1 fabricada en acero inoxidable 316 Conjuntos de ruedas con resortes de precisi\u00f3n Conexi\u00f3n Bluetooth entre el carrete de cable y la tableta de campo Mediciones precisas y precisas utilizando sensores MEMS Control de profundidad repetible [&hellip;]<\/p>\n","protected":false},"author":1,"featured_media":0,"parent":0,"menu_order":0,"comment_status":"closed","ping_status":"closed","template":"","meta":{"om_disable_all_campaigns":false,"ocean_post_layout":"","ocean_both_sidebars_style":"","ocean_both_sidebars_content_width":0,"ocean_both_sidebars_sidebars_width":0,"ocean_sidebar":"0","ocean_second_sidebar":"0","ocean_disable_margins":"enable","ocean_add_body_class":"","ocean_shortcode_before_top_bar":"","ocean_shortcode_after_top_bar":"","ocean_shortcode_before_header":"","ocean_shortcode_after_header":"","ocean_has_shortcode":"","ocean_shortcode_after_title":"","ocean_shortcode_before_footer_widgets":"","ocean_shortcode_after_footer_widgets":"","ocean_shortcode_before_footer_bottom":"","ocean_shortcode_after_footer_bottom":"","ocean_display_top_bar":"default","ocean_display_header":"default","ocean_header_style":"","ocean_center_header_left_menu":"0","ocean_custom_header_template":"0","ocean_custom_logo":0,"ocean_custom_retina_logo":0,"ocean_custom_logo_max_width":0,"ocean_custom_logo_tablet_max_width":0,"ocean_custom_logo_mobile_max_width":0,"ocean_custom_logo_max_height":0,"ocean_custom_logo_tablet_max_height":0,"ocean_custom_logo_mobile_max_height":0,"ocean_header_custom_menu":"0","ocean_menu_typo_font_family":"0","ocean_menu_typo_font_subset":"","ocean_menu_typo_font_size":0,"ocean_menu_typo_font_size_tablet":0,"ocean_menu_typo_font_size_mobile":0,"ocean_menu_typo_font_size_unit":"px","ocean_menu_typo_font_weight":"","ocean_menu_typo_font_weight_tablet":"","ocean_menu_typo_font_weight_mobile":"","ocean_menu_typo_transform":"","ocean_menu_typo_transform_tablet":"","ocean_menu_typo_transform_mobile":"","ocean_menu_typo_line_height":0,"ocean_menu_typo_line_height_tablet":0,"ocean_menu_typo_line_height_mobile":0,"ocean_menu_typo_line_height_unit":"","ocean_menu_typo_spacing":0,"ocean_menu_typo_spacing_tablet":0,"ocean_menu_typo_spacing_mobile":0,"ocean_menu_typo_spacing_unit":"","ocean_menu_link_color":"","ocean_menu_link_color_hover":"","ocean_menu_link_color_active":"","ocean_menu_link_background":"","ocean_menu_link_hover_background":"","ocean_menu_link_active_background":"","ocean_menu_social_links_bg":"","ocean_menu_social_hover_links_bg":"","ocean_menu_social_links_color":"","ocean_menu_social_hover_links_color":"","ocean_disable_title":"default","ocean_disable_heading":"default","ocean_post_title":"","ocean_post_subheading":"","ocean_post_title_style":"","ocean_post_title_background_color":"","ocean_post_title_background":0,"ocean_post_title_bg_image_position":"","ocean_post_title_bg_image_attachment":"","ocean_post_title_bg_image_repeat":"","ocean_post_title_bg_image_size":"","ocean_post_title_height":0,"ocean_post_title_bg_overlay":0.5,"ocean_post_title_bg_overlay_color":"","ocean_disable_breadcrumbs":"default","ocean_breadcrumbs_color":"","ocean_breadcrumbs_separator_color":"","ocean_breadcrumbs_links_color":"","ocean_breadcrumbs_links_hover_color":"","ocean_display_footer_widgets":"default","ocean_display_footer_bottom":"default","ocean_custom_footer_template":"0","_joinchat":[],"footnotes":""},"class_list":["post-954","page","type-page","status-publish","hentry","entry","owp-thumbs-layout-horizontal","owp-btn-normal","owp-tabs-layout-horizontal","has-no-thumbnails","has-product-nav"],"_links":{"self":[{"href":"https:\/\/telemetry.com.pe\/index.php\/wp-json\/wp\/v2\/pages\/954","targetHints":{"allow":["GET"]}}],"collection":[{"href":"https:\/\/telemetry.com.pe\/index.php\/wp-json\/wp\/v2\/pages"}],"about":[{"href":"https:\/\/telemetry.com.pe\/index.php\/wp-json\/wp\/v2\/types\/page"}],"author":[{"embeddable":true,"href":"https:\/\/telemetry.com.pe\/index.php\/wp-json\/wp\/v2\/users\/1"}],"replies":[{"embeddable":true,"href":"https:\/\/telemetry.com.pe\/index.php\/wp-json\/wp\/v2\/comments?post=954"}],"version-history":[{"count":0,"href":"https:\/\/telemetry.com.pe\/index.php\/wp-json\/wp\/v2\/pages\/954\/revisions"}],"wp:attachment":[{"href":"https:\/\/telemetry.com.pe\/index.php\/wp-json\/wp\/v2\/media?parent=954"}],"curies":[{"name":"wp","href":"https:\/\/api.w.org\/{rel}","templated":true}]}}