{"id":981,"date":"2021-08-02T21:45:23","date_gmt":"2021-08-02T21:45:23","guid":{"rendered":"http:\/\/telemetry.com.pe\/?page_id=981"},"modified":"2021-08-02T21:57:39","modified_gmt":"2021-08-02T21:57:39","slug":"sistema-de-inclinometro-digital-vertical","status":"publish","type":"page","link":"https:\/\/telemetry.com.pe\/index.php\/sistema-de-inclinometro-digital-vertical\/","title":{"rendered":"SISTEMA DE INCLIN\u00d3METRO DIGITAL VERTICAL"},"content":{"rendered":"\t\t<div data-elementor-type=\"wp-page\" data-elementor-id=\"981\" class=\"elementor elementor-981\">\n\t\t\t\t\t\t<section class=\"elementor-section elementor-top-section elementor-element elementor-element-faa239c elementor-section-boxed elementor-section-height-default elementor-section-height-default\" data-id=\"faa239c\" data-element_type=\"section\" data-e-type=\"section\">\n\t\t\t\t\t\t<div class=\"elementor-container elementor-column-gap-default\">\n\t\t\t\t\t<div class=\"elementor-column elementor-col-100 elementor-top-column elementor-element elementor-element-cbb0288\" data-id=\"cbb0288\" data-element_type=\"column\" data-e-type=\"column\">\n\t\t\t<div class=\"elementor-widget-wrap elementor-element-populated\">\n\t\t\t\t\t\t<section class=\"elementor-section elementor-inner-section elementor-element elementor-element-f9f2979 elementor-section-boxed elementor-section-height-default elementor-section-height-default\" data-id=\"f9f2979\" data-element_type=\"section\" data-e-type=\"section\">\n\t\t\t\t\t\t<div class=\"elementor-container elementor-column-gap-default\">\n\t\t\t\t\t<div class=\"elementor-column elementor-col-50 elementor-inner-column elementor-element elementor-element-f289af8\" data-id=\"f289af8\" data-element_type=\"column\" data-e-type=\"column\">\n\t\t\t<div class=\"elementor-widget-wrap elementor-element-populated\">\n\t\t\t\t\t\t<div class=\"elementor-element elementor-element-e101bbd elementor-widget elementor-widget-image\" data-id=\"e101bbd\" data-element_type=\"widget\" data-e-type=\"widget\" data-widget_type=\"image.default\">\n\t\t\t\t<div class=\"elementor-widget-container\">\n\t\t\t\t\t\t\t\t\t\t\t\t\t\t\t<img fetchpriority=\"high\" decoding=\"async\" width=\"748\" height=\"526\" src=\"https:\/\/telemetry.com.pe\/wp-content\/uploads\/2021\/08\/SISTEMA-DE-INCLINOMETRO-DIGITAL-HORIZONTAL.jpg\" class=\"attachment-large size-large wp-image-896\" alt=\"SISTEMA DE INCLIN\u00d3METRO DIGITAL HORIZONTAL\" srcset=\"https:\/\/telemetry.com.pe\/wp-content\/uploads\/2021\/08\/SISTEMA-DE-INCLINOMETRO-DIGITAL-HORIZONTAL.jpg 748w, https:\/\/telemetry.com.pe\/wp-content\/uploads\/2021\/08\/SISTEMA-DE-INCLINOMETRO-DIGITAL-HORIZONTAL-300x211.jpg 300w, https:\/\/telemetry.com.pe\/wp-content\/uploads\/2021\/08\/SISTEMA-DE-INCLINOMETRO-DIGITAL-HORIZONTAL-600x422.jpg 600w\" sizes=\"(max-width: 748px) 100vw, 748px\" \/>\t\t\t\t\t\t\t\t\t\t\t\t\t\t\t<\/div>\n\t\t\t\t<\/div>\n\t\t\t\t<div class=\"elementor-element elementor-element-bbf00f5 elementor-widget elementor-widget-accordion\" data-id=\"bbf00f5\" data-element_type=\"widget\" data-e-type=\"widget\" data-widget_type=\"accordion.default\">\n\t\t\t\t<div class=\"elementor-widget-container\">\n\t\t\t\t\t\t\t<div class=\"elementor-accordion\">\n\t\t\t\t\t\t\t<div class=\"elementor-accordion-item\">\n\t\t\t\t\t<div id=\"elementor-tab-title-1971\" class=\"elementor-tab-title\" data-tab=\"1\" role=\"button\" aria-controls=\"elementor-tab-content-1971\" aria-expanded=\"false\">\n\t\t\t\t\t\t\t\t\t\t\t\t\t<span class=\"elementor-accordion-icon elementor-accordion-icon-left\" aria-hidden=\"true\">\n\t\t\t\t\t\t\t\t\t\t\t\t\t\t\t<span class=\"elementor-accordion-icon-closed\"><svg class=\"e-font-icon-svg e-fas-plus\" viewBox=\"0 0 448 512\" xmlns=\"http:\/\/www.w3.org\/2000\/svg\"><path d=\"M416 208H272V64c0-17.67-14.33-32-32-32h-32c-17.67 0-32 14.33-32 32v144H32c-17.67 0-32 14.33-32 32v32c0 17.67 14.33 32 32 32h144v144c0 17.67 14.33 32 32 32h32c17.67 0 32-14.33 32-32V304h144c17.67 0 32-14.33 32-32v-32c0-17.67-14.33-32-32-32z\"><\/path><\/svg><\/span>\n\t\t\t\t\t\t\t\t<span class=\"elementor-accordion-icon-opened\"><svg class=\"e-font-icon-svg e-fas-minus\" viewBox=\"0 0 448 512\" xmlns=\"http:\/\/www.w3.org\/2000\/svg\"><path d=\"M416 208H32c-17.67 0-32 14.33-32 32v32c0 17.67 14.33 32 32 32h384c17.67 0 32-14.33 32-32v-32c0-17.67-14.33-32-32-32z\"><\/path><\/svg><\/span>\n\t\t\t\t\t\t\t\t\t\t\t\t\t\t<\/span>\n\t\t\t\t\t\t\t\t\t\t\t\t<a class=\"elementor-accordion-title\" tabindex=\"0\">CARACTER\u00cdSTICAS DEL PRODUCTO <\/a>\n\t\t\t\t\t<\/div>\n\t\t\t\t\t<div id=\"elementor-tab-content-1971\" class=\"elementor-tab-content elementor-clearfix\" data-tab=\"1\" role=\"region\" aria-labelledby=\"elementor-tab-title-1971\"><ul><li><span><span>Sin conectores entre sonda, carrete de cable y PC de campo<\/span><\/span><\/li><li><span><span>La sonda est\u00e1 fabricada en acero inoxidable 316<\/span><\/span><\/li><li><span><span>Conjuntos de ruedas con resortes de precisi\u00f3n<\/span><\/span><\/li><li><span><span>Conexi\u00f3n Bluetooth entre el carrete de cable y Field PC<\/span><\/span><\/li><li><span><span>Mediciones precisas y precisas utilizando sensores MEMS<\/span><\/span><\/li><li><span><span>Control de profundidad repetible mediante marcadores met\u00e1licos y sistema de puerta de cable<\/span><\/span><\/li><li><span><span>Field PC permite una interfaz sencilla con la mayor\u00eda de los sistemas y aplicaciones de oficina<\/span><\/span><\/li><li><span><span>Software &#8216;Inport&#8217; mejorado para usar con PC de campo para una f\u00e1cil captura de datos<\/span><\/span><\/li><\/ul><\/div>\n\t\t\t\t<\/div>\n\t\t\t\t\t\t\t<div class=\"elementor-accordion-item\">\n\t\t\t\t\t<div id=\"elementor-tab-title-1972\" class=\"elementor-tab-title\" data-tab=\"2\" role=\"button\" aria-controls=\"elementor-tab-content-1972\" aria-expanded=\"false\">\n\t\t\t\t\t\t\t\t\t\t\t\t\t<span class=\"elementor-accordion-icon elementor-accordion-icon-left\" aria-hidden=\"true\">\n\t\t\t\t\t\t\t\t\t\t\t\t\t\t\t<span class=\"elementor-accordion-icon-closed\"><svg class=\"e-font-icon-svg e-fas-plus\" viewBox=\"0 0 448 512\" xmlns=\"http:\/\/www.w3.org\/2000\/svg\"><path d=\"M416 208H272V64c0-17.67-14.33-32-32-32h-32c-17.67 0-32 14.33-32 32v144H32c-17.67 0-32 14.33-32 32v32c0 17.67 14.33 32 32 32h144v144c0 17.67 14.33 32 32 32h32c17.67 0 32-14.33 32-32V304h144c17.67 0 32-14.33 32-32v-32c0-17.67-14.33-32-32-32z\"><\/path><\/svg><\/span>\n\t\t\t\t\t\t\t\t<span class=\"elementor-accordion-icon-opened\"><svg class=\"e-font-icon-svg e-fas-minus\" viewBox=\"0 0 448 512\" xmlns=\"http:\/\/www.w3.org\/2000\/svg\"><path d=\"M416 208H32c-17.67 0-32 14.33-32 32v32c0 17.67 14.33 32 32 32h384c17.67 0 32-14.33 32-32v-32c0-17.67-14.33-32-32-32z\"><\/path><\/svg><\/span>\n\t\t\t\t\t\t\t\t\t\t\t\t\t\t<\/span>\n\t\t\t\t\t\t\t\t\t\t\t\t<a class=\"elementor-accordion-title\" tabindex=\"0\">BENEFICIOS DEL PRODUCTO<\/a>\n\t\t\t\t\t<\/div>\n\t\t\t\t\t<div id=\"elementor-tab-content-1972\" class=\"elementor-tab-content elementor-clearfix\" data-tab=\"2\" role=\"region\" aria-labelledby=\"elementor-tab-title-1972\"><ul><li><span><span>Elimina la entrada de agua y los problemas de conexi\u00f3n.<\/span><\/span><\/li><li><span><span>La se\u00f1al digital permite una transmisi\u00f3n de datos sin interferencias<\/span><\/span><\/li><li><span><span>La electr\u00f3nica avanzada garantiza un uso prolongado y sin problemas en un entorno de sitio<\/span><\/span><\/li><li><span><span>Puede tomar lecturas de un d\u00eda con una sola carga de bater\u00eda<\/span><\/span><\/li><li><span><span>Ligero y f\u00e1cilmente port\u00e1til<\/span><\/span><\/li><\/ul><\/div>\n\t\t\t\t<\/div>\n\t\t\t\t\t\t\t<div class=\"elementor-accordion-item\">\n\t\t\t\t\t<div id=\"elementor-tab-title-1973\" class=\"elementor-tab-title\" data-tab=\"3\" role=\"button\" aria-controls=\"elementor-tab-content-1973\" aria-expanded=\"false\">\n\t\t\t\t\t\t\t\t\t\t\t\t\t<span class=\"elementor-accordion-icon elementor-accordion-icon-left\" aria-hidden=\"true\">\n\t\t\t\t\t\t\t\t\t\t\t\t\t\t\t<span class=\"elementor-accordion-icon-closed\"><svg class=\"e-font-icon-svg e-fas-plus\" viewBox=\"0 0 448 512\" xmlns=\"http:\/\/www.w3.org\/2000\/svg\"><path d=\"M416 208H272V64c0-17.67-14.33-32-32-32h-32c-17.67 0-32 14.33-32 32v144H32c-17.67 0-32 14.33-32 32v32c0 17.67 14.33 32 32 32h144v144c0 17.67 14.33 32 32 32h32c17.67 0 32-14.33 32-32V304h144c17.67 0 32-14.33 32-32v-32c0-17.67-14.33-32-32-32z\"><\/path><\/svg><\/span>\n\t\t\t\t\t\t\t\t<span class=\"elementor-accordion-icon-opened\"><svg class=\"e-font-icon-svg e-fas-minus\" viewBox=\"0 0 448 512\" xmlns=\"http:\/\/www.w3.org\/2000\/svg\"><path d=\"M416 208H32c-17.67 0-32 14.33-32 32v32c0 17.67 14.33 32 32 32h384c17.67 0 32-14.33 32-32v-32c0-17.67-14.33-32-32-32z\"><\/path><\/svg><\/span>\n\t\t\t\t\t\t\t\t\t\t\t\t\t\t<\/span>\n\t\t\t\t\t\t\t\t\t\t\t\t<a class=\"elementor-accordion-title\" tabindex=\"0\">OPERACI\u00d3N<\/a>\n\t\t\t\t\t<\/div>\n\t\t\t\t\t<div id=\"elementor-tab-content-1973\" class=\"elementor-tab-content elementor-clearfix\" data-tab=\"3\" role=\"region\" aria-labelledby=\"elementor-tab-title-1973\"><p><span>La sonda del inclin\u00f3metro se inserta en la carcasa del inclin\u00f3metro y se baja a la profundidad, asegurando que las ruedas de la sonda est\u00e9n correctamente alineadas y ranuradas dentro de las ranuras de la carcasa.\u00a0La sonda est\u00e1 conectada mediante un cable graduado al carrete de cable.<\/span><\/p><p><span>Las lecturas de desplazamiento se toman a intervalos regulares de 0,5 m dentro de la carcasa (la longitud del calibre entre las ruedas de la sonda).\u00a0Esto se mide y controla mediante marcadores met\u00e1licos engarzados alrededor del cable que pasan a trav\u00e9s de una muesca en la compuerta del cable, lo que proporciona una posici\u00f3n exacta para cada lectura.<\/span><\/p><p><span>Un &#8216;llavero&#8217; activa el almacenamiento de lecturas de los sensores MEMS, que se transmiten a la PC de campo desde el carrete de cable a trav\u00e9s de la transmisi\u00f3n Bluetooth y se guardan.\u00a0Se obtiene un conjunto inicial o &#8220;base&#8221; de lecturas del inclin\u00f3metro en cada incremento dentro de la carcasa.<\/span><\/p><p><span>La suma de cada lectura incremental proporciona un perfil de desplazamiento horizontal de la carcasa en funci\u00f3n de la profundidad.<\/span><\/p><p><span>Cuando se toman todas las lecturas posteriores a profundidades id\u00e9nticas, la comparaci\u00f3n de los perfiles de revestimiento sucesivos indica la profundidad, la direcci\u00f3n, la magnitud y la tasa de cambio de movimiento.<\/span><\/p><p><span>Puede ver la indicaci\u00f3n m\u00e1s clara de movimiento al graficar el cambio en el desplazamiento de la carcasa contra la profundidad utilizando el paquete de gesti\u00f3n de datos del inclin\u00f3metro &#8216;In-Site&#8217;.<\/span><\/p><\/div>\n\t\t\t\t<\/div>\n\t\t\t\t\t\t\t<div class=\"elementor-accordion-item\">\n\t\t\t\t\t<div id=\"elementor-tab-title-1974\" class=\"elementor-tab-title\" data-tab=\"4\" role=\"button\" aria-controls=\"elementor-tab-content-1974\" aria-expanded=\"false\">\n\t\t\t\t\t\t\t\t\t\t\t\t\t<span class=\"elementor-accordion-icon elementor-accordion-icon-left\" aria-hidden=\"true\">\n\t\t\t\t\t\t\t\t\t\t\t\t\t\t\t<span class=\"elementor-accordion-icon-closed\"><svg class=\"e-font-icon-svg e-fas-plus\" viewBox=\"0 0 448 512\" xmlns=\"http:\/\/www.w3.org\/2000\/svg\"><path d=\"M416 208H272V64c0-17.67-14.33-32-32-32h-32c-17.67 0-32 14.33-32 32v144H32c-17.67 0-32 14.33-32 32v32c0 17.67 14.33 32 32 32h144v144c0 17.67 14.33 32 32 32h32c17.67 0 32-14.33 32-32V304h144c17.67 0 32-14.33 32-32v-32c0-17.67-14.33-32-32-32z\"><\/path><\/svg><\/span>\n\t\t\t\t\t\t\t\t<span class=\"elementor-accordion-icon-opened\"><svg class=\"e-font-icon-svg e-fas-minus\" viewBox=\"0 0 448 512\" xmlns=\"http:\/\/www.w3.org\/2000\/svg\"><path d=\"M416 208H32c-17.67 0-32 14.33-32 32v32c0 17.67 14.33 32 32 32h384c17.67 0 32-14.33 32-32v-32c0-17.67-14.33-32-32-32z\"><\/path><\/svg><\/span>\n\t\t\t\t\t\t\t\t\t\t\t\t\t\t<\/span>\n\t\t\t\t\t\t\t\t\t\t\t\t<a class=\"elementor-accordion-title\" tabindex=\"0\">APLICACIONES <\/a>\n\t\t\t\t\t<\/div>\n\t\t\t\t\t<div id=\"elementor-tab-content-1974\" class=\"elementor-tab-content elementor-clearfix\" data-tab=\"4\" role=\"region\" aria-labelledby=\"elementor-tab-title-1974\"><p><span>Los sistemas de inclin\u00f3metros miden el movimiento lateral en el suelo o en una estructura.\u00a0Son \u00fatiles para determinar la profundidad, la direcci\u00f3n, la magnitud y tambi\u00e9n la velocidad de movimiento.<\/span><\/p><p><span>Por ejemplo, se pueden utilizar para determinar la estabilidad de los muros de contenci\u00f3n midiendo la flexi\u00f3n y la rotaci\u00f3n en el muro de contenci\u00f3n.\u00a0Tambi\u00e9n pueden revelar movimientos de tierra que podr\u00edan afectar a otros edificios.\u00a0Los sistemas inclin\u00f3metros se pueden utilizar para detectar y monitorear la deformaci\u00f3n de losas aguas arriba de presas de relleno de roca con revestimiento de concreto, para monitorear los desplazamientos aguas arriba y aguas abajo de terraplenes y presas de concreto y para definir y monitorear zonas de cortante en los cimientos de todas las presas.<\/span><\/p><p><span>Las mediciones del movimiento registrado se pueden utilizar para verificar que las deflexiones est\u00e9n dentro de los supuestos de dise\u00f1o.\u00a0Contin\u00fae monitoreando para establecer cualquier efecto a largo plazo una vez finalizadas las obras.<\/span><\/p><p><span>Utilice revestimiento de inclin\u00f3metro en pozos, incrustado en material de relleno, moldeado en hormig\u00f3n o unido a estructuras para las siguientes aplicaciones t\u00edpicas:<\/span><\/p><ul><li class=\"bullet\"><span>Detecci\u00f3n de derrumbes de taludes y deslizamientos de tierra<\/span><\/li><li class=\"bullet\"><span>Determinaci\u00f3n de zonas de corte y deslizamiento<\/span><\/li><li class=\"bullet\"><span>Monitoreo de paredes de membrana o tablestacas<\/span><\/li><li class=\"bullet\"><span>Monitoreo de flexi\u00f3n en pilotes<\/span><\/li><li class=\"bullet\"><span>Verificaci\u00f3n de supuestos de dise\u00f1o y an\u00e1lisis de elementos finitos<\/span><\/li><li class=\"bullet\"><span>Fines de seguimiento a largo plazo<\/span><\/li><li class=\"bullet\"><span>Monitoreo de presas<\/span><\/li><li class=\"bullet\"><span>Detectar y registrar el movimiento del suelo debido a las operaciones de construcci\u00f3n de t\u00faneles.<\/span><\/li><li class=\"bullet\"><span>Monitoreo de muros de contenci\u00f3n<\/span><\/li><\/ul><\/div>\n\t\t\t\t<\/div>\n\t\t\t\t\t\t\t\t<\/div>\n\t\t\t\t\t\t<\/div>\n\t\t\t\t<\/div>\n\t\t\t\t\t<\/div>\n\t\t<\/div>\n\t\t\t\t<div class=\"elementor-column elementor-col-50 elementor-inner-column elementor-element elementor-element-5e7db80\" data-id=\"5e7db80\" data-element_type=\"column\" data-e-type=\"column\">\n\t\t\t<div class=\"elementor-widget-wrap elementor-element-populated\">\n\t\t\t\t\t\t<div class=\"elementor-element elementor-element-2297238 elementor-widget elementor-widget-heading\" data-id=\"2297238\" data-element_type=\"widget\" data-e-type=\"widget\" data-widget_type=\"heading.default\">\n\t\t\t\t<div class=\"elementor-widget-container\">\n\t\t\t\t\t<h2 class=\"elementor-heading-title elementor-size-default\">SISTEMA DE INCLIN\u00d3METRO DIGITAL VERTICAL<\/h2>\t\t\t\t<\/div>\n\t\t\t\t<\/div>\n\t\t\t\t<div class=\"elementor-element elementor-element-0cf538e elementor-widget elementor-widget-text-editor\" data-id=\"0cf538e\" data-element_type=\"widget\" data-e-type=\"widget\" data-widget_type=\"text-editor.default\">\n\t\t\t\t<div class=\"elementor-widget-container\">\n\t\t\t\t\t\t\t\t\t<p align=\"justify\"><span>El sistema inclin\u00f3metro vertical biaxial digital Bluetooth de Soil Instruments ha sido especialmente desarrollado para monitorear los movimientos laterales y las deformaciones del suelo, rocas, incluidas las estructuras de retenci\u00f3n.<\/span><\/p><p align=\"justify\"><span>El sistema de inclin\u00f3metro digital vertical comprende una sonda biaxial, un carrete de cable y una PC de campo resistente que se suministra con el software de registro de datos &#8216;Inport&#8217;.\u00a0El sistema de inclin\u00f3metro digital toma lecturas muy precisas de las deflexiones laterales.<\/span><\/p><p align=\"justify\"><span>Una conexi\u00f3n Bluetooth entre el instrumento y la PC de campo hace que la toma de lecturas sea r\u00e1pida, simple y permite enrollar el carrete de cable mientras toma lecturas sin tener que desconectar el equipo de registro de datos.\u00a0El cable reforzado con Kevlar proporciona resistencia pero produce reducciones de peso significativas.<\/span><\/p>\t\t\t\t\t\t\t\t<\/div>\n\t\t\t\t<\/div>\n\t\t\t\t\t<\/div>\n\t\t<\/div>\n\t\t\t\t\t<\/div>\n\t\t<\/section>\n\t\t\t\t\t<\/div>\n\t\t<\/div>\n\t\t\t\t\t<\/div>\n\t\t<\/section>\n\t\t\t\t<\/div>\n\t\t","protected":false},"excerpt":{"rendered":"<p>CARACTER\u00cdSTICAS DEL PRODUCTO Sin conectores entre sonda, carrete de cable y PC de campo La sonda est\u00e1 fabricada en acero inoxidable 316 Conjuntos de ruedas con resortes de precisi\u00f3n Conexi\u00f3n Bluetooth entre el carrete de cable y Field PC Mediciones precisas y precisas utilizando sensores MEMS Control de profundidad repetible mediante marcadores met\u00e1licos y sistema [&hellip;]<\/p>\n","protected":false},"author":1,"featured_media":0,"parent":0,"menu_order":0,"comment_status":"closed","ping_status":"closed","template":"","meta":{"om_disable_all_campaigns":false,"ocean_post_layout":"","ocean_both_sidebars_style":"","ocean_both_sidebars_content_width":0,"ocean_both_sidebars_sidebars_width":0,"ocean_sidebar":"0","ocean_second_sidebar":"0","ocean_disable_margins":"enable","ocean_add_body_class":"","ocean_shortcode_before_top_bar":"","ocean_shortcode_after_top_bar":"","ocean_shortcode_before_header":"","ocean_shortcode_after_header":"","ocean_has_shortcode":"","ocean_shortcode_after_title":"","ocean_shortcode_before_footer_widgets":"","ocean_shortcode_after_footer_widgets":"","ocean_shortcode_before_footer_bottom":"","ocean_shortcode_after_footer_bottom":"","ocean_display_top_bar":"default","ocean_display_header":"default","ocean_header_style":"","ocean_center_header_left_menu":"0","ocean_custom_header_template":"0","ocean_custom_logo":0,"ocean_custom_retina_logo":0,"ocean_custom_logo_max_width":0,"ocean_custom_logo_tablet_max_width":0,"ocean_custom_logo_mobile_max_width":0,"ocean_custom_logo_max_height":0,"ocean_custom_logo_tablet_max_height":0,"ocean_custom_logo_mobile_max_height":0,"ocean_header_custom_menu":"0","ocean_menu_typo_font_family":"0","ocean_menu_typo_font_subset":"","ocean_menu_typo_font_size":0,"ocean_menu_typo_font_size_tablet":0,"ocean_menu_typo_font_size_mobile":0,"ocean_menu_typo_font_size_unit":"px","ocean_menu_typo_font_weight":"","ocean_menu_typo_font_weight_tablet":"","ocean_menu_typo_font_weight_mobile":"","ocean_menu_typo_transform":"","ocean_menu_typo_transform_tablet":"","ocean_menu_typo_transform_mobile":"","ocean_menu_typo_line_height":0,"ocean_menu_typo_line_height_tablet":0,"ocean_menu_typo_line_height_mobile":0,"ocean_menu_typo_line_height_unit":"","ocean_menu_typo_spacing":0,"ocean_menu_typo_spacing_tablet":0,"ocean_menu_typo_spacing_mobile":0,"ocean_menu_typo_spacing_unit":"","ocean_menu_link_color":"","ocean_menu_link_color_hover":"","ocean_menu_link_color_active":"","ocean_menu_link_background":"","ocean_menu_link_hover_background":"","ocean_menu_link_active_background":"","ocean_menu_social_links_bg":"","ocean_menu_social_hover_links_bg":"","ocean_menu_social_links_color":"","ocean_menu_social_hover_links_color":"","ocean_disable_title":"default","ocean_disable_heading":"default","ocean_post_title":"","ocean_post_subheading":"","ocean_post_title_style":"","ocean_post_title_background_color":"","ocean_post_title_background":0,"ocean_post_title_bg_image_position":"","ocean_post_title_bg_image_attachment":"","ocean_post_title_bg_image_repeat":"","ocean_post_title_bg_image_size":"","ocean_post_title_height":0,"ocean_post_title_bg_overlay":0.5,"ocean_post_title_bg_overlay_color":"","ocean_disable_breadcrumbs":"default","ocean_breadcrumbs_color":"","ocean_breadcrumbs_separator_color":"","ocean_breadcrumbs_links_color":"","ocean_breadcrumbs_links_hover_color":"","ocean_display_footer_widgets":"default","ocean_display_footer_bottom":"default","ocean_custom_footer_template":"0","_joinchat":[],"footnotes":""},"class_list":["post-981","page","type-page","status-publish","hentry","entry","owp-thumbs-layout-horizontal","owp-btn-normal","owp-tabs-layout-horizontal","has-no-thumbnails","has-product-nav"],"_links":{"self":[{"href":"https:\/\/telemetry.com.pe\/index.php\/wp-json\/wp\/v2\/pages\/981","targetHints":{"allow":["GET"]}}],"collection":[{"href":"https:\/\/telemetry.com.pe\/index.php\/wp-json\/wp\/v2\/pages"}],"about":[{"href":"https:\/\/telemetry.com.pe\/index.php\/wp-json\/wp\/v2\/types\/page"}],"author":[{"embeddable":true,"href":"https:\/\/telemetry.com.pe\/index.php\/wp-json\/wp\/v2\/users\/1"}],"replies":[{"embeddable":true,"href":"https:\/\/telemetry.com.pe\/index.php\/wp-json\/wp\/v2\/comments?post=981"}],"version-history":[{"count":0,"href":"https:\/\/telemetry.com.pe\/index.php\/wp-json\/wp\/v2\/pages\/981\/revisions"}],"wp:attachment":[{"href":"https:\/\/telemetry.com.pe\/index.php\/wp-json\/wp\/v2\/media?parent=981"}],"curies":[{"name":"wp","href":"https:\/\/api.w.org\/{rel}","templated":true}]}}