{"id":2464,"date":"2021-12-21T15:26:40","date_gmt":"2021-12-21T15:26:40","guid":{"rendered":"http:\/\/telemetry.com.pe\/?post_type=product&#038;p=2464"},"modified":"2023-09-18T15:27:57","modified_gmt":"2023-09-18T15:27:57","slug":"extensometro-de-sonda-magnetica-2","status":"publish","type":"product","link":"https:\/\/telemetry.com.pe\/index.php\/producto\/extensometro-de-sonda-magnetica-2\/","title":{"rendered":"EXTENS\u00d3METRO DE SONDA MAGN\u00c9TICA"},"content":{"rendered":"<p align=\"justify\">El extens\u00f3metro magn\u00e9tico de Soil Instruments se utiliza para monitorear el asentamiento y levantamiento de suelos o rocas en excavaciones, cimientos, presas y terraplenes, t\u00faneles, pozos y tablestacas.\u00a0Los datos del extens\u00f3metro indican las profundidades a las que se ha producido el asentamiento, as\u00ed como la cantidad total de asentamiento.<\/p>\n<p align=\"justify\">El sistema de extens\u00f3metro magn\u00e9tico comprende una sonda, una cinta graduada en un carrete y un tubo de acceso a lo largo del cual se colocan los objetivos magn\u00e9ticos.\u00a0Un im\u00e1n de referencia o de referencia est\u00e1 fijado al tubo inferior.\u00a0El dise\u00f1o de la sonda incorpora interruptores de leng\u00fceta triple.\u00a0A medida que la sonda se mueve a lo largo de la tuber\u00eda de acceso, detecta los imanes mediante el cierre del circuito de un interruptor de l\u00e1minas.\u00a0Esto hace que se muestre una luz y suene un timbre en el carrete.<\/p>\n<p align=\"justify\">La parte inferior de la tuber\u00eda de acceso est\u00e1 anclada en un suelo estable como un lecho de roca.\u00a0Cualquier asentamiento o levantamiento del suelo que se est\u00e9 midiendo har\u00e1 que los imanes se muevan a lo largo del eje de la tuber\u00eda.\u00a0Hay varios tipos de objetivos magn\u00e9ticos disponibles.\u00a0Hay imanes de ara\u00f1a de tres y seis patas, retenidos por ballestas, para su uso en perforaciones.\u00a0Los imanes de placa tambi\u00e9n est\u00e1n disponibles para colocar en el suelo o para rellenar cuando se agregan m\u00e1s secciones de tuber\u00eda durante la construcci\u00f3n.<\/p>\n","protected":false},"excerpt":{"rendered":"<p align=\"justify\">El extens\u00f3metro magn\u00e9tico de Soil Instruments se utiliza para monitorear el asentamiento y levantamiento de suelos o rocas en excavaciones, cimientos, presas y terraplenes, t\u00faneles, pozos y tablestacas.\u00a0Los datos del extens\u00f3metro indican las profundidades a las que se ha producido el asentamiento, as\u00ed como la cantidad total de asentamiento.<\/p>\n","protected":false},"featured_media":935,"comment_status":"open","ping_status":"closed","template":"","meta":{"om_disable_all_campaigns":false,"ocean_post_layout":"","ocean_both_sidebars_style":"","ocean_both_sidebars_content_width":0,"ocean_both_sidebars_sidebars_width":0,"ocean_sidebar":"0","ocean_second_sidebar":"0","ocean_disable_margins":"enable","ocean_add_body_class":"","ocean_shortcode_before_top_bar":"","ocean_shortcode_after_top_bar":"","ocean_shortcode_before_header":"","ocean_shortcode_after_header":"","ocean_has_shortcode":"","ocean_shortcode_after_title":"","ocean_shortcode_before_footer_widgets":"","ocean_shortcode_after_footer_widgets":"","ocean_shortcode_before_footer_bottom":"","ocean_shortcode_after_footer_bottom":"","ocean_display_top_bar":"default","ocean_display_header":"default","ocean_header_style":"","ocean_center_header_left_menu":"0","ocean_custom_header_template":"0","ocean_custom_logo":0,"ocean_custom_retina_logo":0,"ocean_custom_logo_max_width":0,"ocean_custom_logo_tablet_max_width":0,"ocean_custom_logo_mobile_max_width":0,"ocean_custom_logo_max_height":0,"ocean_custom_logo_tablet_max_height":0,"ocean_custom_logo_mobile_max_height":0,"ocean_header_custom_menu":"0","ocean_menu_typo_font_family":"0","ocean_menu_typo_font_subset":"","ocean_menu_typo_font_size":0,"ocean_menu_typo_font_size_tablet":0,"ocean_menu_typo_font_size_mobile":0,"ocean_menu_typo_font_size_unit":"px","ocean_menu_typo_font_weight":"","ocean_menu_typo_font_weight_tablet":"","ocean_menu_typo_font_weight_mobile":"","ocean_menu_typo_transform":"","ocean_menu_typo_transform_tablet":"","ocean_menu_typo_transform_mobile":"","ocean_menu_typo_line_height":0,"ocean_menu_typo_line_height_tablet":0,"ocean_menu_typo_line_height_mobile":0,"ocean_menu_typo_line_height_unit":"","ocean_menu_typo_spacing":0,"ocean_menu_typo_spacing_tablet":0,"ocean_menu_typo_spacing_mobile":0,"ocean_menu_typo_spacing_unit":"","ocean_menu_link_color":"","ocean_menu_link_color_hover":"","ocean_menu_link_color_active":"","ocean_menu_link_background":"","ocean_menu_link_hover_background":"","ocean_menu_link_active_background":"","ocean_menu_social_links_bg":"","ocean_menu_social_hover_links_bg":"","ocean_menu_social_links_color":"","ocean_menu_social_hover_links_color":"","ocean_disable_title":"default","ocean_disable_heading":"default","ocean_post_title":"","ocean_post_subheading":"","ocean_post_title_style":"","ocean_post_title_background_color":"","ocean_post_title_background":0,"ocean_post_title_bg_image_position":"","ocean_post_title_bg_image_attachment":"","ocean_post_title_bg_image_repeat":"","ocean_post_title_bg_image_size":"","ocean_post_title_height":0,"ocean_post_title_bg_overlay":0.5,"ocean_post_title_bg_overlay_color":"","ocean_disable_breadcrumbs":"default","ocean_breadcrumbs_color":"","ocean_breadcrumbs_separator_color":"","ocean_breadcrumbs_links_color":"","ocean_breadcrumbs_links_hover_color":"","ocean_display_footer_widgets":"default","ocean_display_footer_bottom":"default","ocean_custom_footer_template":"0","_joinchat":[]},"product_brand":[],"product_cat":[17],"product_tag":[],"class_list":{"0":"post-2464","1":"product","2":"type-product","3":"status-publish","4":"has-post-thumbnail","6":"product_cat-soil-instruments","8":"entry","9":"has-media","11":"first","12":"instock","13":"shipping-taxable","14":"purchasable","15":"product-type-simple","16":"has-product-nav","17":"col","18":"span_1_of_3","19":"owp-content-center","20":"owp-thumbs-layout-horizontal","21":"owp-btn-normal","22":"owp-tabs-layout-horizontal","23":"has-no-thumbnails"},"_links":{"self":[{"href":"https:\/\/telemetry.com.pe\/index.php\/wp-json\/wp\/v2\/product\/2464","targetHints":{"allow":["GET"]}}],"collection":[{"href":"https:\/\/telemetry.com.pe\/index.php\/wp-json\/wp\/v2\/product"}],"about":[{"href":"https:\/\/telemetry.com.pe\/index.php\/wp-json\/wp\/v2\/types\/product"}],"replies":[{"embeddable":true,"href":"https:\/\/telemetry.com.pe\/index.php\/wp-json\/wp\/v2\/comments?post=2464"}],"wp:featuredmedia":[{"embeddable":true,"href":"https:\/\/telemetry.com.pe\/index.php\/wp-json\/wp\/v2\/media\/935"}],"wp:attachment":[{"href":"https:\/\/telemetry.com.pe\/index.php\/wp-json\/wp\/v2\/media?parent=2464"}],"wp:term":[{"taxonomy":"product_brand","embeddable":true,"href":"https:\/\/telemetry.com.pe\/index.php\/wp-json\/wp\/v2\/product_brand?post=2464"},{"taxonomy":"product_cat","embeddable":true,"href":"https:\/\/telemetry.com.pe\/index.php\/wp-json\/wp\/v2\/product_cat?post=2464"},{"taxonomy":"product_tag","embeddable":true,"href":"https:\/\/telemetry.com.pe\/index.php\/wp-json\/wp\/v2\/product_tag?post=2464"}],"curies":[{"name":"wp","href":"https:\/\/api.w.org\/{rel}","templated":true}]}}