{"id":2483,"date":"2021-12-21T22:30:13","date_gmt":"2021-12-21T22:30:13","guid":{"rendered":"http:\/\/telemetry.com.pe\/?post_type=product&#038;p=2483"},"modified":"2023-09-18T15:27:57","modified_gmt":"2023-09-18T15:27:57","slug":"c2-inclinometro-en-sitio-geosmart","status":"publish","type":"product","link":"https:\/\/telemetry.com.pe\/index.php\/producto\/c2-inclinometro-en-sitio-geosmart\/","title":{"rendered":"C2- INCLIN\u00d3METRO EN SITIO GEOSMART"},"content":{"rendered":"<p align=\"justify\">Inclin\u00f3metro in situ con MEM muy espaciados que se utiliza para medir las deflexiones laterales dentro de la carcasa del inclin\u00f3metro de 70 mm o PVC C\u00e9dula 40 en un pozo.\u00a0El sistema consta de sensores microelectromec\u00e1nicos montados en un tubo de acero inoxidable con un solo cable que sobresale del pozo, una sonda biaxial, un carrete de cable y una tableta de campo ultrarresistente suministrada con el software de captura de datos \u2018In-Port Pro\u2019.<\/p>\n<p align=\"justify\">GEOSmart es un inclin\u00f3metro en el lugar que consta de MEMS (Sensores microelectromec\u00e1nicos) estrechamente espaciados aproximadamente a 0,6 m de distancia que se montan en tubos de acero inoxidable con un solo cable que recorre la longitud de la cuerda, lo que reduce la cantidad de cables que sobresalen de la parte superior del pozo.<\/p>\n<p align=\"justify\">GEOSmart se instala en una carcasa Schedule 40 o 70 mm y se utiliza para monitorear el desplazamiento en aplicaciones geot\u00e9cnicas que incluyen muros de diafragma, terraplenes, muros de contenci\u00f3n, deslizamientos de tierra y posibles fallas de taludes.\u00a0Debido a su construcci\u00f3n ligera y robusta con juntas capaces de doblarse hasta 90\u00ba, GEOSmart se transporta c\u00f3modamente al sitio y puede ser instalado por un t\u00e9cnico del sitio.<\/p>\n","protected":false},"excerpt":{"rendered":"<p>Inclin\u00f3metro in situ con MEM muy espaciados que se utiliza para medir las deflexiones laterales dentro de la carcasa del inclin\u00f3metro de 70 mm o PVC C\u00e9dula 40 en un pozo.\u00a0El sistema consta de sensores microelectromec\u00e1nicos montados en un tubo de acero inoxidable con un solo cable que sobresale del pozo, una sonda biaxial, un carrete de cable y una tableta de campo ultrarresistente suministrada con el software de captura de datos \u2018In-Port Pro\u2019.<\/p>\n","protected":false},"featured_media":1004,"comment_status":"open","ping_status":"closed","template":"","meta":{"om_disable_all_campaigns":false,"ocean_post_layout":"","ocean_both_sidebars_style":"","ocean_both_sidebars_content_width":0,"ocean_both_sidebars_sidebars_width":0,"ocean_sidebar":"","ocean_second_sidebar":"","ocean_disable_margins":"enable","ocean_add_body_class":"","ocean_shortcode_before_top_bar":"","ocean_shortcode_after_top_bar":"","ocean_shortcode_before_header":"","ocean_shortcode_after_header":"","ocean_has_shortcode":"","ocean_shortcode_after_title":"","ocean_shortcode_before_footer_widgets":"","ocean_shortcode_after_footer_widgets":"","ocean_shortcode_before_footer_bottom":"","ocean_shortcode_after_footer_bottom":"","ocean_display_top_bar":"default","ocean_display_header":"default","ocean_header_style":"","ocean_center_header_left_menu":"","ocean_custom_header_template":"","ocean_custom_logo":0,"ocean_custom_retina_logo":0,"ocean_custom_logo_max_width":0,"ocean_custom_logo_tablet_max_width":0,"ocean_custom_logo_mobile_max_width":0,"ocean_custom_logo_max_height":0,"ocean_custom_logo_tablet_max_height":0,"ocean_custom_logo_mobile_max_height":0,"ocean_header_custom_menu":"","ocean_menu_typo_font_family":"","ocean_menu_typo_font_subset":"","ocean_menu_typo_font_size":0,"ocean_menu_typo_font_size_tablet":0,"ocean_menu_typo_font_size_mobile":0,"ocean_menu_typo_font_size_unit":"px","ocean_menu_typo_font_weight":"","ocean_menu_typo_font_weight_tablet":"","ocean_menu_typo_font_weight_mobile":"","ocean_menu_typo_transform":"","ocean_menu_typo_transform_tablet":"","ocean_menu_typo_transform_mobile":"","ocean_menu_typo_line_height":0,"ocean_menu_typo_line_height_tablet":0,"ocean_menu_typo_line_height_mobile":0,"ocean_menu_typo_line_height_unit":"","ocean_menu_typo_spacing":0,"ocean_menu_typo_spacing_tablet":0,"ocean_menu_typo_spacing_mobile":0,"ocean_menu_typo_spacing_unit":"","ocean_menu_link_color":"","ocean_menu_link_color_hover":"","ocean_menu_link_color_active":"","ocean_menu_link_background":"","ocean_menu_link_hover_background":"","ocean_menu_link_active_background":"","ocean_menu_social_links_bg":"","ocean_menu_social_hover_links_bg":"","ocean_menu_social_links_color":"","ocean_menu_social_hover_links_color":"","ocean_disable_title":"default","ocean_disable_heading":"default","ocean_post_title":"","ocean_post_subheading":"","ocean_post_title_style":"","ocean_post_title_background_color":"","ocean_post_title_background":0,"ocean_post_title_bg_image_position":"","ocean_post_title_bg_image_attachment":"","ocean_post_title_bg_image_repeat":"","ocean_post_title_bg_image_size":"","ocean_post_title_height":0,"ocean_post_title_bg_overlay":0.5,"ocean_post_title_bg_overlay_color":"","ocean_disable_breadcrumbs":"default","ocean_breadcrumbs_color":"","ocean_breadcrumbs_separator_color":"","ocean_breadcrumbs_links_color":"","ocean_breadcrumbs_links_hover_color":"","ocean_display_footer_widgets":"default","ocean_display_footer_bottom":"default","ocean_custom_footer_template":"","_joinchat":[]},"product_brand":[],"product_cat":[16],"product_tag":[],"class_list":{"0":"post-2483","1":"product","2":"type-product","3":"status-publish","4":"has-post-thumbnail","6":"product_cat-sin-categorizar","8":"entry","9":"has-media","11":"first","12":"instock","13":"shipping-taxable","14":"purchasable","15":"product-type-simple","16":"has-product-nav","17":"col","18":"span_1_of_3","19":"owp-content-center","20":"owp-thumbs-layout-horizontal","21":"owp-btn-normal","22":"owp-tabs-layout-horizontal","23":"has-no-thumbnails"},"_links":{"self":[{"href":"https:\/\/telemetry.com.pe\/index.php\/wp-json\/wp\/v2\/product\/2483","targetHints":{"allow":["GET"]}}],"collection":[{"href":"https:\/\/telemetry.com.pe\/index.php\/wp-json\/wp\/v2\/product"}],"about":[{"href":"https:\/\/telemetry.com.pe\/index.php\/wp-json\/wp\/v2\/types\/product"}],"replies":[{"embeddable":true,"href":"https:\/\/telemetry.com.pe\/index.php\/wp-json\/wp\/v2\/comments?post=2483"}],"wp:featuredmedia":[{"embeddable":true,"href":"https:\/\/telemetry.com.pe\/index.php\/wp-json\/wp\/v2\/media\/1004"}],"wp:attachment":[{"href":"https:\/\/telemetry.com.pe\/index.php\/wp-json\/wp\/v2\/media?parent=2483"}],"wp:term":[{"taxonomy":"product_brand","embeddable":true,"href":"https:\/\/telemetry.com.pe\/index.php\/wp-json\/wp\/v2\/product_brand?post=2483"},{"taxonomy":"product_cat","embeddable":true,"href":"https:\/\/telemetry.com.pe\/index.php\/wp-json\/wp\/v2\/product_cat?post=2483"},{"taxonomy":"product_tag","embeddable":true,"href":"https:\/\/telemetry.com.pe\/index.php\/wp-json\/wp\/v2\/product_tag?post=2483"}],"curies":[{"name":"wp","href":"https:\/\/api.w.org\/{rel}","templated":true}]}}