{"id":2484,"date":"2021-12-21T22:31:41","date_gmt":"2021-12-21T22:31:41","guid":{"rendered":"http:\/\/telemetry.com.pe\/?post_type=product&#038;p=2484"},"modified":"2024-02-26T17:25:08","modified_gmt":"2024-02-26T17:25:08","slug":"carcasa-del-inclinometro-easy-connect-ec","status":"publish","type":"product","link":"https:\/\/telemetry.com.pe\/index.php\/producto\/carcasa-del-inclinometro-easy-connect-ec\/","title":{"rendered":"CARCASA DEL INCLIN\u00d3METRO EASY CONNECT (EC)"},"content":{"rendered":"<p align=\"justify\">La exclusiva carcasa de inclin\u00f3metro Easy Connect (EC) de Soil Instruments est\u00e1 especialmente dise\u00f1ada para sistemas de prueba de inclin\u00f3metros que normalmente se instalan en pozos.\u00a0Sin embargo, su versatilidad lo hace adecuado para su uso en rellenos sanitarios, colado sobre hormig\u00f3n o fijado a estructuras.<\/p>\n<p align=\"justify\">La carcasa EC (Easy Connect) es una carcasa de inclin\u00f3metro ABS fabricada en longitudes de 3 m utilizando t\u00e9cnicas de extrusi\u00f3n avanzadas, lo que da como resultado un perfil de ranura preciso con chaveteros precisos formados a 90 \u00b0 en la superficie interna.\u00a0Esto permite la orientaci\u00f3n precisa de las sondas del inclin\u00f3metro y los IPI.<\/p>\n<p align=\"justify\">Dise\u00f1ada para reemplazar la carcasa del inclin\u00f3metro tradicional, la carcasa EC es m\u00e1s r\u00e1pida y f\u00e1cil de instalar, sin necesidad de remaches, cinta o pegamento.\u00a0Simplemente empuje juntos y se hace la articulaci\u00f3n.<\/p>\n<p align=\"justify\">La carcasa EC se puede extender o unir en cualquier punto a lo largo de su longitud;\u00a0Los acoplamientos telesc\u00f3picos tambi\u00e9n est\u00e1n disponibles para hacer frente a un asentamiento o levantamiento significativo.<\/p>\n<p align=\"justify\">Cada pedido de EC Casing viene con una gu\u00eda de instalaci\u00f3n laminada.<\/p>\n","protected":false},"excerpt":{"rendered":"<p align=\"justify\">La exclusiva carcasa de inclin\u00f3metro Easy Connect (EC) de Soil Instruments est\u00e1 especialmente dise\u00f1ada para sistemas de prueba de inclin\u00f3metros que normalmente se instalan en pozos.\u00a0Sin embargo, su versatilidad lo hace adecuado para su uso en rellenos sanitarios, colado sobre hormig\u00f3n o fijado a estructuras.<\/p>\n","protected":false},"featured_media":1027,"comment_status":"open","ping_status":"closed","template":"","meta":{"om_disable_all_campaigns":false,"ocean_post_layout":"","ocean_both_sidebars_style":"","ocean_both_sidebars_content_width":0,"ocean_both_sidebars_sidebars_width":0,"ocean_sidebar":"0","ocean_second_sidebar":"0","ocean_disable_margins":"enable","ocean_add_body_class":"","ocean_shortcode_before_top_bar":"","ocean_shortcode_after_top_bar":"","ocean_shortcode_before_header":"","ocean_shortcode_after_header":"","ocean_has_shortcode":"","ocean_shortcode_after_title":"","ocean_shortcode_before_footer_widgets":"","ocean_shortcode_after_footer_widgets":"","ocean_shortcode_before_footer_bottom":"","ocean_shortcode_after_footer_bottom":"","ocean_display_top_bar":"default","ocean_display_header":"default","ocean_header_style":"","ocean_center_header_left_menu":"0","ocean_custom_header_template":"0","ocean_custom_logo":0,"ocean_custom_retina_logo":0,"ocean_custom_logo_max_width":0,"ocean_custom_logo_tablet_max_width":0,"ocean_custom_logo_mobile_max_width":0,"ocean_custom_logo_max_height":0,"ocean_custom_logo_tablet_max_height":0,"ocean_custom_logo_mobile_max_height":0,"ocean_header_custom_menu":"0","ocean_menu_typo_font_family":"0","ocean_menu_typo_font_subset":"","ocean_menu_typo_font_size":0,"ocean_menu_typo_font_size_tablet":0,"ocean_menu_typo_font_size_mobile":0,"ocean_menu_typo_font_size_unit":"px","ocean_menu_typo_font_weight":"","ocean_menu_typo_font_weight_tablet":"","ocean_menu_typo_font_weight_mobile":"","ocean_menu_typo_transform":"","ocean_menu_typo_transform_tablet":"","ocean_menu_typo_transform_mobile":"","ocean_menu_typo_line_height":0,"ocean_menu_typo_line_height_tablet":0,"ocean_menu_typo_line_height_mobile":0,"ocean_menu_typo_line_height_unit":"","ocean_menu_typo_spacing":0,"ocean_menu_typo_spacing_tablet":0,"ocean_menu_typo_spacing_mobile":0,"ocean_menu_typo_spacing_unit":"","ocean_menu_link_color":"","ocean_menu_link_color_hover":"","ocean_menu_link_color_active":"","ocean_menu_link_background":"","ocean_menu_link_hover_background":"","ocean_menu_link_active_background":"","ocean_menu_social_links_bg":"","ocean_menu_social_hover_links_bg":"","ocean_menu_social_links_color":"","ocean_menu_social_hover_links_color":"","ocean_disable_title":"default","ocean_disable_heading":"default","ocean_post_title":"","ocean_post_subheading":"","ocean_post_title_style":"","ocean_post_title_background_color":"","ocean_post_title_background":0,"ocean_post_title_bg_image_position":"","ocean_post_title_bg_image_attachment":"","ocean_post_title_bg_image_repeat":"","ocean_post_title_bg_image_size":"","ocean_post_title_height":0,"ocean_post_title_bg_overlay":0.5,"ocean_post_title_bg_overlay_color":"","ocean_disable_breadcrumbs":"default","ocean_breadcrumbs_color":"","ocean_breadcrumbs_separator_color":"","ocean_breadcrumbs_links_color":"","ocean_breadcrumbs_links_hover_color":"","ocean_display_footer_widgets":"default","ocean_display_footer_bottom":"default","ocean_custom_footer_template":"0","_joinchat":[]},"product_brand":[],"product_cat":[16],"product_tag":[],"class_list":{"0":"post-2484","1":"product","2":"type-product","3":"status-publish","4":"has-post-thumbnail","6":"product_cat-sin-categorizar","8":"entry","9":"has-media","11":"first","12":"instock","13":"shipping-taxable","14":"purchasable","15":"product-type-simple","16":"has-product-nav","17":"col","18":"span_1_of_3","19":"owp-content-center","20":"owp-thumbs-layout-horizontal","21":"owp-btn-normal","22":"owp-tabs-layout-horizontal"},"_links":{"self":[{"href":"https:\/\/telemetry.com.pe\/index.php\/wp-json\/wp\/v2\/product\/2484","targetHints":{"allow":["GET"]}}],"collection":[{"href":"https:\/\/telemetry.com.pe\/index.php\/wp-json\/wp\/v2\/product"}],"about":[{"href":"https:\/\/telemetry.com.pe\/index.php\/wp-json\/wp\/v2\/types\/product"}],"replies":[{"embeddable":true,"href":"https:\/\/telemetry.com.pe\/index.php\/wp-json\/wp\/v2\/comments?post=2484"}],"wp:featuredmedia":[{"embeddable":true,"href":"https:\/\/telemetry.com.pe\/index.php\/wp-json\/wp\/v2\/media\/1027"}],"wp:attachment":[{"href":"https:\/\/telemetry.com.pe\/index.php\/wp-json\/wp\/v2\/media?parent=2484"}],"wp:term":[{"taxonomy":"product_brand","embeddable":true,"href":"https:\/\/telemetry.com.pe\/index.php\/wp-json\/wp\/v2\/product_brand?post=2484"},{"taxonomy":"product_cat","embeddable":true,"href":"https:\/\/telemetry.com.pe\/index.php\/wp-json\/wp\/v2\/product_cat?post=2484"},{"taxonomy":"product_tag","embeddable":true,"href":"https:\/\/telemetry.com.pe\/index.php\/wp-json\/wp\/v2\/product_tag?post=2484"}],"curies":[{"name":"wp","href":"https:\/\/api.w.org\/{rel}","templated":true}]}}