{"id":2486,"date":"2021-12-21T22:32:46","date_gmt":"2021-12-21T22:32:46","guid":{"rendered":"http:\/\/telemetry.com.pe\/?post_type=product&#038;p=2486"},"modified":"2023-09-18T15:27:56","modified_gmt":"2023-09-18T15:27:56","slug":"sistema-de-monitoreo-inalambrico-gtec-link","status":"publish","type":"product","link":"https:\/\/telemetry.com.pe\/index.php\/producto\/sistema-de-monitoreo-inalambrico-gtec-link\/","title":{"rendered":"SISTEMA DE MONITOREO INAL\u00c1MBRICO GTEC LINK"},"content":{"rendered":"<p align=\"justify\">GTecLink es un sistema de monitoreo y adquisici\u00f3n de datos que combina monitoreo inal\u00e1mbrico de \u00faltima generaci\u00f3n y herramientas de software avanzadas.\u00a0Es ampliamente reconocido como la soluci\u00f3n l\u00edder para conectar y monitorear infraestructuras en ubicaciones remotas.<\/p>\n<p>GTec Link es un sistema de monitoreo y adquisici\u00f3n de datos que combina monitoreo inal\u00e1mbrico de \u00faltima generaci\u00f3n y herramientas de software avanzadas.\u00a0Es ampliamente reconocido como la soluci\u00f3n l\u00edder para conectar y monitorear infraestructuras en ubicaciones remotas.<\/p>\n<p>Los dispositivos GTec Link funcionan con bater\u00edas y est\u00e1n equipados con comunicaciones de radio de red de \u00e1rea amplia (LPWA) de largo alcance y baja potencia y son compatibles con una amplia gama de sensores geot\u00e9cnicos.\u00a0El paquete de software est\u00e1 basado en la web y facilita la captura y an\u00e1lisis de datos en tiempo real.\u00a0Tambi\u00e9n es posible configurar alarmas autom\u00e1ticas para hacer las operaciones m\u00e1s seguras.<\/p>\n<p>Las empresas mineras y de construcci\u00f3n y los operadores de puentes, t\u00faneles, presas, ferrocarriles y muchos otros activos inaccesibles ahora pueden trabajar con datos fiables.\u00a0Tener acceso a esta informaci\u00f3n y conocimientos en tiempo real permite a los operadores anticipar las necesidades, administrar su fuerza laboral, disminuir los riesgos e incluso prevenir desastres.<\/p>\n","protected":false},"excerpt":{"rendered":"<p>GTecLink es un sistema de monitoreo y adquisici\u00f3n de datos que combina monitoreo inal\u00e1mbrico de \u00faltima generaci\u00f3n y herramientas de software avanzadas.\u00a0Es ampliamente reconocido como la soluci\u00f3n l\u00edder para conectar y monitorear infraestructuras en ubicaciones remotas.<\/p>\n","protected":false},"featured_media":965,"comment_status":"open","ping_status":"closed","template":"","meta":{"om_disable_all_campaigns":false,"ocean_post_layout":"","ocean_both_sidebars_style":"","ocean_both_sidebars_content_width":0,"ocean_both_sidebars_sidebars_width":0,"ocean_sidebar":"0","ocean_second_sidebar":"0","ocean_disable_margins":"enable","ocean_add_body_class":"","ocean_shortcode_before_top_bar":"","ocean_shortcode_after_top_bar":"","ocean_shortcode_before_header":"","ocean_shortcode_after_header":"","ocean_has_shortcode":"","ocean_shortcode_after_title":"","ocean_shortcode_before_footer_widgets":"","ocean_shortcode_after_footer_widgets":"","ocean_shortcode_before_footer_bottom":"","ocean_shortcode_after_footer_bottom":"","ocean_display_top_bar":"default","ocean_display_header":"default","ocean_header_style":"","ocean_center_header_left_menu":"0","ocean_custom_header_template":"0","ocean_custom_logo":0,"ocean_custom_retina_logo":0,"ocean_custom_logo_max_width":0,"ocean_custom_logo_tablet_max_width":0,"ocean_custom_logo_mobile_max_width":0,"ocean_custom_logo_max_height":0,"ocean_custom_logo_tablet_max_height":0,"ocean_custom_logo_mobile_max_height":0,"ocean_header_custom_menu":"0","ocean_menu_typo_font_family":"0","ocean_menu_typo_font_subset":"","ocean_menu_typo_font_size":0,"ocean_menu_typo_font_size_tablet":0,"ocean_menu_typo_font_size_mobile":0,"ocean_menu_typo_font_size_unit":"px","ocean_menu_typo_font_weight":"","ocean_menu_typo_font_weight_tablet":"","ocean_menu_typo_font_weight_mobile":"","ocean_menu_typo_transform":"","ocean_menu_typo_transform_tablet":"","ocean_menu_typo_transform_mobile":"","ocean_menu_typo_line_height":0,"ocean_menu_typo_line_height_tablet":0,"ocean_menu_typo_line_height_mobile":0,"ocean_menu_typo_line_height_unit":"","ocean_menu_typo_spacing":0,"ocean_menu_typo_spacing_tablet":0,"ocean_menu_typo_spacing_mobile":0,"ocean_menu_typo_spacing_unit":"","ocean_menu_link_color":"","ocean_menu_link_color_hover":"","ocean_menu_link_color_active":"","ocean_menu_link_background":"","ocean_menu_link_hover_background":"","ocean_menu_link_active_background":"","ocean_menu_social_links_bg":"","ocean_menu_social_hover_links_bg":"","ocean_menu_social_links_color":"","ocean_menu_social_hover_links_color":"","ocean_disable_title":"default","ocean_disable_heading":"default","ocean_post_title":"","ocean_post_subheading":"","ocean_post_title_style":"","ocean_post_title_background_color":"","ocean_post_title_background":0,"ocean_post_title_bg_image_position":"","ocean_post_title_bg_image_attachment":"","ocean_post_title_bg_image_repeat":"","ocean_post_title_bg_image_size":"","ocean_post_title_height":0,"ocean_post_title_bg_overlay":0.5,"ocean_post_title_bg_overlay_color":"","ocean_disable_breadcrumbs":"default","ocean_breadcrumbs_color":"","ocean_breadcrumbs_separator_color":"","ocean_breadcrumbs_links_color":"","ocean_breadcrumbs_links_hover_color":"","ocean_display_footer_widgets":"default","ocean_display_footer_bottom":"default","ocean_custom_footer_template":"0","_joinchat":[]},"product_brand":[],"product_cat":[16],"product_tag":[],"class_list":{"0":"post-2486","1":"product","2":"type-product","3":"status-publish","4":"has-post-thumbnail","6":"product_cat-sin-categorizar","8":"entry","9":"has-media","11":"first","12":"instock","13":"shipping-taxable","14":"purchasable","15":"product-type-simple","16":"has-product-nav","17":"col","18":"span_1_of_3","19":"owp-content-center","20":"owp-thumbs-layout-horizontal","21":"owp-btn-normal","22":"owp-tabs-layout-horizontal","23":"has-no-thumbnails"},"_links":{"self":[{"href":"https:\/\/telemetry.com.pe\/index.php\/wp-json\/wp\/v2\/product\/2486","targetHints":{"allow":["GET"]}}],"collection":[{"href":"https:\/\/telemetry.com.pe\/index.php\/wp-json\/wp\/v2\/product"}],"about":[{"href":"https:\/\/telemetry.com.pe\/index.php\/wp-json\/wp\/v2\/types\/product"}],"replies":[{"embeddable":true,"href":"https:\/\/telemetry.com.pe\/index.php\/wp-json\/wp\/v2\/comments?post=2486"}],"wp:featuredmedia":[{"embeddable":true,"href":"https:\/\/telemetry.com.pe\/index.php\/wp-json\/wp\/v2\/media\/965"}],"wp:attachment":[{"href":"https:\/\/telemetry.com.pe\/index.php\/wp-json\/wp\/v2\/media?parent=2486"}],"wp:term":[{"taxonomy":"product_brand","embeddable":true,"href":"https:\/\/telemetry.com.pe\/index.php\/wp-json\/wp\/v2\/product_brand?post=2486"},{"taxonomy":"product_cat","embeddable":true,"href":"https:\/\/telemetry.com.pe\/index.php\/wp-json\/wp\/v2\/product_cat?post=2486"},{"taxonomy":"product_tag","embeddable":true,"href":"https:\/\/telemetry.com.pe\/index.php\/wp-json\/wp\/v2\/product_tag?post=2486"}],"curies":[{"name":"wp","href":"https:\/\/api.w.org\/{rel}","templated":true}]}}