{"id":2498,"date":"2021-12-23T14:17:41","date_gmt":"2021-12-23T14:17:41","guid":{"rendered":"http:\/\/telemetry.com.pe\/?post_type=product&#038;p=2498"},"modified":"2023-09-18T15:23:25","modified_gmt":"2023-09-18T15:23:25","slug":"sistema-de-nivelacion-de-liquidos-is","status":"publish","type":"product","link":"https:\/\/telemetry.com.pe\/index.php\/producto\/sistema-de-nivelacion-de-liquidos-is\/","title":{"rendered":"SISTEMA DE NIVELACI\u00d3N DE L\u00cdQUIDOS IS"},"content":{"rendered":"<p align=\"justify\">El sistema digital de nivelaci\u00f3n de l\u00edquidos IS es una herramienta eficaz para el control de precisi\u00f3n de los asentamientos.<\/p>\n<p align=\"justify\">Para cada proyecto, los sensores deben seleccionarse con el rango de medici\u00f3n apropiado para garantizar mediciones de asentamiento precisas: las diferencias de elevaci\u00f3n deben estar dentro del rango, incluso despu\u00e9s de los asentamientos esperados.<\/p>\n<p align=\"justify\">Durante la instalaci\u00f3n, los sensores est\u00e1n interconectados por medio de una l\u00ednea de presi\u00f3n, una l\u00ednea de compensaci\u00f3n de aire y un cable de datos digitales.<\/p>\n<p align=\"justify\">Los cambios de elevaci\u00f3n de los sensores individuales en el sistema se derivan entonces de la presi\u00f3n del l\u00edquido.\u00a0Esto se hace comparando la presi\u00f3n del l\u00edquido en cada sensor con la presi\u00f3n en el sensor de referencia.<\/p>\n<p align=\"justify\">El sistema responde inmediatamente a los asentamientos, ya que no hay flujo de l\u00edquido entre los sensores.\u00a0El sensor tambi\u00e9n digitaliza directamente los datos de medici\u00f3n y realiza una compensaci\u00f3n autom\u00e1tica de temperatura.<\/p>\n<p align=\"justify\">Como el sistema totalmente digital est\u00e1 equipado con un enlace GSM, puede recuperar los datos de su PC de oficina en cualquier momento.\u00a0Puede procesar, exportar y mostrar gr\u00e1ficamente los resultados de la medici\u00f3n r\u00e1pidamente en una pantalla de Windows.<\/p>\n","protected":false},"excerpt":{"rendered":"<p>El sistema digital de nivelaci\u00f3n de l\u00edquidos IS es una herramienta eficaz para el control de precisi\u00f3n de los asentamientos.<\/p>\n","protected":false},"featured_media":1200,"comment_status":"open","ping_status":"closed","template":"","meta":{"om_disable_all_campaigns":false,"ocean_post_layout":"","ocean_both_sidebars_style":"","ocean_both_sidebars_content_width":0,"ocean_both_sidebars_sidebars_width":0,"ocean_sidebar":"0","ocean_second_sidebar":"0","ocean_disable_margins":"enable","ocean_add_body_class":"","ocean_shortcode_before_top_bar":"","ocean_shortcode_after_top_bar":"","ocean_shortcode_before_header":"","ocean_shortcode_after_header":"","ocean_has_shortcode":"","ocean_shortcode_after_title":"","ocean_shortcode_before_footer_widgets":"","ocean_shortcode_after_footer_widgets":"","ocean_shortcode_before_footer_bottom":"","ocean_shortcode_after_footer_bottom":"","ocean_display_top_bar":"default","ocean_display_header":"default","ocean_header_style":"","ocean_center_header_left_menu":"0","ocean_custom_header_template":"0","ocean_custom_logo":0,"ocean_custom_retina_logo":0,"ocean_custom_logo_max_width":0,"ocean_custom_logo_tablet_max_width":0,"ocean_custom_logo_mobile_max_width":0,"ocean_custom_logo_max_height":0,"ocean_custom_logo_tablet_max_height":0,"ocean_custom_logo_mobile_max_height":0,"ocean_header_custom_menu":"0","ocean_menu_typo_font_family":"0","ocean_menu_typo_font_subset":"","ocean_menu_typo_font_size":0,"ocean_menu_typo_font_size_tablet":0,"ocean_menu_typo_font_size_mobile":0,"ocean_menu_typo_font_size_unit":"px","ocean_menu_typo_font_weight":"","ocean_menu_typo_font_weight_tablet":"","ocean_menu_typo_font_weight_mobile":"","ocean_menu_typo_transform":"","ocean_menu_typo_transform_tablet":"","ocean_menu_typo_transform_mobile":"","ocean_menu_typo_line_height":0,"ocean_menu_typo_line_height_tablet":0,"ocean_menu_typo_line_height_mobile":0,"ocean_menu_typo_line_height_unit":"","ocean_menu_typo_spacing":0,"ocean_menu_typo_spacing_tablet":0,"ocean_menu_typo_spacing_mobile":0,"ocean_menu_typo_spacing_unit":"","ocean_menu_link_color":"","ocean_menu_link_color_hover":"","ocean_menu_link_color_active":"","ocean_menu_link_background":"","ocean_menu_link_hover_background":"","ocean_menu_link_active_background":"","ocean_menu_social_links_bg":"","ocean_menu_social_hover_links_bg":"","ocean_menu_social_links_color":"","ocean_menu_social_hover_links_color":"","ocean_disable_title":"default","ocean_disable_heading":"default","ocean_post_title":"","ocean_post_subheading":"","ocean_post_title_style":"","ocean_post_title_background_color":"","ocean_post_title_background":0,"ocean_post_title_bg_image_position":"","ocean_post_title_bg_image_attachment":"","ocean_post_title_bg_image_repeat":"","ocean_post_title_bg_image_size":"","ocean_post_title_height":0,"ocean_post_title_bg_overlay":0.5,"ocean_post_title_bg_overlay_color":"","ocean_disable_breadcrumbs":"default","ocean_breadcrumbs_color":"","ocean_breadcrumbs_separator_color":"","ocean_breadcrumbs_links_color":"","ocean_breadcrumbs_links_hover_color":"","ocean_display_footer_widgets":"default","ocean_display_footer_bottom":"default","ocean_custom_footer_template":"0","_joinchat":[]},"product_brand":[],"product_cat":[17],"product_tag":[],"class_list":{"0":"post-2498","1":"product","2":"type-product","3":"status-publish","4":"has-post-thumbnail","6":"product_cat-soil-instruments","8":"entry","9":"has-media","11":"first","12":"instock","13":"shipping-taxable","14":"purchasable","15":"product-type-simple","16":"has-product-nav","17":"col","18":"span_1_of_3","19":"owp-content-center","20":"owp-thumbs-layout-horizontal","21":"owp-btn-normal","22":"owp-tabs-layout-horizontal","23":"has-no-thumbnails"},"_links":{"self":[{"href":"https:\/\/telemetry.com.pe\/index.php\/wp-json\/wp\/v2\/product\/2498","targetHints":{"allow":["GET"]}}],"collection":[{"href":"https:\/\/telemetry.com.pe\/index.php\/wp-json\/wp\/v2\/product"}],"about":[{"href":"https:\/\/telemetry.com.pe\/index.php\/wp-json\/wp\/v2\/types\/product"}],"replies":[{"embeddable":true,"href":"https:\/\/telemetry.com.pe\/index.php\/wp-json\/wp\/v2\/comments?post=2498"}],"wp:featuredmedia":[{"embeddable":true,"href":"https:\/\/telemetry.com.pe\/index.php\/wp-json\/wp\/v2\/media\/1200"}],"wp:attachment":[{"href":"https:\/\/telemetry.com.pe\/index.php\/wp-json\/wp\/v2\/media?parent=2498"}],"wp:term":[{"taxonomy":"product_brand","embeddable":true,"href":"https:\/\/telemetry.com.pe\/index.php\/wp-json\/wp\/v2\/product_brand?post=2498"},{"taxonomy":"product_cat","embeddable":true,"href":"https:\/\/telemetry.com.pe\/index.php\/wp-json\/wp\/v2\/product_cat?post=2498"},{"taxonomy":"product_tag","embeddable":true,"href":"https:\/\/telemetry.com.pe\/index.php\/wp-json\/wp\/v2\/product_tag?post=2498"}],"curies":[{"name":"wp","href":"https:\/\/api.w.org\/{rel}","templated":true}]}}