{"id":2631,"date":"2022-01-07T19:29:26","date_gmt":"2022-01-07T19:29:26","guid":{"rendered":"http:\/\/telemetry.com.pe\/?post_type=product&#038;p=2631"},"modified":"2024-01-11T07:24:48","modified_gmt":"2024-01-11T07:24:48","slug":"datalogger-cr6","status":"publish","type":"product","link":"https:\/\/telemetry.com.pe\/index.php\/producto\/datalogger-cr6\/","title":{"rendered":"Datalogger CR6"},"content":{"rendered":"<h2>Descripci\u00f3n general<\/h2>\n<p>El registrador de datos de control y medici\u00f3n CR6 es un poderoso componente central para su sistema de adquisici\u00f3n de datos.\u00a0El registrador de datos CR6 proporciona una comunicaci\u00f3n r\u00e1pida, bajos requisitos de energ\u00eda, USB integrado, tama\u00f1o compacto y alta precisi\u00f3n y resoluci\u00f3n de entrada anal\u00f3gica.\u00a0Utiliza terminales universales (U) para permitir una conexi\u00f3n a pr\u00e1cticamente cualquier sensor: anal\u00f3gico, digital o inteligente.\u00a0Este registrador de datos multiprop\u00f3sito tambi\u00e9n es capaz <a style=\"text-decoration: none; color: #333;\" title=\"buy testosterone online\" href=\"https:\/\/hayahlaboratories.com\/blogs\/\">buy testosterone online<\/a> de realizar mediciones est\u00e1ticas de cuerda vibrante.<\/p>\n<p>El CR6 puede incluir opciones de radio integradas:<\/p>\n<ul>\n<li>CR6-RF407: 900 MHz (Estados Unidos y Canad\u00e1)<\/li>\n<li>CR6-RF412: 920 MHz (Australia y Nueva Zelanda)<\/li>\n<li>CR6-RF422: 868 MHz (Europa)<\/li>\n<li>CR6-RF427: 905\/920 MHz (Brasil)<\/li>\n<li>CR6-RF451: 900 MHz, 1 W (Estados Unidos, Canad\u00e1 y Australia)<\/li>\n<li>CR6-WIFI: 2,4 GHz<\/li>\n<\/ul>\n<p><strong>Aprender sobre nuestra patentada VSPECT\u00a0<sup>\u00ae<\/sup>\u00a0la tecnolog\u00eda de espectro-an\u00e1lisis en nuestra\u00a0<a href=\"https:\/\/www.campbellsci.com\/vspect\" target=\"_blank\" rel=\"noopener\">VSPECT\u00a0<sup>\u00ae<\/sup>\u00a0recurso web Esencial<\/a>\u00a0.<\/strong><\/p>\n<p><em>La t\u00e9cnica de medici\u00f3n-cuerda vibrante din\u00e1mica est\u00e1 protegido por la patente de EE.UU. No. 8.671.758, y la tecnolog\u00eda espectral-an\u00e1lisis-cuerda vibrante (VSPECT\u00a0<sup>\u00ae<\/sup>\u00a0) est\u00e1 protegido por la patente de EE.UU. No. 7.779.690.<\/em><\/p>\n<h2>Beneficios y caracteristicas<\/h2>\n<ul>\n<li>Operacional en ambientes extremos con un rango de operaci\u00f3n est\u00e1ndar de -40 \u00b0 a + 70 \u00b0 C y un rango de operaci\u00f3n extendido de -55 \u00b0 a + 85 \u00b0 C<\/li>\n<li>Se conecta directamente al puerto USB de una computadora<\/li>\n<li>Terminales en U configurables a lo que quieras que sean: anal\u00f3gicos o digitales, entrada o salida<\/li>\n<li>Soportes est\u00e1ticos mediciones de cuerda vibrante usando nuestro patentado VSPECT\u00a0<sup>\u00ae<\/sup>\u00a0espectral an\u00e1lisis de la tecnolog\u00eda<\/li>\n<li>Diferencia incluso cambios leves en los valores de los datos con mediciones de alta resoluci\u00f3n (hasta 0.05 \u00b5V, 24 bit Adc)<\/li>\n<li>Contiene un puerto CPI integrado para alojar sensores Campbell y m\u00f3dulos distribuidos (CDM)<\/li>\n<li>Se conecta directamente a Ethernet con 10\/100 Ethernet RJ-45 o Ethernet a trav\u00e9s de USB (Ethernet virtual)<\/li>\n<li>Incluye una unidad de tarjeta microSD para requisitos de memoria extendidos<\/li>\n<li>Proporciona una sencilla integraci\u00f3n y medici\u00f3n de sensores en serie con SDI-12, RS-232 y \/ o RS-485<\/li>\n<li>Soportes PakBus completa\u00a0<sup>\u00ae<\/sup>\u00a0redes<\/li>\n<li>Incluye una p\u00e1gina web incorporada para la conexi\u00f3n directa a trav\u00e9s del navegador web<\/li>\n<\/ul>\n","protected":false},"excerpt":{"rendered":"<h2>Descripci\u00f3n general<\/h2>\n<p>El registrador de datos de control y medici\u00f3n CR6 es un poderoso componente central para su sistema de adquisici\u00f3n de datos.\u00a0El registrador de datos CR6 proporciona una comunicaci\u00f3n r\u00e1pida, bajos requisitos de energ\u00eda, USB integrado, tama\u00f1o compacto y alta precisi\u00f3n y resoluci\u00f3n de entrada anal\u00f3gica.\u00a0Utiliza terminales universales (U) para permitir una conexi\u00f3n a pr\u00e1cticamente cualquier sensor: anal\u00f3gico, digital o inteligente.\u00a0Este registrador de datos multiprop\u00f3sito tambi\u00e9n es capaz de realizar mediciones est\u00e1ticas de cuerda vibrante.<\/p>\n","protected":false},"featured_media":2610,"comment_status":"open","ping_status":"closed","template":"","meta":{"om_disable_all_campaigns":false,"ocean_post_layout":"","ocean_both_sidebars_style":"","ocean_both_sidebars_content_width":0,"ocean_both_sidebars_sidebars_width":0,"ocean_sidebar":"0","ocean_second_sidebar":"0","ocean_disable_margins":"enable","ocean_add_body_class":"","ocean_shortcode_before_top_bar":"","ocean_shortcode_after_top_bar":"","ocean_shortcode_before_header":"","ocean_shortcode_after_header":"","ocean_has_shortcode":"","ocean_shortcode_after_title":"","ocean_shortcode_before_footer_widgets":"","ocean_shortcode_after_footer_widgets":"","ocean_shortcode_before_footer_bottom":"","ocean_shortcode_after_footer_bottom":"","ocean_display_top_bar":"default","ocean_display_header":"default","ocean_header_style":"","ocean_center_header_left_menu":"0","ocean_custom_header_template":"0","ocean_custom_logo":0,"ocean_custom_retina_logo":0,"ocean_custom_logo_max_width":0,"ocean_custom_logo_tablet_max_width":0,"ocean_custom_logo_mobile_max_width":0,"ocean_custom_logo_max_height":0,"ocean_custom_logo_tablet_max_height":0,"ocean_custom_logo_mobile_max_height":0,"ocean_header_custom_menu":"0","ocean_menu_typo_font_family":"0","ocean_menu_typo_font_subset":"","ocean_menu_typo_font_size":0,"ocean_menu_typo_font_size_tablet":0,"ocean_menu_typo_font_size_mobile":0,"ocean_menu_typo_font_size_unit":"px","ocean_menu_typo_font_weight":"","ocean_menu_typo_font_weight_tablet":"","ocean_menu_typo_font_weight_mobile":"","ocean_menu_typo_transform":"","ocean_menu_typo_transform_tablet":"","ocean_menu_typo_transform_mobile":"","ocean_menu_typo_line_height":0,"ocean_menu_typo_line_height_tablet":0,"ocean_menu_typo_line_height_mobile":0,"ocean_menu_typo_line_height_unit":"","ocean_menu_typo_spacing":0,"ocean_menu_typo_spacing_tablet":0,"ocean_menu_typo_spacing_mobile":0,"ocean_menu_typo_spacing_unit":"","ocean_menu_link_color":"","ocean_menu_link_color_hover":"","ocean_menu_link_color_active":"","ocean_menu_link_background":"","ocean_menu_link_hover_background":"","ocean_menu_link_active_background":"","ocean_menu_social_links_bg":"","ocean_menu_social_hover_links_bg":"","ocean_menu_social_links_color":"","ocean_menu_social_hover_links_color":"","ocean_disable_title":"default","ocean_disable_heading":"default","ocean_post_title":"","ocean_post_subheading":"","ocean_post_title_style":"","ocean_post_title_background_color":"","ocean_post_title_background":0,"ocean_post_title_bg_image_position":"","ocean_post_title_bg_image_attachment":"","ocean_post_title_bg_image_repeat":"","ocean_post_title_bg_image_size":"","ocean_post_title_height":0,"ocean_post_title_bg_overlay":0.5,"ocean_post_title_bg_overlay_color":"","ocean_disable_breadcrumbs":"default","ocean_breadcrumbs_color":"","ocean_breadcrumbs_separator_color":"","ocean_breadcrumbs_links_color":"","ocean_breadcrumbs_links_hover_color":"","ocean_display_footer_widgets":"default","ocean_display_footer_bottom":"default","ocean_custom_footer_template":"0","_joinchat":[]},"product_brand":[],"product_cat":[16],"product_tag":[],"class_list":{"0":"post-2631","1":"product","2":"type-product","3":"status-publish","4":"has-post-thumbnail","6":"product_cat-sin-categorizar","8":"entry","9":"has-media","11":"first","12":"instock","13":"shipping-taxable","14":"purchasable","15":"product-type-simple","16":"has-product-nav","17":"col","18":"span_1_of_3","19":"owp-content-center","20":"owp-thumbs-layout-horizontal","21":"owp-btn-normal","22":"owp-tabs-layout-horizontal","23":"has-no-thumbnails"},"_links":{"self":[{"href":"https:\/\/telemetry.com.pe\/index.php\/wp-json\/wp\/v2\/product\/2631","targetHints":{"allow":["GET"]}}],"collection":[{"href":"https:\/\/telemetry.com.pe\/index.php\/wp-json\/wp\/v2\/product"}],"about":[{"href":"https:\/\/telemetry.com.pe\/index.php\/wp-json\/wp\/v2\/types\/product"}],"replies":[{"embeddable":true,"href":"https:\/\/telemetry.com.pe\/index.php\/wp-json\/wp\/v2\/comments?post=2631"}],"wp:featuredmedia":[{"embeddable":true,"href":"https:\/\/telemetry.com.pe\/index.php\/wp-json\/wp\/v2\/media\/2610"}],"wp:attachment":[{"href":"https:\/\/telemetry.com.pe\/index.php\/wp-json\/wp\/v2\/media?parent=2631"}],"wp:term":[{"taxonomy":"product_brand","embeddable":true,"href":"https:\/\/telemetry.com.pe\/index.php\/wp-json\/wp\/v2\/product_brand?post=2631"},{"taxonomy":"product_cat","embeddable":true,"href":"https:\/\/telemetry.com.pe\/index.php\/wp-json\/wp\/v2\/product_cat?post=2631"},{"taxonomy":"product_tag","embeddable":true,"href":"https:\/\/telemetry.com.pe\/index.php\/wp-json\/wp\/v2\/product_tag?post=2631"}],"curies":[{"name":"wp","href":"https:\/\/api.w.org\/{rel}","templated":true}]}}