{"id":2634,"date":"2022-01-07T19:41:05","date_gmt":"2022-01-07T19:41:05","guid":{"rendered":"http:\/\/telemetry.com.pe\/?post_type=product&#038;p=2634"},"modified":"2023-09-18T15:23:25","modified_gmt":"2023-09-18T15:23:25","slug":"datalogger-cr850-campbellscientific","status":"publish","type":"product","link":"https:\/\/telemetry.com.pe\/index.php\/producto\/datalogger-cr850-campbellscientific\/","title":{"rendered":"DATALOGGER CR850 CAMPBELLSCIENTIFIC"},"content":{"rendered":"<h2><span>Descripci\u00f3n general<\/span><\/h2>\n<p><span>El CR850 es un registrador de datos de grado de investigaci\u00f3n m\u00e1s peque\u00f1o que incluye una pantalla de teclado integrada como parte de su paquete integrado.\u00a0Est\u00e1 dise\u00f1ado para configuraciones m\u00e1s peque\u00f1as en las que se medir\u00e1n menos sensores.\u00a0Cada CR850 lee la entrada de los sensores y luego transmite los datos a trav\u00e9s de un perif\u00e9rico de comunicaci\u00f3n;\u00a0la mayor\u00eda de los sensores y dispositivos de telecomunicaciones son compatibles.\u00a0Se pueden configurar varios CR850 como una red o las unidades se pueden implementar individualmente.\u00a0Este robusto registrador de datos puede proporcionar un funcionamiento aut\u00f3nomo en entornos hostiles y remotos.<\/span><\/p>\n<h2><span>Beneficios y caracteristicas<\/span><\/h2>\n<ul>\n<li><span>El teclado y la pantalla integrados le permiten programar, iniciar manualmente transferencias de datos y ver datos, todo en el sitio.<\/span><\/li>\n<li><span>Las aplicaciones ideales incluyen perfiles de viento, estaciones meteorol\u00f3gicas, ETo \/ agricultura, calidad del aire, humedad del suelo, nivel \/ etapa del agua, acuicultura, pruebas de veh\u00edculos, reflectometr\u00eda en el dominio del tiempo, SCADA y calidad del agua.<\/span><\/li>\n<li><span>De dise\u00f1o m\u00e1s simple, los modelos CR800 y CR850 son m\u00e1s f\u00e1ciles de programar y cablear.<\/span><\/li>\n<li><span>Comunicaciones en serie con sensores y dispositivos en serie compatibles a trav\u00e9s de pares de puertos de E \/ S<\/span><\/li>\n<li><span>Contiene un chip ASIC personalizado que ampl\u00eda el recuento de pulsos, el puerto de control y las capacidades de comunicaciones en serie<\/span><\/li>\n<li><span>Admite los protocolos PakBus, Modbus, SDI-12 y DNP3<\/span><\/li>\n<li><span>Compatible con perif\u00e9ricos de expansi\u00f3n de canales que le permiten expandir su sistema<\/span><\/li>\n<li><span>Incluye un puerto de E \/ S CS y un puerto RS-232 para conectar dispositivos de comunicaci\u00f3n<\/span><\/li>\n<li><span>Entradas protegidas del tubo de descarga de gas (GDT)<\/span><\/li>\n<li><span>Reloj con bater\u00eda que garantiza que se mantenga la hora exacta mientras el registrador de datos est\u00e1 desconectado de la energ\u00eda de la bater\u00eda<\/span><\/li>\n<li><span>Programe con LoggerNet, PC400 o Short Cut para adaptarse a su configuraci\u00f3n<\/span><\/li>\n<\/ul>\n","protected":false},"excerpt":{"rendered":"<h2><span>Descripci\u00f3n general<\/span><\/h2>\n<p><span>El CR850 es un registrador de datos de grado de investigaci\u00f3n m\u00e1s peque\u00f1o que incluye una pantalla de teclado integrada como parte de su paquete integrado.\u00a0Est\u00e1 dise\u00f1ado para configuraciones m\u00e1s peque\u00f1as en las que se medir\u00e1n menos sensores&#8230;<\/span><\/p>\n","protected":false},"featured_media":2627,"comment_status":"open","ping_status":"closed","template":"","meta":{"om_disable_all_campaigns":false,"ocean_post_layout":"","ocean_both_sidebars_style":"","ocean_both_sidebars_content_width":0,"ocean_both_sidebars_sidebars_width":0,"ocean_sidebar":"0","ocean_second_sidebar":"0","ocean_disable_margins":"enable","ocean_add_body_class":"","ocean_shortcode_before_top_bar":"","ocean_shortcode_after_top_bar":"","ocean_shortcode_before_header":"","ocean_shortcode_after_header":"","ocean_has_shortcode":"","ocean_shortcode_after_title":"","ocean_shortcode_before_footer_widgets":"","ocean_shortcode_after_footer_widgets":"","ocean_shortcode_before_footer_bottom":"","ocean_shortcode_after_footer_bottom":"","ocean_display_top_bar":"default","ocean_display_header":"default","ocean_header_style":"","ocean_center_header_left_menu":"0","ocean_custom_header_template":"0","ocean_custom_logo":0,"ocean_custom_retina_logo":0,"ocean_custom_logo_max_width":0,"ocean_custom_logo_tablet_max_width":0,"ocean_custom_logo_mobile_max_width":0,"ocean_custom_logo_max_height":0,"ocean_custom_logo_tablet_max_height":0,"ocean_custom_logo_mobile_max_height":0,"ocean_header_custom_menu":"0","ocean_menu_typo_font_family":"0","ocean_menu_typo_font_subset":"","ocean_menu_typo_font_size":0,"ocean_menu_typo_font_size_tablet":0,"ocean_menu_typo_font_size_mobile":0,"ocean_menu_typo_font_size_unit":"px","ocean_menu_typo_font_weight":"","ocean_menu_typo_font_weight_tablet":"","ocean_menu_typo_font_weight_mobile":"","ocean_menu_typo_transform":"","ocean_menu_typo_transform_tablet":"","ocean_menu_typo_transform_mobile":"","ocean_menu_typo_line_height":0,"ocean_menu_typo_line_height_tablet":0,"ocean_menu_typo_line_height_mobile":0,"ocean_menu_typo_line_height_unit":"","ocean_menu_typo_spacing":0,"ocean_menu_typo_spacing_tablet":0,"ocean_menu_typo_spacing_mobile":0,"ocean_menu_typo_spacing_unit":"","ocean_menu_link_color":"","ocean_menu_link_color_hover":"","ocean_menu_link_color_active":"","ocean_menu_link_background":"","ocean_menu_link_hover_background":"","ocean_menu_link_active_background":"","ocean_menu_social_links_bg":"","ocean_menu_social_hover_links_bg":"","ocean_menu_social_links_color":"","ocean_menu_social_hover_links_color":"","ocean_disable_title":"default","ocean_disable_heading":"default","ocean_post_title":"","ocean_post_subheading":"","ocean_post_title_style":"","ocean_post_title_background_color":"","ocean_post_title_background":0,"ocean_post_title_bg_image_position":"","ocean_post_title_bg_image_attachment":"","ocean_post_title_bg_image_repeat":"","ocean_post_title_bg_image_size":"","ocean_post_title_height":0,"ocean_post_title_bg_overlay":0.5,"ocean_post_title_bg_overlay_color":"","ocean_disable_breadcrumbs":"default","ocean_breadcrumbs_color":"","ocean_breadcrumbs_separator_color":"","ocean_breadcrumbs_links_color":"","ocean_breadcrumbs_links_hover_color":"","ocean_display_footer_widgets":"default","ocean_display_footer_bottom":"default","ocean_custom_footer_template":"0","_joinchat":[]},"product_brand":[],"product_cat":[16],"product_tag":[],"class_list":{"0":"post-2634","1":"product","2":"type-product","3":"status-publish","4":"has-post-thumbnail","6":"product_cat-sin-categorizar","8":"entry","9":"has-media","11":"first","12":"instock","13":"shipping-taxable","14":"purchasable","15":"product-type-simple","16":"has-product-nav","17":"col","18":"span_1_of_3","19":"owp-content-center","20":"owp-thumbs-layout-horizontal","21":"owp-btn-normal","22":"owp-tabs-layout-horizontal","23":"has-no-thumbnails"},"_links":{"self":[{"href":"https:\/\/telemetry.com.pe\/index.php\/wp-json\/wp\/v2\/product\/2634","targetHints":{"allow":["GET"]}}],"collection":[{"href":"https:\/\/telemetry.com.pe\/index.php\/wp-json\/wp\/v2\/product"}],"about":[{"href":"https:\/\/telemetry.com.pe\/index.php\/wp-json\/wp\/v2\/types\/product"}],"replies":[{"embeddable":true,"href":"https:\/\/telemetry.com.pe\/index.php\/wp-json\/wp\/v2\/comments?post=2634"}],"wp:featuredmedia":[{"embeddable":true,"href":"https:\/\/telemetry.com.pe\/index.php\/wp-json\/wp\/v2\/media\/2627"}],"wp:attachment":[{"href":"https:\/\/telemetry.com.pe\/index.php\/wp-json\/wp\/v2\/media?parent=2634"}],"wp:term":[{"taxonomy":"product_brand","embeddable":true,"href":"https:\/\/telemetry.com.pe\/index.php\/wp-json\/wp\/v2\/product_brand?post=2634"},{"taxonomy":"product_cat","embeddable":true,"href":"https:\/\/telemetry.com.pe\/index.php\/wp-json\/wp\/v2\/product_cat?post=2634"},{"taxonomy":"product_tag","embeddable":true,"href":"https:\/\/telemetry.com.pe\/index.php\/wp-json\/wp\/v2\/product_tag?post=2634"}],"curies":[{"name":"wp","href":"https:\/\/api.w.org\/{rel}","templated":true}]}}