{"id":2635,"date":"2022-01-07T19:43:35","date_gmt":"2022-01-07T19:43:35","guid":{"rendered":"http:\/\/telemetry.com.pe\/?post_type=product&#038;p=2635"},"modified":"2023-09-18T15:23:25","modified_gmt":"2023-09-18T15:23:25","slug":"datalogger-cr1000x","status":"publish","type":"product","link":"https:\/\/telemetry.com.pe\/index.php\/producto\/datalogger-cr1000x\/","title":{"rendered":"Datalogger CR1000X"},"content":{"rendered":"<h2><span>Descripci\u00f3n general<\/span><\/h2>\n<p><span>El CR1000X es nuestro registrador de datos insignia que proporciona medici\u00f3n y control para una amplia variedad de aplicaciones.\u00a0Su confiabilidad y robustez lo convierten en una excelente opci\u00f3n para aplicaciones ambientales remotas, incluidas estaciones meteorol\u00f3gicas, sistemas mesonet, perfiles de viento, monitoreo de la calidad del aire, sistemas hidrol\u00f3gicos, monitoreo de la calidad del agua y estaciones hidrometeorol\u00f3gicas.<\/span><\/p>\n<p><span>El CR1000X es un dispositivo de baja potencia que mide sensores, impulsa la comunicaci\u00f3n directa y las telecomunicaciones, analiza datos, controla dispositivos externos y almacena datos y programas en almacenamiento no vol\u00e1til integrado.\u00a0Los componentes electr\u00f3nicos est\u00e1n protegidos contra RF mediante un exclusivo recipiente de acero inoxidable sellado.\u00a0Un reloj con respaldo de bater\u00eda asegura un cronometraje preciso.\u00a0El lenguaje de programaci\u00f3n integrado, similar al BASIC, com\u00fan a todos los registradores de datos Campbell Scientific contempor\u00e1neos, admite el procesamiento de datos y las rutinas de an\u00e1lisis.<\/span><\/p>\n<h2><span>Beneficios y caracteristicas<\/span><\/h2>\n<ul>\n<li><span>Operacional en ambientes extremos con un rango de operaci\u00f3n est\u00e1ndar de -40 \u00b0 a + 70 \u00b0 C y un rango de operaci\u00f3n extendido de -55 \u00b0 a + 85 \u00b0 C<\/span><\/li>\n<li><span>Se conecta directamente al puerto USB de una computadora<\/span><\/li>\n<li><span>Captura valores de datos que cambian r\u00e1pidamente con capacidades de medici\u00f3n anal\u00f3gicas r\u00e1pidas (300+ Hz)<\/span><\/li>\n<li><span>Diferencia incluso cambios leves en los valores de los datos con medidas de mayor resoluci\u00f3n (24 bit Adc)<\/span><\/li>\n<li><span>Incluye dos canales de entrada de corriente no aislados para conectar directamente sensores con salidas de corriente de 0 a 20 mA o de 4 a 20 mA<\/span><\/li>\n<li><span>Contiene un puerto CPI integrado para alojar sensores de alta velocidad y m\u00f3dulos distribuidos (CDM) de Campbell<\/span><\/li>\n<li><span>Se conecta directamente a Ethernet<\/span><\/li>\n<li><span>Incluye unidad de tarjeta microSD para requisitos de memoria extendidos<\/span><\/li>\n<li><span>Proporciona una sencilla integraci\u00f3n y medici\u00f3n de sensores en serie con SDI-12, RS-232 y \/ o RS-485<\/span><\/li>\n<li><span>Admite redes PakBus completas<\/span><\/li>\n<li><span>Incluye una p\u00e1gina web incorporada para una conexi\u00f3n directa a trav\u00e9s del navegador web<\/span><\/li>\n<\/ul>\n","protected":false},"excerpt":{"rendered":"<h2>Descripci\u00f3n general<\/h2>\n<p>El CR1000X es nuestro registrador de datos insignia que proporciona medici\u00f3n y control para una amplia variedad de aplicaciones.\u00a0Su confiabilidad y robustez lo convierten en una excelente opci\u00f3n para aplicaciones ambientales remotas, incluidas estaciones meteorol\u00f3gicas, sistemas mesonet, perfiles de viento, monitoreo de la calidad del aire, sistemas hidrol\u00f3gicos, monitoreo de la calidad del agua y estaciones hidrometeorol\u00f3gicas.<\/p>\n","protected":false},"featured_media":2617,"comment_status":"open","ping_status":"closed","template":"","meta":{"om_disable_all_campaigns":false,"ocean_post_layout":"","ocean_both_sidebars_style":"","ocean_both_sidebars_content_width":0,"ocean_both_sidebars_sidebars_width":0,"ocean_sidebar":"0","ocean_second_sidebar":"0","ocean_disable_margins":"enable","ocean_add_body_class":"","ocean_shortcode_before_top_bar":"","ocean_shortcode_after_top_bar":"","ocean_shortcode_before_header":"","ocean_shortcode_after_header":"","ocean_has_shortcode":"","ocean_shortcode_after_title":"","ocean_shortcode_before_footer_widgets":"","ocean_shortcode_after_footer_widgets":"","ocean_shortcode_before_footer_bottom":"","ocean_shortcode_after_footer_bottom":"","ocean_display_top_bar":"default","ocean_display_header":"default","ocean_header_style":"","ocean_center_header_left_menu":"0","ocean_custom_header_template":"0","ocean_custom_logo":0,"ocean_custom_retina_logo":0,"ocean_custom_logo_max_width":0,"ocean_custom_logo_tablet_max_width":0,"ocean_custom_logo_mobile_max_width":0,"ocean_custom_logo_max_height":0,"ocean_custom_logo_tablet_max_height":0,"ocean_custom_logo_mobile_max_height":0,"ocean_header_custom_menu":"0","ocean_menu_typo_font_family":"0","ocean_menu_typo_font_subset":"","ocean_menu_typo_font_size":0,"ocean_menu_typo_font_size_tablet":0,"ocean_menu_typo_font_size_mobile":0,"ocean_menu_typo_font_size_unit":"px","ocean_menu_typo_font_weight":"","ocean_menu_typo_font_weight_tablet":"","ocean_menu_typo_font_weight_mobile":"","ocean_menu_typo_transform":"","ocean_menu_typo_transform_tablet":"","ocean_menu_typo_transform_mobile":"","ocean_menu_typo_line_height":0,"ocean_menu_typo_line_height_tablet":0,"ocean_menu_typo_line_height_mobile":0,"ocean_menu_typo_line_height_unit":"","ocean_menu_typo_spacing":0,"ocean_menu_typo_spacing_tablet":0,"ocean_menu_typo_spacing_mobile":0,"ocean_menu_typo_spacing_unit":"","ocean_menu_link_color":"","ocean_menu_link_color_hover":"","ocean_menu_link_color_active":"","ocean_menu_link_background":"","ocean_menu_link_hover_background":"","ocean_menu_link_active_background":"","ocean_menu_social_links_bg":"","ocean_menu_social_hover_links_bg":"","ocean_menu_social_links_color":"","ocean_menu_social_hover_links_color":"","ocean_disable_title":"default","ocean_disable_heading":"default","ocean_post_title":"","ocean_post_subheading":"","ocean_post_title_style":"","ocean_post_title_background_color":"","ocean_post_title_background":0,"ocean_post_title_bg_image_position":"","ocean_post_title_bg_image_attachment":"","ocean_post_title_bg_image_repeat":"","ocean_post_title_bg_image_size":"","ocean_post_title_height":0,"ocean_post_title_bg_overlay":0.5,"ocean_post_title_bg_overlay_color":"","ocean_disable_breadcrumbs":"default","ocean_breadcrumbs_color":"","ocean_breadcrumbs_separator_color":"","ocean_breadcrumbs_links_color":"","ocean_breadcrumbs_links_hover_color":"","ocean_display_footer_widgets":"default","ocean_display_footer_bottom":"default","ocean_custom_footer_template":"0","_joinchat":[]},"product_brand":[],"product_cat":[16],"product_tag":[],"class_list":{"0":"post-2635","1":"product","2":"type-product","3":"status-publish","4":"has-post-thumbnail","6":"product_cat-sin-categorizar","8":"entry","9":"has-media","11":"first","12":"instock","13":"shipping-taxable","14":"purchasable","15":"product-type-simple","16":"has-product-nav","17":"col","18":"span_1_of_3","19":"owp-content-center","20":"owp-thumbs-layout-horizontal","21":"owp-btn-normal","22":"owp-tabs-layout-horizontal","23":"has-no-thumbnails"},"_links":{"self":[{"href":"https:\/\/telemetry.com.pe\/index.php\/wp-json\/wp\/v2\/product\/2635","targetHints":{"allow":["GET"]}}],"collection":[{"href":"https:\/\/telemetry.com.pe\/index.php\/wp-json\/wp\/v2\/product"}],"about":[{"href":"https:\/\/telemetry.com.pe\/index.php\/wp-json\/wp\/v2\/types\/product"}],"replies":[{"embeddable":true,"href":"https:\/\/telemetry.com.pe\/index.php\/wp-json\/wp\/v2\/comments?post=2635"}],"wp:featuredmedia":[{"embeddable":true,"href":"https:\/\/telemetry.com.pe\/index.php\/wp-json\/wp\/v2\/media\/2617"}],"wp:attachment":[{"href":"https:\/\/telemetry.com.pe\/index.php\/wp-json\/wp\/v2\/media?parent=2635"}],"wp:term":[{"taxonomy":"product_brand","embeddable":true,"href":"https:\/\/telemetry.com.pe\/index.php\/wp-json\/wp\/v2\/product_brand?post=2635"},{"taxonomy":"product_cat","embeddable":true,"href":"https:\/\/telemetry.com.pe\/index.php\/wp-json\/wp\/v2\/product_cat?post=2635"},{"taxonomy":"product_tag","embeddable":true,"href":"https:\/\/telemetry.com.pe\/index.php\/wp-json\/wp\/v2\/product_tag?post=2635"}],"curies":[{"name":"wp","href":"https:\/\/api.w.org\/{rel}","templated":true}]}}