{"id":2644,"date":"2022-01-07T20:02:57","date_gmt":"2022-01-07T20:02:57","guid":{"rendered":"http:\/\/telemetry.com.pe\/?post_type=product&#038;p=2644"},"modified":"2023-09-18T15:23:24","modified_gmt":"2023-09-18T15:23:24","slug":"datalogger-meteopv","status":"publish","type":"product","link":"https:\/\/telemetry.com.pe\/index.php\/producto\/datalogger-meteopv\/","title":{"rendered":"Datalogger MeteoPV"},"content":{"rendered":"<h2>Descripci\u00f3n general<\/h2>\n<p>MeteoPV es una plataforma de datos de recursos fotovoltaicos (PV) especialmente dise\u00f1ada, ideal para el monitoreo fotovoltaico distribuido y funciona como un plano de matriz (POA), albedo y estaci\u00f3n meteorol\u00f3gica secundaria de suciedad.\u00a0Como soluci\u00f3n de estaci\u00f3n solar f\u00e1cil de usar, MeteoPV tiene la flexibilidad de comunicarse con piran\u00f3metros inteligentes, celdas de referencia, sensores de temperatura de la parte posterior del m\u00f3dulo y sensores meteorol\u00f3gicos compactos.<\/p>\n<p>Con su tama\u00f1o reducido y montaje en riel DIN, el MeteoPV se puede integrar f\u00e1cilmente con cajas de combinaci\u00f3n existentes u otros paneles de control.\u00a0El MeteoPV tambi\u00e9n obtiene compatibilidad con Power-over-Ethernet, un m\u00e9todo conveniente para suministrar energ\u00eda, eliminando la necesidad de fuentes de alimentaci\u00f3n adicionales.<\/p>\n<p>El MeteoPV tambi\u00e9n alberga una interfaz de usuario intuitiva a bordo a la que se accede mediante un navegador web.\u00a0Esta interfaz simplifica la configuraci\u00f3n de comunicaci\u00f3n inicial y la gesti\u00f3n de sensores a largo plazo.<\/p>\n<p>Con MeteoPV, puede esperar una configuraci\u00f3n simple y f\u00e1cil, informes de puesta en marcha de campo f\u00e1ciles de crear, metadatos y administraci\u00f3n de sensores y un solucionador de problemas de comunicaciones.\u00a0El MeteoPV est\u00e1 dise\u00f1ado por expertos y construido a prop\u00f3sito, lo que garantiza una experiencia de recopilaci\u00f3n de datos simplificada.<\/p>\n<h2>Beneficios y caracteristicas<\/h2>\n<ul>\n<li>Flexible para una f\u00e1cil integraci\u00f3n en un sistema de monitoreo fotovoltaico existente<\/li>\n<li>Curva de aprendizaje cercana a cero: no es necesaria la programaci\u00f3n del registrador de datos<\/li>\n<li>Interfaz de usuario web incorporada para una configuraci\u00f3n r\u00e1pida de mediciones con retroalimentaci\u00f3n visual instant\u00e1nea y transmisi\u00f3n de datos<\/li>\n<li>Montaje en carril DIN y de tama\u00f1o reducido para la integraci\u00f3n con cajas de combinaci\u00f3n u otros paneles de control<\/li>\n<li>Fiabilidad y calidad de Campbell Scientific<\/li>\n<li>Compatible con piran\u00f3metros est\u00e1ndar de la industria, celdas de referencia, sensores de temperatura en la parte posterior del m\u00f3dulo y sensores meteorol\u00f3gicos compactos<\/li>\n<li>Dise\u00f1ado para exceder la vida \u00fatil de una planta fotovoltaica con protecci\u00f3n integrada contra sobretensiones y ESD IEC Clase 4<\/li>\n<li>Preparado para SCADA con Modbus RTU y Modbus TCP \/ IP<\/li>\n<\/ul>\n","protected":false},"excerpt":{"rendered":"<h2>Descripci\u00f3n general<\/h2>\n<p>MeteoPV es una plataforma de datos de recursos fotovoltaicos (PV) especialmente dise\u00f1ada, ideal para el monitoreo fotovoltaico distribuido y funciona como un plano de matriz (POA), albedo y estaci\u00f3n meteorol\u00f3gica secundaria de suciedad.<\/p>\n","protected":false},"featured_media":2622,"comment_status":"open","ping_status":"closed","template":"","meta":{"om_disable_all_campaigns":false,"ocean_post_layout":"","ocean_both_sidebars_style":"","ocean_both_sidebars_content_width":0,"ocean_both_sidebars_sidebars_width":0,"ocean_sidebar":"0","ocean_second_sidebar":"0","ocean_disable_margins":"enable","ocean_add_body_class":"","ocean_shortcode_before_top_bar":"","ocean_shortcode_after_top_bar":"","ocean_shortcode_before_header":"","ocean_shortcode_after_header":"","ocean_has_shortcode":"","ocean_shortcode_after_title":"","ocean_shortcode_before_footer_widgets":"","ocean_shortcode_after_footer_widgets":"","ocean_shortcode_before_footer_bottom":"","ocean_shortcode_after_footer_bottom":"","ocean_display_top_bar":"default","ocean_display_header":"default","ocean_header_style":"","ocean_center_header_left_menu":"0","ocean_custom_header_template":"0","ocean_custom_logo":0,"ocean_custom_retina_logo":0,"ocean_custom_logo_max_width":0,"ocean_custom_logo_tablet_max_width":0,"ocean_custom_logo_mobile_max_width":0,"ocean_custom_logo_max_height":0,"ocean_custom_logo_tablet_max_height":0,"ocean_custom_logo_mobile_max_height":0,"ocean_header_custom_menu":"0","ocean_menu_typo_font_family":"0","ocean_menu_typo_font_subset":"","ocean_menu_typo_font_size":0,"ocean_menu_typo_font_size_tablet":0,"ocean_menu_typo_font_size_mobile":0,"ocean_menu_typo_font_size_unit":"px","ocean_menu_typo_font_weight":"","ocean_menu_typo_font_weight_tablet":"","ocean_menu_typo_font_weight_mobile":"","ocean_menu_typo_transform":"","ocean_menu_typo_transform_tablet":"","ocean_menu_typo_transform_mobile":"","ocean_menu_typo_line_height":0,"ocean_menu_typo_line_height_tablet":0,"ocean_menu_typo_line_height_mobile":0,"ocean_menu_typo_line_height_unit":"","ocean_menu_typo_spacing":0,"ocean_menu_typo_spacing_tablet":0,"ocean_menu_typo_spacing_mobile":0,"ocean_menu_typo_spacing_unit":"","ocean_menu_link_color":"","ocean_menu_link_color_hover":"","ocean_menu_link_color_active":"","ocean_menu_link_background":"","ocean_menu_link_hover_background":"","ocean_menu_link_active_background":"","ocean_menu_social_links_bg":"","ocean_menu_social_hover_links_bg":"","ocean_menu_social_links_color":"","ocean_menu_social_hover_links_color":"","ocean_disable_title":"default","ocean_disable_heading":"default","ocean_post_title":"","ocean_post_subheading":"","ocean_post_title_style":"","ocean_post_title_background_color":"","ocean_post_title_background":0,"ocean_post_title_bg_image_position":"","ocean_post_title_bg_image_attachment":"","ocean_post_title_bg_image_repeat":"","ocean_post_title_bg_image_size":"","ocean_post_title_height":0,"ocean_post_title_bg_overlay":0.5,"ocean_post_title_bg_overlay_color":"","ocean_disable_breadcrumbs":"default","ocean_breadcrumbs_color":"","ocean_breadcrumbs_separator_color":"","ocean_breadcrumbs_links_color":"","ocean_breadcrumbs_links_hover_color":"","ocean_display_footer_widgets":"default","ocean_display_footer_bottom":"default","ocean_custom_footer_template":"0","_joinchat":[]},"product_brand":[],"product_cat":[16],"product_tag":[],"class_list":{"0":"post-2644","1":"product","2":"type-product","3":"status-publish","4":"has-post-thumbnail","6":"product_cat-sin-categorizar","8":"entry","9":"has-media","11":"first","12":"instock","13":"shipping-taxable","14":"purchasable","15":"product-type-simple","16":"has-product-nav","17":"col","18":"span_1_of_3","19":"owp-content-center","20":"owp-thumbs-layout-horizontal","21":"owp-btn-normal","22":"owp-tabs-layout-horizontal","23":"has-no-thumbnails"},"_links":{"self":[{"href":"https:\/\/telemetry.com.pe\/index.php\/wp-json\/wp\/v2\/product\/2644","targetHints":{"allow":["GET"]}}],"collection":[{"href":"https:\/\/telemetry.com.pe\/index.php\/wp-json\/wp\/v2\/product"}],"about":[{"href":"https:\/\/telemetry.com.pe\/index.php\/wp-json\/wp\/v2\/types\/product"}],"replies":[{"embeddable":true,"href":"https:\/\/telemetry.com.pe\/index.php\/wp-json\/wp\/v2\/comments?post=2644"}],"wp:featuredmedia":[{"embeddable":true,"href":"https:\/\/telemetry.com.pe\/index.php\/wp-json\/wp\/v2\/media\/2622"}],"wp:attachment":[{"href":"https:\/\/telemetry.com.pe\/index.php\/wp-json\/wp\/v2\/media?parent=2644"}],"wp:term":[{"taxonomy":"product_brand","embeddable":true,"href":"https:\/\/telemetry.com.pe\/index.php\/wp-json\/wp\/v2\/product_brand?post=2644"},{"taxonomy":"product_cat","embeddable":true,"href":"https:\/\/telemetry.com.pe\/index.php\/wp-json\/wp\/v2\/product_cat?post=2644"},{"taxonomy":"product_tag","embeddable":true,"href":"https:\/\/telemetry.com.pe\/index.php\/wp-json\/wp\/v2\/product_tag?post=2644"}],"curies":[{"name":"wp","href":"https:\/\/api.w.org\/{rel}","templated":true}]}}