{"id":2654,"date":"2022-01-10T15:22:51","date_gmt":"2022-01-10T15:22:51","guid":{"rendered":"http:\/\/telemetry.com.pe\/?post_type=product&#038;p=2654"},"modified":"2023-09-18T15:23:24","modified_gmt":"2023-09-18T15:23:24","slug":"campo-electrico-atmosferico-cs110-el-mejor-sensor-para-aviso-de-rayos-2018","status":"publish","type":"product","link":"https:\/\/telemetry.com.pe\/index.php\/producto\/campo-electrico-atmosferico-cs110-el-mejor-sensor-para-aviso-de-rayos-2018\/","title":{"rendered":"Campo el\u00e9ctrico atmosf\u00e9rico CS110 &#8211; El mejor sensor para aviso de rayos 2018"},"content":{"rendered":"<p><strong>El mejor sensor \u00a0para aviso de rayos:<\/strong><\/p>\n<p>El CS110 se usa en aplicaciones para aviso de rayos, y en investigaci\u00f3n para la medida del campo el\u00e9ctrico local. Mide la componente vertical del campo el\u00e9ctrico atmosf\u00e9rico en la superficie de la tierra. El sensor CS110 normalmente forma parte de un sistema m\u00e1s grande de medida del campo el\u00e9ctrico. Incluye un datalogger CR1000, y por tanto, se pueden conectar otros sensores y perif\u00e9ricos.<\/p>\n<p>&nbsp;<\/p>\n<p><strong>TIPO DE PRODUCTO:\u00a0<\/strong>Monitoreo asistido, monitoreo automatizado\u00a0y en tiempo real<\/p>\n<p>&nbsp;<\/p>\n<p><strong>PARAMETROS MEDIDOS:\u00a0<\/strong>Campo el\u00e9ctrico<\/p>\n<p>&nbsp;<\/p>\n<p><strong>INTERFACES:<\/strong><\/p>\n<ul>\n<li>1 Puerto RS-232<\/li>\n<li>1 puerto de E \/ S de CS utilizado para la interfaz con perif\u00e9ricos de Campbell Scientific, como un m\u00f3dem de voz COM320<\/li>\n<li>Puertos de control digital 1, 2 y 3 para alarma, comunicaciones as\u00edncronas o comunicaciones SDI-12<\/li>\n<\/ul>\n<ul class=\"_1V4Ij\" data-hook=\"collapse-info-section\">\n<li class=\"_2knBS undefined\" data-hook=\"collapse-info-item\">\n<h2 class=\"Text1893342656__root Text1893342656---typography-11-runningText Text1893342656---priority-7-primary s8gg2 _2UIKs InfoSectionTitle3095652555__root\" aria-hidden=\"false\" data-hook=\"info-section-title\">Ventajas<\/h2>\n<div class=\"_2tV5m fggS- cell\"><\/div>\n<div class=\"rah-static rah-static--height-auto\" aria-hidden=\"false\">\n<div>\n<div class=\"_1yvxJ fggS- cell\">\n<div class=\"WncCi\" data-hook=\"info-section-description\">\n<p><strong>Beneficios clave<\/strong><\/p>\n<ul>\n<li>Bajo consumo<\/li>\n<li>Detecta potencialidad de tormentas el\u00e9ctricas, pudiendo avisar antes de que se produzcan rayos<\/li>\n<li>F\u00e1cil mantenimiento\u2014el estator se puede desmontar f\u00e1cilmente para su limpieza<\/li>\n<li>El auto-chequeo de diagn\u00f3sticos de cada medida reduce o elimina el mantenimiento programado<\/li>\n<li>Construcci\u00f3n robusta<\/li>\n<li>El equipo SG000 Strike Guard puede usarse conjuntamente con nuestro CS110 para crear un completo sistema de medida de impactos de rayos y an\u00e1lisis<br \/>\n<h2 class=\"Text1893342656__root Text1893342656---typography-11-runningText Text1893342656---priority-7-primary s8gg2 _2UIKs InfoSectionTitle3095652555__root\" aria-hidden=\"false\" data-hook=\"info-section-title\">Aplicaciones<\/h2>\n<div class=\"_2tV5m fggS- cell\"><\/div>\n<div class=\"rah-static rah-static--height-auto\" aria-hidden=\"false\">\n<div>\n<div class=\"_1yvxJ fggS- cell\">\n<div class=\"WncCi\" data-hook=\"info-section-description\">\n<ul>\n<li>Aviso de rayos.<\/li>\n<li>Medida del campo el\u00e9ctrico local.<\/li>\n<\/ul>\n<h2 class=\"Text1893342656__root Text1893342656---typography-11-runningText Text1893342656---priority-7-primary s8gg2 _2UIKs InfoSectionTitle3095652555__root\" aria-hidden=\"false\" data-hook=\"info-section-title\">Principales Caracter\u00edsticas<\/h2>\n<div class=\"_2tV5m fggS- cell\"><\/div>\n<div class=\"rah-static rah-static--height-auto\" aria-hidden=\"false\">\n<div>\n<div class=\"_1yvxJ fggS- cell\">\n<div class=\"WncCi\" data-hook=\"info-section-description\">\n<ul>\n<li>Dimensiones:\u00a015.2 x 15.2 x 43.2 cm (6 x 6 x 17 in)<\/li>\n<li>Peso:\u00a04 kg (9 lb)<\/li>\n<li>Protecci\u00f3n contra rayos:\u00a0Protecci\u00f3n transitoria de m\u00faltiples etapas en todas las interfaces externas.<\/li>\n<li>Requerimientos de energ\u00eda:11 a 16 Vcc.<\/li>\n<li>Baudios:\u00a0Seleccionable de 300 a 115.2k bps.<\/li>\n<li>Protocolo ASCII:\u00a0Un bit de inicio, un bit de parada, ocho bits de datos, sin paridad<\/li>\n<\/ul>\n<\/div>\n<\/div>\n<\/div>\n<\/div>\n<\/div>\n<\/div>\n<\/div>\n<\/div>\n<\/li>\n<\/ul>\n<\/div>\n<\/div>\n<\/div>\n<\/div>\n<\/li>\n<\/ul>\n","protected":false},"excerpt":{"rendered":"<p>El mejor sensor \u00a0para aviso de rayos: El CS110 se usa en aplicaciones para aviso de rayos, y en investigaci\u00f3n para la medida del campo el\u00e9ctrico local. Mide la componente vertical del campo el\u00e9ctrico atmosf\u00e9rico en la superficie de la tierra. El sensor CS110 normalmente forma parte de un sistema m\u00e1s grande de medida del [&hellip;]<\/p>\n","protected":false},"featured_media":2656,"comment_status":"open","ping_status":"closed","template":"","meta":{"om_disable_all_campaigns":false,"ocean_post_layout":"","ocean_both_sidebars_style":"","ocean_both_sidebars_content_width":0,"ocean_both_sidebars_sidebars_width":0,"ocean_sidebar":"0","ocean_second_sidebar":"0","ocean_disable_margins":"enable","ocean_add_body_class":"","ocean_shortcode_before_top_bar":"","ocean_shortcode_after_top_bar":"","ocean_shortcode_before_header":"","ocean_shortcode_after_header":"","ocean_has_shortcode":"","ocean_shortcode_after_title":"","ocean_shortcode_before_footer_widgets":"","ocean_shortcode_after_footer_widgets":"","ocean_shortcode_before_footer_bottom":"","ocean_shortcode_after_footer_bottom":"","ocean_display_top_bar":"default","ocean_display_header":"default","ocean_header_style":"","ocean_center_header_left_menu":"0","ocean_custom_header_template":"0","ocean_custom_logo":0,"ocean_custom_retina_logo":0,"ocean_custom_logo_max_width":0,"ocean_custom_logo_tablet_max_width":0,"ocean_custom_logo_mobile_max_width":0,"ocean_custom_logo_max_height":0,"ocean_custom_logo_tablet_max_height":0,"ocean_custom_logo_mobile_max_height":0,"ocean_header_custom_menu":"0","ocean_menu_typo_font_family":"0","ocean_menu_typo_font_subset":"","ocean_menu_typo_font_size":0,"ocean_menu_typo_font_size_tablet":0,"ocean_menu_typo_font_size_mobile":0,"ocean_menu_typo_font_size_unit":"px","ocean_menu_typo_font_weight":"","ocean_menu_typo_font_weight_tablet":"","ocean_menu_typo_font_weight_mobile":"","ocean_menu_typo_transform":"","ocean_menu_typo_transform_tablet":"","ocean_menu_typo_transform_mobile":"","ocean_menu_typo_line_height":0,"ocean_menu_typo_line_height_tablet":0,"ocean_menu_typo_line_height_mobile":0,"ocean_menu_typo_line_height_unit":"","ocean_menu_typo_spacing":0,"ocean_menu_typo_spacing_tablet":0,"ocean_menu_typo_spacing_mobile":0,"ocean_menu_typo_spacing_unit":"","ocean_menu_link_color":"","ocean_menu_link_color_hover":"","ocean_menu_link_color_active":"","ocean_menu_link_background":"","ocean_menu_link_hover_background":"","ocean_menu_link_active_background":"","ocean_menu_social_links_bg":"","ocean_menu_social_hover_links_bg":"","ocean_menu_social_links_color":"","ocean_menu_social_hover_links_color":"","ocean_disable_title":"default","ocean_disable_heading":"default","ocean_post_title":"","ocean_post_subheading":"","ocean_post_title_style":"","ocean_post_title_background_color":"","ocean_post_title_background":0,"ocean_post_title_bg_image_position":"","ocean_post_title_bg_image_attachment":"","ocean_post_title_bg_image_repeat":"","ocean_post_title_bg_image_size":"","ocean_post_title_height":0,"ocean_post_title_bg_overlay":0.5,"ocean_post_title_bg_overlay_color":"","ocean_disable_breadcrumbs":"default","ocean_breadcrumbs_color":"","ocean_breadcrumbs_separator_color":"","ocean_breadcrumbs_links_color":"","ocean_breadcrumbs_links_hover_color":"","ocean_display_footer_widgets":"default","ocean_display_footer_bottom":"default","ocean_custom_footer_template":"0","_joinchat":[]},"product_brand":[],"product_cat":[16],"product_tag":[],"class_list":{"0":"post-2654","1":"product","2":"type-product","3":"status-publish","4":"has-post-thumbnail","6":"product_cat-sin-categorizar","8":"entry","9":"has-media","11":"first","12":"instock","13":"shipping-taxable","14":"purchasable","15":"product-type-simple","16":"has-product-nav","17":"col","18":"span_1_of_3","19":"owp-content-center","20":"owp-thumbs-layout-horizontal","21":"owp-btn-normal","22":"owp-tabs-layout-horizontal","23":"has-no-thumbnails"},"_links":{"self":[{"href":"https:\/\/telemetry.com.pe\/index.php\/wp-json\/wp\/v2\/product\/2654","targetHints":{"allow":["GET"]}}],"collection":[{"href":"https:\/\/telemetry.com.pe\/index.php\/wp-json\/wp\/v2\/product"}],"about":[{"href":"https:\/\/telemetry.com.pe\/index.php\/wp-json\/wp\/v2\/types\/product"}],"replies":[{"embeddable":true,"href":"https:\/\/telemetry.com.pe\/index.php\/wp-json\/wp\/v2\/comments?post=2654"}],"wp:featuredmedia":[{"embeddable":true,"href":"https:\/\/telemetry.com.pe\/index.php\/wp-json\/wp\/v2\/media\/2656"}],"wp:attachment":[{"href":"https:\/\/telemetry.com.pe\/index.php\/wp-json\/wp\/v2\/media?parent=2654"}],"wp:term":[{"taxonomy":"product_brand","embeddable":true,"href":"https:\/\/telemetry.com.pe\/index.php\/wp-json\/wp\/v2\/product_brand?post=2654"},{"taxonomy":"product_cat","embeddable":true,"href":"https:\/\/telemetry.com.pe\/index.php\/wp-json\/wp\/v2\/product_cat?post=2654"},{"taxonomy":"product_tag","embeddable":true,"href":"https:\/\/telemetry.com.pe\/index.php\/wp-json\/wp\/v2\/product_tag?post=2654"}],"curies":[{"name":"wp","href":"https:\/\/api.w.org\/{rel}","templated":true}]}}