{"id":2659,"date":"2022-01-10T15:32:50","date_gmt":"2022-01-10T15:32:50","guid":{"rendered":"http:\/\/telemetry.com.pe\/?post_type=product&#038;p=2659"},"modified":"2023-09-18T15:23:24","modified_gmt":"2023-09-18T15:23:24","slug":"sensor-meteorologico-el-mejor-sensor-para-mediciones-meteorologicas-2018","status":"publish","type":"product","link":"https:\/\/telemetry.com.pe\/index.php\/producto\/sensor-meteorologico-el-mejor-sensor-para-mediciones-meteorologicas-2018\/","title":{"rendered":"Sensor meteorol\u00f3gico El mejor sensor para mediciones meteorol\u00f3gicas 2018"},"content":{"rendered":"<p><strong>Un s\u00f3lo instrumento mide m\u00faltiples par\u00e1metros metereol\u00f3gicos.\u00a0<\/strong><\/p>\n<p>Este sensor meteorol\u00f3gico mide velocidad y direcci\u00f3n de viento, precipitaci\u00f3n, presi\u00f3n barom\u00e9trica, temperatura, y humedad relativa\u2014todo en un mismo instrumento que no tiene partes m\u00f3viles.<\/p>\n<p>&nbsp;<\/p>\n<p><strong>TIPO DE PRODUCTO:\u00a0<\/strong>Monitoreo asistido, monitoreo automatizado\u00a0y en tiempo real<\/p>\n<p>&nbsp;<\/p>\n<p><strong>PARAMETROS MEDIDOS:\u00a0<\/strong>Velocidad y direcci\u00f3n de viento, precipitaci\u00f3n, presi\u00f3n barom\u00e9trica, temperatura, y humedad relativa<\/p>\n<ul class=\"_1V4Ij\" data-hook=\"collapse-info-section\">\n<li class=\"_2knBS undefined\" data-hook=\"collapse-info-item\">\n<h2 class=\"Text1893342656__root Text1893342656---typography-11-runningText Text1893342656---priority-7-primary s8gg2 _2UIKs InfoSectionTitle3095652555__root\" aria-hidden=\"false\" data-hook=\"info-section-title\">Ventajas<\/h2>\n<div class=\"_2tV5m fggS- cell\"><\/div>\n<div class=\"rah-static rah-static--height-auto\" aria-hidden=\"false\">\n<div>\n<div class=\"_1yvxJ fggS- cell\">\n<div class=\"WncCi\" data-hook=\"info-section-description\">\n<p><strong>Beneficios clave<\/strong><\/p>\n<ul>\n<li>Bajo mantenimiento &#8211; sin partes m\u00f3viles que reducen significantemente costes de mantenimiento y tiempo<\/li>\n<li>Compacto y ligero<\/li>\n<li>F\u00e1cil y simple de instalar<\/li>\n<li>Se\u00f1al de salida SDI-12 que puede ser medida por la mayor\u00eda de nuestros dataloggers<\/li>\n<li>Combina los seis par\u00e1metros meteorol\u00f3gicos esenciales en un instrumento<\/li>\n<\/ul>\n<\/div>\n<\/div>\n<\/div>\n<\/div>\n<p>&nbsp;<\/li>\n<\/ul>\n<ul class=\"_1V4Ij\" data-hook=\"collapse-info-section\">\n<li class=\"_2knBS undefined\" data-hook=\"collapse-info-item\">\n<h2 class=\"Text1893342656__root Text1893342656---typography-11-runningText Text1893342656---priority-7-primary s8gg2 _2UIKs InfoSectionTitle3095652555__root\" aria-hidden=\"false\" data-hook=\"info-section-title\">Aplicaciones<\/h2>\n<div class=\"_2tV5m fggS- cell\"><\/div>\n<div class=\"rah-static rah-static--height-auto\" aria-hidden=\"false\">\n<div>\n<div class=\"_1yvxJ fggS- cell\">\n<div class=\"WncCi\" data-hook=\"info-section-description\">\n<ul>\n<li>Climatolog\u00eda y cambio clim\u00e1tico.<\/li>\n<li>Condiciones meteorol\u00f3gicas extremas.<\/li>\n<li>Monitoreo y predicci\u00f3n de la calidad del aire.<\/li>\n<li>Predicci\u00f3n num\u00e9rica del tiempo.<\/li>\n<li>Pron\u00f3stico del tiempo<\/li>\n<\/ul>\n<\/div>\n<\/div>\n<\/div>\n<\/div>\n<p>&nbsp;<\/li>\n<\/ul>\n<h2 class=\"Text1893342656__root Text1893342656---typography-11-runningText Text1893342656---priority-7-primary s8gg2 _2UIKs InfoSectionTitle3095652555__root\" aria-hidden=\"false\" data-hook=\"info-section-title\">Principales Caracter\u00edsticas<\/h2>\n<div class=\"_2tV5m fggS- cell\"><\/div>\n<div class=\"rah-static rah-static--height-auto\" aria-hidden=\"false\">\n<div>\n<div class=\"_1yvxJ fggS- cell\">\n<div class=\"WncCi\" data-hook=\"info-section-description\">\n<ul>\n<li>Compatibilidad electromagn\u00e9tica:\u00a0Cumple con la norma EMC EN61326-1.<\/li>\n<li>Di\u00e1metro:\u00a011.5 cm (4.52 in)<\/li>\n<li>Altura:\u00a023.8 cm (9.38 in)<\/li>\n<li>Peso:\u00a0650 g (1.43 lb)<\/li>\n<\/ul>\n<p><strong>Temperatura del aire:<\/strong><\/p>\n<ul>\n<li>Rango de medida:\u00a0-52 \u00b0 a + 60 \u00b0 C<\/li>\n<\/ul>\n<p><strong>Presi\u00f3n barom\u00e9trica:<\/strong><\/p>\n<ul>\n<li>Rango de medida:\u00a0600 a 1100 hPa<\/li>\n<\/ul>\n<p><strong>Humedad relativa\u00a0<\/strong><\/p>\n<ul>\n<li>Rango de medida:\u00a00 a 100% de HR<\/li>\n<\/ul>\n<p><strong>Velocidad del viento:<\/strong><\/p>\n<ul>\n<li>Rango de medida:\u00a00 a 60 ms -1.<\/li>\n<\/ul>\n<p><strong>Direcci\u00f3n del viento:<\/strong><\/p>\n<ul>\n<li>Rango de medida:\u00a00 \u00b0 a 360 \u00b0<\/li>\n<\/ul>\n<p><strong>Precipitaci\u00f3n:<\/strong><\/p>\n<p>Medici\u00f3n de lluvia:\u00a0Acumulaci\u00f3n acumulativa despu\u00e9s del \u00faltimo reinicio autom\u00e1tico o manual.<\/p>\n<p>Resoluci\u00f3n de salida:\u00a00.01 mm (0.001 in)<\/p>\n<\/div>\n<\/div>\n<\/div>\n<\/div>\n","protected":false},"excerpt":{"rendered":"<p>Un s\u00f3lo instrumento mide m\u00faltiples par\u00e1metros metereol\u00f3gicos.\u00a0 Este sensor meteorol\u00f3gico mide velocidad y direcci\u00f3n de viento, precipitaci\u00f3n, presi\u00f3n barom\u00e9trica, temperatura, y humedad relativa\u2014todo en un mismo instrumento que no tiene partes m\u00f3viles. &nbsp; TIPO DE PRODUCTO:\u00a0Monitoreo asistido, monitoreo automatizado\u00a0y en tiempo real &nbsp; PARAMETROS MEDIDOS:\u00a0Velocidad y direcci\u00f3n de viento, precipitaci\u00f3n, presi\u00f3n barom\u00e9trica, temperatura, y humedad [&hellip;]<\/p>\n","protected":false},"featured_media":2660,"comment_status":"open","ping_status":"closed","template":"","meta":{"om_disable_all_campaigns":false,"ocean_post_layout":"","ocean_both_sidebars_style":"","ocean_both_sidebars_content_width":0,"ocean_both_sidebars_sidebars_width":0,"ocean_sidebar":"0","ocean_second_sidebar":"0","ocean_disable_margins":"enable","ocean_add_body_class":"","ocean_shortcode_before_top_bar":"","ocean_shortcode_after_top_bar":"","ocean_shortcode_before_header":"","ocean_shortcode_after_header":"","ocean_has_shortcode":"","ocean_shortcode_after_title":"","ocean_shortcode_before_footer_widgets":"","ocean_shortcode_after_footer_widgets":"","ocean_shortcode_before_footer_bottom":"","ocean_shortcode_after_footer_bottom":"","ocean_display_top_bar":"default","ocean_display_header":"default","ocean_header_style":"","ocean_center_header_left_menu":"0","ocean_custom_header_template":"0","ocean_custom_logo":0,"ocean_custom_retina_logo":0,"ocean_custom_logo_max_width":0,"ocean_custom_logo_tablet_max_width":0,"ocean_custom_logo_mobile_max_width":0,"ocean_custom_logo_max_height":0,"ocean_custom_logo_tablet_max_height":0,"ocean_custom_logo_mobile_max_height":0,"ocean_header_custom_menu":"0","ocean_menu_typo_font_family":"0","ocean_menu_typo_font_subset":"","ocean_menu_typo_font_size":0,"ocean_menu_typo_font_size_tablet":0,"ocean_menu_typo_font_size_mobile":0,"ocean_menu_typo_font_size_unit":"px","ocean_menu_typo_font_weight":"","ocean_menu_typo_font_weight_tablet":"","ocean_menu_typo_font_weight_mobile":"","ocean_menu_typo_transform":"","ocean_menu_typo_transform_tablet":"","ocean_menu_typo_transform_mobile":"","ocean_menu_typo_line_height":0,"ocean_menu_typo_line_height_tablet":0,"ocean_menu_typo_line_height_mobile":0,"ocean_menu_typo_line_height_unit":"","ocean_menu_typo_spacing":0,"ocean_menu_typo_spacing_tablet":0,"ocean_menu_typo_spacing_mobile":0,"ocean_menu_typo_spacing_unit":"","ocean_menu_link_color":"","ocean_menu_link_color_hover":"","ocean_menu_link_color_active":"","ocean_menu_link_background":"","ocean_menu_link_hover_background":"","ocean_menu_link_active_background":"","ocean_menu_social_links_bg":"","ocean_menu_social_hover_links_bg":"","ocean_menu_social_links_color":"","ocean_menu_social_hover_links_color":"","ocean_disable_title":"default","ocean_disable_heading":"default","ocean_post_title":"","ocean_post_subheading":"","ocean_post_title_style":"","ocean_post_title_background_color":"","ocean_post_title_background":0,"ocean_post_title_bg_image_position":"","ocean_post_title_bg_image_attachment":"","ocean_post_title_bg_image_repeat":"","ocean_post_title_bg_image_size":"","ocean_post_title_height":0,"ocean_post_title_bg_overlay":0.5,"ocean_post_title_bg_overlay_color":"","ocean_disable_breadcrumbs":"default","ocean_breadcrumbs_color":"","ocean_breadcrumbs_separator_color":"","ocean_breadcrumbs_links_color":"","ocean_breadcrumbs_links_hover_color":"","ocean_display_footer_widgets":"default","ocean_display_footer_bottom":"default","ocean_custom_footer_template":"0","_joinchat":[]},"product_brand":[],"product_cat":[16],"product_tag":[],"class_list":{"0":"post-2659","1":"product","2":"type-product","3":"status-publish","4":"has-post-thumbnail","6":"product_cat-sin-categorizar","8":"entry","9":"has-media","11":"first","12":"instock","13":"shipping-taxable","14":"purchasable","15":"product-type-simple","16":"has-product-nav","17":"col","18":"span_1_of_3","19":"owp-content-center","20":"owp-thumbs-layout-horizontal","21":"owp-btn-normal","22":"owp-tabs-layout-horizontal","23":"has-no-thumbnails"},"_links":{"self":[{"href":"https:\/\/telemetry.com.pe\/index.php\/wp-json\/wp\/v2\/product\/2659","targetHints":{"allow":["GET"]}}],"collection":[{"href":"https:\/\/telemetry.com.pe\/index.php\/wp-json\/wp\/v2\/product"}],"about":[{"href":"https:\/\/telemetry.com.pe\/index.php\/wp-json\/wp\/v2\/types\/product"}],"replies":[{"embeddable":true,"href":"https:\/\/telemetry.com.pe\/index.php\/wp-json\/wp\/v2\/comments?post=2659"}],"wp:featuredmedia":[{"embeddable":true,"href":"https:\/\/telemetry.com.pe\/index.php\/wp-json\/wp\/v2\/media\/2660"}],"wp:attachment":[{"href":"https:\/\/telemetry.com.pe\/index.php\/wp-json\/wp\/v2\/media?parent=2659"}],"wp:term":[{"taxonomy":"product_brand","embeddable":true,"href":"https:\/\/telemetry.com.pe\/index.php\/wp-json\/wp\/v2\/product_brand?post=2659"},{"taxonomy":"product_cat","embeddable":true,"href":"https:\/\/telemetry.com.pe\/index.php\/wp-json\/wp\/v2\/product_cat?post=2659"},{"taxonomy":"product_tag","embeddable":true,"href":"https:\/\/telemetry.com.pe\/index.php\/wp-json\/wp\/v2\/product_tag?post=2659"}],"curies":[{"name":"wp","href":"https:\/\/api.w.org\/{rel}","templated":true}]}}