{"id":2663,"date":"2022-01-10T15:37:14","date_gmt":"2022-01-10T15:37:14","guid":{"rendered":"http:\/\/telemetry.com.pe\/?post_type=product&#038;p=2663"},"modified":"2023-09-18T15:23:24","modified_gmt":"2023-09-18T15:23:24","slug":"cs547a-sensor-de-conductividad-y-temperatura","status":"publish","type":"product","link":"https:\/\/telemetry.com.pe\/index.php\/producto\/cs547a-sensor-de-conductividad-y-temperatura\/","title":{"rendered":"CS547A Sensor de Conductividad y Temperatura"},"content":{"rendered":"<p>El CS547A es una sonda de calidad del agua que mide tanto la conductividad el\u00e9ctrica (EC) como la temperatura.\u00a0Se conecta a un registro de datos de Campbell Scientific a trav\u00e9s de la interfaz A547.\u00a0Esta sonda es compatible con la mayor\u00eda de los dataloggers de Campbell Scientific.<\/p>\n<p>El CS547A mide la temperatura con un termistor.\u00a0La conductividad el\u00e9ctrica (EC) se mide con tres electrodos cil\u00edndricos de acero inoxidable montados en una carcasa de epoxi.\u00a0La configuraci\u00f3n del electrodo elimina los problemas de lazo de tierra asociados con los sensores en contacto el\u00e9ctrico con la tierra f\u00edsica.<\/p>\n<ul class=\"_1V4Ij\" data-hook=\"collapse-info-section\">\n<li class=\"_2knBS undefined\" data-hook=\"collapse-info-item\">\n<h2 class=\"Text1893342656__root Text1893342656---typography-11-runningText Text1893342656---priority-7-primary s8gg2 _2UIKs InfoSectionTitle3095652555__root\" aria-hidden=\"false\" data-hook=\"info-section-title\">Aplicaciones<\/h2>\n<div class=\"_2tV5m fggS- cell\"><\/div>\n<div class=\"rah-static rah-static--height-auto\" aria-hidden=\"false\">\n<div>\n<div class=\"_1yvxJ fggS- cell\">\n<div class=\"WncCi\" data-hook=\"info-section-description\">\n<p>Para la medici\u00f3n\u00a0de calidad del agua en:<\/p>\n<ul>\n<li>R\u00edos y arroyos de agua dulce, lagos y embalses, pozos de agua subterr\u00e1nean y agua entubada.<\/li>\n<li>Bah\u00edas de agua salada o salobre, estuarios y \u00e1reas cercanas a la costa<\/li>\n<li>Monitoreo asistido, monitoreo continuo desatendido y en tiempo real<\/li>\n<\/ul>\n<\/div>\n<\/div>\n<\/div>\n<\/div>\n<\/li>\n<li class=\"_2knBS undefined\" data-hook=\"collapse-info-item\">\n<h2 class=\"Text1893342656__root Text1893342656---typography-11-runningText Text1893342656---priority-7-primary s8gg2 _2UIKs InfoSectionTitle3095652555__root\" aria-hidden=\"false\" data-hook=\"info-section-title\">Ventajas<\/h2>\n<div class=\"_2tV5m fggS- cell\"><\/div>\n<div class=\"rah-static rah-static--height-auto\" aria-hidden=\"false\">\n<div>\n<div class=\"_1yvxJ fggS- cell\">\n<div class=\"WncCi\" data-hook=\"info-section-description\">\n<ul>\n<li>Compatible con multiplexores de la serie AM16 \/ 32, lo que permite la medici\u00f3n de m\u00faltiples sensores<\/li>\n<li>F\u00e1cil de limpiar<\/li>\n<li>Resistente a la corrosi\u00f3n<\/li>\n<li>Opci\u00f3n ponderada disponible para inmersi\u00f3n independiente<\/li>\n<\/ul>\n<\/div>\n<\/div>\n<\/div>\n<\/div>\n<p>&nbsp;<\/p>\n<h2 class=\"Text1893342656__root Text1893342656---typography-11-runningText Text1893342656---priority-7-primary s8gg2 _2UIKs InfoSectionTitle3095652555__root\" aria-hidden=\"false\" data-hook=\"info-section-title\">Principales Caracteristicas<\/h2>\n<div class=\"_2tV5m fggS- cell\"><\/div>\n<div class=\"rah-static rah-static--height-auto\" aria-hidden=\"false\">\n<div>\n<div class=\"_1yvxJ fggS- cell\">\n<div class=\"WncCi\" data-hook=\"info-section-description\">\n<ul>\n<li>Rango de medici\u00f3n de conductividad: ~ 0.005 a 7.0 mS \/ cm<\/li>\n<li>Rango de medici\u00f3n de temperatura: 0 \u00b0 a 50 \u00b0 C<\/li>\n<li>Precisi\u00f3n de conductividad * \u00b1 5% de lectura (para rango de 0.44 a 7.0 mS cm-1)<\/li>\n<li>Rango de funcionamiento del pH: pH de la soluci\u00f3n de menos de 3.0 o mayor que<\/li>\n<li>9.0 puede da\u00f1ar la carcasa de acero inoxidable<\/li>\n<li>Di\u00e1metro interno del tubo m\u00ednimo que CS547A Se adapta a: 2,79 cm (1,1 in)<\/li>\n<li>Grado de la profundidad: 305 m (1000 pies) m\u00e1ximo<\/li>\n<\/ul>\n<\/div>\n<\/div>\n<\/div>\n<\/div>\n<\/li>\n<\/ul>\n","protected":false},"excerpt":{"rendered":"<p>El CS547A es una sonda de calidad del agua que mide tanto la conductividad el\u00e9ctrica (EC) como la temperatura.\u00a0Se conecta a un registro de datos de Campbell Scientific a trav\u00e9s de la interfaz A547.\u00a0Esta sonda es compatible con la mayor\u00eda de los dataloggers de Campbell Scientific. El CS547A mide la temperatura con un termistor.\u00a0La conductividad [&hellip;]<\/p>\n","protected":false},"featured_media":2664,"comment_status":"open","ping_status":"closed","template":"","meta":{"om_disable_all_campaigns":false,"ocean_post_layout":"","ocean_both_sidebars_style":"","ocean_both_sidebars_content_width":0,"ocean_both_sidebars_sidebars_width":0,"ocean_sidebar":"0","ocean_second_sidebar":"0","ocean_disable_margins":"enable","ocean_add_body_class":"","ocean_shortcode_before_top_bar":"","ocean_shortcode_after_top_bar":"","ocean_shortcode_before_header":"","ocean_shortcode_after_header":"","ocean_has_shortcode":"","ocean_shortcode_after_title":"","ocean_shortcode_before_footer_widgets":"","ocean_shortcode_after_footer_widgets":"","ocean_shortcode_before_footer_bottom":"","ocean_shortcode_after_footer_bottom":"","ocean_display_top_bar":"default","ocean_display_header":"default","ocean_header_style":"","ocean_center_header_left_menu":"0","ocean_custom_header_template":"0","ocean_custom_logo":0,"ocean_custom_retina_logo":0,"ocean_custom_logo_max_width":0,"ocean_custom_logo_tablet_max_width":0,"ocean_custom_logo_mobile_max_width":0,"ocean_custom_logo_max_height":0,"ocean_custom_logo_tablet_max_height":0,"ocean_custom_logo_mobile_max_height":0,"ocean_header_custom_menu":"0","ocean_menu_typo_font_family":"0","ocean_menu_typo_font_subset":"","ocean_menu_typo_font_size":0,"ocean_menu_typo_font_size_tablet":0,"ocean_menu_typo_font_size_mobile":0,"ocean_menu_typo_font_size_unit":"px","ocean_menu_typo_font_weight":"","ocean_menu_typo_font_weight_tablet":"","ocean_menu_typo_font_weight_mobile":"","ocean_menu_typo_transform":"","ocean_menu_typo_transform_tablet":"","ocean_menu_typo_transform_mobile":"","ocean_menu_typo_line_height":0,"ocean_menu_typo_line_height_tablet":0,"ocean_menu_typo_line_height_mobile":0,"ocean_menu_typo_line_height_unit":"","ocean_menu_typo_spacing":0,"ocean_menu_typo_spacing_tablet":0,"ocean_menu_typo_spacing_mobile":0,"ocean_menu_typo_spacing_unit":"","ocean_menu_link_color":"","ocean_menu_link_color_hover":"","ocean_menu_link_color_active":"","ocean_menu_link_background":"","ocean_menu_link_hover_background":"","ocean_menu_link_active_background":"","ocean_menu_social_links_bg":"","ocean_menu_social_hover_links_bg":"","ocean_menu_social_links_color":"","ocean_menu_social_hover_links_color":"","ocean_disable_title":"default","ocean_disable_heading":"default","ocean_post_title":"","ocean_post_subheading":"","ocean_post_title_style":"","ocean_post_title_background_color":"","ocean_post_title_background":0,"ocean_post_title_bg_image_position":"","ocean_post_title_bg_image_attachment":"","ocean_post_title_bg_image_repeat":"","ocean_post_title_bg_image_size":"","ocean_post_title_height":0,"ocean_post_title_bg_overlay":0.5,"ocean_post_title_bg_overlay_color":"","ocean_disable_breadcrumbs":"default","ocean_breadcrumbs_color":"","ocean_breadcrumbs_separator_color":"","ocean_breadcrumbs_links_color":"","ocean_breadcrumbs_links_hover_color":"","ocean_display_footer_widgets":"default","ocean_display_footer_bottom":"default","ocean_custom_footer_template":"0","_joinchat":[]},"product_brand":[],"product_cat":[16],"product_tag":[],"class_list":{"0":"post-2663","1":"product","2":"type-product","3":"status-publish","4":"has-post-thumbnail","6":"product_cat-sin-categorizar","8":"entry","9":"has-media","11":"first","12":"instock","13":"shipping-taxable","14":"purchasable","15":"product-type-simple","16":"has-product-nav","17":"col","18":"span_1_of_3","19":"owp-content-center","20":"owp-thumbs-layout-horizontal","21":"owp-btn-normal","22":"owp-tabs-layout-horizontal","23":"has-no-thumbnails"},"_links":{"self":[{"href":"https:\/\/telemetry.com.pe\/index.php\/wp-json\/wp\/v2\/product\/2663","targetHints":{"allow":["GET"]}}],"collection":[{"href":"https:\/\/telemetry.com.pe\/index.php\/wp-json\/wp\/v2\/product"}],"about":[{"href":"https:\/\/telemetry.com.pe\/index.php\/wp-json\/wp\/v2\/types\/product"}],"replies":[{"embeddable":true,"href":"https:\/\/telemetry.com.pe\/index.php\/wp-json\/wp\/v2\/comments?post=2663"}],"wp:featuredmedia":[{"embeddable":true,"href":"https:\/\/telemetry.com.pe\/index.php\/wp-json\/wp\/v2\/media\/2664"}],"wp:attachment":[{"href":"https:\/\/telemetry.com.pe\/index.php\/wp-json\/wp\/v2\/media?parent=2663"}],"wp:term":[{"taxonomy":"product_brand","embeddable":true,"href":"https:\/\/telemetry.com.pe\/index.php\/wp-json\/wp\/v2\/product_brand?post=2663"},{"taxonomy":"product_cat","embeddable":true,"href":"https:\/\/telemetry.com.pe\/index.php\/wp-json\/wp\/v2\/product_cat?post=2663"},{"taxonomy":"product_tag","embeddable":true,"href":"https:\/\/telemetry.com.pe\/index.php\/wp-json\/wp\/v2\/product_tag?post=2663"}],"curies":[{"name":"wp","href":"https:\/\/api.w.org\/{rel}","templated":true}]}}