{"id":2672,"date":"2023-09-18T15:19:38","date_gmt":"2023-09-18T15:19:38","guid":{"rendered":"http:\/\/telemetry.com.pe\/?post_type=product&#038;p=2672"},"modified":"2023-09-18T15:19:38","modified_gmt":"2023-09-18T15:19:38","slug":"la-sonda-multiparametro-hydrolab-hl7","status":"publish","type":"product","link":"https:\/\/telemetry.com.pe\/index.php\/producto\/la-sonda-multiparametro-hydrolab-hl7\/","title":{"rendered":"La sonda multipar\u00e1metro HYDROLAB HL7"},"content":{"rendered":"<p>Sonda multiparam\u00e9trica para monitoreo\u00a0cont\u00ednuo de calidad de aguas.\u00a0Incorpora numerosos sensores que pueden desarrollar tareas de monitoreo simple o complejo y\u00a0a largo plazo en condiciones ambientales exigentes.<\/p>\n<p><strong>TIPO DE PRODUCTO:\u00a0<\/strong>Monitoreo asistido, monitoreo automatizado\u00a0y en tiempo real<\/p>\n<p><strong>PARAMETROS MEDIDOS:\u00a0<\/strong>Temperatura, Conductividad, pH\/ORP, Ox\u00edgeno Disuelto (LDO), Turbidez, Profundidad,Clorofila a, Algas verde-azuladas\/Cianobacterias, Rodamina<\/p>\n<p><strong>INTERFACES:<\/strong>SDI-12, RS-485, RS-232, TTY, USB<\/p>\n<ul class=\"_1V4Ij\" data-hook=\"collapse-info-section\">\n<li class=\"_2knBS undefined\" data-hook=\"collapse-info-item\">\n<h2 class=\"Text1893342656__root Text1893342656---typography-11-runningText Text1893342656---priority-7-primary s8gg2 _2UIKs InfoSectionTitle3095652555__root\" aria-hidden=\"false\" data-hook=\"info-section-title\">Ventajas<\/h2>\n<div class=\"_2tV5m fggS- cell\"><\/div>\n<div class=\"rah-static rah-static--height-auto\" aria-hidden=\"false\">\n<div>\n<div class=\"_1yvxJ fggS- cell\">\n<div class=\"WncCi\" data-hook=\"info-section-description\">\n<p>&nbsp;<\/p>\n<p><strong>Manipulaci\u00f3n pr\u00e1ctica y efectiva del instrumento sobre el terreno<\/strong><\/p>\n<ul>\n<li>Tama\u00f1o reducido que facilita el manejo, el transporte y una intervenci\u00f3n segura<\/li>\n<li>Puerto USB para transferencia r\u00e1pida de datos a tablets y port\u00e1tiles sobre el terreno<\/li>\n<li><strong>Construcci\u00f3n robusta para funcionar las 24 horas del d\u00eda<\/strong><\/li>\n<li>Conector de cable enchavetado que garantiza la alineaci\u00f3n y la conectividad<\/li>\n<li>Conectores pasantes empotrados que protegen los pins en caso de impacto<\/li>\n<li>Compartimiento para bater\u00eda integrado y con aislamiento propio<\/li>\n<li>Cable reforzado con kevlar para los rigores del uso continuo<\/li>\n<li>Posibilidad de alimentaci\u00f3n externa<\/li>\n<li><strong>Dise\u00f1ado a prueba de un uso continuado a largo plazo y para la integraci\u00f3n con registradores de datos y sistemas de adquisici\u00f3n de datos<\/strong><\/li>\n<li>M\u00f3dulos de comunicaci\u00f3n configurables por el usuario para facilitar la integraci\u00f3n<\/li>\n<li>Modbus SDI-12 y RS485 para una transferencia de datos fiable<\/li>\n<li>La duraci\u00f3n de la bater\u00eda permite un uso superior a 90 d\u00edas<\/li>\n<li><strong>Tecnolog\u00eda de medici\u00f3n de eficacia probada para garantizar la continuidad de los datos<\/strong>\n<p><strong>El software de operaci\u00f3n HYDROLAB ayuda a tomar mejores decisiones, reduce al m\u00ednimo los errores e incrementa la eficiencia tanto en el laboratorio como en campo.<\/strong><\/li>\n<li>Consulte r\u00e1pidamente el estado del instrumento y aseg\u00farese de que funciona correctamente<\/li>\n<li>Muestre los datos actuales e hist\u00f3ricos en gr\u00e1ficos y tablas con numerosas opciones de formato.<\/li>\n<\/ul>\n<\/div>\n<ul class=\"_1V4Ij\" data-hook=\"collapse-info-section\">\n<li class=\"_2knBS undefined\" data-hook=\"collapse-info-item\">\n<h2 class=\"Text1893342656__root Text1893342656---typography-11-runningText Text1893342656---priority-7-primary s8gg2 _2UIKs InfoSectionTitle3095652555__root\" aria-hidden=\"false\" data-hook=\"info-section-title\">Aplicaciones<\/h2>\n<div class=\"_2tV5m fggS- cell\"><\/div>\n<div class=\"rah-static rah-static--height-auto\" aria-hidden=\"false\">\n<div>\n<div class=\"_1yvxJ fggS- cell\">\n<div class=\"WncCi\" data-hook=\"info-section-description\">\n<ul>\n<li>Elaboraci\u00f3n de perfiles de lagos y embalses<\/li>\n<li>Estudios de r\u00edos y corrientes<\/li>\n<li>Monitoreo de costas<\/li>\n<li>Estudios de aguas subterr\u00e1neas<\/li>\n<li>Gesti\u00f3n de humedales<\/li>\n<li>An\u00e1lisis de puertos<\/li>\n<li>Protecci\u00f3n de la acuicultura<\/li>\n<li>Gesti\u00f3n de dragados<\/li>\n<li>Regulaci\u00f3n de vertidos<\/li>\n<li>Escorrent\u00edas agr\u00edcolas<\/li>\n<li>Programas de evaluaci\u00f3n de ecosistemas<\/li>\n<\/ul>\n<\/div>\n<\/div>\n<\/div>\n<\/div>\n<p>&nbsp;<\/li>\n<\/ul>\n<ul class=\"_1V4Ij\" data-hook=\"collapse-info-section\">\n<li class=\"_2knBS undefined\" data-hook=\"collapse-info-item\">\n<h2 class=\"Text1893342656__root Text1893342656---typography-11-runningText Text1893342656---priority-7-primary s8gg2 _2UIKs InfoSectionTitle3095652555__root\" aria-hidden=\"false\" data-hook=\"info-section-title\">Principales Caracteristicas<\/h2>\n<div class=\"_2tV5m fggS- cell\"><\/div>\n<div class=\"rah-static rah-static--height-auto\" aria-hidden=\"false\">\n<div>\n<div class=\"_1yvxJ fggS- cell\">\n<div class=\"WncCi\" data-hook=\"info-section-description\">\n<ul>\n<li><strong>Puertos para sensores:\u00a0<\/strong>9 puertos disponibles<\/li>\n<li><strong>Dimensiones:<\/strong>\u00a0Di\u00e1metro: 8,9 cm sin protectores de goma; 9,8 cm con protectores de goma.<\/li>\n<li><strong>Longitud:\u00a0<\/strong>66,4 cm<\/li>\n<li><strong>Peso<\/strong>:\u00a04,5 kg con cuatro pilas tipo D, vaso de almacenamiento\/calibraci\u00f3n vac\u00edo.<\/li>\n<li><strong>Alimentaci\u00f3n:\u00a0<\/strong>6 &#8230; 24 VDC (12 VDC nominal) aplicados al m\u00f3dulo de comunicaciones, 12 VDC: 2 W valor promedio, 24 W pico.<\/li>\n<li><strong>Memoria de dato:\u00a0<\/strong>4GB<\/li>\n<li><strong>Communications:\u00a0<\/strong>M\u00f3dulo de comunicaciones: USB, SDI-12, RS232 Modbus, RS485 Modbus y RS232 TTY<\/li>\n<li><strong>Frecuencia de muestreo:<\/strong>1 Hz m\u00ednimo (una vez por segundo).<\/li>\n<\/ul>\n<\/div>\n<\/div>\n<\/div>\n<\/div>\n<\/li>\n<\/ul>\n<\/div>\n<\/div>\n<\/div>\n<\/li>\n<\/ul>\n","protected":false},"excerpt":{"rendered":"<p>Sonda multiparam\u00e9trica para monitoreo\u00a0cont\u00ednuo de calidad de aguas.\u00a0Incorpora numerosos sensores que pueden desarrollar tareas de monitoreo simple o complejo y\u00a0a largo plazo en condiciones ambientales exigentes. TIPO DE PRODUCTO:\u00a0Monitoreo asistido, monitoreo automatizado\u00a0y en tiempo real PARAMETROS MEDIDOS:\u00a0Temperatura, Conductividad, pH\/ORP, Ox\u00edgeno Disuelto (LDO), Turbidez, Profundidad,Clorofila a, Algas verde-azuladas\/Cianobacterias, Rodamina INTERFACES:SDI-12, RS-485, RS-232, TTY, USB Ventajas &nbsp; [&hellip;]<\/p>\n","protected":false},"featured_media":2673,"comment_status":"open","ping_status":"closed","template":"","meta":{"om_disable_all_campaigns":false,"ocean_post_layout":"","ocean_both_sidebars_style":"","ocean_both_sidebars_content_width":0,"ocean_both_sidebars_sidebars_width":0,"ocean_sidebar":"0","ocean_second_sidebar":"0","ocean_disable_margins":"enable","ocean_add_body_class":"","ocean_shortcode_before_top_bar":"","ocean_shortcode_after_top_bar":"","ocean_shortcode_before_header":"","ocean_shortcode_after_header":"","ocean_has_shortcode":"","ocean_shortcode_after_title":"","ocean_shortcode_before_footer_widgets":"","ocean_shortcode_after_footer_widgets":"","ocean_shortcode_before_footer_bottom":"","ocean_shortcode_after_footer_bottom":"","ocean_display_top_bar":"default","ocean_display_header":"default","ocean_header_style":"","ocean_center_header_left_menu":"0","ocean_custom_header_template":"0","ocean_custom_logo":0,"ocean_custom_retina_logo":0,"ocean_custom_logo_max_width":0,"ocean_custom_logo_tablet_max_width":0,"ocean_custom_logo_mobile_max_width":0,"ocean_custom_logo_max_height":0,"ocean_custom_logo_tablet_max_height":0,"ocean_custom_logo_mobile_max_height":0,"ocean_header_custom_menu":"0","ocean_menu_typo_font_family":"0","ocean_menu_typo_font_subset":"","ocean_menu_typo_font_size":0,"ocean_menu_typo_font_size_tablet":0,"ocean_menu_typo_font_size_mobile":0,"ocean_menu_typo_font_size_unit":"px","ocean_menu_typo_font_weight":"","ocean_menu_typo_font_weight_tablet":"","ocean_menu_typo_font_weight_mobile":"","ocean_menu_typo_transform":"","ocean_menu_typo_transform_tablet":"","ocean_menu_typo_transform_mobile":"","ocean_menu_typo_line_height":0,"ocean_menu_typo_line_height_tablet":0,"ocean_menu_typo_line_height_mobile":0,"ocean_menu_typo_line_height_unit":"","ocean_menu_typo_spacing":0,"ocean_menu_typo_spacing_tablet":0,"ocean_menu_typo_spacing_mobile":0,"ocean_menu_typo_spacing_unit":"","ocean_menu_link_color":"","ocean_menu_link_color_hover":"","ocean_menu_link_color_active":"","ocean_menu_link_background":"","ocean_menu_link_hover_background":"","ocean_menu_link_active_background":"","ocean_menu_social_links_bg":"","ocean_menu_social_hover_links_bg":"","ocean_menu_social_links_color":"","ocean_menu_social_hover_links_color":"","ocean_disable_title":"default","ocean_disable_heading":"default","ocean_post_title":"","ocean_post_subheading":"","ocean_post_title_style":"","ocean_post_title_background_color":"","ocean_post_title_background":0,"ocean_post_title_bg_image_position":"","ocean_post_title_bg_image_attachment":"","ocean_post_title_bg_image_repeat":"","ocean_post_title_bg_image_size":"","ocean_post_title_height":0,"ocean_post_title_bg_overlay":0.5,"ocean_post_title_bg_overlay_color":"","ocean_disable_breadcrumbs":"default","ocean_breadcrumbs_color":"","ocean_breadcrumbs_separator_color":"","ocean_breadcrumbs_links_color":"","ocean_breadcrumbs_links_hover_color":"","ocean_display_footer_widgets":"default","ocean_display_footer_bottom":"default","ocean_custom_footer_template":"0","_joinchat":[]},"product_brand":[],"product_cat":[16],"product_tag":[],"class_list":{"0":"post-2672","1":"product","2":"type-product","3":"status-publish","4":"has-post-thumbnail","6":"product_cat-sin-categorizar","8":"entry","9":"has-media","11":"first","12":"instock","13":"shipping-taxable","14":"purchasable","15":"product-type-simple","16":"has-product-nav","17":"col","18":"span_1_of_3","19":"owp-content-center","20":"owp-thumbs-layout-horizontal","21":"owp-btn-normal","22":"owp-tabs-layout-horizontal","23":"has-no-thumbnails"},"_links":{"self":[{"href":"https:\/\/telemetry.com.pe\/index.php\/wp-json\/wp\/v2\/product\/2672","targetHints":{"allow":["GET"]}}],"collection":[{"href":"https:\/\/telemetry.com.pe\/index.php\/wp-json\/wp\/v2\/product"}],"about":[{"href":"https:\/\/telemetry.com.pe\/index.php\/wp-json\/wp\/v2\/types\/product"}],"replies":[{"embeddable":true,"href":"https:\/\/telemetry.com.pe\/index.php\/wp-json\/wp\/v2\/comments?post=2672"}],"wp:featuredmedia":[{"embeddable":true,"href":"https:\/\/telemetry.com.pe\/index.php\/wp-json\/wp\/v2\/media\/2673"}],"wp:attachment":[{"href":"https:\/\/telemetry.com.pe\/index.php\/wp-json\/wp\/v2\/media?parent=2672"}],"wp:term":[{"taxonomy":"product_brand","embeddable":true,"href":"https:\/\/telemetry.com.pe\/index.php\/wp-json\/wp\/v2\/product_brand?post=2672"},{"taxonomy":"product_cat","embeddable":true,"href":"https:\/\/telemetry.com.pe\/index.php\/wp-json\/wp\/v2\/product_cat?post=2672"},{"taxonomy":"product_tag","embeddable":true,"href":"https:\/\/telemetry.com.pe\/index.php\/wp-json\/wp\/v2\/product_tag?post=2672"}],"curies":[{"name":"wp","href":"https:\/\/api.w.org\/{rel}","templated":true}]}}