{"id":2704,"date":"2023-09-18T15:19:37","date_gmt":"2023-09-18T15:19:37","guid":{"rendered":"http:\/\/telemetry.com.pe\/?post_type=product&#038;p=2704"},"modified":"2023-09-18T15:19:37","modified_gmt":"2023-09-18T15:19:37","slug":"aqua-troll-100-data-logger","status":"publish","type":"product","link":"https:\/\/telemetry.com.pe\/index.php\/producto\/aqua-troll-100-data-logger\/","title":{"rendered":"Aqua TROLL 100 Data Logger"},"content":{"rendered":"<p>El Registrador de Datos Aqua TROLL 100 mide y registra la conductividad y temperatura. Un dise\u00f1o de celda de conductividad \u00fanico que permite un rango de medici\u00f3n amplio y preciso en un instrumento de di\u00e1metro estrecho. La construcci\u00f3n de titanio resiste la corrosi\u00f3n, lo que hace que el registrador de datos Aqua TROLL 100 sea ideal para proyectos de monitoreo de aguas costeras, de remediaci\u00f3n y de minas. Implemente el Aqua TROLL 100 en profundidades de hasta 300 psi.<\/p>\n<p>La poderosa aplicaci\u00f3n m\u00f3vil VuSitu se combina perfectamente para proporcionar configuraci\u00f3n autom\u00e1tica, calibraci\u00f3n simplificada, an\u00e1lisis de datos dirigido y creaci\u00f3n de informes automatizados.<\/p>\n<p>Vea y comparta datos en el sitio utilizando su dispositivo m\u00f3vil y use protocolos de comunicaci\u00f3n abiertos para integrarse f\u00e1cilmente con los sistemas existentes SCADA, telemetr\u00eda y los Servicios de Datos HydroVu para el acceso a datos en tiempo real y alertas autom\u00e1ticas de eventos.<\/p>\n<p><a href=\"https:\/\/in-situ.com\/pub\/media\/support\/documents\/AquaTROLL100-200_Spec-Sheet.pdf\" target=\"_blank\" rel=\"noopener\" data-wp-editing=\"1\"><img decoding=\"async\" class=\"alignnone wp-image-2702\" src=\"https:\/\/telemetry.com.pe\/wp-content\/uploads\/2022\/01\/PDF-244x300.png\" alt=\"\" width=\"20\" height=\"25\" srcset=\"https:\/\/telemetry.com.pe\/wp-content\/uploads\/2022\/01\/PDF-244x300.png 244w, https:\/\/telemetry.com.pe\/wp-content\/uploads\/2022\/01\/PDF-834x1024.png 834w, https:\/\/telemetry.com.pe\/wp-content\/uploads\/2022\/01\/PDF-768x943.png 768w, https:\/\/telemetry.com.pe\/wp-content\/uploads\/2022\/01\/PDF-20x24.png 20w, https:\/\/telemetry.com.pe\/wp-content\/uploads\/2022\/01\/PDF-29x36.png 29w, https:\/\/telemetry.com.pe\/wp-content\/uploads\/2022\/01\/PDF-39x48.png 39w, https:\/\/telemetry.com.pe\/wp-content\/uploads\/2022\/01\/PDF-600x737.png 600w, https:\/\/telemetry.com.pe\/wp-content\/uploads\/2022\/01\/PDF.png 1200w\" sizes=\"(max-width: 20px) 100vw, 20px\" \/> Especificaciones<\/a><\/p>\n","protected":false},"excerpt":{"rendered":"<p>El Registrador de Datos Aqua TROLL 100 mide y registra la conductividad y temperatura. Un dise\u00f1o de celda de conductividad \u00fanico que permite un rango de medici\u00f3n amplio y preciso en un instrumento de di\u00e1metro estrecho. La construcci\u00f3n de titanio resiste la corrosi\u00f3n, lo que hace que el registrador de datos Aqua TROLL 100 sea [&hellip;]<\/p>\n","protected":false},"featured_media":2705,"comment_status":"open","ping_status":"closed","template":"","meta":{"om_disable_all_campaigns":false,"ocean_post_layout":"","ocean_both_sidebars_style":"","ocean_both_sidebars_content_width":0,"ocean_both_sidebars_sidebars_width":0,"ocean_sidebar":"0","ocean_second_sidebar":"0","ocean_disable_margins":"enable","ocean_add_body_class":"","ocean_shortcode_before_top_bar":"","ocean_shortcode_after_top_bar":"","ocean_shortcode_before_header":"","ocean_shortcode_after_header":"","ocean_has_shortcode":"","ocean_shortcode_after_title":"","ocean_shortcode_before_footer_widgets":"","ocean_shortcode_after_footer_widgets":"","ocean_shortcode_before_footer_bottom":"","ocean_shortcode_after_footer_bottom":"","ocean_display_top_bar":"default","ocean_display_header":"default","ocean_header_style":"","ocean_center_header_left_menu":"0","ocean_custom_header_template":"0","ocean_custom_logo":0,"ocean_custom_retina_logo":0,"ocean_custom_logo_max_width":0,"ocean_custom_logo_tablet_max_width":0,"ocean_custom_logo_mobile_max_width":0,"ocean_custom_logo_max_height":0,"ocean_custom_logo_tablet_max_height":0,"ocean_custom_logo_mobile_max_height":0,"ocean_header_custom_menu":"0","ocean_menu_typo_font_family":"0","ocean_menu_typo_font_subset":"","ocean_menu_typo_font_size":0,"ocean_menu_typo_font_size_tablet":0,"ocean_menu_typo_font_size_mobile":0,"ocean_menu_typo_font_size_unit":"px","ocean_menu_typo_font_weight":"","ocean_menu_typo_font_weight_tablet":"","ocean_menu_typo_font_weight_mobile":"","ocean_menu_typo_transform":"","ocean_menu_typo_transform_tablet":"","ocean_menu_typo_transform_mobile":"","ocean_menu_typo_line_height":0,"ocean_menu_typo_line_height_tablet":0,"ocean_menu_typo_line_height_mobile":0,"ocean_menu_typo_line_height_unit":"","ocean_menu_typo_spacing":0,"ocean_menu_typo_spacing_tablet":0,"ocean_menu_typo_spacing_mobile":0,"ocean_menu_typo_spacing_unit":"","ocean_menu_link_color":"","ocean_menu_link_color_hover":"","ocean_menu_link_color_active":"","ocean_menu_link_background":"","ocean_menu_link_hover_background":"","ocean_menu_link_active_background":"","ocean_menu_social_links_bg":"","ocean_menu_social_hover_links_bg":"","ocean_menu_social_links_color":"","ocean_menu_social_hover_links_color":"","ocean_disable_title":"default","ocean_disable_heading":"default","ocean_post_title":"","ocean_post_subheading":"","ocean_post_title_style":"","ocean_post_title_background_color":"","ocean_post_title_background":0,"ocean_post_title_bg_image_position":"","ocean_post_title_bg_image_attachment":"","ocean_post_title_bg_image_repeat":"","ocean_post_title_bg_image_size":"","ocean_post_title_height":0,"ocean_post_title_bg_overlay":0.5,"ocean_post_title_bg_overlay_color":"","ocean_disable_breadcrumbs":"default","ocean_breadcrumbs_color":"","ocean_breadcrumbs_separator_color":"","ocean_breadcrumbs_links_color":"","ocean_breadcrumbs_links_hover_color":"","ocean_display_footer_widgets":"default","ocean_display_footer_bottom":"default","ocean_custom_footer_template":"0","_joinchat":[]},"product_brand":[],"product_cat":[16],"product_tag":[],"class_list":{"0":"post-2704","1":"product","2":"type-product","3":"status-publish","4":"has-post-thumbnail","6":"product_cat-sin-categorizar","8":"entry","9":"has-media","11":"first","12":"instock","13":"shipping-taxable","14":"purchasable","15":"product-type-simple","16":"has-product-nav","17":"col","18":"span_1_of_3","19":"owp-content-center","20":"owp-thumbs-layout-horizontal","21":"owp-btn-normal","22":"owp-tabs-layout-horizontal","23":"has-no-thumbnails"},"_links":{"self":[{"href":"https:\/\/telemetry.com.pe\/index.php\/wp-json\/wp\/v2\/product\/2704","targetHints":{"allow":["GET"]}}],"collection":[{"href":"https:\/\/telemetry.com.pe\/index.php\/wp-json\/wp\/v2\/product"}],"about":[{"href":"https:\/\/telemetry.com.pe\/index.php\/wp-json\/wp\/v2\/types\/product"}],"replies":[{"embeddable":true,"href":"https:\/\/telemetry.com.pe\/index.php\/wp-json\/wp\/v2\/comments?post=2704"}],"wp:featuredmedia":[{"embeddable":true,"href":"https:\/\/telemetry.com.pe\/index.php\/wp-json\/wp\/v2\/media\/2705"}],"wp:attachment":[{"href":"https:\/\/telemetry.com.pe\/index.php\/wp-json\/wp\/v2\/media?parent=2704"}],"wp:term":[{"taxonomy":"product_brand","embeddable":true,"href":"https:\/\/telemetry.com.pe\/index.php\/wp-json\/wp\/v2\/product_brand?post=2704"},{"taxonomy":"product_cat","embeddable":true,"href":"https:\/\/telemetry.com.pe\/index.php\/wp-json\/wp\/v2\/product_cat?post=2704"},{"taxonomy":"product_tag","embeddable":true,"href":"https:\/\/telemetry.com.pe\/index.php\/wp-json\/wp\/v2\/product_tag?post=2704"}],"curies":[{"name":"wp","href":"https:\/\/api.w.org\/{rel}","templated":true}]}}