{"id":2887,"date":"2023-09-18T15:17:43","date_gmt":"2023-09-18T15:17:43","guid":{"rendered":"http:\/\/telemetry.com.pe\/?post_type=product&#038;p=2887"},"modified":"2023-09-18T15:17:43","modified_gmt":"2023-09-18T15:17:43","slug":"registrador-de-datos-de-nivel-troll-700h","status":"publish","type":"product","link":"https:\/\/telemetry.com.pe\/index.php\/producto\/registrador-de-datos-de-nivel-troll-700h\/","title":{"rendered":"Registrador de datos de nivel TROLL 700H"},"content":{"rendered":"<div class=\"product attribute description\">\n<div class=\"value\">\n<p>El Level TROLL 700H, disponible en una configuraci\u00f3n ventilada (35 pies (11 m)), supera las especificaciones de precisi\u00f3n de etapa de agua superficial del USGS.\u00a0La calibraci\u00f3n 3D de f\u00e1brica garantiza la precisi\u00f3n en todas las temperaturas de campo.\u00a0Y la implementaci\u00f3n de bajo mantenimiento ahorra tiempo en el campo y costos.\u00a0Este instrumento premium se integra f\u00e1cilmente con accesorios y sistemas de telemetr\u00eda montados en el pozo.\u00a0Agregue HydroVu Data Services para obtener informaci\u00f3n en tiempo real sobre todos sus sitios de monitoreo de agua.<\/p>\n<\/div>\n<\/div>\n<div class=\"product-info-main-wrapper clearfix\">\n<div class=\"action-container\">\n<div class=\"product-info-price\">\n<div class=\"price-box price-final_price\" data-role=\"priceBox\" data-product-id=\"1332\" data-price-box=\"product-id-1332\"><a href=\"https:\/\/in-situ.com\/pub\/media\/support\/documents\/LevelTROLL700H.pdf\" target=\"_blank\" rel=\"noopener\"><img decoding=\"async\" class=\"alignnone wp-image-2702\" src=\"https:\/\/telemetry.com.pe\/wp-content\/uploads\/2022\/01\/PDF-244x300.png\" alt=\"\" width=\"19\" height=\"24\" srcset=\"https:\/\/telemetry.com.pe\/wp-content\/uploads\/2022\/01\/PDF-244x300.png 244w, https:\/\/telemetry.com.pe\/wp-content\/uploads\/2022\/01\/PDF-834x1024.png 834w, https:\/\/telemetry.com.pe\/wp-content\/uploads\/2022\/01\/PDF-768x943.png 768w, https:\/\/telemetry.com.pe\/wp-content\/uploads\/2022\/01\/PDF-20x24.png 20w, https:\/\/telemetry.com.pe\/wp-content\/uploads\/2022\/01\/PDF-29x36.png 29w, https:\/\/telemetry.com.pe\/wp-content\/uploads\/2022\/01\/PDF-39x48.png 39w, https:\/\/telemetry.com.pe\/wp-content\/uploads\/2022\/01\/PDF-600x737.png 600w, https:\/\/telemetry.com.pe\/wp-content\/uploads\/2022\/01\/PDF.png 1200w\" sizes=\"(max-width: 19px) 100vw, 19px\" \/> Especificaciones<\/a><\/div>\n<\/div>\n<\/div>\n<\/div>\n","protected":false},"excerpt":{"rendered":"<p>El Level TROLL 700H, disponible en una configuraci\u00f3n ventilada (35 pies (11 m)), supera las especificaciones de precisi\u00f3n de etapa de agua superficial del USGS.\u00a0La calibraci\u00f3n 3D de f\u00e1brica garantiza la precisi\u00f3n en todas las temperaturas de campo.\u00a0Y la implementaci\u00f3n de bajo mantenimiento ahorra tiempo en el campo y costos.\u00a0Este instrumento premium se integra f\u00e1cilmente [&hellip;]<\/p>\n","protected":false},"featured_media":2892,"comment_status":"open","ping_status":"closed","template":"","meta":{"om_disable_all_campaigns":false,"ocean_post_layout":"","ocean_both_sidebars_style":"","ocean_both_sidebars_content_width":0,"ocean_both_sidebars_sidebars_width":0,"ocean_sidebar":"0","ocean_second_sidebar":"0","ocean_disable_margins":"enable","ocean_add_body_class":"","ocean_shortcode_before_top_bar":"","ocean_shortcode_after_top_bar":"","ocean_shortcode_before_header":"","ocean_shortcode_after_header":"","ocean_has_shortcode":"","ocean_shortcode_after_title":"","ocean_shortcode_before_footer_widgets":"","ocean_shortcode_after_footer_widgets":"","ocean_shortcode_before_footer_bottom":"","ocean_shortcode_after_footer_bottom":"","ocean_display_top_bar":"default","ocean_display_header":"default","ocean_header_style":"","ocean_center_header_left_menu":"0","ocean_custom_header_template":"0","ocean_custom_logo":0,"ocean_custom_retina_logo":0,"ocean_custom_logo_max_width":0,"ocean_custom_logo_tablet_max_width":0,"ocean_custom_logo_mobile_max_width":0,"ocean_custom_logo_max_height":0,"ocean_custom_logo_tablet_max_height":0,"ocean_custom_logo_mobile_max_height":0,"ocean_header_custom_menu":"0","ocean_menu_typo_font_family":"0","ocean_menu_typo_font_subset":"","ocean_menu_typo_font_size":0,"ocean_menu_typo_font_size_tablet":0,"ocean_menu_typo_font_size_mobile":0,"ocean_menu_typo_font_size_unit":"px","ocean_menu_typo_font_weight":"","ocean_menu_typo_font_weight_tablet":"","ocean_menu_typo_font_weight_mobile":"","ocean_menu_typo_transform":"","ocean_menu_typo_transform_tablet":"","ocean_menu_typo_transform_mobile":"","ocean_menu_typo_line_height":0,"ocean_menu_typo_line_height_tablet":0,"ocean_menu_typo_line_height_mobile":0,"ocean_menu_typo_line_height_unit":"","ocean_menu_typo_spacing":0,"ocean_menu_typo_spacing_tablet":0,"ocean_menu_typo_spacing_mobile":0,"ocean_menu_typo_spacing_unit":"","ocean_menu_link_color":"","ocean_menu_link_color_hover":"","ocean_menu_link_color_active":"","ocean_menu_link_background":"","ocean_menu_link_hover_background":"","ocean_menu_link_active_background":"","ocean_menu_social_links_bg":"","ocean_menu_social_hover_links_bg":"","ocean_menu_social_links_color":"","ocean_menu_social_hover_links_color":"","ocean_disable_title":"default","ocean_disable_heading":"default","ocean_post_title":"","ocean_post_subheading":"","ocean_post_title_style":"","ocean_post_title_background_color":"","ocean_post_title_background":0,"ocean_post_title_bg_image_position":"","ocean_post_title_bg_image_attachment":"","ocean_post_title_bg_image_repeat":"","ocean_post_title_bg_image_size":"","ocean_post_title_height":0,"ocean_post_title_bg_overlay":0.5,"ocean_post_title_bg_overlay_color":"","ocean_disable_breadcrumbs":"default","ocean_breadcrumbs_color":"","ocean_breadcrumbs_separator_color":"","ocean_breadcrumbs_links_color":"","ocean_breadcrumbs_links_hover_color":"","ocean_display_footer_widgets":"default","ocean_display_footer_bottom":"default","ocean_custom_footer_template":"0","_joinchat":[]},"product_brand":[],"product_cat":[16],"product_tag":[],"class_list":{"0":"post-2887","1":"product","2":"type-product","3":"status-publish","4":"has-post-thumbnail","6":"product_cat-sin-categorizar","8":"entry","9":"has-media","11":"first","12":"instock","13":"shipping-taxable","14":"purchasable","15":"product-type-simple","16":"has-product-nav","17":"col","18":"span_1_of_3","19":"owp-content-center","20":"owp-thumbs-layout-horizontal","21":"owp-btn-normal","22":"owp-tabs-layout-horizontal","23":"has-no-thumbnails"},"_links":{"self":[{"href":"https:\/\/telemetry.com.pe\/index.php\/wp-json\/wp\/v2\/product\/2887","targetHints":{"allow":["GET"]}}],"collection":[{"href":"https:\/\/telemetry.com.pe\/index.php\/wp-json\/wp\/v2\/product"}],"about":[{"href":"https:\/\/telemetry.com.pe\/index.php\/wp-json\/wp\/v2\/types\/product"}],"replies":[{"embeddable":true,"href":"https:\/\/telemetry.com.pe\/index.php\/wp-json\/wp\/v2\/comments?post=2887"}],"wp:featuredmedia":[{"embeddable":true,"href":"https:\/\/telemetry.com.pe\/index.php\/wp-json\/wp\/v2\/media\/2892"}],"wp:attachment":[{"href":"https:\/\/telemetry.com.pe\/index.php\/wp-json\/wp\/v2\/media?parent=2887"}],"wp:term":[{"taxonomy":"product_brand","embeddable":true,"href":"https:\/\/telemetry.com.pe\/index.php\/wp-json\/wp\/v2\/product_brand?post=2887"},{"taxonomy":"product_cat","embeddable":true,"href":"https:\/\/telemetry.com.pe\/index.php\/wp-json\/wp\/v2\/product_cat?post=2887"},{"taxonomy":"product_tag","embeddable":true,"href":"https:\/\/telemetry.com.pe\/index.php\/wp-json\/wp\/v2\/product_tag?post=2887"}],"curies":[{"name":"wp","href":"https:\/\/api.w.org\/{rel}","templated":true}]}}