{"id":3128,"date":"2023-09-18T15:16:55","date_gmt":"2023-09-18T15:16:55","guid":{"rendered":"http:\/\/telemetry.com.pe\/?post_type=product&#038;p=3128"},"modified":"2023-09-18T15:16:55","modified_gmt":"2023-09-18T15:16:55","slug":"analizador-open-path-co2-h2o-integrado-con-anemometro-sonico-3d","status":"publish","type":"product","link":"https:\/\/telemetry.com.pe\/index.php\/producto\/analizador-open-path-co2-h2o-integrado-con-anemometro-sonico-3d\/","title":{"rendered":"Analizador Open-Path CO2\/H2O integrado con anem\u00f3metro s\u00f3nico 3D"},"content":{"rendered":"<p><span>IRGASON\u00a0<\/span><sup><span>\u00ae<\/span><\/sup><span>\u00a0de Campbell Scientific integra completamente el analizador de trayectoria abierta y el anem\u00f3metro s\u00f3nico.\u00a0Dise\u00f1ado espec\u00edficamente para mediciones de flujo de agua y carbono de covarianza de remolinos, el dise\u00f1o patentado es m\u00e1s f\u00e1cil de instalar y usar que los sensores separados y proporciona una mayor precisi\u00f3n de medici\u00f3n.\u00a0El IRGASON\u00a0<\/span><sup><span>\u00ae<\/span><\/sup><span>\u00a0mide simult\u00e1neamente di\u00f3xido de carbono absoluto y vapor de agua, temperatura del aire, presi\u00f3n barom\u00e9trica, velocidad del viento tridimensional y temperatura s\u00f3nica del aire.\u00a0<\/span><em><span>Patente estadounidense D680455<\/span><\/em><\/p>\n<h2><span>Ventajas y caracter\u00edsticas<\/span><\/h2>\n<ul>\n<li><span>El nuevo revestimiento de conformaci\u00f3n ayuda a proteger los transductores s\u00f3nicos en entornos corrosivos<\/span><\/li>\n<li><span>La estructura de soporte combinada causa menos distorsi\u00f3n de flujo que dos sensores separados<\/span><\/li>\n<li><span>Las mediciones del anem\u00f3metro s\u00f3nico y del analizador de gases verdaderamente colocados evitan la p\u00e9rdida de flujo debido a la separaci\u00f3n del sensor<\/span><\/li>\n<li><span>Las mediciones sincronizadas del analizador de gases y del anem\u00f3metro s\u00f3nico evitan la necesidad de corregir el desfase temporal<\/span><\/li>\n<li><span>Bajo consumo de energ\u00eda;\u00a0adecuado para aplicaciones de energ\u00eda solar<\/span><\/li>\n<li><span>Las mediciones tienen compensaci\u00f3n de temperatura sin control de calor activo<\/span><\/li>\n<li><span>Ruido bajo<\/span><\/li>\n<li><span>Tasa de salida m\u00e1xima de 60 Hz con un ancho de banda de 20 Hz<\/span><\/li>\n<li><span>Las ventanas en \u00e1ngulo arrojan agua y son tolerantes a la contaminaci\u00f3n de las ventanas<\/span><\/li>\n<li><span>resistente al campo<\/span><\/li>\n<li><span>Reparable en campo<\/span><\/li>\n<li><span>Calibrado de f\u00e1brica en un amplio rango de CO\u00a0<\/span><sub><span>2<\/span><\/sub><span>\u00a0, H\u00a0<\/span><sub><span>2<\/span><\/sub><span>\u00a0O, presi\u00f3n y temperatura en todas las combinaciones encontradas en la pr\u00e1ctica<\/span><\/li>\n<li><span>Amplio conjunto de par\u00e1metros de diagn\u00f3stico<\/span><\/li>\n<li><span>Totalmente compatible con los registradores de datos de Campbell Scientific;\u00a0la instalaci\u00f3n y configuraci\u00f3n del campo y el cero y el intervalo del campo se pueden realizar directamente desde el registrador de datos<\/span><\/li>\n<li><span>Temperatura s\u00f3nica determinada a partir de tres caminos ac\u00fasticos;\u00a0corregido por efectos de viento cruzado<\/span><\/li>\n<li><span>El innovador procesamiento de se\u00f1ales y las mechas del transductor mejoran considerablemente el rendimiento del anem\u00f3metro durante los eventos de precipitaci\u00f3n.<\/span><\/li>\n<\/ul>\n","protected":false},"excerpt":{"rendered":"<p>IRGASON\u00a0\u00ae\u00a0de Campbell Scientific integra completamente el analizador de trayectoria abierta y el anem\u00f3metro s\u00f3nico.\u00a0Dise\u00f1ado espec\u00edficamente para mediciones de flujo de agua y carbono de covarianza de remolinos, el dise\u00f1o patentado es m\u00e1s f\u00e1cil de instalar y usar que los sensores separados y proporciona una mayor precisi\u00f3n de medici\u00f3n.\u00a0El IRGASON\u00a0\u00ae\u00a0mide simult\u00e1neamente di\u00f3xido de carbono absoluto y [&hellip;]<\/p>\n","protected":false},"featured_media":3129,"comment_status":"open","ping_status":"closed","template":"","meta":{"om_disable_all_campaigns":false,"ocean_post_layout":"","ocean_both_sidebars_style":"","ocean_both_sidebars_content_width":0,"ocean_both_sidebars_sidebars_width":0,"ocean_sidebar":"0","ocean_second_sidebar":"0","ocean_disable_margins":"enable","ocean_add_body_class":"","ocean_shortcode_before_top_bar":"","ocean_shortcode_after_top_bar":"","ocean_shortcode_before_header":"","ocean_shortcode_after_header":"","ocean_has_shortcode":"","ocean_shortcode_after_title":"","ocean_shortcode_before_footer_widgets":"","ocean_shortcode_after_footer_widgets":"","ocean_shortcode_before_footer_bottom":"","ocean_shortcode_after_footer_bottom":"","ocean_display_top_bar":"default","ocean_display_header":"default","ocean_header_style":"","ocean_center_header_left_menu":"0","ocean_custom_header_template":"0","ocean_custom_logo":0,"ocean_custom_retina_logo":0,"ocean_custom_logo_max_width":0,"ocean_custom_logo_tablet_max_width":0,"ocean_custom_logo_mobile_max_width":0,"ocean_custom_logo_max_height":0,"ocean_custom_logo_tablet_max_height":0,"ocean_custom_logo_mobile_max_height":0,"ocean_header_custom_menu":"0","ocean_menu_typo_font_family":"0","ocean_menu_typo_font_subset":"","ocean_menu_typo_font_size":0,"ocean_menu_typo_font_size_tablet":0,"ocean_menu_typo_font_size_mobile":0,"ocean_menu_typo_font_size_unit":"px","ocean_menu_typo_font_weight":"","ocean_menu_typo_font_weight_tablet":"","ocean_menu_typo_font_weight_mobile":"","ocean_menu_typo_transform":"","ocean_menu_typo_transform_tablet":"","ocean_menu_typo_transform_mobile":"","ocean_menu_typo_line_height":0,"ocean_menu_typo_line_height_tablet":0,"ocean_menu_typo_line_height_mobile":0,"ocean_menu_typo_line_height_unit":"","ocean_menu_typo_spacing":0,"ocean_menu_typo_spacing_tablet":0,"ocean_menu_typo_spacing_mobile":0,"ocean_menu_typo_spacing_unit":"","ocean_menu_link_color":"","ocean_menu_link_color_hover":"","ocean_menu_link_color_active":"","ocean_menu_link_background":"","ocean_menu_link_hover_background":"","ocean_menu_link_active_background":"","ocean_menu_social_links_bg":"","ocean_menu_social_hover_links_bg":"","ocean_menu_social_links_color":"","ocean_menu_social_hover_links_color":"","ocean_disable_title":"default","ocean_disable_heading":"default","ocean_post_title":"","ocean_post_subheading":"","ocean_post_title_style":"","ocean_post_title_background_color":"","ocean_post_title_background":0,"ocean_post_title_bg_image_position":"","ocean_post_title_bg_image_attachment":"","ocean_post_title_bg_image_repeat":"","ocean_post_title_bg_image_size":"","ocean_post_title_height":0,"ocean_post_title_bg_overlay":0.5,"ocean_post_title_bg_overlay_color":"","ocean_disable_breadcrumbs":"default","ocean_breadcrumbs_color":"","ocean_breadcrumbs_separator_color":"","ocean_breadcrumbs_links_color":"","ocean_breadcrumbs_links_hover_color":"","ocean_display_footer_widgets":"default","ocean_display_footer_bottom":"default","ocean_custom_footer_template":"0","_joinchat":[]},"product_brand":[],"product_cat":[16],"product_tag":[],"class_list":{"0":"post-3128","1":"product","2":"type-product","3":"status-publish","4":"has-post-thumbnail","6":"product_cat-sin-categorizar","8":"entry","9":"has-media","11":"first","12":"instock","13":"shipping-taxable","14":"purchasable","15":"product-type-simple","16":"has-product-nav","17":"col","18":"span_1_of_3","19":"owp-content-center","20":"owp-thumbs-layout-horizontal","21":"owp-btn-normal","22":"owp-tabs-layout-horizontal","23":"has-no-thumbnails"},"_links":{"self":[{"href":"https:\/\/telemetry.com.pe\/index.php\/wp-json\/wp\/v2\/product\/3128","targetHints":{"allow":["GET"]}}],"collection":[{"href":"https:\/\/telemetry.com.pe\/index.php\/wp-json\/wp\/v2\/product"}],"about":[{"href":"https:\/\/telemetry.com.pe\/index.php\/wp-json\/wp\/v2\/types\/product"}],"replies":[{"embeddable":true,"href":"https:\/\/telemetry.com.pe\/index.php\/wp-json\/wp\/v2\/comments?post=3128"}],"wp:featuredmedia":[{"embeddable":true,"href":"https:\/\/telemetry.com.pe\/index.php\/wp-json\/wp\/v2\/media\/3129"}],"wp:attachment":[{"href":"https:\/\/telemetry.com.pe\/index.php\/wp-json\/wp\/v2\/media?parent=3128"}],"wp:term":[{"taxonomy":"product_brand","embeddable":true,"href":"https:\/\/telemetry.com.pe\/index.php\/wp-json\/wp\/v2\/product_brand?post=3128"},{"taxonomy":"product_cat","embeddable":true,"href":"https:\/\/telemetry.com.pe\/index.php\/wp-json\/wp\/v2\/product_cat?post=3128"},{"taxonomy":"product_tag","embeddable":true,"href":"https:\/\/telemetry.com.pe\/index.php\/wp-json\/wp\/v2\/product_tag?post=3128"}],"curies":[{"name":"wp","href":"https:\/\/api.w.org\/{rel}","templated":true}]}}