{"id":3130,"date":"2023-09-18T15:16:55","date_gmt":"2023-09-18T15:16:55","guid":{"rendered":"http:\/\/telemetry.com.pe\/?post_type=product&#038;p=3130"},"modified":"2023-09-18T15:16:55","modified_gmt":"2023-09-18T15:16:55","slug":"ec150","status":"publish","type":"product","link":"https:\/\/telemetry.com.pe\/index.php\/producto\/ec150\/","title":{"rendered":"EC150"},"content":{"rendered":"<p>El EC150 de Campbell Scientific es un analizador open-path especialmente dise\u00f1ado para medida de flujos eddy-covariance (covarianza torbellinos). Como analizador aut\u00f3nomo, mide simult\u00e1neamente densidades absolutas de di\u00f3xido de carbono y vapor de agua, temperatura del aire y presi\u00f3n barom\u00e9trica. Junto con el cabezal anem\u00f3metro s\u00f3nico CSAT3A (opcional), el EC150 mide tambi\u00e9n el viento en tres dimensiones y la temperatura del aire (s\u00f3nica).<\/p>\n<h2>Ventajas y caracter\u00edsticas<\/h2>\n<ul>\n<li>New conformal coating helps protect sonic transducers in corrosive environments<\/li>\n<li>Unique optical configuration gives a slim aerodynamic shape with minimal wind distortion<\/li>\n<li>Analyzer and sonic anemometer measurements are synchronized by a common set of electronics<\/li>\n<li>Maximum output rate of 60 Hz with 20 Hz bandwidth<\/li>\n<li>Low power consumption; suitable for solar power applications<\/li>\n<li>Low noise<\/li>\n<li>Measurements are temperature compensated without active heat control<\/li>\n<li>Angled windows to shed water and are tolerant to window contamination<\/li>\n<li>Field rugged<\/li>\n<li>Field serviceable<\/li>\n<li>Factory calibrated over wide range of CO<sub>2<\/sub>, H<sub>2<\/sub>O, pressure, and temperature in all combinations encountered in practice<\/li>\n<li>Extensive set of diagnostic parameters<\/li>\n<li>Fully compatible with Campbell Scientific dataloggers; field setup, configuration, and field zero and span can be accomplished directly from the datalogger<\/li>\n<li>Speed of sound determined from three acoustic paths; corrected for crosswind effects<\/li>\n<li>Innovative signal processing and transducer wicks considerably improve performance of the anemometer during precipitation events<\/li>\n<\/ul>\n","protected":false},"excerpt":{"rendered":"<p>El EC150 de Campbell Scientific es un analizador open-path especialmente dise\u00f1ado para medida de flujos eddy-covariance (covarianza torbellinos). Como analizador aut\u00f3nomo, mide simult\u00e1neamente densidades absolutas de di\u00f3xido de carbono y vapor de agua, temperatura del aire y presi\u00f3n barom\u00e9trica. Junto con el cabezal anem\u00f3metro s\u00f3nico CSAT3A (opcional), el EC150 mide tambi\u00e9n el viento en tres [&hellip;]<\/p>\n","protected":false},"featured_media":3132,"comment_status":"open","ping_status":"closed","template":"","meta":{"om_disable_all_campaigns":false,"ocean_post_layout":"","ocean_both_sidebars_style":"","ocean_both_sidebars_content_width":0,"ocean_both_sidebars_sidebars_width":0,"ocean_sidebar":"0","ocean_second_sidebar":"0","ocean_disable_margins":"enable","ocean_add_body_class":"","ocean_shortcode_before_top_bar":"","ocean_shortcode_after_top_bar":"","ocean_shortcode_before_header":"","ocean_shortcode_after_header":"","ocean_has_shortcode":"","ocean_shortcode_after_title":"","ocean_shortcode_before_footer_widgets":"","ocean_shortcode_after_footer_widgets":"","ocean_shortcode_before_footer_bottom":"","ocean_shortcode_after_footer_bottom":"","ocean_display_top_bar":"default","ocean_display_header":"default","ocean_header_style":"","ocean_center_header_left_menu":"0","ocean_custom_header_template":"0","ocean_custom_logo":0,"ocean_custom_retina_logo":0,"ocean_custom_logo_max_width":0,"ocean_custom_logo_tablet_max_width":0,"ocean_custom_logo_mobile_max_width":0,"ocean_custom_logo_max_height":0,"ocean_custom_logo_tablet_max_height":0,"ocean_custom_logo_mobile_max_height":0,"ocean_header_custom_menu":"0","ocean_menu_typo_font_family":"0","ocean_menu_typo_font_subset":"","ocean_menu_typo_font_size":0,"ocean_menu_typo_font_size_tablet":0,"ocean_menu_typo_font_size_mobile":0,"ocean_menu_typo_font_size_unit":"px","ocean_menu_typo_font_weight":"","ocean_menu_typo_font_weight_tablet":"","ocean_menu_typo_font_weight_mobile":"","ocean_menu_typo_transform":"","ocean_menu_typo_transform_tablet":"","ocean_menu_typo_transform_mobile":"","ocean_menu_typo_line_height":0,"ocean_menu_typo_line_height_tablet":0,"ocean_menu_typo_line_height_mobile":0,"ocean_menu_typo_line_height_unit":"","ocean_menu_typo_spacing":0,"ocean_menu_typo_spacing_tablet":0,"ocean_menu_typo_spacing_mobile":0,"ocean_menu_typo_spacing_unit":"","ocean_menu_link_color":"","ocean_menu_link_color_hover":"","ocean_menu_link_color_active":"","ocean_menu_link_background":"","ocean_menu_link_hover_background":"","ocean_menu_link_active_background":"","ocean_menu_social_links_bg":"","ocean_menu_social_hover_links_bg":"","ocean_menu_social_links_color":"","ocean_menu_social_hover_links_color":"","ocean_disable_title":"default","ocean_disable_heading":"default","ocean_post_title":"","ocean_post_subheading":"","ocean_post_title_style":"","ocean_post_title_background_color":"","ocean_post_title_background":0,"ocean_post_title_bg_image_position":"","ocean_post_title_bg_image_attachment":"","ocean_post_title_bg_image_repeat":"","ocean_post_title_bg_image_size":"","ocean_post_title_height":0,"ocean_post_title_bg_overlay":0.5,"ocean_post_title_bg_overlay_color":"","ocean_disable_breadcrumbs":"default","ocean_breadcrumbs_color":"","ocean_breadcrumbs_separator_color":"","ocean_breadcrumbs_links_color":"","ocean_breadcrumbs_links_hover_color":"","ocean_display_footer_widgets":"default","ocean_display_footer_bottom":"default","ocean_custom_footer_template":"0","_joinchat":[]},"product_brand":[],"product_cat":[16],"product_tag":[],"class_list":{"0":"post-3130","1":"product","2":"type-product","3":"status-publish","4":"has-post-thumbnail","6":"product_cat-sin-categorizar","8":"entry","9":"has-media","11":"first","12":"instock","13":"shipping-taxable","14":"purchasable","15":"product-type-simple","16":"has-product-nav","17":"col","18":"span_1_of_3","19":"owp-content-center","20":"owp-thumbs-layout-horizontal","21":"owp-btn-normal","22":"owp-tabs-layout-horizontal","23":"has-no-thumbnails"},"_links":{"self":[{"href":"https:\/\/telemetry.com.pe\/index.php\/wp-json\/wp\/v2\/product\/3130","targetHints":{"allow":["GET"]}}],"collection":[{"href":"https:\/\/telemetry.com.pe\/index.php\/wp-json\/wp\/v2\/product"}],"about":[{"href":"https:\/\/telemetry.com.pe\/index.php\/wp-json\/wp\/v2\/types\/product"}],"replies":[{"embeddable":true,"href":"https:\/\/telemetry.com.pe\/index.php\/wp-json\/wp\/v2\/comments?post=3130"}],"wp:featuredmedia":[{"embeddable":true,"href":"https:\/\/telemetry.com.pe\/index.php\/wp-json\/wp\/v2\/media\/3132"}],"wp:attachment":[{"href":"https:\/\/telemetry.com.pe\/index.php\/wp-json\/wp\/v2\/media?parent=3130"}],"wp:term":[{"taxonomy":"product_brand","embeddable":true,"href":"https:\/\/telemetry.com.pe\/index.php\/wp-json\/wp\/v2\/product_brand?post=3130"},{"taxonomy":"product_cat","embeddable":true,"href":"https:\/\/telemetry.com.pe\/index.php\/wp-json\/wp\/v2\/product_cat?post=3130"},{"taxonomy":"product_tag","embeddable":true,"href":"https:\/\/telemetry.com.pe\/index.php\/wp-json\/wp\/v2\/product_tag?post=3130"}],"curies":[{"name":"wp","href":"https:\/\/api.w.org\/{rel}","templated":true}]}}