{"id":3134,"date":"2023-09-18T15:16:55","date_gmt":"2023-09-18T15:16:55","guid":{"rendered":"http:\/\/telemetry.com.pe\/?post_type=product&#038;p=3134"},"modified":"2023-09-18T15:16:55","modified_gmt":"2023-09-18T15:16:55","slug":"cpec310","status":"publish","type":"product","link":"https:\/\/telemetry.com.pe\/index.php\/producto\/cpec310\/","title":{"rendered":"CPEC310"},"content":{"rendered":"<p><span>El CPEC310 con EasyFlux\u00a0<\/span><sup><span>\u00ae<\/span><\/sup><span>\u00a0es un sistema de flujo llave en mano de covarianza de remolinos (EC) de camino cerrado para el monitoreo a largo plazo de los intercambios de di\u00f3xido de carbono, vapor de agua, calor y cantidad de movimiento entre la atm\u00f3sfera y la biosfera.\u00a0Un sistema completo consta de un analizador de gas de ruta cerrada (anem\u00f3metro s\u00f3nico de ruta cerrada EC155), anem\u00f3metro s\u00f3nico (anem\u00f3metro s\u00f3nico CSAT3A), registrador de datos (registrador de datos CR6), bomba de muestreo, m\u00f3dulo de tres v\u00e1lvulas que permite la puesta a cero autom\u00e1tica y el rango de\u00a0CO\u00a0<\/span><sub><span>2\u00a0<\/span><\/sub><span>\u00a0mediciones (span H\u00a0<\/span><sub><span>2<\/span><\/sub><span>\u00a0O manual) y adaptaciones para un m\u00f3dulo de expansi\u00f3n de entrada anal\u00f3gica CDM-A116 que permite sensores adicionales.<\/span><\/p>\n<p><span>El dise\u00f1o de entrada de v\u00f3rtice patentado del analizador de gases (patente de los Estados Unidos n.\u00ba 9.217.692) y el volumen peque\u00f1o de la celda de muestra (5,9 ml) proporcionan una velocidad de flujo mucho m\u00e1s baja que otros sistemas de ruta cerrada al tiempo que mantienen una excelente respuesta de frecuencia (frecuencia de corte de 4,3 Hz).\u00a0Adem\u00e1s, este dise\u00f1o hace que el sistema pr\u00e1cticamente no requiera mantenimiento y, al mismo tiempo, mantiene una respuesta de frecuencia ideal en comparaci\u00f3n con los filtros en l\u00ednea tradicionales.\u00a0El flujo m\u00e1s bajo permite que el CPEC310 tenga uno de los requisitos de energ\u00eda total del sistema m\u00e1s bajos (12 W) de cualquier sistema de covarianza de Foucault de camino cerrado.\u00a0Campbell Scientific fabrica todos los componentes del CPEC310, incluido el registrador de datos y el software EasyFlux\u00a0<\/span><sup><span>\u00ae<\/span><\/sup><span>\u00a0DL para calcular y corregir flujos, lo que le da a nuestro sistema la funcionalidad m\u00e1s confiable.<\/span><\/p>\n<h2><span>Ventajas y caracter\u00edsticas<\/span><\/h2>\n<ul>\n<li><span>El nuevo revestimiento de conformaci\u00f3n ayuda a proteger los transductores s\u00f3nicos en entornos corrosivos<\/span><\/li>\n<li><span>Sistema ampliable de gama alta con potencia de procesamiento de registrador de datos CR6 y software EasyFlux\u00a0<\/span><sup><span>\u00ae<\/span><\/sup><span>\u00a0DL para calcular y corregir completamente datos de hasta 20 Hz<\/span><\/li>\n<li><span>El m\u00f3dulo de 3 v\u00e1lvulas convierte al CPEC310 en el \u00fanico sistema de covarianza de Foucault de camino cerrado en el mercado con la capacidad de realizar un cero autom\u00e1tico y un rango de CO\u00a0<\/span><sub><span>2<\/span><\/sub><span>\u00a0\/H\u00a0<\/span><sub><span>2<\/span><\/sub><span>\u00a0O<\/span><\/li>\n<li><span>Opciones de puertos adicionales para balance de energ\u00eda y sensores atmosf\u00e9ricos<\/span><\/li>\n<li><span>Sistema ideal para torres bajas o altas<\/span><\/li>\n<li><span>El dise\u00f1o simple proporciona un uso f\u00e1cil mientras mantiene la funcionalidad completa<\/span><\/li>\n<\/ul>\n","protected":false},"excerpt":{"rendered":"<p>El CPEC310 con EasyFlux\u00a0\u00ae\u00a0es un sistema de flujo llave en mano de covarianza de remolinos (EC) de camino cerrado para el monitoreo a largo plazo de los intercambios de di\u00f3xido de carbono, vapor de agua, calor y cantidad de movimiento entre la atm\u00f3sfera y la biosfera.\u00a0Un sistema completo consta de un analizador de gas de [&hellip;]<\/p>\n","protected":false},"featured_media":0,"comment_status":"open","ping_status":"closed","template":"","meta":{"om_disable_all_campaigns":false,"ocean_post_layout":"","ocean_both_sidebars_style":"","ocean_both_sidebars_content_width":0,"ocean_both_sidebars_sidebars_width":0,"ocean_sidebar":"0","ocean_second_sidebar":"0","ocean_disable_margins":"enable","ocean_add_body_class":"","ocean_shortcode_before_top_bar":"","ocean_shortcode_after_top_bar":"","ocean_shortcode_before_header":"","ocean_shortcode_after_header":"","ocean_has_shortcode":"","ocean_shortcode_after_title":"","ocean_shortcode_before_footer_widgets":"","ocean_shortcode_after_footer_widgets":"","ocean_shortcode_before_footer_bottom":"","ocean_shortcode_after_footer_bottom":"","ocean_display_top_bar":"default","ocean_display_header":"default","ocean_header_style":"","ocean_center_header_left_menu":"0","ocean_custom_header_template":"0","ocean_custom_logo":0,"ocean_custom_retina_logo":0,"ocean_custom_logo_max_width":0,"ocean_custom_logo_tablet_max_width":0,"ocean_custom_logo_mobile_max_width":0,"ocean_custom_logo_max_height":0,"ocean_custom_logo_tablet_max_height":0,"ocean_custom_logo_mobile_max_height":0,"ocean_header_custom_menu":"0","ocean_menu_typo_font_family":"0","ocean_menu_typo_font_subset":"","ocean_menu_typo_font_size":0,"ocean_menu_typo_font_size_tablet":0,"ocean_menu_typo_font_size_mobile":0,"ocean_menu_typo_font_size_unit":"px","ocean_menu_typo_font_weight":"","ocean_menu_typo_font_weight_tablet":"","ocean_menu_typo_font_weight_mobile":"","ocean_menu_typo_transform":"","ocean_menu_typo_transform_tablet":"","ocean_menu_typo_transform_mobile":"","ocean_menu_typo_line_height":0,"ocean_menu_typo_line_height_tablet":0,"ocean_menu_typo_line_height_mobile":0,"ocean_menu_typo_line_height_unit":"","ocean_menu_typo_spacing":0,"ocean_menu_typo_spacing_tablet":0,"ocean_menu_typo_spacing_mobile":0,"ocean_menu_typo_spacing_unit":"","ocean_menu_link_color":"","ocean_menu_link_color_hover":"","ocean_menu_link_color_active":"","ocean_menu_link_background":"","ocean_menu_link_hover_background":"","ocean_menu_link_active_background":"","ocean_menu_social_links_bg":"","ocean_menu_social_hover_links_bg":"","ocean_menu_social_links_color":"","ocean_menu_social_hover_links_color":"","ocean_disable_title":"default","ocean_disable_heading":"default","ocean_post_title":"","ocean_post_subheading":"","ocean_post_title_style":"","ocean_post_title_background_color":"","ocean_post_title_background":0,"ocean_post_title_bg_image_position":"","ocean_post_title_bg_image_attachment":"","ocean_post_title_bg_image_repeat":"","ocean_post_title_bg_image_size":"","ocean_post_title_height":0,"ocean_post_title_bg_overlay":0.5,"ocean_post_title_bg_overlay_color":"","ocean_disable_breadcrumbs":"default","ocean_breadcrumbs_color":"","ocean_breadcrumbs_separator_color":"","ocean_breadcrumbs_links_color":"","ocean_breadcrumbs_links_hover_color":"","ocean_display_footer_widgets":"default","ocean_display_footer_bottom":"default","ocean_custom_footer_template":"0","_joinchat":[]},"product_brand":[],"product_cat":[16],"product_tag":[],"class_list":{"0":"post-3134","1":"product","2":"type-product","3":"status-publish","5":"product_cat-sin-categorizar","7":"entry","9":"first","10":"instock","11":"shipping-taxable","12":"purchasable","13":"product-type-simple","14":"has-product-nav","15":"col","16":"span_1_of_3","17":"owp-content-center","18":"owp-thumbs-layout-horizontal","19":"owp-btn-normal","20":"owp-tabs-layout-horizontal","21":"has-no-thumbnails"},"_links":{"self":[{"href":"https:\/\/telemetry.com.pe\/index.php\/wp-json\/wp\/v2\/product\/3134","targetHints":{"allow":["GET"]}}],"collection":[{"href":"https:\/\/telemetry.com.pe\/index.php\/wp-json\/wp\/v2\/product"}],"about":[{"href":"https:\/\/telemetry.com.pe\/index.php\/wp-json\/wp\/v2\/types\/product"}],"replies":[{"embeddable":true,"href":"https:\/\/telemetry.com.pe\/index.php\/wp-json\/wp\/v2\/comments?post=3134"}],"wp:attachment":[{"href":"https:\/\/telemetry.com.pe\/index.php\/wp-json\/wp\/v2\/media?parent=3134"}],"wp:term":[{"taxonomy":"product_brand","embeddable":true,"href":"https:\/\/telemetry.com.pe\/index.php\/wp-json\/wp\/v2\/product_brand?post=3134"},{"taxonomy":"product_cat","embeddable":true,"href":"https:\/\/telemetry.com.pe\/index.php\/wp-json\/wp\/v2\/product_cat?post=3134"},{"taxonomy":"product_tag","embeddable":true,"href":"https:\/\/telemetry.com.pe\/index.php\/wp-json\/wp\/v2\/product_tag?post=3134"}],"curies":[{"name":"wp","href":"https:\/\/api.w.org\/{rel}","templated":true}]}}