{"id":3138,"date":"2023-09-18T15:16:54","date_gmt":"2023-09-18T15:16:54","guid":{"rendered":"http:\/\/telemetry.com.pe\/?post_type=product&#038;p=3138"},"modified":"2023-09-18T15:16:54","modified_gmt":"2023-09-18T15:16:54","slug":"csat3b","status":"publish","type":"product","link":"https:\/\/telemetry.com.pe\/index.php\/producto\/csat3b\/","title":{"rendered":"CSAT3B"},"content":{"rendered":"<p><span>El anem\u00f3metro s\u00f3nico 3-D CSAT3B de Campbell Scientific es una actualizaci\u00f3n y reemplazo del CSAT3 original, y sigue siendo el anem\u00f3metro s\u00f3nico 3-D preferido para las mediciones de covarianza de remolinos.\u00a0Tiene un dise\u00f1o aerodin\u00e1mico, una trayectoria de medici\u00f3n vertical de 10 cm, funciona en un modo ac\u00fastico pulsado y resiste la exposici\u00f3n a condiciones clim\u00e1ticas adversas.\u00a0Se miden tres componentes de viento ortogonales (u\u00a0<\/span><sub><span>x<\/span><\/sub><span>\u00a0, u\u00a0<\/span><sub><span>y<\/span><\/sub><span>\u00a0, u\u00a0<\/span><sub><span>z<\/span><\/sub><span>\u00a0) y la temperatura s\u00f3nica (T\u00a0<\/span><sub><span>s<\/span><\/sub><span>\u00a0) y se emiten a una velocidad m\u00e1xima de 100 Hz.<\/span><\/p>\n<p><span>La innovaci\u00f3n m\u00e1s llamativa del nuevo dise\u00f1o es la eliminaci\u00f3n de la caja electr\u00f3nica.\u00a0En cambio, la electr\u00f3nica est\u00e1 empaquetada dentro del bloque de montaje del cabezal CSAT3B.\u00a0Esta caracter\u00edstica de dise\u00f1o facilita la instalaci\u00f3n y ofrece una mayor flexibilidad en la colocaci\u00f3n de instrumentos.<\/span><\/p>\n<p><span>Las mediciones se pueden activar desde tres fuentes:<\/span><\/p>\n<ul>\n<li><span>Comando SDM del registrador de datos<\/span><\/li>\n<li><span>Comando CPI del registrador de datos<\/span><\/li>\n<li><span>Reloj interno CSAT3B<\/span><\/li>\n<\/ul>\n<p><span>Los protocolos SDM y CPI admiten mecanismos para sincronizar m\u00faltiples CSAT3B.<\/span><\/p>\n<h2><span>Ventajas y caracter\u00edsticas<\/span><\/h2>\n<ul>\n<li><span>El nuevo revestimiento de conformaci\u00f3n ayuda a proteger los transductores s\u00f3nicos en entornos corrosivos<\/span><\/li>\n<li><span>Electr\u00f3nica integrada que facilita el montaje de una sola pieza de hardware<\/span><\/li>\n<li><span>Inclin\u00f3metro integrado<\/span><\/li>\n<li><span>Mediciones de alta precisi\u00f3n ideales para estudios de turbulencia y covarianza de remolinos<\/span><\/li>\n<li><span>Un dise\u00f1o mejorado con un puntal de soporte aerodin\u00e1mico delgado cerca de los extremos de los brazos del sensor, creando una mayor rigidez y precisi\u00f3n mejorada de la temperatura s\u00f3nica<\/span><\/li>\n<li><span>Muestreo de registrador de datos compatible con cualquier frecuencia entre 1 y 100 Hz<\/span><\/li>\n<li><span>Nuevas comunicaciones CPI para mediciones m\u00e1s s\u00f3lidas y de mayor ancho de banda<\/span><\/li>\n<li><span>M\u00faltiples opciones de comunicaci\u00f3n que incluyen SDM, CPI, USB y RS-485<\/span><\/li>\n<li><span>Mediciones internas de temperatura y humedad con desecante f\u00e1cil de reemplazar<\/span><\/li>\n<li><span>Algoritmo de la versi\u00f3n 5 para calcular las salidas de datos;\u00a0combina la sensibilidad de la se\u00f1al de la versi\u00f3n 3 con el rendimiento de la lluvia de la versi\u00f3n 4<\/span><\/li>\n<li><span>Incluye opciones para filtrar frecuencias altas para aplicaciones que requieren an\u00e1lisis de espectros sin alias.<\/span><\/li>\n<\/ul>\n","protected":false},"excerpt":{"rendered":"<p>El anem\u00f3metro s\u00f3nico 3-D CSAT3B de Campbell Scientific es una actualizaci\u00f3n y reemplazo del CSAT3 original, y sigue siendo el anem\u00f3metro s\u00f3nico 3-D preferido para las mediciones de covarianza de remolinos.\u00a0Tiene un dise\u00f1o aerodin\u00e1mico, una trayectoria de medici\u00f3n vertical de 10 cm, funciona en un modo ac\u00fastico pulsado y resiste la exposici\u00f3n a condiciones clim\u00e1ticas [&hellip;]<\/p>\n","protected":false},"featured_media":3139,"comment_status":"open","ping_status":"closed","template":"","meta":{"om_disable_all_campaigns":false,"ocean_post_layout":"","ocean_both_sidebars_style":"","ocean_both_sidebars_content_width":0,"ocean_both_sidebars_sidebars_width":0,"ocean_sidebar":"0","ocean_second_sidebar":"0","ocean_disable_margins":"enable","ocean_add_body_class":"","ocean_shortcode_before_top_bar":"","ocean_shortcode_after_top_bar":"","ocean_shortcode_before_header":"","ocean_shortcode_after_header":"","ocean_has_shortcode":"","ocean_shortcode_after_title":"","ocean_shortcode_before_footer_widgets":"","ocean_shortcode_after_footer_widgets":"","ocean_shortcode_before_footer_bottom":"","ocean_shortcode_after_footer_bottom":"","ocean_display_top_bar":"default","ocean_display_header":"default","ocean_header_style":"","ocean_center_header_left_menu":"0","ocean_custom_header_template":"0","ocean_custom_logo":0,"ocean_custom_retina_logo":0,"ocean_custom_logo_max_width":0,"ocean_custom_logo_tablet_max_width":0,"ocean_custom_logo_mobile_max_width":0,"ocean_custom_logo_max_height":0,"ocean_custom_logo_tablet_max_height":0,"ocean_custom_logo_mobile_max_height":0,"ocean_header_custom_menu":"0","ocean_menu_typo_font_family":"0","ocean_menu_typo_font_subset":"","ocean_menu_typo_font_size":0,"ocean_menu_typo_font_size_tablet":0,"ocean_menu_typo_font_size_mobile":0,"ocean_menu_typo_font_size_unit":"px","ocean_menu_typo_font_weight":"","ocean_menu_typo_font_weight_tablet":"","ocean_menu_typo_font_weight_mobile":"","ocean_menu_typo_transform":"","ocean_menu_typo_transform_tablet":"","ocean_menu_typo_transform_mobile":"","ocean_menu_typo_line_height":0,"ocean_menu_typo_line_height_tablet":0,"ocean_menu_typo_line_height_mobile":0,"ocean_menu_typo_line_height_unit":"","ocean_menu_typo_spacing":0,"ocean_menu_typo_spacing_tablet":0,"ocean_menu_typo_spacing_mobile":0,"ocean_menu_typo_spacing_unit":"","ocean_menu_link_color":"","ocean_menu_link_color_hover":"","ocean_menu_link_color_active":"","ocean_menu_link_background":"","ocean_menu_link_hover_background":"","ocean_menu_link_active_background":"","ocean_menu_social_links_bg":"","ocean_menu_social_hover_links_bg":"","ocean_menu_social_links_color":"","ocean_menu_social_hover_links_color":"","ocean_disable_title":"default","ocean_disable_heading":"default","ocean_post_title":"","ocean_post_subheading":"","ocean_post_title_style":"","ocean_post_title_background_color":"","ocean_post_title_background":0,"ocean_post_title_bg_image_position":"","ocean_post_title_bg_image_attachment":"","ocean_post_title_bg_image_repeat":"","ocean_post_title_bg_image_size":"","ocean_post_title_height":0,"ocean_post_title_bg_overlay":0.5,"ocean_post_title_bg_overlay_color":"","ocean_disable_breadcrumbs":"default","ocean_breadcrumbs_color":"","ocean_breadcrumbs_separator_color":"","ocean_breadcrumbs_links_color":"","ocean_breadcrumbs_links_hover_color":"","ocean_display_footer_widgets":"default","ocean_display_footer_bottom":"default","ocean_custom_footer_template":"0","_joinchat":[]},"product_brand":[],"product_cat":[16],"product_tag":[],"class_list":{"0":"post-3138","1":"product","2":"type-product","3":"status-publish","4":"has-post-thumbnail","6":"product_cat-sin-categorizar","8":"entry","9":"has-media","11":"first","12":"instock","13":"shipping-taxable","14":"purchasable","15":"product-type-simple","16":"has-product-nav","17":"col","18":"span_1_of_3","19":"owp-content-center","20":"owp-thumbs-layout-horizontal","21":"owp-btn-normal","22":"owp-tabs-layout-horizontal","23":"has-no-thumbnails"},"_links":{"self":[{"href":"https:\/\/telemetry.com.pe\/index.php\/wp-json\/wp\/v2\/product\/3138","targetHints":{"allow":["GET"]}}],"collection":[{"href":"https:\/\/telemetry.com.pe\/index.php\/wp-json\/wp\/v2\/product"}],"about":[{"href":"https:\/\/telemetry.com.pe\/index.php\/wp-json\/wp\/v2\/types\/product"}],"replies":[{"embeddable":true,"href":"https:\/\/telemetry.com.pe\/index.php\/wp-json\/wp\/v2\/comments?post=3138"}],"wp:featuredmedia":[{"embeddable":true,"href":"https:\/\/telemetry.com.pe\/index.php\/wp-json\/wp\/v2\/media\/3139"}],"wp:attachment":[{"href":"https:\/\/telemetry.com.pe\/index.php\/wp-json\/wp\/v2\/media?parent=3138"}],"wp:term":[{"taxonomy":"product_brand","embeddable":true,"href":"https:\/\/telemetry.com.pe\/index.php\/wp-json\/wp\/v2\/product_brand?post=3138"},{"taxonomy":"product_cat","embeddable":true,"href":"https:\/\/telemetry.com.pe\/index.php\/wp-json\/wp\/v2\/product_cat?post=3138"},{"taxonomy":"product_tag","embeddable":true,"href":"https:\/\/telemetry.com.pe\/index.php\/wp-json\/wp\/v2\/product_tag?post=3138"}],"curies":[{"name":"wp","href":"https:\/\/api.w.org\/{rel}","templated":true}]}}