{"id":3157,"date":"2023-09-18T15:15:48","date_gmt":"2023-09-18T15:15:48","guid":{"rendered":"http:\/\/telemetry.com.pe\/?post_type=product&#038;p=3157"},"modified":"2023-09-18T15:15:48","modified_gmt":"2023-09-18T15:15:48","slug":"climavue50","status":"publish","type":"product","link":"https:\/\/telemetry.com.pe\/index.php\/producto\/climavue50\/","title":{"rendered":"ClimaVUE50"},"content":{"rendered":"<p>El ClimaVUE \u212250 es un sensor meteorol\u00f3gico asequible compacto todo en uno, que va a satisfacer sus necesidades t\u00edpicas de monitorizaci\u00f3n meteorol\u00f3gica con simplicidad, al combinarlo con cualquiera de las plataformas de recogida de datos altamente flexibles y escalables de Campbell Scientific. Este sensor utiliza SDI-12 para transmitir la temperatura del aire, humedad relativa, presi\u00f3n de vapor, presi\u00f3n atmosf\u00e9rica, viento (velocidad, r\u00e1faga y direcci\u00f3n), radiaci\u00f3n solar, lluvia y detecci\u00f3n rayos (conteo y distancia). Lo hace sin partes m\u00f3viles, y consume poca energ\u00eda. Incluye un inclin\u00f3metro que asegura la integridad de los datos a largo plazo. Este equipo es ideal para una r\u00e1pida puesta en marcha, uso en lugares remotas, o en grandes redes como parte de un sistema m\u00e1s complejo, o para si tan solo necesita algo simple.<\/p>\n<h2>Ventajas y caracter\u00edsticas<\/h2>\n<ul>\n<li>Todas las t\u00edpicas medidas meteorol\u00f3gicas accesibles mediante una simple salida digital (SDI-12)<\/li>\n<li>Consumo medio inferior a 1mA, ideal para sitios donde s\u00f3lo sea viable alimentaci\u00f3n solar<\/li>\n<li>Inclin\u00f3metro integrado que ayuda a tener siempre nivelado el sensor<\/li>\n<li>Bajo mantenimiento, sin partes m\u00f3viles, lo que reduce costes y tiempo<\/li>\n<li>No requiere configuraci\u00f3n<\/li>\n<li>Dise\u00f1o compacto con una r\u00e1pida puesta en marcha y bajo impacto visual<\/li>\n<li>Compatible con los dataloggers Campbell Scientific<\/li>\n<li>Cable desmontable, que facilita la sustituci\u00f3n en campo<\/li>\n<\/ul>\n","protected":false},"excerpt":{"rendered":"<p>El ClimaVUE \u212250 es un sensor meteorol\u00f3gico asequible compacto todo en uno, que va a satisfacer sus necesidades t\u00edpicas de monitorizaci\u00f3n meteorol\u00f3gica con simplicidad, al combinarlo con cualquiera de las plataformas de recogida de datos altamente flexibles y escalables de Campbell Scientific. Este sensor utiliza SDI-12 para transmitir la temperatura del aire, humedad relativa, presi\u00f3n [&hellip;]<\/p>\n","protected":false},"featured_media":3158,"comment_status":"open","ping_status":"closed","template":"","meta":{"om_disable_all_campaigns":false,"ocean_post_layout":"","ocean_both_sidebars_style":"","ocean_both_sidebars_content_width":0,"ocean_both_sidebars_sidebars_width":0,"ocean_sidebar":"0","ocean_second_sidebar":"0","ocean_disable_margins":"enable","ocean_add_body_class":"","ocean_shortcode_before_top_bar":"","ocean_shortcode_after_top_bar":"","ocean_shortcode_before_header":"","ocean_shortcode_after_header":"","ocean_has_shortcode":"","ocean_shortcode_after_title":"","ocean_shortcode_before_footer_widgets":"","ocean_shortcode_after_footer_widgets":"","ocean_shortcode_before_footer_bottom":"","ocean_shortcode_after_footer_bottom":"","ocean_display_top_bar":"default","ocean_display_header":"default","ocean_header_style":"","ocean_center_header_left_menu":"0","ocean_custom_header_template":"0","ocean_custom_logo":0,"ocean_custom_retina_logo":0,"ocean_custom_logo_max_width":0,"ocean_custom_logo_tablet_max_width":0,"ocean_custom_logo_mobile_max_width":0,"ocean_custom_logo_max_height":0,"ocean_custom_logo_tablet_max_height":0,"ocean_custom_logo_mobile_max_height":0,"ocean_header_custom_menu":"0","ocean_menu_typo_font_family":"0","ocean_menu_typo_font_subset":"","ocean_menu_typo_font_size":0,"ocean_menu_typo_font_size_tablet":0,"ocean_menu_typo_font_size_mobile":0,"ocean_menu_typo_font_size_unit":"px","ocean_menu_typo_font_weight":"","ocean_menu_typo_font_weight_tablet":"","ocean_menu_typo_font_weight_mobile":"","ocean_menu_typo_transform":"","ocean_menu_typo_transform_tablet":"","ocean_menu_typo_transform_mobile":"","ocean_menu_typo_line_height":0,"ocean_menu_typo_line_height_tablet":0,"ocean_menu_typo_line_height_mobile":0,"ocean_menu_typo_line_height_unit":"","ocean_menu_typo_spacing":0,"ocean_menu_typo_spacing_tablet":0,"ocean_menu_typo_spacing_mobile":0,"ocean_menu_typo_spacing_unit":"","ocean_menu_link_color":"","ocean_menu_link_color_hover":"","ocean_menu_link_color_active":"","ocean_menu_link_background":"","ocean_menu_link_hover_background":"","ocean_menu_link_active_background":"","ocean_menu_social_links_bg":"","ocean_menu_social_hover_links_bg":"","ocean_menu_social_links_color":"","ocean_menu_social_hover_links_color":"","ocean_disable_title":"default","ocean_disable_heading":"default","ocean_post_title":"","ocean_post_subheading":"","ocean_post_title_style":"","ocean_post_title_background_color":"","ocean_post_title_background":0,"ocean_post_title_bg_image_position":"","ocean_post_title_bg_image_attachment":"","ocean_post_title_bg_image_repeat":"","ocean_post_title_bg_image_size":"","ocean_post_title_height":0,"ocean_post_title_bg_overlay":0.5,"ocean_post_title_bg_overlay_color":"","ocean_disable_breadcrumbs":"default","ocean_breadcrumbs_color":"","ocean_breadcrumbs_separator_color":"","ocean_breadcrumbs_links_color":"","ocean_breadcrumbs_links_hover_color":"","ocean_display_footer_widgets":"default","ocean_display_footer_bottom":"default","ocean_custom_footer_template":"0","_joinchat":[]},"product_brand":[],"product_cat":[16],"product_tag":[],"class_list":{"0":"post-3157","1":"product","2":"type-product","3":"status-publish","4":"has-post-thumbnail","6":"product_cat-sin-categorizar","8":"entry","9":"has-media","11":"first","12":"instock","13":"shipping-taxable","14":"purchasable","15":"product-type-simple","16":"has-product-nav","17":"col","18":"span_1_of_3","19":"owp-content-center","20":"owp-thumbs-layout-horizontal","21":"owp-btn-normal","22":"owp-tabs-layout-horizontal","23":"has-no-thumbnails"},"_links":{"self":[{"href":"https:\/\/telemetry.com.pe\/index.php\/wp-json\/wp\/v2\/product\/3157","targetHints":{"allow":["GET"]}}],"collection":[{"href":"https:\/\/telemetry.com.pe\/index.php\/wp-json\/wp\/v2\/product"}],"about":[{"href":"https:\/\/telemetry.com.pe\/index.php\/wp-json\/wp\/v2\/types\/product"}],"replies":[{"embeddable":true,"href":"https:\/\/telemetry.com.pe\/index.php\/wp-json\/wp\/v2\/comments?post=3157"}],"wp:featuredmedia":[{"embeddable":true,"href":"https:\/\/telemetry.com.pe\/index.php\/wp-json\/wp\/v2\/media\/3158"}],"wp:attachment":[{"href":"https:\/\/telemetry.com.pe\/index.php\/wp-json\/wp\/v2\/media?parent=3157"}],"wp:term":[{"taxonomy":"product_brand","embeddable":true,"href":"https:\/\/telemetry.com.pe\/index.php\/wp-json\/wp\/v2\/product_brand?post=3157"},{"taxonomy":"product_cat","embeddable":true,"href":"https:\/\/telemetry.com.pe\/index.php\/wp-json\/wp\/v2\/product_cat?post=3157"},{"taxonomy":"product_tag","embeddable":true,"href":"https:\/\/telemetry.com.pe\/index.php\/wp-json\/wp\/v2\/product_tag?post=3157"}],"curies":[{"name":"wp","href":"https:\/\/api.w.org\/{rel}","templated":true}]}}