{"id":3202,"date":"2023-09-18T15:15:47","date_gmt":"2023-09-18T15:15:47","guid":{"rendered":"http:\/\/telemetry.com.pe\/?post_type=product&#038;p=3202"},"modified":"2023-09-18T15:15:47","modified_gmt":"2023-09-18T15:15:47","slug":"wintersense-sensor-temperatura-de-superficie-no-invasivo-con-plataforma-en-la-nube","status":"publish","type":"product","link":"https:\/\/telemetry.com.pe\/index.php\/producto\/wintersense-sensor-temperatura-de-superficie-no-invasivo-con-plataforma-en-la-nube\/","title":{"rendered":"Wintersense Sensor temperatura de superficie no invasivo con plataforma en la nube"},"content":{"rendered":"<div class=\"rowContenttrue\">\n<div class=\"col-lg-6 col-md-6 col-sm-12 col-xs-12 loc\" data-loc=\"1\" data-row=\"11\">\n<div id=\"c_357\" class=\"clearfix cHolder st691\" data-mstid=\"691\">\n<div id=\"recid:9544|tblid:50|view:0|fids:338\" class=\"comp\">\n<p><span>Wintersense utiliza tecnolog\u00eda sensores inteligentes junto con comunicaciones IoT y una soluci\u00f3n de datos alojada en la nube, que permite una r\u00e1pida densificaci\u00f3n de las redes meteorol\u00f3gicas de carreteras. El sensor Wintersense es un sensor inteligente completamente integrado, disponible en dos variantes.<\/span><\/p>\n<ul>\n<li><span>R1 proporciona la medida de temperatura de superficie no invasiva, en una unidad compacta autoalimentada y con comunicaciones integradas.<\/span><\/li>\n<li><span>R2 ofrece las mismas caracter\u00edsticas que R1 con el a\u00f1adido de medidas de temperatura del aire, humedad relativa y punto de roc\u00edo.<\/span><\/li>\n<\/ul>\n<p><span>Wintersense proporciona datos consistentes 24\/7, que las agencias de predicci\u00f3n f\u00e1cilmente pueden usar para mejorar los servicios de predicci\u00f3n basados en rutas. Las autoridades viales podr\u00e1n minimizar gastos, con decisiones de tratamiento basadas en rutas m\u00e1s inteligentes, y la confianza adicional que aportan los datos de Wintersense<\/span><\/p>\n<p><span>Los datos de los sensores inteligentes Wintersense se env\u00edan de forma inal\u00e1mbrica a trav\u00e9s de redes de IoT a una aplicaci\u00f3n web alojada en la nube. A trav\u00e9s de la aplicaci\u00f3n web, los usuarios pueden crear y administrar redes de sensores; establecer reglas de control de calidad y alertas autom\u00e1ticas sobre los datos entrantes; y exportar datos por FTP, API o polling DATEX II.<\/span><\/p>\n<\/div>\n<\/div>\n<\/div>\n<\/div>\n<div class=\"rowContenttrue\">\n<div class=\"col-lg-6 col-md-6 col-sm-12 col-xs-12 loc\" data-loc=\"2\" data-row=\"11\">\n<div id=\"c_361\" class=\"clearfix cHolder st696\" data-mstid=\"696\">\n<div>\n<h2><span>Ventajas y caracter\u00edsticas<\/span><\/h2>\n<ul>\n<li><span>R\u00e1pido de instalar, mover y reinstalar en nuevas ubicaciones<\/span><\/li>\n<li><span>Monitorice f\u00e1cilmente \u00e1reas problem\u00e1ticas, como cubiertas de puentes<\/span><\/li>\n<li><span>Forma rentable de densificar las redes RWIS<\/span><\/li>\n<li><span>Aplicaci\u00f3n web de plataforma abierta con API para exportar datos f\u00e1cilmente<\/span><\/li>\n<li><span>Datos consistentes 24\/7 para integraci\u00f3n en servicios de predicci\u00f3n basados en rutas<\/span><\/li>\n<li><span>Ideal para m\u00faltiples usos, incluidos carreteras, aparcamientos, carriles bici y aceras<\/span><\/li>\n<li><span>F\u00e1cil de mantener<\/span><\/li>\n<\/ul>\n<\/div>\n<\/div>\n<\/div>\n<\/div>\n","protected":false},"excerpt":{"rendered":"<p>Wintersense utiliza tecnolog\u00eda sensores inteligentes junto con comunicaciones IoT y una soluci\u00f3n de datos alojada en la nube, que permite una r\u00e1pida densificaci\u00f3n de las redes meteorol\u00f3gicas de carreteras. El sensor Wintersense es un sensor inteligente completamente integrado, disponible en dos variantes. R1 proporciona la medida de temperatura de superficie no invasiva, en una unidad [&hellip;]<\/p>\n","protected":false},"featured_media":3203,"comment_status":"open","ping_status":"closed","template":"","meta":{"om_disable_all_campaigns":false,"ocean_post_layout":"","ocean_both_sidebars_style":"","ocean_both_sidebars_content_width":0,"ocean_both_sidebars_sidebars_width":0,"ocean_sidebar":"0","ocean_second_sidebar":"0","ocean_disable_margins":"enable","ocean_add_body_class":"","ocean_shortcode_before_top_bar":"","ocean_shortcode_after_top_bar":"","ocean_shortcode_before_header":"","ocean_shortcode_after_header":"","ocean_has_shortcode":"","ocean_shortcode_after_title":"","ocean_shortcode_before_footer_widgets":"","ocean_shortcode_after_footer_widgets":"","ocean_shortcode_before_footer_bottom":"","ocean_shortcode_after_footer_bottom":"","ocean_display_top_bar":"default","ocean_display_header":"default","ocean_header_style":"","ocean_center_header_left_menu":"0","ocean_custom_header_template":"0","ocean_custom_logo":0,"ocean_custom_retina_logo":0,"ocean_custom_logo_max_width":0,"ocean_custom_logo_tablet_max_width":0,"ocean_custom_logo_mobile_max_width":0,"ocean_custom_logo_max_height":0,"ocean_custom_logo_tablet_max_height":0,"ocean_custom_logo_mobile_max_height":0,"ocean_header_custom_menu":"0","ocean_menu_typo_font_family":"0","ocean_menu_typo_font_subset":"","ocean_menu_typo_font_size":0,"ocean_menu_typo_font_size_tablet":0,"ocean_menu_typo_font_size_mobile":0,"ocean_menu_typo_font_size_unit":"px","ocean_menu_typo_font_weight":"","ocean_menu_typo_font_weight_tablet":"","ocean_menu_typo_font_weight_mobile":"","ocean_menu_typo_transform":"","ocean_menu_typo_transform_tablet":"","ocean_menu_typo_transform_mobile":"","ocean_menu_typo_line_height":0,"ocean_menu_typo_line_height_tablet":0,"ocean_menu_typo_line_height_mobile":0,"ocean_menu_typo_line_height_unit":"","ocean_menu_typo_spacing":0,"ocean_menu_typo_spacing_tablet":0,"ocean_menu_typo_spacing_mobile":0,"ocean_menu_typo_spacing_unit":"","ocean_menu_link_color":"","ocean_menu_link_color_hover":"","ocean_menu_link_color_active":"","ocean_menu_link_background":"","ocean_menu_link_hover_background":"","ocean_menu_link_active_background":"","ocean_menu_social_links_bg":"","ocean_menu_social_hover_links_bg":"","ocean_menu_social_links_color":"","ocean_menu_social_hover_links_color":"","ocean_disable_title":"default","ocean_disable_heading":"default","ocean_post_title":"","ocean_post_subheading":"","ocean_post_title_style":"","ocean_post_title_background_color":"","ocean_post_title_background":0,"ocean_post_title_bg_image_position":"","ocean_post_title_bg_image_attachment":"","ocean_post_title_bg_image_repeat":"","ocean_post_title_bg_image_size":"","ocean_post_title_height":0,"ocean_post_title_bg_overlay":0.5,"ocean_post_title_bg_overlay_color":"","ocean_disable_breadcrumbs":"default","ocean_breadcrumbs_color":"","ocean_breadcrumbs_separator_color":"","ocean_breadcrumbs_links_color":"","ocean_breadcrumbs_links_hover_color":"","ocean_display_footer_widgets":"default","ocean_display_footer_bottom":"default","ocean_custom_footer_template":"0","_joinchat":[]},"product_brand":[],"product_cat":[16],"product_tag":[],"class_list":{"0":"post-3202","1":"product","2":"type-product","3":"status-publish","4":"has-post-thumbnail","6":"product_cat-sin-categorizar","8":"entry","9":"has-media","11":"first","12":"instock","13":"shipping-taxable","14":"purchasable","15":"product-type-simple","16":"has-product-nav","17":"col","18":"span_1_of_3","19":"owp-content-center","20":"owp-thumbs-layout-horizontal","21":"owp-btn-normal","22":"owp-tabs-layout-horizontal","23":"has-no-thumbnails"},"_links":{"self":[{"href":"https:\/\/telemetry.com.pe\/index.php\/wp-json\/wp\/v2\/product\/3202","targetHints":{"allow":["GET"]}}],"collection":[{"href":"https:\/\/telemetry.com.pe\/index.php\/wp-json\/wp\/v2\/product"}],"about":[{"href":"https:\/\/telemetry.com.pe\/index.php\/wp-json\/wp\/v2\/types\/product"}],"replies":[{"embeddable":true,"href":"https:\/\/telemetry.com.pe\/index.php\/wp-json\/wp\/v2\/comments?post=3202"}],"wp:featuredmedia":[{"embeddable":true,"href":"https:\/\/telemetry.com.pe\/index.php\/wp-json\/wp\/v2\/media\/3203"}],"wp:attachment":[{"href":"https:\/\/telemetry.com.pe\/index.php\/wp-json\/wp\/v2\/media?parent=3202"}],"wp:term":[{"taxonomy":"product_brand","embeddable":true,"href":"https:\/\/telemetry.com.pe\/index.php\/wp-json\/wp\/v2\/product_brand?post=3202"},{"taxonomy":"product_cat","embeddable":true,"href":"https:\/\/telemetry.com.pe\/index.php\/wp-json\/wp\/v2\/product_cat?post=3202"},{"taxonomy":"product_tag","embeddable":true,"href":"https:\/\/telemetry.com.pe\/index.php\/wp-json\/wp\/v2\/product_tag?post=3202"}],"curies":[{"name":"wp","href":"https:\/\/api.w.org\/{rel}","templated":true}]}}