{"id":3225,"date":"2023-09-18T15:15:47","date_gmt":"2023-09-18T15:15:47","guid":{"rendered":"http:\/\/telemetry.com.pe\/?post_type=product&#038;p=3225"},"modified":"2023-09-18T15:15:47","modified_gmt":"2023-09-18T15:15:47","slug":"cs100-sensor-presion-barometrica-2","status":"publish","type":"product","link":"https:\/\/telemetry.com.pe\/index.php\/producto\/cs100-sensor-presion-barometrica-2\/","title":{"rendered":"CS100 Sensor presi\u00f3n barom\u00e9trica"},"content":{"rendered":"<div class=\"rowContenttrue\">\n<div class=\"col-lg-6 col-md-6 col-sm-12 col-xs-12 loc\" data-loc=\"1\" data-row=\"11\">\n<div id=\"c_357\" class=\"clearfix cHolder st691\" data-mstid=\"691\">\n<div id=\"recid:1835|tblid:50|view:0|fids:338\" class=\"comp\">\n<p><span>El CS100 mide la presi\u00f3n barom\u00e9trica para el rango de 600 a 1100 mb.\u00a0Este rango equivale desde debajo del nivel del mar (como en una mina) hasta 12,000 pies sobre el nivel del mar.\u00a0Dise\u00f1ado para su uso en aplicaciones ambientales, el CS100 es compatible con todos los registradores de datos de Campbell Scientific.<\/span><\/p>\n<\/div>\n<\/div>\n<\/div>\n<\/div>\n<div class=\"rowContenttrue\">\n<div class=\"col-lg-6 col-md-6 col-sm-12 col-xs-12 loc\" data-loc=\"2\" data-row=\"11\">\n<div id=\"c_361\" class=\"clearfix cHolder st696\" data-mstid=\"696\">\n<div>\n<h2><span>Ventajas y caracter\u00edsticas<\/span><\/h2>\n<ul>\n<li><span>Adecuado para montar en armarios Campbell Scientific<\/span><\/li>\n<li><span>Bajo consumo<\/span><\/li>\n<li><span>3 a\u00f1os de garant\u00eda<\/span><\/li>\n<li><span>Disponibles opcionalmente versiones de 500-1100MB y 800-1100MB&#8211;contacte con nosotros<\/span><\/li>\n<li><span>Un circuito de conmutaci\u00f3n integrado limita el consumo de energ\u00eda al ciclo de medici\u00f3n<\/span><\/li>\n<\/ul>\n<\/div>\n<\/div>\n<\/div>\n<\/div>\n","protected":false},"excerpt":{"rendered":"<p>El CS100 mide la presi\u00f3n barom\u00e9trica para el rango de 600 a 1100 mb.\u00a0Este rango equivale desde debajo del nivel del mar (como en una mina) hasta 12,000 pies sobre el nivel del mar.\u00a0Dise\u00f1ado para su uso en aplicaciones ambientales, el CS100 es compatible con todos los registradores de datos de Campbell Scientific. Ventajas y [&hellip;]<\/p>\n","protected":false},"featured_media":3228,"comment_status":"open","ping_status":"closed","template":"","meta":{"om_disable_all_campaigns":false,"ocean_post_layout":"","ocean_both_sidebars_style":"","ocean_both_sidebars_content_width":0,"ocean_both_sidebars_sidebars_width":0,"ocean_sidebar":"0","ocean_second_sidebar":"0","ocean_disable_margins":"enable","ocean_add_body_class":"","ocean_shortcode_before_top_bar":"","ocean_shortcode_after_top_bar":"","ocean_shortcode_before_header":"","ocean_shortcode_after_header":"","ocean_has_shortcode":"","ocean_shortcode_after_title":"","ocean_shortcode_before_footer_widgets":"","ocean_shortcode_after_footer_widgets":"","ocean_shortcode_before_footer_bottom":"","ocean_shortcode_after_footer_bottom":"","ocean_display_top_bar":"default","ocean_display_header":"default","ocean_header_style":"","ocean_center_header_left_menu":"0","ocean_custom_header_template":"0","ocean_custom_logo":0,"ocean_custom_retina_logo":0,"ocean_custom_logo_max_width":0,"ocean_custom_logo_tablet_max_width":0,"ocean_custom_logo_mobile_max_width":0,"ocean_custom_logo_max_height":0,"ocean_custom_logo_tablet_max_height":0,"ocean_custom_logo_mobile_max_height":0,"ocean_header_custom_menu":"0","ocean_menu_typo_font_family":"0","ocean_menu_typo_font_subset":"","ocean_menu_typo_font_size":0,"ocean_menu_typo_font_size_tablet":0,"ocean_menu_typo_font_size_mobile":0,"ocean_menu_typo_font_size_unit":"px","ocean_menu_typo_font_weight":"","ocean_menu_typo_font_weight_tablet":"","ocean_menu_typo_font_weight_mobile":"","ocean_menu_typo_transform":"","ocean_menu_typo_transform_tablet":"","ocean_menu_typo_transform_mobile":"","ocean_menu_typo_line_height":0,"ocean_menu_typo_line_height_tablet":0,"ocean_menu_typo_line_height_mobile":0,"ocean_menu_typo_line_height_unit":"","ocean_menu_typo_spacing":0,"ocean_menu_typo_spacing_tablet":0,"ocean_menu_typo_spacing_mobile":0,"ocean_menu_typo_spacing_unit":"","ocean_menu_link_color":"","ocean_menu_link_color_hover":"","ocean_menu_link_color_active":"","ocean_menu_link_background":"","ocean_menu_link_hover_background":"","ocean_menu_link_active_background":"","ocean_menu_social_links_bg":"","ocean_menu_social_hover_links_bg":"","ocean_menu_social_links_color":"","ocean_menu_social_hover_links_color":"","ocean_disable_title":"default","ocean_disable_heading":"default","ocean_post_title":"","ocean_post_subheading":"","ocean_post_title_style":"","ocean_post_title_background_color":"","ocean_post_title_background":0,"ocean_post_title_bg_image_position":"","ocean_post_title_bg_image_attachment":"","ocean_post_title_bg_image_repeat":"","ocean_post_title_bg_image_size":"","ocean_post_title_height":0,"ocean_post_title_bg_overlay":0.5,"ocean_post_title_bg_overlay_color":"","ocean_disable_breadcrumbs":"default","ocean_breadcrumbs_color":"","ocean_breadcrumbs_separator_color":"","ocean_breadcrumbs_links_color":"","ocean_breadcrumbs_links_hover_color":"","ocean_display_footer_widgets":"default","ocean_display_footer_bottom":"default","ocean_custom_footer_template":"0","_joinchat":[]},"product_brand":[],"product_cat":[16],"product_tag":[],"class_list":{"0":"post-3225","1":"product","2":"type-product","3":"status-publish","4":"has-post-thumbnail","6":"product_cat-sin-categorizar","8":"entry","9":"has-media","11":"first","12":"instock","13":"shipping-taxable","14":"purchasable","15":"product-type-simple","16":"has-product-nav","17":"col","18":"span_1_of_3","19":"owp-content-center","20":"owp-thumbs-layout-horizontal","21":"owp-btn-normal","22":"owp-tabs-layout-horizontal","23":"has-no-thumbnails"},"_links":{"self":[{"href":"https:\/\/telemetry.com.pe\/index.php\/wp-json\/wp\/v2\/product\/3225","targetHints":{"allow":["GET"]}}],"collection":[{"href":"https:\/\/telemetry.com.pe\/index.php\/wp-json\/wp\/v2\/product"}],"about":[{"href":"https:\/\/telemetry.com.pe\/index.php\/wp-json\/wp\/v2\/types\/product"}],"replies":[{"embeddable":true,"href":"https:\/\/telemetry.com.pe\/index.php\/wp-json\/wp\/v2\/comments?post=3225"}],"wp:featuredmedia":[{"embeddable":true,"href":"https:\/\/telemetry.com.pe\/index.php\/wp-json\/wp\/v2\/media\/3228"}],"wp:attachment":[{"href":"https:\/\/telemetry.com.pe\/index.php\/wp-json\/wp\/v2\/media?parent=3225"}],"wp:term":[{"taxonomy":"product_brand","embeddable":true,"href":"https:\/\/telemetry.com.pe\/index.php\/wp-json\/wp\/v2\/product_brand?post=3225"},{"taxonomy":"product_cat","embeddable":true,"href":"https:\/\/telemetry.com.pe\/index.php\/wp-json\/wp\/v2\/product_cat?post=3225"},{"taxonomy":"product_tag","embeddable":true,"href":"https:\/\/telemetry.com.pe\/index.php\/wp-json\/wp\/v2\/product_tag?post=3225"}],"curies":[{"name":"wp","href":"https:\/\/api.w.org\/{rel}","templated":true}]}}