{"id":3242,"date":"2023-09-18T15:13:08","date_gmt":"2023-09-18T15:13:08","guid":{"rendered":"http:\/\/telemetry.com.pe\/?post_type=product&#038;p=3242"},"modified":"2023-09-18T15:13:08","modified_gmt":"2023-09-18T15:13:08","slug":"skyvue8-ceilometro-lidar","status":"publish","type":"product","link":"https:\/\/telemetry.com.pe\/index.php\/producto\/skyvue8-ceilometro-lidar\/","title":{"rendered":"SkyVUE8 Ceil\u00f3metro LIDAR"},"content":{"rendered":"<div class=\"rowContenttrue\">\n<div class=\"col-lg-6 col-md-6 col-sm-12 col-xs-12 loc\" data-loc=\"1\" data-row=\"11\">\n<div id=\"c_357\" class=\"clearfix cHolder st691\" data-mstid=\"691\">\n<div id=\"recid:8882|tblid:50|view:0|fids:338\" class=\"comp\">\n<p>El ceil\u00f3metro LIDAR SkyVUE\u21228 es ideal para la medida de alturas base nube y visibilidad vertical en aeropuertos, helipuertos (onshore o offshore), y en otras aplicaciones meteorol\u00f3gicas. El\u00a0 SkyVUE\u21228 mide\u00a0 la atm\u00f3sfera con gran estabilidad y repetibilidad, proporcionando informaci\u00f3n de alturas base nube, condici\u00f3n cielo (hasta cuatro capas), visibilidad vertical, y perfiles de datos brutos retrodispersados. De forma notable, este ceil\u00f3metro\u00a0cumple o excede las recomendaciones CAA, WMO y lCAO.<\/p>\n<p>Debido a su construcci\u00f3n robusta, el SkyVUE\u21228 requiere un mantenimiento m\u00ednimo y puede usarse de forma continua en aplicaciones fijas o m\u00f3viles en entornos hostiles. Su dise\u00f1o compacto y su bajo peso de 18 kg facilitan su transporte y puesta en marcha.<\/p>\n<p>Con un alcance operativo de 8 km, el SkyVUE\u21228 es de los m\u00e1s altos de su clase. Es f\u00e1cil de usar y, a la vez, cuenta con un avanzado procesado de se\u00f1al y adaptaciones \u00f3pticas \u00fanicas, que ofrecen una resoluci\u00f3n y rendimiento superiores.<\/p>\n<p>El SkyVUE\u21228 incluye caracter\u00edsticas est\u00e1ndar, desde una base basculante e inclin\u00f3metro de dos ejes para la correcci\u00f3n autom\u00e1tica de las alturas base nube; calentadores, ventiladores y filtro solar para funcionamiento en todo tipo de condiciones, lo que hace posible su uso en cualquier parte del mundo<\/p>\n<p>Otras caracter\u00edsticas est\u00e1ndar destacables son la f\u00e1cil calibraci\u00f3n por estratoc\u00famulo, bater\u00eda de respaldo de larga duraci\u00f3n y dos relojes para aumentar los numerosos continuos autochequeos de diagn\u00f3stico y garantizar un rendimiento continuo, fiable y preciso.<\/p>\n<\/div>\n<\/div>\n<\/div>\n<\/div>\n<div class=\"rowContenttrue\">\n<div class=\"col-lg-6 col-md-6 col-sm-12 col-xs-12 loc\" data-loc=\"2\" data-row=\"11\">\n<div id=\"c_361\" class=\"clearfix cHolder st696\" data-mstid=\"696\">\n<div>\n<h2>Ventajas y caracter\u00edsticas<\/h2>\n<ul>\n<li>Dise\u00f1o con lentes simple con alta relaci\u00f3n se\u00f1al ruido, sensibilidad del detector maximizada, que aporta gran rendimiento tanto en altitudes bajas como altas<\/li>\n<li>Alto rendimiento y especificaciones a precio competitivo<\/li>\n<li>Bajo consumo<\/li>\n<li>\u00c1ngulos de inclinaci\u00f3n de hasta 24\u00ba, que mejora el rendimiento en situaciones de precipitaci\u00f3n y reduce el impacto del resplandor solar<\/li>\n<li>Comparaci\u00f3n continua entre dos clocks internos para aportar un funcionamiento fiable<\/li>\n<li>Calibraci\u00f3n basada en stratocumulus y f\u00e1cil chequeo con plato de calibraci\u00f3n incluido, lo que permite f\u00e1cil calibraci\u00f3n en campo.<\/li>\n<\/ul>\n<\/div>\n<\/div>\n<\/div>\n<\/div>\n","protected":false},"excerpt":{"rendered":"<p>El ceil\u00f3metro LIDAR SkyVUE\u21228 es ideal para la medida de alturas base nube y visibilidad vertical en aeropuertos, helipuertos (onshore o offshore), y en otras aplicaciones meteorol\u00f3gicas. El\u00a0 SkyVUE\u21228 mide\u00a0 la atm\u00f3sfera con gran estabilidad y repetibilidad, proporcionando informaci\u00f3n de alturas base nube, condici\u00f3n cielo (hasta cuatro capas), visibilidad vertical, y perfiles de datos brutos [&hellip;]<\/p>\n","protected":false},"featured_media":3243,"comment_status":"open","ping_status":"closed","template":"","meta":{"om_disable_all_campaigns":false,"ocean_post_layout":"","ocean_both_sidebars_style":"","ocean_both_sidebars_content_width":0,"ocean_both_sidebars_sidebars_width":0,"ocean_sidebar":"0","ocean_second_sidebar":"0","ocean_disable_margins":"enable","ocean_add_body_class":"","ocean_shortcode_before_top_bar":"","ocean_shortcode_after_top_bar":"","ocean_shortcode_before_header":"","ocean_shortcode_after_header":"","ocean_has_shortcode":"","ocean_shortcode_after_title":"","ocean_shortcode_before_footer_widgets":"","ocean_shortcode_after_footer_widgets":"","ocean_shortcode_before_footer_bottom":"","ocean_shortcode_after_footer_bottom":"","ocean_display_top_bar":"default","ocean_display_header":"default","ocean_header_style":"","ocean_center_header_left_menu":"0","ocean_custom_header_template":"0","ocean_custom_logo":0,"ocean_custom_retina_logo":0,"ocean_custom_logo_max_width":0,"ocean_custom_logo_tablet_max_width":0,"ocean_custom_logo_mobile_max_width":0,"ocean_custom_logo_max_height":0,"ocean_custom_logo_tablet_max_height":0,"ocean_custom_logo_mobile_max_height":0,"ocean_header_custom_menu":"0","ocean_menu_typo_font_family":"0","ocean_menu_typo_font_subset":"","ocean_menu_typo_font_size":0,"ocean_menu_typo_font_size_tablet":0,"ocean_menu_typo_font_size_mobile":0,"ocean_menu_typo_font_size_unit":"px","ocean_menu_typo_font_weight":"","ocean_menu_typo_font_weight_tablet":"","ocean_menu_typo_font_weight_mobile":"","ocean_menu_typo_transform":"","ocean_menu_typo_transform_tablet":"","ocean_menu_typo_transform_mobile":"","ocean_menu_typo_line_height":0,"ocean_menu_typo_line_height_tablet":0,"ocean_menu_typo_line_height_mobile":0,"ocean_menu_typo_line_height_unit":"","ocean_menu_typo_spacing":0,"ocean_menu_typo_spacing_tablet":0,"ocean_menu_typo_spacing_mobile":0,"ocean_menu_typo_spacing_unit":"","ocean_menu_link_color":"","ocean_menu_link_color_hover":"","ocean_menu_link_color_active":"","ocean_menu_link_background":"","ocean_menu_link_hover_background":"","ocean_menu_link_active_background":"","ocean_menu_social_links_bg":"","ocean_menu_social_hover_links_bg":"","ocean_menu_social_links_color":"","ocean_menu_social_hover_links_color":"","ocean_disable_title":"default","ocean_disable_heading":"default","ocean_post_title":"","ocean_post_subheading":"","ocean_post_title_style":"","ocean_post_title_background_color":"","ocean_post_title_background":0,"ocean_post_title_bg_image_position":"","ocean_post_title_bg_image_attachment":"","ocean_post_title_bg_image_repeat":"","ocean_post_title_bg_image_size":"","ocean_post_title_height":0,"ocean_post_title_bg_overlay":0.5,"ocean_post_title_bg_overlay_color":"","ocean_disable_breadcrumbs":"default","ocean_breadcrumbs_color":"","ocean_breadcrumbs_separator_color":"","ocean_breadcrumbs_links_color":"","ocean_breadcrumbs_links_hover_color":"","ocean_display_footer_widgets":"default","ocean_display_footer_bottom":"default","ocean_custom_footer_template":"0","_joinchat":[]},"product_brand":[],"product_cat":[16],"product_tag":[],"class_list":{"0":"post-3242","1":"product","2":"type-product","3":"status-publish","4":"has-post-thumbnail","6":"product_cat-sin-categorizar","8":"entry","9":"has-media","11":"first","12":"instock","13":"shipping-taxable","14":"purchasable","15":"product-type-simple","16":"has-product-nav","17":"col","18":"span_1_of_3","19":"owp-content-center","20":"owp-thumbs-layout-horizontal","21":"owp-btn-normal","22":"owp-tabs-layout-horizontal","23":"has-no-thumbnails"},"_links":{"self":[{"href":"https:\/\/telemetry.com.pe\/index.php\/wp-json\/wp\/v2\/product\/3242","targetHints":{"allow":["GET"]}}],"collection":[{"href":"https:\/\/telemetry.com.pe\/index.php\/wp-json\/wp\/v2\/product"}],"about":[{"href":"https:\/\/telemetry.com.pe\/index.php\/wp-json\/wp\/v2\/types\/product"}],"replies":[{"embeddable":true,"href":"https:\/\/telemetry.com.pe\/index.php\/wp-json\/wp\/v2\/comments?post=3242"}],"wp:featuredmedia":[{"embeddable":true,"href":"https:\/\/telemetry.com.pe\/index.php\/wp-json\/wp\/v2\/media\/3243"}],"wp:attachment":[{"href":"https:\/\/telemetry.com.pe\/index.php\/wp-json\/wp\/v2\/media?parent=3242"}],"wp:term":[{"taxonomy":"product_brand","embeddable":true,"href":"https:\/\/telemetry.com.pe\/index.php\/wp-json\/wp\/v2\/product_brand?post=3242"},{"taxonomy":"product_cat","embeddable":true,"href":"https:\/\/telemetry.com.pe\/index.php\/wp-json\/wp\/v2\/product_cat?post=3242"},{"taxonomy":"product_tag","embeddable":true,"href":"https:\/\/telemetry.com.pe\/index.php\/wp-json\/wp\/v2\/product_tag?post=3242"}],"curies":[{"name":"wp","href":"https:\/\/api.w.org\/{rel}","templated":true}]}}