{"id":3258,"date":"2023-09-18T15:13:07","date_gmt":"2023-09-18T15:13:07","guid":{"rendered":"http:\/\/telemetry.com.pe\/?post_type=product&#038;p=3258"},"modified":"2023-09-18T15:13:07","modified_gmt":"2023-09-18T15:13:07","slug":"metpro-estacion-meteorologica-de-grado-cientifico","status":"publish","type":"product","link":"https:\/\/telemetry.com.pe\/index.php\/producto\/metpro-estacion-meteorologica-de-grado-cientifico\/","title":{"rendered":"MetPRO Estaci\u00f3n meteorol\u00f3gica de grado cient\u00edfico"},"content":{"rendered":"<div class=\"rowContenttrue\">\n<div class=\"col-lg-4 col-md-4 col-sm-12 col-xs-12 loc\" data-loc=\"1\" data-row=\"1039\">\n<div id=\"c_357\" class=\"clearfix cHolder st15072\" data-mstid=\"15072\">\n<div id=\"recid:8688|tblid:50|view:0|fids:338\" class=\"comp\">\n<p>La MetPRO \u2122 es una estaci\u00f3n meteorol\u00f3gica de grado cient\u00edfico, altamente precisa y duradera, dise\u00f1ada para una amplia variedad de aplicaciones medio ambientales exigentes. Esta estaci\u00f3n con tr\u00edpode port\u00e1til es adecuada tanto para campa\u00f1as temporales como para instalaciones a largo plazo.<\/p>\n<p>La estaci\u00f3n incluye sensores de alta calidad, necesarios para obtener datos fiables para investigaci\u00f3n medioambiental, y en operaciones cr\u00edticas que dependan de una monitorizaci\u00f3n meteorol\u00f3gica continua. Las medidas se pueden usar para calcular algoritmos relacionados con la meteorolog\u00eda, como la evapotranspiraci\u00f3n, grados d\u00eda, sensaci\u00f3n t\u00e9rmica, punto de roc\u00edo y otros.<\/p>\n<p>La MetPRO \u2122 puede pedirse con las piezas que se muestran arriba, o como un sistema completo preconfigurado y preprogramado (con coste adicional).<\/p>\n<p>Este sistema es adem\u00e1s totalmente personalizable. Para satisfacer las necesidades de una aplicaci\u00f3n concreta, se le pueden agregar sensores y perif\u00e9ricos de medida y telecomunicaciones. P\u00f3ngase en contacto con nosotros y le facilitaremos una soluci\u00f3n personalizada a sus necesidades.<\/p>\n<\/div>\n<\/div>\n<\/div>\n<\/div>\n<div class=\"rowContenttrue\">\n<div class=\"col-lg-4 col-md-4 col-sm-12 col-xs-12 loc\" data-loc=\"2\" data-row=\"1039\">\n<div id=\"c_364\" class=\"clearfix cHolder st15073\" data-mstid=\"15073\">\n<div id=\"recid:8688|tblid:50|view:0|fids:1970\" class=\"comp\">\n<h2>Medidas<\/h2>\n<p>La mayor\u00eda de los sistemas que fabricamos son personalizables. Sin embargo, estos sistemas, en la mayor\u00eda de los casos miden los siguientes par\u00e1metros:<\/p>\n<ul>\n<li>Velocidad viento<\/li>\n<li>Direcci\u00f3n viento<\/li>\n<li>Temperatura del aire<\/li>\n<li>Humedad relativa del aire<\/li>\n<li>Presi\u00f3n barom\u00e9trica<\/li>\n<li>Precipitaci\u00f3n<\/li>\n<li>Radiaci\u00f3n solar<\/li>\n<li>Contenido de agua en suelo<\/li>\n<\/ul>\n<\/div>\n<\/div>\n<\/div>\n<\/div>\n<div class=\"rowContenttrue\">\n<div class=\"col-lg-4 col-md-4 col-sm-12 col-xs-12 loc\" data-loc=\"3\" data-row=\"1039\">\n<div id=\"c_361\" class=\"clearfix cHolder st15074\" data-mstid=\"15074\">\n<div>\n<h2>Ventajas y caracter\u00edsticas<\/h2>\n<ul>\n<li>Buenos datos obtenidos con instrumentos de alta precisi\u00f3n<\/li>\n<li>Instalaci\u00f3n remota desatendida a largo plazo<\/li>\n<li>Bajo consumo, funcionamiento con bater\u00eda recargable y placa solar<\/li>\n<li>Componentes robustos con bajo mantenimiento<\/li>\n<li>Disponible opcionalmente telecomunicaciones remotas v\u00eda modem IP<\/li>\n<li>Personalizable a las necesidades de la aplicaci\u00f3n<\/li>\n<\/ul>\n<\/div>\n<\/div>\n<\/div>\n<\/div>\n","protected":false},"excerpt":{"rendered":"<p>La MetPRO \u2122 es una estaci\u00f3n meteorol\u00f3gica de grado cient\u00edfico, altamente precisa y duradera, dise\u00f1ada para una amplia variedad de aplicaciones medio ambientales exigentes. Esta estaci\u00f3n con tr\u00edpode port\u00e1til es adecuada tanto para campa\u00f1as temporales como para instalaciones a largo plazo. La estaci\u00f3n incluye sensores de alta calidad, necesarios para obtener datos fiables para investigaci\u00f3n [&hellip;]<\/p>\n","protected":false},"featured_media":3259,"comment_status":"open","ping_status":"closed","template":"","meta":{"om_disable_all_campaigns":false,"ocean_post_layout":"","ocean_both_sidebars_style":"","ocean_both_sidebars_content_width":0,"ocean_both_sidebars_sidebars_width":0,"ocean_sidebar":"0","ocean_second_sidebar":"0","ocean_disable_margins":"enable","ocean_add_body_class":"","ocean_shortcode_before_top_bar":"","ocean_shortcode_after_top_bar":"","ocean_shortcode_before_header":"","ocean_shortcode_after_header":"","ocean_has_shortcode":"","ocean_shortcode_after_title":"","ocean_shortcode_before_footer_widgets":"","ocean_shortcode_after_footer_widgets":"","ocean_shortcode_before_footer_bottom":"","ocean_shortcode_after_footer_bottom":"","ocean_display_top_bar":"default","ocean_display_header":"default","ocean_header_style":"","ocean_center_header_left_menu":"0","ocean_custom_header_template":"0","ocean_custom_logo":0,"ocean_custom_retina_logo":0,"ocean_custom_logo_max_width":0,"ocean_custom_logo_tablet_max_width":0,"ocean_custom_logo_mobile_max_width":0,"ocean_custom_logo_max_height":0,"ocean_custom_logo_tablet_max_height":0,"ocean_custom_logo_mobile_max_height":0,"ocean_header_custom_menu":"0","ocean_menu_typo_font_family":"0","ocean_menu_typo_font_subset":"","ocean_menu_typo_font_size":0,"ocean_menu_typo_font_size_tablet":0,"ocean_menu_typo_font_size_mobile":0,"ocean_menu_typo_font_size_unit":"px","ocean_menu_typo_font_weight":"","ocean_menu_typo_font_weight_tablet":"","ocean_menu_typo_font_weight_mobile":"","ocean_menu_typo_transform":"","ocean_menu_typo_transform_tablet":"","ocean_menu_typo_transform_mobile":"","ocean_menu_typo_line_height":0,"ocean_menu_typo_line_height_tablet":0,"ocean_menu_typo_line_height_mobile":0,"ocean_menu_typo_line_height_unit":"","ocean_menu_typo_spacing":0,"ocean_menu_typo_spacing_tablet":0,"ocean_menu_typo_spacing_mobile":0,"ocean_menu_typo_spacing_unit":"","ocean_menu_link_color":"","ocean_menu_link_color_hover":"","ocean_menu_link_color_active":"","ocean_menu_link_background":"","ocean_menu_link_hover_background":"","ocean_menu_link_active_background":"","ocean_menu_social_links_bg":"","ocean_menu_social_hover_links_bg":"","ocean_menu_social_links_color":"","ocean_menu_social_hover_links_color":"","ocean_disable_title":"default","ocean_disable_heading":"default","ocean_post_title":"","ocean_post_subheading":"","ocean_post_title_style":"","ocean_post_title_background_color":"","ocean_post_title_background":0,"ocean_post_title_bg_image_position":"","ocean_post_title_bg_image_attachment":"","ocean_post_title_bg_image_repeat":"","ocean_post_title_bg_image_size":"","ocean_post_title_height":0,"ocean_post_title_bg_overlay":0.5,"ocean_post_title_bg_overlay_color":"","ocean_disable_breadcrumbs":"default","ocean_breadcrumbs_color":"","ocean_breadcrumbs_separator_color":"","ocean_breadcrumbs_links_color":"","ocean_breadcrumbs_links_hover_color":"","ocean_display_footer_widgets":"default","ocean_display_footer_bottom":"default","ocean_custom_footer_template":"0","_joinchat":[]},"product_brand":[],"product_cat":[16],"product_tag":[],"class_list":{"0":"post-3258","1":"product","2":"type-product","3":"status-publish","4":"has-post-thumbnail","6":"product_cat-sin-categorizar","8":"entry","9":"has-media","11":"first","12":"instock","13":"shipping-taxable","14":"purchasable","15":"product-type-simple","16":"has-product-nav","17":"col","18":"span_1_of_3","19":"owp-content-center","20":"owp-thumbs-layout-horizontal","21":"owp-btn-normal","22":"owp-tabs-layout-horizontal","23":"has-no-thumbnails"},"_links":{"self":[{"href":"https:\/\/telemetry.com.pe\/index.php\/wp-json\/wp\/v2\/product\/3258","targetHints":{"allow":["GET"]}}],"collection":[{"href":"https:\/\/telemetry.com.pe\/index.php\/wp-json\/wp\/v2\/product"}],"about":[{"href":"https:\/\/telemetry.com.pe\/index.php\/wp-json\/wp\/v2\/types\/product"}],"replies":[{"embeddable":true,"href":"https:\/\/telemetry.com.pe\/index.php\/wp-json\/wp\/v2\/comments?post=3258"}],"wp:featuredmedia":[{"embeddable":true,"href":"https:\/\/telemetry.com.pe\/index.php\/wp-json\/wp\/v2\/media\/3259"}],"wp:attachment":[{"href":"https:\/\/telemetry.com.pe\/index.php\/wp-json\/wp\/v2\/media?parent=3258"}],"wp:term":[{"taxonomy":"product_brand","embeddable":true,"href":"https:\/\/telemetry.com.pe\/index.php\/wp-json\/wp\/v2\/product_brand?post=3258"},{"taxonomy":"product_cat","embeddable":true,"href":"https:\/\/telemetry.com.pe\/index.php\/wp-json\/wp\/v2\/product_cat?post=3258"},{"taxonomy":"product_tag","embeddable":true,"href":"https:\/\/telemetry.com.pe\/index.php\/wp-json\/wp\/v2\/product_tag?post=3258"}],"curies":[{"name":"wp","href":"https:\/\/api.w.org\/{rel}","templated":true}]}}