{"id":3274,"date":"2023-09-18T15:13:07","date_gmt":"2023-09-18T15:13:07","guid":{"rendered":"http:\/\/telemetry.com.pe\/?post_type=product&#038;p=3274"},"modified":"2023-09-18T15:13:07","modified_gmt":"2023-09-18T15:13:07","slug":"leica-nova-ts60-la-estacion-total-mas-precisa-del-mundo","status":"publish","type":"product","link":"https:\/\/telemetry.com.pe\/index.php\/producto\/leica-nova-ts60-la-estacion-total-mas-precisa-del-mundo\/","title":{"rendered":"Leica Nova TS60 \u2013 La estaci\u00f3n total m\u00e1s precisa del mundo"},"content":{"rendered":"<div class=\"text-group\">\n<p>La nueva estaci\u00f3n total Leica Nova TS60 es la estaci\u00f3n total m\u00e1s precisa del mundo, dise\u00f1ada para abordar sus proyectos m\u00e1s exigentes. La innovadora precisi\u00f3n angular de 0.5 &#8221; (por debajo del segundo) y la precisi\u00f3n en distancia de 0.6 mm + 1ppm (sub-mil\u00edmetrica) le permite trabajar en los mismos niveles de alto rendimiento, incluso en las condiciones m\u00e1s duras. Ya sea bajo lluvia, niebla, polvo, sol, calor o reflejos, la TS60 ofrece el seguimiento m\u00e1s r\u00e1pido en caso de perder la l\u00ednea de visi\u00f3n.<\/p>\n<p>La nueva TS60 viene con\u00a0<a href=\"https:\/\/leica-geosystems.com\/products\/total-stations\/software\/leica-captivate\" target=\"_blank\" rel=\"noopener noreferrer\">Leica Captivate<\/a>,\u00a0un software integrado con aplicaciones f\u00e1ciles de usar que cubre todas sus tareas de medici\u00f3n. Ayuda a convertir datos complejos de forma intuitiva en los modelos 3D m\u00e1s realistas y viables. Para que su flujo de trabajo sea a\u00fan m\u00e1s productivo, la funci\u00f3n\u00a0<a href=\"https:\/\/leica-geosystems.com\/blog-content\/2016\/leica-nova-ms60--dynamic-lock\" target=\"_blank\" rel=\"noopener noreferrer\">Dynamic Lock<\/a>\u00a0ha sido integrada en la TS60\u00a0esto hace que el equipo siga autom\u00e1ticamente a prismas en movimiento, eliminando la necesidad de pararse y esperar.\u00a0Estacione su instrumento m\u00e1s r\u00e1pido con el revolucionario\u00a0<a href=\"https:\/\/leica-geosystems.com\/about-us\/content-features\/autoheight-feature\" target=\"_blank\" rel=\"noopener noreferrer\">AutoHeight<\/a>;\u00a0simplemente presione un bot\u00f3n y comience a trabajar en su pr\u00f3ximo proyecto.<\/p>\n<p>Cu\u00e1ndo usar Leica Nova TS60:<\/p>\n<ul>\n<li><strong>M\u00e1xima precisi\u00f3n para tareas de replanteo\u00a0<\/strong>en proyectos de construcci\u00f3n: replanteo de datos de dise\u00f1o, guiado de elementos prefabricados a la posici\u00f3n correcta<\/li>\n<li><strong>Mediciones de redes de referencia\u00a0<\/strong>para proyectos de construcci\u00f3n e infraestructura: defina la red de referencia con mediciones precisas de \u00e1ngulos y distancias<\/li>\n<li><strong>Medici\u00f3n de edificios y estructuras<\/strong>: an\u00e1lisis de g\u00e1libos y estado en puntos, BIM y as-builts<\/li>\n<li><strong>Comprobaci\u00f3n de elementos prefabricados<\/strong>\u00a0en construcci\u00f3n naval y para turbinas e\u00f3licas: controles de construcci\u00f3n y control dimensional<\/li>\n<li><strong>Mediciones de auscultaci\u00f3n:<\/strong>\u00a0auscultaci\u00f3n permanente o en campa\u00f1as para puentes, edificios y estructuras de acero<\/li>\n<li><strong>Control de montaje de v\u00eda en hormig\u00f3n y control de g\u00e1libos\u00a0<\/strong>en ferrocarril<\/li>\n<\/ul>\n<\/div>\n<div class=\"row equal-height\">\n<div class=\"col-lg-6 equal-height-inner\">\n<div class=\"inner-container no-border\">\n<div class=\"caption baseFont\">\n<div class=\"text\">\n<h3>Estaci\u00f3n total con autoaprendizaje<\/h3>\n<p>La TS60 ofrece el mejor rendimiento de medici\u00f3n al adaptarse de forma autom\u00e1tica y continua a las condiciones del lugar, ya sea lluvia, niebla, polvo, sol, reverberaci\u00f3n o reflejos.<\/p>\n<\/div>\n<\/div>\n<\/div>\n<\/div>\n<div class=\"col-lg-6 equal-height-inner\">\n<div class=\"inner-container no-border\">\n<div class=\"caption baseFont\">\n<div class=\"text\">\n<h3>Nunca pierda el seguimiento.<\/h3>\n<p>Olv\u00eddese de perder el seguimiento del prisma. ATRplus mantendr\u00e1 su TS60 siguiendo el prisma e ignorar\u00e1 todas las otras interferencias que pueda encontrar en el campo.<\/p>\n<\/div>\n<\/div>\n<\/div>\n<\/div>\n<\/div>\n","protected":false},"excerpt":{"rendered":"<p>La nueva estaci\u00f3n total Leica Nova TS60 es la estaci\u00f3n total m\u00e1s precisa del mundo, dise\u00f1ada para abordar sus proyectos m\u00e1s exigentes. La innovadora precisi\u00f3n angular de 0.5 &#8221; (por debajo del segundo) y la precisi\u00f3n en distancia de 0.6 mm + 1ppm (sub-mil\u00edmetrica) le permite trabajar en los mismos niveles de alto rendimiento, incluso [&hellip;]<\/p>\n","protected":false},"featured_media":3394,"comment_status":"open","ping_status":"closed","template":"","meta":{"om_disable_all_campaigns":false,"ocean_post_layout":"","ocean_both_sidebars_style":"","ocean_both_sidebars_content_width":0,"ocean_both_sidebars_sidebars_width":0,"ocean_sidebar":"0","ocean_second_sidebar":"0","ocean_disable_margins":"enable","ocean_add_body_class":"","ocean_shortcode_before_top_bar":"","ocean_shortcode_after_top_bar":"","ocean_shortcode_before_header":"","ocean_shortcode_after_header":"","ocean_has_shortcode":"","ocean_shortcode_after_title":"","ocean_shortcode_before_footer_widgets":"","ocean_shortcode_after_footer_widgets":"","ocean_shortcode_before_footer_bottom":"","ocean_shortcode_after_footer_bottom":"","ocean_display_top_bar":"default","ocean_display_header":"default","ocean_header_style":"","ocean_center_header_left_menu":"0","ocean_custom_header_template":"0","ocean_custom_logo":0,"ocean_custom_retina_logo":0,"ocean_custom_logo_max_width":0,"ocean_custom_logo_tablet_max_width":0,"ocean_custom_logo_mobile_max_width":0,"ocean_custom_logo_max_height":0,"ocean_custom_logo_tablet_max_height":0,"ocean_custom_logo_mobile_max_height":0,"ocean_header_custom_menu":"0","ocean_menu_typo_font_family":"0","ocean_menu_typo_font_subset":"","ocean_menu_typo_font_size":0,"ocean_menu_typo_font_size_tablet":0,"ocean_menu_typo_font_size_mobile":0,"ocean_menu_typo_font_size_unit":"px","ocean_menu_typo_font_weight":"","ocean_menu_typo_font_weight_tablet":"","ocean_menu_typo_font_weight_mobile":"","ocean_menu_typo_transform":"","ocean_menu_typo_transform_tablet":"","ocean_menu_typo_transform_mobile":"","ocean_menu_typo_line_height":0,"ocean_menu_typo_line_height_tablet":0,"ocean_menu_typo_line_height_mobile":0,"ocean_menu_typo_line_height_unit":"","ocean_menu_typo_spacing":0,"ocean_menu_typo_spacing_tablet":0,"ocean_menu_typo_spacing_mobile":0,"ocean_menu_typo_spacing_unit":"","ocean_menu_link_color":"","ocean_menu_link_color_hover":"","ocean_menu_link_color_active":"","ocean_menu_link_background":"","ocean_menu_link_hover_background":"","ocean_menu_link_active_background":"","ocean_menu_social_links_bg":"","ocean_menu_social_hover_links_bg":"","ocean_menu_social_links_color":"","ocean_menu_social_hover_links_color":"","ocean_disable_title":"default","ocean_disable_heading":"default","ocean_post_title":"","ocean_post_subheading":"","ocean_post_title_style":"","ocean_post_title_background_color":"","ocean_post_title_background":0,"ocean_post_title_bg_image_position":"","ocean_post_title_bg_image_attachment":"","ocean_post_title_bg_image_repeat":"","ocean_post_title_bg_image_size":"","ocean_post_title_height":0,"ocean_post_title_bg_overlay":0.5,"ocean_post_title_bg_overlay_color":"","ocean_disable_breadcrumbs":"default","ocean_breadcrumbs_color":"","ocean_breadcrumbs_separator_color":"","ocean_breadcrumbs_links_color":"","ocean_breadcrumbs_links_hover_color":"","ocean_display_footer_widgets":"default","ocean_display_footer_bottom":"default","ocean_custom_footer_template":"0","_joinchat":[]},"product_brand":[],"product_cat":[16],"product_tag":[],"class_list":{"0":"post-3274","1":"product","2":"type-product","3":"status-publish","4":"has-post-thumbnail","6":"product_cat-sin-categorizar","8":"entry","9":"has-media","11":"first","12":"instock","13":"shipping-taxable","14":"purchasable","15":"product-type-simple","16":"has-product-nav","17":"col","18":"span_1_of_3","19":"owp-content-center","20":"owp-thumbs-layout-horizontal","21":"owp-btn-normal","22":"owp-tabs-layout-horizontal","23":"has-no-thumbnails"},"_links":{"self":[{"href":"https:\/\/telemetry.com.pe\/index.php\/wp-json\/wp\/v2\/product\/3274","targetHints":{"allow":["GET"]}}],"collection":[{"href":"https:\/\/telemetry.com.pe\/index.php\/wp-json\/wp\/v2\/product"}],"about":[{"href":"https:\/\/telemetry.com.pe\/index.php\/wp-json\/wp\/v2\/types\/product"}],"replies":[{"embeddable":true,"href":"https:\/\/telemetry.com.pe\/index.php\/wp-json\/wp\/v2\/comments?post=3274"}],"wp:featuredmedia":[{"embeddable":true,"href":"https:\/\/telemetry.com.pe\/index.php\/wp-json\/wp\/v2\/media\/3394"}],"wp:attachment":[{"href":"https:\/\/telemetry.com.pe\/index.php\/wp-json\/wp\/v2\/media?parent=3274"}],"wp:term":[{"taxonomy":"product_brand","embeddable":true,"href":"https:\/\/telemetry.com.pe\/index.php\/wp-json\/wp\/v2\/product_brand?post=3274"},{"taxonomy":"product_cat","embeddable":true,"href":"https:\/\/telemetry.com.pe\/index.php\/wp-json\/wp\/v2\/product_cat?post=3274"},{"taxonomy":"product_tag","embeddable":true,"href":"https:\/\/telemetry.com.pe\/index.php\/wp-json\/wp\/v2\/product_tag?post=3274"}],"curies":[{"name":"wp","href":"https:\/\/api.w.org\/{rel}","templated":true}]}}