{"id":3280,"date":"2023-09-18T15:13:07","date_gmt":"2023-09-18T15:13:07","guid":{"rendered":"http:\/\/telemetry.com.pe\/?post_type=product&#038;p=3280"},"modified":"2023-09-18T15:13:07","modified_gmt":"2023-09-18T15:13:07","slug":"leica-nova-ts60-la-estacion-total-mas-precisa-del-mundo-2","status":"publish","type":"product","link":"https:\/\/telemetry.com.pe\/index.php\/producto\/leica-nova-ts60-la-estacion-total-mas-precisa-del-mundo-2\/","title":{"rendered":"Leica Nova TS16 \u2013 creada para hacer frente a cualquier desaf\u00edo"},"content":{"rendered":"<p class=\"02BulletPointsSignaLightWindings913\">Creada para hacer frente a cualquier desaf\u00edo, tarea o proyecto, la nueva estaci\u00f3n total automatizada Leica TS16 le ayudar\u00e1 de manera fiable y le proporcionar\u00e1 datos precisos cuando y donde los necesite. Con el cautivador\u00a0software de campo Leica Captivate\u00a0y la tecnolog\u00eda de autoaprendizaje\u00a0ATRplus\u00a0para el seguimiento de prisma autom\u00e1tico en cualquier condici\u00f3n medioambiental, la TS16 puede encargarse de cualquier tarea sin dificultades.<\/p>\n<p>Cu\u00e1ndo utilizar la Leica TS16:<\/p>\n<ul>\n<li><strong>La mejor\u00a0<\/strong><strong>estaci\u00f3n total<\/strong><strong>\u00a0automatizada de su clase para la m\u00e1s amplia variedad de<\/strong><strong>\u00a0tareas de medici\u00f3n y aplicaciones:<\/strong>\u00a0incluyendo la utilizaci\u00f3n del instrumento para una o dos personas\u00a0para mediciones y replanteo.<\/li>\n<li><strong>Estudio topogr\u00e1fico para crear realidad digital para la cartograf\u00eda:<\/strong>\u00a0mediciones del punto de control, ajustes, c\u00f3mputos y recopilaci\u00f3n de datos con codificaci\u00f3n y rutinas de trabajo de l\u00ednea fuertes.<\/li>\n<li><strong>La mayor eficiencia y productividad para las mediciones de\u00a0<\/strong><strong>replanteo<\/strong><strong>\u00a0<\/strong><strong>y de construcci\u00f3n:\u00a0<\/strong>datos de dise\u00f1o y de replanteo, comprobaciones de construcci\u00f3n, de modelado de informaci\u00f3n de construcci\u00f3n y de espacios libres.<\/li>\n<li><strong>Preparaci\u00f3n del terreno y guiado de m\u00e1quinas en proyectos<\/strong><strong>\u00a0de construcci\u00f3n pesada:<\/strong>\u00a0control de terreno, estudio del terreno, disposici\u00f3n de datos de dise\u00f1o, como comprobaciones de construcci\u00f3n,\u00a0guiado de m\u00e1quinas y procesos de trabajo centrados en carretera, ferrocarril y t\u00fanel.<\/li>\n<li><strong>Supervisi\u00f3n r\u00e1pida y fiable de ubicaciones, edificios y objetos a<\/strong><strong>\u00a0<\/strong><strong>tiempo real<\/strong><strong>\u00a0en cualquier tipo de entorno:<\/strong>\u00a0perfecto para el seguimiento de campa\u00f1as y la ampliaci\u00f3n a una soluci\u00f3n de supervisi\u00f3n automatizada.<\/li>\n<\/ul>\n<p>AutoHeight\u00a0es una nueva funci\u00f3n de la TS16 que le ayuda a obtener la altura de su instrumento simplemente pulsando un bot\u00f3n. De esta forma usted puede reducir el error humano, olvidarse del uso de cinta y confiar en la altura del instrumento medido. C\u00e9ntrese en su trabajo y configure su estaci\u00f3n total en un abrir y cerrar de ojos.<\/p>\n<p>Para saber siempre donde est\u00e1n sus instrumentos en el terreno, podr\u00eda ser una buena idea incorporar<a href=\"https:\/\/leica-geosystems.com\/services-and-support\/product-services\/loc8\" target=\"_blank\" rel=\"noopener noreferrer\">LOC8<\/a>. No solo aporta el doble como excelente herramienta de gesti\u00f3n de medici\u00f3n de distancia continuada (tracking) y veh\u00edculos; tambi\u00e9n es una excelente soluci\u00f3n para la disuasi\u00f3n de robos. LOC8 le da la opci\u00f3n de bloquear y desbloquear de forma autom\u00e1tica estaciones totales simplemente haciendo clic en un bot\u00f3n por medio de su aplicaci\u00f3n o cuenta web.<\/p>\n<p>Leica TS16 aparece de manera opcional con\u00a0DynamicLock\u00a0: usted puede moverse y centrarse en su trabajo y en su seguridad sin tener que estar presente y esperar que el instrumento se fije en el objetivo:<\/p>\n<div class=\"row equal-height\">\n<div class=\"col-lg-6 equal-height-inner\">\n<div class=\"inner-container\">\n<div class=\"caption baseFont\">\n<div class=\"text\">\n<h3>COMPROBADO<\/h3>\n<p>La TS16 llega con una promesa de fiabilidad y bajo tiempo de inactividad, basada en m\u00e1s de 200 a\u00f1os de investigaci\u00f3n y desarrollo. Encontrar\u00e1 su objetivo, lo seguir\u00e1 y lo dejar\u00e1 si es necesario sin interrumpir su flujo de trabajo.<\/p>\n<\/div>\n<\/div>\n<\/div>\n<\/div>\n<div class=\"col-lg-6 equal-height-inner\">\n<div class=\"inner-container\">\n<div class=\"caption baseFont\">\n<div class=\"text\">\n<h3>DIN\u00c1MICO<\/h3>\n<p>Con la funci\u00f3n de cierre din\u00e1mico, usted podr\u00e1 trabajar de forma continua, ahorrar tiempo y entregar los proyectos m\u00e1s r\u00e1pido y,al mismo tiempo, siempre podr\u00e1 confiar en sus datos.<\/p>\n<\/div>\n<\/div>\n<\/div>\n<\/div>\n<\/div>\n<div class=\"row equal-height\">\n<div class=\"col-lg-6 equal-height-inner\">\n<div class=\"inner-container no-border\">\n<div class=\"caption baseFont\">\n<div class=\"text\">\n<h3>SEGURO<\/h3>\n<p>La TS16 incorpora varios elementos que ayudan a evitar los robos, como la protecci\u00f3n PIN\/PUK, la funci\u00f3n de alarma y el registro de mySecurity en my world. Tambi\u00e9n puede a\u00f1adir LOC8, nuestra soluci\u00f3n de disuasi\u00f3n de robos y localizaci\u00f3n.<\/p>\n<\/div>\n<\/div>\n<\/div>\n<\/div>\n<div class=\"col-lg-6 equal-height-inner\">\n<div class=\"inner-container no-border\">\n<div class=\"caption baseFont\">\n<div class=\"text\">\n<h3>CONECTADO<\/h3>\n<p>Transfiera sus datos r\u00e1pidamente desde el campo a la oficina o viceversa. Su equipo de oficina puede comprobar los datos antes de que usted se marche del emplazamiento o compartir cambios de dise\u00f1o con usted de manera instant\u00e1nea.<\/p>\n<\/div>\n<div><\/div>\n<div>Para una experiencia con menos limitaciones, disfrute de la atenci\u00f3n al cliente activa deLeica Geosystems. Nuestra red global de profesionales con experiencia est\u00e1 a un solo clic de ayudarle con cualquier pregunta. Tambi\u00e9n puede controlar sus gastos con un\u00a0pack de atenci\u00f3n al cliente,\u00a0lo que le dar\u00e1 la tranquilidad de estar protegido en cualquier lugar y en cualquier momento.<\/div>\n<\/div>\n<\/div>\n<\/div>\n<\/div>\n","protected":false},"excerpt":{"rendered":"<p>Creada para hacer frente a cualquier desaf\u00edo, tarea o proyecto, la nueva estaci\u00f3n total automatizada Leica TS16 le ayudar\u00e1 de manera fiable y le proporcionar\u00e1 datos precisos cuando y donde los necesite. Con el cautivador\u00a0software de campo Leica Captivate\u00a0y la tecnolog\u00eda de autoaprendizaje\u00a0ATRplus\u00a0para el seguimiento de prisma autom\u00e1tico en cualquier condici\u00f3n medioambiental, la TS16 puede [&hellip;]<\/p>\n","protected":false},"featured_media":3393,"comment_status":"open","ping_status":"closed","template":"","meta":{"om_disable_all_campaigns":false,"ocean_post_layout":"","ocean_both_sidebars_style":"","ocean_both_sidebars_content_width":0,"ocean_both_sidebars_sidebars_width":0,"ocean_sidebar":"0","ocean_second_sidebar":"0","ocean_disable_margins":"enable","ocean_add_body_class":"","ocean_shortcode_before_top_bar":"","ocean_shortcode_after_top_bar":"","ocean_shortcode_before_header":"","ocean_shortcode_after_header":"","ocean_has_shortcode":"","ocean_shortcode_after_title":"","ocean_shortcode_before_footer_widgets":"","ocean_shortcode_after_footer_widgets":"","ocean_shortcode_before_footer_bottom":"","ocean_shortcode_after_footer_bottom":"","ocean_display_top_bar":"default","ocean_display_header":"default","ocean_header_style":"","ocean_center_header_left_menu":"0","ocean_custom_header_template":"0","ocean_custom_logo":0,"ocean_custom_retina_logo":0,"ocean_custom_logo_max_width":0,"ocean_custom_logo_tablet_max_width":0,"ocean_custom_logo_mobile_max_width":0,"ocean_custom_logo_max_height":0,"ocean_custom_logo_tablet_max_height":0,"ocean_custom_logo_mobile_max_height":0,"ocean_header_custom_menu":"0","ocean_menu_typo_font_family":"0","ocean_menu_typo_font_subset":"","ocean_menu_typo_font_size":0,"ocean_menu_typo_font_size_tablet":0,"ocean_menu_typo_font_size_mobile":0,"ocean_menu_typo_font_size_unit":"px","ocean_menu_typo_font_weight":"","ocean_menu_typo_font_weight_tablet":"","ocean_menu_typo_font_weight_mobile":"","ocean_menu_typo_transform":"","ocean_menu_typo_transform_tablet":"","ocean_menu_typo_transform_mobile":"","ocean_menu_typo_line_height":0,"ocean_menu_typo_line_height_tablet":0,"ocean_menu_typo_line_height_mobile":0,"ocean_menu_typo_line_height_unit":"","ocean_menu_typo_spacing":0,"ocean_menu_typo_spacing_tablet":0,"ocean_menu_typo_spacing_mobile":0,"ocean_menu_typo_spacing_unit":"","ocean_menu_link_color":"","ocean_menu_link_color_hover":"","ocean_menu_link_color_active":"","ocean_menu_link_background":"","ocean_menu_link_hover_background":"","ocean_menu_link_active_background":"","ocean_menu_social_links_bg":"","ocean_menu_social_hover_links_bg":"","ocean_menu_social_links_color":"","ocean_menu_social_hover_links_color":"","ocean_disable_title":"default","ocean_disable_heading":"default","ocean_post_title":"","ocean_post_subheading":"","ocean_post_title_style":"","ocean_post_title_background_color":"","ocean_post_title_background":0,"ocean_post_title_bg_image_position":"","ocean_post_title_bg_image_attachment":"","ocean_post_title_bg_image_repeat":"","ocean_post_title_bg_image_size":"","ocean_post_title_height":0,"ocean_post_title_bg_overlay":0.5,"ocean_post_title_bg_overlay_color":"","ocean_disable_breadcrumbs":"default","ocean_breadcrumbs_color":"","ocean_breadcrumbs_separator_color":"","ocean_breadcrumbs_links_color":"","ocean_breadcrumbs_links_hover_color":"","ocean_display_footer_widgets":"default","ocean_display_footer_bottom":"default","ocean_custom_footer_template":"0","_joinchat":[]},"product_brand":[],"product_cat":[16],"product_tag":[],"class_list":{"0":"post-3280","1":"product","2":"type-product","3":"status-publish","4":"has-post-thumbnail","6":"product_cat-sin-categorizar","8":"entry","9":"has-media","11":"first","12":"instock","13":"shipping-taxable","14":"purchasable","15":"product-type-simple","16":"has-product-nav","17":"col","18":"span_1_of_3","19":"owp-content-center","20":"owp-thumbs-layout-horizontal","21":"owp-btn-normal","22":"owp-tabs-layout-horizontal","23":"has-no-thumbnails"},"_links":{"self":[{"href":"https:\/\/telemetry.com.pe\/index.php\/wp-json\/wp\/v2\/product\/3280","targetHints":{"allow":["GET"]}}],"collection":[{"href":"https:\/\/telemetry.com.pe\/index.php\/wp-json\/wp\/v2\/product"}],"about":[{"href":"https:\/\/telemetry.com.pe\/index.php\/wp-json\/wp\/v2\/types\/product"}],"replies":[{"embeddable":true,"href":"https:\/\/telemetry.com.pe\/index.php\/wp-json\/wp\/v2\/comments?post=3280"}],"wp:featuredmedia":[{"embeddable":true,"href":"https:\/\/telemetry.com.pe\/index.php\/wp-json\/wp\/v2\/media\/3393"}],"wp:attachment":[{"href":"https:\/\/telemetry.com.pe\/index.php\/wp-json\/wp\/v2\/media?parent=3280"}],"wp:term":[{"taxonomy":"product_brand","embeddable":true,"href":"https:\/\/telemetry.com.pe\/index.php\/wp-json\/wp\/v2\/product_brand?post=3280"},{"taxonomy":"product_cat","embeddable":true,"href":"https:\/\/telemetry.com.pe\/index.php\/wp-json\/wp\/v2\/product_cat?post=3280"},{"taxonomy":"product_tag","embeddable":true,"href":"https:\/\/telemetry.com.pe\/index.php\/wp-json\/wp\/v2\/product_tag?post=3280"}],"curies":[{"name":"wp","href":"https:\/\/api.w.org\/{rel}","templated":true}]}}