{"id":3285,"date":"2023-09-18T15:13:07","date_gmt":"2023-09-18T15:13:07","guid":{"rendered":"http:\/\/telemetry.com.pe\/?post_type=product&#038;p=3285"},"modified":"2023-09-18T15:13:07","modified_gmt":"2023-09-18T15:13:07","slug":"leica-nova-tm50-para-gestionar-y-auscultuar-estructuras-de-forma-efectiva","status":"publish","type":"product","link":"https:\/\/telemetry.com.pe\/index.php\/producto\/leica-nova-tm50-para-gestionar-y-auscultuar-estructuras-de-forma-efectiva\/","title":{"rendered":"Leica Nova TM50 \u2013 Para gestionar y auscultuar estructuras de forma efectiva"},"content":{"rendered":"<p>Las empresas de ingenier\u00eda y los contratistas se enfrentan cada vez a m\u00e1s retos para auscultar estructuras en constante cambio. Se les encarga, y se les hace responsables, del correcto mantenimiento de las estructuras que crean Para superar estos desaf\u00edos, los ingenieros deben ser capaces de medir movimientos estructurales con una precisi\u00f3n milim\u00e9trica.<\/p>\n<p>Para gestionar y auscultar estas estructuras, los ingenieros conf\u00edan en la estaci\u00f3n de auscultaci\u00f3n Leica Nova TM50: \u00a1Porque cada medio segundo cuenta!<\/p>\n<p><strong>Asistente de imagen para cualquier situaci\u00f3n<\/strong><br \/>\nNova TM50 incluye una c\u00e1mara gran angular y una c\u00e1mara coaxial de 30 aumentos con enfoque autom\u00e1tico. Con la \u00faltima tecnolog\u00eda en procesamiento de im\u00e1genes, Nova TM50 ofrece la m\u00e1s alta calidad de imagen para una documentaci\u00f3n completa en trabajos de auscultaci\u00f3n. Las posibles obstrucciones en la visual pueden ser inspeccionadas remotamente, evitando problemas de seguridad en entornos de alto riesgo.<\/p>\n<p><strong>Funcionamiento continuo y fiable<\/strong><br \/>\nNova TM50 cumple con los retos de la aplicaci\u00f3n de auscultaci\u00f3n 24 horas al d\u00eda, 7 d\u00edas a la semana y est\u00e1 dise\u00f1ada para:<\/p>\n<ul>\n<li>Soportar el uso en las condiciones m\u00e1s severas<\/li>\n<li>Funcionar en un amplio rango de temperaturas<\/li>\n<li>Estar completamente operativa en entornos de luz solar intensa y oscuridad completa<\/li>\n<\/ul>\n<p><strong>Integraci\u00f3n completa en auscultaci\u00f3n<\/strong><br \/>\nNova TM50 constituye un componente de una soluci\u00f3n de auscultaci\u00f3n completa, que integra sin fisuras estaciones totales, receptores y antenas GNSS, sensores geot\u00e9cnicos, software e infraestructuras de telecomunicaciones.\u00a0Leica GeoMoS\u00a0constituye un sistema de auscultaci\u00f3n de deformaciones autom\u00e1tico y altamente flexible, que permite combinar sensores y que le proporcionar\u00e1 tranquilidad.<\/p>\n<p><strong>Atenci\u00f3n al cliente con un solo clic<\/strong><\/p>\n<p>A trav\u00e9s de\u00a0Active Customer Care, podr\u00e1 acceder con un solo clic a una red mundial de profesionales cualificados que le guiar\u00e1n para resolver cualquier problema:<\/p>\n<ul>\n<li>Acabe con los retrasos gracias a un servicio t\u00e9cnico superior.<\/li>\n<li>Termine los trabajos m\u00e1s r\u00e1pidamente con un excelente servicio de asesoramiento.<\/li>\n<li>Evite tener que volver a la obra y el coste que ello conlleva gracias al servicio en l\u00ednea para enviar y recibir datos directamente sobre el terreno.<\/li>\n<\/ul>\n<p>Controle sus gastos con un\u00a0Customer Care Package\u00a0personalizado, que le dar\u00e1 la tranquilidad de estar cubierto en todas partes y en todo momento.<\/p>\n","protected":false},"excerpt":{"rendered":"<p>Las empresas de ingenier\u00eda y los contratistas se enfrentan cada vez a m\u00e1s retos para auscultar estructuras en constante cambio. Se les encarga, y se les hace responsables, del correcto mantenimiento de las estructuras que crean Para superar estos desaf\u00edos, los ingenieros deben ser capaces de medir movimientos estructurales con una precisi\u00f3n milim\u00e9trica. Para gestionar [&hellip;]<\/p>\n","protected":false},"featured_media":3395,"comment_status":"open","ping_status":"closed","template":"","meta":{"om_disable_all_campaigns":false,"ocean_post_layout":"","ocean_both_sidebars_style":"","ocean_both_sidebars_content_width":0,"ocean_both_sidebars_sidebars_width":0,"ocean_sidebar":"0","ocean_second_sidebar":"0","ocean_disable_margins":"enable","ocean_add_body_class":"","ocean_shortcode_before_top_bar":"","ocean_shortcode_after_top_bar":"","ocean_shortcode_before_header":"","ocean_shortcode_after_header":"","ocean_has_shortcode":"","ocean_shortcode_after_title":"","ocean_shortcode_before_footer_widgets":"","ocean_shortcode_after_footer_widgets":"","ocean_shortcode_before_footer_bottom":"","ocean_shortcode_after_footer_bottom":"","ocean_display_top_bar":"default","ocean_display_header":"default","ocean_header_style":"","ocean_center_header_left_menu":"0","ocean_custom_header_template":"0","ocean_custom_logo":0,"ocean_custom_retina_logo":0,"ocean_custom_logo_max_width":0,"ocean_custom_logo_tablet_max_width":0,"ocean_custom_logo_mobile_max_width":0,"ocean_custom_logo_max_height":0,"ocean_custom_logo_tablet_max_height":0,"ocean_custom_logo_mobile_max_height":0,"ocean_header_custom_menu":"0","ocean_menu_typo_font_family":"0","ocean_menu_typo_font_subset":"","ocean_menu_typo_font_size":0,"ocean_menu_typo_font_size_tablet":0,"ocean_menu_typo_font_size_mobile":0,"ocean_menu_typo_font_size_unit":"px","ocean_menu_typo_font_weight":"","ocean_menu_typo_font_weight_tablet":"","ocean_menu_typo_font_weight_mobile":"","ocean_menu_typo_transform":"","ocean_menu_typo_transform_tablet":"","ocean_menu_typo_transform_mobile":"","ocean_menu_typo_line_height":0,"ocean_menu_typo_line_height_tablet":0,"ocean_menu_typo_line_height_mobile":0,"ocean_menu_typo_line_height_unit":"","ocean_menu_typo_spacing":0,"ocean_menu_typo_spacing_tablet":0,"ocean_menu_typo_spacing_mobile":0,"ocean_menu_typo_spacing_unit":"","ocean_menu_link_color":"","ocean_menu_link_color_hover":"","ocean_menu_link_color_active":"","ocean_menu_link_background":"","ocean_menu_link_hover_background":"","ocean_menu_link_active_background":"","ocean_menu_social_links_bg":"","ocean_menu_social_hover_links_bg":"","ocean_menu_social_links_color":"","ocean_menu_social_hover_links_color":"","ocean_disable_title":"default","ocean_disable_heading":"default","ocean_post_title":"","ocean_post_subheading":"","ocean_post_title_style":"","ocean_post_title_background_color":"","ocean_post_title_background":0,"ocean_post_title_bg_image_position":"","ocean_post_title_bg_image_attachment":"","ocean_post_title_bg_image_repeat":"","ocean_post_title_bg_image_size":"","ocean_post_title_height":0,"ocean_post_title_bg_overlay":0.5,"ocean_post_title_bg_overlay_color":"","ocean_disable_breadcrumbs":"default","ocean_breadcrumbs_color":"","ocean_breadcrumbs_separator_color":"","ocean_breadcrumbs_links_color":"","ocean_breadcrumbs_links_hover_color":"","ocean_display_footer_widgets":"default","ocean_display_footer_bottom":"default","ocean_custom_footer_template":"0","_joinchat":[]},"product_brand":[],"product_cat":[16],"product_tag":[],"class_list":{"0":"post-3285","1":"product","2":"type-product","3":"status-publish","4":"has-post-thumbnail","6":"product_cat-sin-categorizar","8":"entry","9":"has-media","11":"first","12":"instock","13":"shipping-taxable","14":"purchasable","15":"product-type-simple","16":"has-product-nav","17":"col","18":"span_1_of_3","19":"owp-content-center","20":"owp-thumbs-layout-horizontal","21":"owp-btn-normal","22":"owp-tabs-layout-horizontal","23":"has-no-thumbnails"},"_links":{"self":[{"href":"https:\/\/telemetry.com.pe\/index.php\/wp-json\/wp\/v2\/product\/3285","targetHints":{"allow":["GET"]}}],"collection":[{"href":"https:\/\/telemetry.com.pe\/index.php\/wp-json\/wp\/v2\/product"}],"about":[{"href":"https:\/\/telemetry.com.pe\/index.php\/wp-json\/wp\/v2\/types\/product"}],"replies":[{"embeddable":true,"href":"https:\/\/telemetry.com.pe\/index.php\/wp-json\/wp\/v2\/comments?post=3285"}],"wp:featuredmedia":[{"embeddable":true,"href":"https:\/\/telemetry.com.pe\/index.php\/wp-json\/wp\/v2\/media\/3395"}],"wp:attachment":[{"href":"https:\/\/telemetry.com.pe\/index.php\/wp-json\/wp\/v2\/media?parent=3285"}],"wp:term":[{"taxonomy":"product_brand","embeddable":true,"href":"https:\/\/telemetry.com.pe\/index.php\/wp-json\/wp\/v2\/product_brand?post=3285"},{"taxonomy":"product_cat","embeddable":true,"href":"https:\/\/telemetry.com.pe\/index.php\/wp-json\/wp\/v2\/product_cat?post=3285"},{"taxonomy":"product_tag","embeddable":true,"href":"https:\/\/telemetry.com.pe\/index.php\/wp-json\/wp\/v2\/product_tag?post=3285"}],"curies":[{"name":"wp","href":"https:\/\/api.w.org\/{rel}","templated":true}]}}