{"id":3292,"date":"2023-09-18T15:13:07","date_gmt":"2023-09-18T15:13:07","guid":{"rendered":"http:\/\/telemetry.com.pe\/?post_type=product&#038;p=3292"},"modified":"2023-09-18T15:13:07","modified_gmt":"2023-09-18T15:13:07","slug":"estacion-total-robotica-de-gama-media-leica-ts13","status":"publish","type":"product","link":"https:\/\/telemetry.com.pe\/index.php\/producto\/estacion-total-robotica-de-gama-media-leica-ts13\/","title":{"rendered":"Estaci\u00f3n total rob\u00f3tica de gama media Leica TS13"},"content":{"rendered":"<p>La Leica TS13 es una estaci\u00f3n total rob\u00f3tica de gama media.\u00a0Es una estaci\u00f3n total rob\u00f3tica escalable, impulsada por el software de campo Leica Captivate y se puede conectar a un controlador de campo Leica CS20.\u00a0Se puede actualizar en cualquier momento para beneficiarse de funcionalidades adicionales.<\/p>\n<div class=\"row equal-height\">\n<div class=\"col-lg-6 equal-height-inner\">\n<div class=\"inner-container\">\n<div class=\"caption baseFont\">\n<div class=\"text\">\n<h3>Software atractivo<\/h3>\n<p>La soluci\u00f3n de estaci\u00f3n total rob\u00f3tica Leica TS13 funciona con el revolucionario software\u00a0Leica Captivate\u00a0, convirtiendo datos complejos en los modelos 3D m\u00e1s realistas y viables.\u00a0Con aplicaciones f\u00e1ciles de usar y tecnolog\u00eda t\u00e1ctil familiar, todas las formas de datos medidos y de dise\u00f1o se pueden ver en todas las dimensiones.\u00a0Captivate abarca industrias y aplicaciones con poco m\u00e1s que un simple deslizamiento.<\/p>\n<\/div>\n<\/div>\n<\/div>\n<\/div>\n<div class=\"col-lg-6 equal-height-inner\">\n<div class=\"inner-container\">\n<div class=\"caption baseFont\">\n<div class=\"text\">\n<h3>Posibilidades infinitas<\/h3>\n<p>Mientras que Leica Captivate captura y modela datos en el campo,\u00a0Leica Infinity\u00a0procesa la informaci\u00f3n en la oficina.\u00a0Una transferencia de datos fluida garantiza que el proyecto se mantenga en marcha.\u00a0Captivate e Infinity trabajan en conjunto para unir datos de encuestas anteriores y editar proyectos de manera m\u00e1s r\u00e1pida y eficiente.<\/p>\n<\/div>\n<\/div>\n<\/div>\n<\/div>\n<\/div>\n<div class=\"row equal-height\">\n<div class=\"col-lg-6 equal-height-inner\">\n<div class=\"inner-container no-border\">\n<div class=\"caption baseFont\">\n<div class=\"text\">\n<h3>Atenci\u00f3n al cliente a un clic<\/h3>\n<p>A trav\u00e9s\u00a0de Active Customer Care\u00a0, una red global de profesionales experimentados est\u00e1 a solo un clic de distancia para guiarlo de manera experta a trav\u00e9s de cualquier problema:<\/p>\n<ul>\n<li>Elimine los retrasos con un servicio t\u00e9cnico superior<\/li>\n<li>Termine los trabajos m\u00e1s r\u00e1pido con un excelente soporte de consultor\u00eda<\/li>\n<li>Evite costosas visitas al sitio con el servicio en l\u00ednea para enviar y recibir datos directamente desde el campo<\/li>\n<\/ul>\n<p>Controle sus costos con un\u00a0paquete de atenci\u00f3n al cliente\u00a0personalizado , que le brinda tranquilidad, est\u00e1 cubierto en cualquier lugar y en cualquier momento<\/p>\n<\/div>\n<\/div>\n<\/div>\n<\/div>\n<div class=\"col-lg-6 equal-height-inner\">\n<div class=\"inner-container no-border\">\n<div class=\"caption baseFont\">\n<div class=\"text\">\n<h3>Actualizable<\/h3>\n<p>La estaci\u00f3n total Leica TS13 brinda una soluci\u00f3n r\u00e1pida, confiable y eficiente adaptada a las necesidades de los usuarios para medir y dise\u00f1ar m\u00e1s puntos.\u00a0Equipado con tecnolog\u00eda de reconocimiento autom\u00e1tico de objetivos (ATR) y, opcionalmente, con bloqueo de objetivos y SpeedSearch para encontrar y fijar prismas r\u00e1pidamente, proporciona una medici\u00f3n precisa de los objetivos.\u00a0Combinado con el software de campo Leica Captivate, el TS13 ofrece una forma simple y productiva de codificaci\u00f3n y trabajo de l\u00ednea.<\/p>\n<\/div>\n<\/div>\n<\/div>\n<\/div>\n<\/div>\n","protected":false},"excerpt":{"rendered":"<p>La Leica TS13 es una estaci\u00f3n total rob\u00f3tica de gama media.\u00a0Es una estaci\u00f3n total rob\u00f3tica escalable, impulsada por el software de campo Leica Captivate y se puede conectar a un controlador de campo Leica CS20.\u00a0Se puede actualizar en cualquier momento para beneficiarse de funcionalidades adicionales. Software atractivo La soluci\u00f3n de estaci\u00f3n total rob\u00f3tica Leica TS13 [&hellip;]<\/p>\n","protected":false},"featured_media":3396,"comment_status":"open","ping_status":"closed","template":"","meta":{"om_disable_all_campaigns":false,"ocean_post_layout":"","ocean_both_sidebars_style":"","ocean_both_sidebars_content_width":0,"ocean_both_sidebars_sidebars_width":0,"ocean_sidebar":"0","ocean_second_sidebar":"0","ocean_disable_margins":"enable","ocean_add_body_class":"","ocean_shortcode_before_top_bar":"","ocean_shortcode_after_top_bar":"","ocean_shortcode_before_header":"","ocean_shortcode_after_header":"","ocean_has_shortcode":"","ocean_shortcode_after_title":"","ocean_shortcode_before_footer_widgets":"","ocean_shortcode_after_footer_widgets":"","ocean_shortcode_before_footer_bottom":"","ocean_shortcode_after_footer_bottom":"","ocean_display_top_bar":"default","ocean_display_header":"default","ocean_header_style":"","ocean_center_header_left_menu":"0","ocean_custom_header_template":"0","ocean_custom_logo":0,"ocean_custom_retina_logo":0,"ocean_custom_logo_max_width":0,"ocean_custom_logo_tablet_max_width":0,"ocean_custom_logo_mobile_max_width":0,"ocean_custom_logo_max_height":0,"ocean_custom_logo_tablet_max_height":0,"ocean_custom_logo_mobile_max_height":0,"ocean_header_custom_menu":"0","ocean_menu_typo_font_family":"0","ocean_menu_typo_font_subset":"","ocean_menu_typo_font_size":0,"ocean_menu_typo_font_size_tablet":0,"ocean_menu_typo_font_size_mobile":0,"ocean_menu_typo_font_size_unit":"px","ocean_menu_typo_font_weight":"","ocean_menu_typo_font_weight_tablet":"","ocean_menu_typo_font_weight_mobile":"","ocean_menu_typo_transform":"","ocean_menu_typo_transform_tablet":"","ocean_menu_typo_transform_mobile":"","ocean_menu_typo_line_height":0,"ocean_menu_typo_line_height_tablet":0,"ocean_menu_typo_line_height_mobile":0,"ocean_menu_typo_line_height_unit":"","ocean_menu_typo_spacing":0,"ocean_menu_typo_spacing_tablet":0,"ocean_menu_typo_spacing_mobile":0,"ocean_menu_typo_spacing_unit":"","ocean_menu_link_color":"","ocean_menu_link_color_hover":"","ocean_menu_link_color_active":"","ocean_menu_link_background":"","ocean_menu_link_hover_background":"","ocean_menu_link_active_background":"","ocean_menu_social_links_bg":"","ocean_menu_social_hover_links_bg":"","ocean_menu_social_links_color":"","ocean_menu_social_hover_links_color":"","ocean_disable_title":"default","ocean_disable_heading":"default","ocean_post_title":"","ocean_post_subheading":"","ocean_post_title_style":"","ocean_post_title_background_color":"","ocean_post_title_background":0,"ocean_post_title_bg_image_position":"","ocean_post_title_bg_image_attachment":"","ocean_post_title_bg_image_repeat":"","ocean_post_title_bg_image_size":"","ocean_post_title_height":0,"ocean_post_title_bg_overlay":0.5,"ocean_post_title_bg_overlay_color":"","ocean_disable_breadcrumbs":"default","ocean_breadcrumbs_color":"","ocean_breadcrumbs_separator_color":"","ocean_breadcrumbs_links_color":"","ocean_breadcrumbs_links_hover_color":"","ocean_display_footer_widgets":"default","ocean_display_footer_bottom":"default","ocean_custom_footer_template":"0","_joinchat":[]},"product_brand":[],"product_cat":[16],"product_tag":[],"class_list":{"0":"post-3292","1":"product","2":"type-product","3":"status-publish","4":"has-post-thumbnail","6":"product_cat-sin-categorizar","8":"entry","9":"has-media","11":"first","12":"instock","13":"shipping-taxable","14":"purchasable","15":"product-type-simple","16":"has-product-nav","17":"col","18":"span_1_of_3","19":"owp-content-center","20":"owp-thumbs-layout-horizontal","21":"owp-btn-normal","22":"owp-tabs-layout-horizontal","23":"has-no-thumbnails"},"_links":{"self":[{"href":"https:\/\/telemetry.com.pe\/index.php\/wp-json\/wp\/v2\/product\/3292","targetHints":{"allow":["GET"]}}],"collection":[{"href":"https:\/\/telemetry.com.pe\/index.php\/wp-json\/wp\/v2\/product"}],"about":[{"href":"https:\/\/telemetry.com.pe\/index.php\/wp-json\/wp\/v2\/types\/product"}],"replies":[{"embeddable":true,"href":"https:\/\/telemetry.com.pe\/index.php\/wp-json\/wp\/v2\/comments?post=3292"}],"wp:featuredmedia":[{"embeddable":true,"href":"https:\/\/telemetry.com.pe\/index.php\/wp-json\/wp\/v2\/media\/3396"}],"wp:attachment":[{"href":"https:\/\/telemetry.com.pe\/index.php\/wp-json\/wp\/v2\/media?parent=3292"}],"wp:term":[{"taxonomy":"product_brand","embeddable":true,"href":"https:\/\/telemetry.com.pe\/index.php\/wp-json\/wp\/v2\/product_brand?post=3292"},{"taxonomy":"product_cat","embeddable":true,"href":"https:\/\/telemetry.com.pe\/index.php\/wp-json\/wp\/v2\/product_cat?post=3292"},{"taxonomy":"product_tag","embeddable":true,"href":"https:\/\/telemetry.com.pe\/index.php\/wp-json\/wp\/v2\/product_tag?post=3292"}],"curies":[{"name":"wp","href":"https:\/\/api.w.org\/{rel}","templated":true}]}}