{"id":3295,"date":"2023-09-18T15:13:07","date_gmt":"2023-09-18T15:13:07","guid":{"rendered":"http:\/\/telemetry.com.pe\/?post_type=product&#038;p=3295"},"modified":"2023-09-18T15:13:07","modified_gmt":"2023-09-18T15:13:07","slug":"estacion-total-para-auscultacion-leica-nova-tm60-contole-todo","status":"publish","type":"product","link":"https:\/\/telemetry.com.pe\/index.php\/producto\/estacion-total-para-auscultacion-leica-nova-tm60-contole-todo\/","title":{"rendered":"Estaci\u00f3n Total para Auscultaci\u00f3n Leica Nova TM60 \u2013 Contole todo"},"content":{"rendered":"<div class=\"text-group\">\n<p class=\"02BulletPointsSignaLightWindings913\">a robusta, precisa y duradera Leica Nova TM60 ayuda en los proyectos de auscultaci\u00f3n siempre que se necesita para tomar datos de forma segura y continua. Viene con una firme promesa: informaci\u00f3n e informes en tiempo real en los que siempre puede confiar, pues le ayudan a tomar decisiones informadas a tiempo y con tiempo.<\/p>\n<p class=\"02BulletPointsSignaLightWindings913\">Ya sea en asentamientos, flexi\u00f3nes, movimientos, deslizamientos \u00a0o cualquier otro cambio de estado, \u00a0lo\u00a0 tendr\u00e1 todo bajo control 24 horas al d\u00eda, 7 d\u00edas a la semana.\u00a0La TM60 incorpora el sistema de punter\u00eda autom\u00e1tica \u00a0<a href=\"https:\/\/www.youtube.com\/watch?v=2HoT30GHjks\" target=\"_blank\" rel=\"noopener noreferrer\">ATRplus<\/a>\u00a0 con m\u00e1s alcance del mundo, precisi\u00f3n de punter\u00eda de medio segundo, adquisici\u00f3n avanzada de im\u00e1genes y el funcionamiento continuo.<\/p>\n<p>El instrumento muestra su pleno potencial cuando se une con la\u00a0<a href=\"https:\/\/leica-geosystems.com\/products\/total-stations\/software\/leica-geomos\" target=\"_blank\" rel=\"noopener noreferrer\">soluci\u00f3n de auscultaci\u00f3n Leica GeoMoS<\/a>. Esta combinaci\u00f3n permite reaccionar a demandas complejas de cualquier proyecto de auscultaci\u00f3n, ya sea continuo o por campa\u00f1as. La Estaci\u00f3n Total de Auscultaci\u00f3n TM60 es capaz de\u00a0adaptarse autom\u00e1ticamente a condiciones medioambientales cambiantes,\u00a0lo que ofrece la tranquilidad de que no se producir\u00e1n huecos en los datos, tiempos de inactividad ni costes inesperados.<\/p>\n<p class=\"Default\">El instrumento viene con el potente e intuitivo\u00a0<a href=\"https:\/\/leica-geosystems.com\/products\/total-stations\/software\/leica-captivate\" target=\"_blank\" rel=\"noopener noreferrer\">software de campo, Leica Captivate<\/a>. La tecnolog\u00eda t\u00e1ctil f\u00e1cil de utilizar y las aplicaciones intuitivas permiten al usuario llevar a cabo campa\u00f1as de auscultaci\u00f3n.<\/p>\n<p>Cu\u00e1ndo usar la Leica Nova TM60:<\/p>\n<ul>\n<li><strong>Auscultaci\u00f3n permanente (24\/7)<\/strong>: funcionamiento remoto, monitorizaci\u00f3n continua, datos de medici\u00f3n en tiempo real, resistente a diversas condiciones ambientales.<\/li>\n<li><strong>Auscultaci\u00f3n por campa\u00f1as (peri\u00f3dica):<\/strong>\u00a0configuraci\u00f3n flexible del instrumento, mediciones autom\u00e1ticas, software de campo Leica Captivate, aplicaci\u00f3n de auscultaci\u00f3n dedicada, conectividad a los servicios en la nube.<\/li>\n<li><strong>Edificios y estructuras:<\/strong>\u00a0monitorizaci\u00f3n de edificios, rascacielos, instalaciones industriales y deportivas y estructuras de zonas costeras y subterr\u00e1neas.<\/li>\n<li><strong>Infraestructuras de transporte:<\/strong>\u00a0monitorizaci\u00f3n de t\u00faneles, ferrocarriles, puentes, carreteras y autopistas, aeropuertos, puertos y canales.<\/li>\n<li><strong>Monitorizaci\u00f3n medioambiental:<\/strong>: monitorizaci\u00f3n de deslizamientos, ca\u00eddas de rocas y hundimientos.<\/li>\n<li><strong>Infraestructuras energ\u00e9ticas:<\/strong>: monitorizaci\u00f3n de presas, plantas de petr\u00f3leo y gas, instalaciones nucleares, oleoductos o centrales el\u00e9ctricas.<\/li>\n<li><strong>Miner\u00eda:<\/strong>\u00a0monitorizaci\u00f3n de la estabilidad de taludes, muros de retenci\u00f3n y excavaciones.<\/li>\n<\/ul>\n<\/div>\n<div id=\"content-product-slider\" class=\"carousel slide fullWidthCarousel\" data-ride=\"carousel\">\n<div class=\"carousel1-inner \" role=\"listbox\">\n<div class=\"item active\">\n<div class=\"row equal-height\">\n<div class=\"col-lg-6 equal-height-inner\">\n<div class=\"inner-container\">\n<div class=\"caption baseFont\">\n<div class=\"text\">\n<h3>Reducci\u00f3n al m\u00ednimo de los tiempos de inactividad<\/h3>\n<p>La Leica Nova TM60 se ha concebido para ofrecerle la tranquilidad del funcionamiento ininterrumpido, los intervalos de mantenimiento m\u00e1s largos (anuales) y la ausencia de huecos en los datos gracias a Leica GeoMoS Edge.<\/p>\n<\/div>\n<\/div>\n<\/div>\n<\/div>\n<div class=\"col-lg-6 equal-height-inner\">\n<div class=\"inner-container\">\n<div class=\"caption baseFont\">\n<div class=\"text\">\n<h3>ATRplus<\/h3>\n<p>La Leica Nova TM60 se ha convertido en la primera estaci\u00f3n total de auscultaci\u00f3n con autoaprendizaje gracias a la introducci\u00f3n de ATRplus. ATRplus permite una automatizaci\u00f3n avanzada y un rendimiento \u00f3ptimo en las mediciones (hasta 3000 m), sin necesidad de realizar ajustes en las condiciones ambientales.<\/p>\n<\/div>\n<\/div>\n<\/div>\n<\/div>\n<\/div>\n<div class=\"row equal-height\">\n<div class=\"col-lg-6 equal-height-inner\">\n<div class=\"inner-container no-border\">\n<div class=\"caption baseFont\">\n<div class=\"text\">\n<h3>Leica GeoMoS<\/h3>\n<p>El sistema de auscultaci\u00f3n autom\u00e1tica de deformaciones de Leica Geosystems ayuda a los clientes a entender y reaccionar r\u00e1pidamente a las demandas complejas de los proyectos de auscultaci\u00f3n con la flexibilidad que necesitan.<\/p>\n<\/div>\n<\/div>\n<\/div>\n<\/div>\n<div class=\"col-lg-6 equal-height-inner\">\n<div class=\"inner-container no-border\">\n<div class=\"caption baseFont\">\n<div class=\"text\">\n<h3>Autoaprendizaje<\/h3>\n<p>Esta caracter\u00edstica de GeoMoS permite al instrumento buscar, apuntar y monitorizar autom\u00e1ticamente prismas con el campo visual ampliado del ATRplus. La detecci\u00f3n de los prismas a controlar puede realizarse ahora de forma autom\u00e1tica y remota.<\/p>\n<div>\n<div>\n<div id=\"_com_1\"><\/div>\n<\/div>\n<\/div>\n<\/div>\n<\/div>\n<\/div>\n<\/div>\n<\/div>\n<div class=\"text-group info-content\">Para disfrutar de una experiencia m\u00e1s c\u00f3moda, aproveche las ventajas del\u00a0Active Customer Care\u00a0de Leica Geosystems. Nuestra red global de experimentados profesionales est\u00e1 a tan solo un clic de distancia para ofrecerle la asistencia que requiera con cualquier cuesti\u00f3n. Adem\u00e1s, puede controlar sus costes con un \u00a0Paquete de Atenci\u00f3n al Cliente (CCP) personalizado,\u00a0y sentirse tranquilo al saber que dispone de protecci\u00f3n en cualquier lugar y momento.<\/div>\n<\/div>\n<\/div>\n<\/div>\n","protected":false},"excerpt":{"rendered":"<p>a robusta, precisa y duradera Leica Nova TM60 ayuda en los proyectos de auscultaci\u00f3n siempre que se necesita para tomar datos de forma segura y continua. Viene con una firme promesa: informaci\u00f3n e informes en tiempo real en los que siempre puede confiar, pues le ayudan a tomar decisiones informadas a tiempo y con tiempo. [&hellip;]<\/p>\n","protected":false},"featured_media":3398,"comment_status":"open","ping_status":"closed","template":"","meta":{"om_disable_all_campaigns":false,"ocean_post_layout":"","ocean_both_sidebars_style":"","ocean_both_sidebars_content_width":0,"ocean_both_sidebars_sidebars_width":0,"ocean_sidebar":"0","ocean_second_sidebar":"0","ocean_disable_margins":"enable","ocean_add_body_class":"","ocean_shortcode_before_top_bar":"","ocean_shortcode_after_top_bar":"","ocean_shortcode_before_header":"","ocean_shortcode_after_header":"","ocean_has_shortcode":"","ocean_shortcode_after_title":"","ocean_shortcode_before_footer_widgets":"","ocean_shortcode_after_footer_widgets":"","ocean_shortcode_before_footer_bottom":"","ocean_shortcode_after_footer_bottom":"","ocean_display_top_bar":"default","ocean_display_header":"default","ocean_header_style":"","ocean_center_header_left_menu":"0","ocean_custom_header_template":"0","ocean_custom_logo":0,"ocean_custom_retina_logo":0,"ocean_custom_logo_max_width":0,"ocean_custom_logo_tablet_max_width":0,"ocean_custom_logo_mobile_max_width":0,"ocean_custom_logo_max_height":0,"ocean_custom_logo_tablet_max_height":0,"ocean_custom_logo_mobile_max_height":0,"ocean_header_custom_menu":"0","ocean_menu_typo_font_family":"0","ocean_menu_typo_font_subset":"","ocean_menu_typo_font_size":0,"ocean_menu_typo_font_size_tablet":0,"ocean_menu_typo_font_size_mobile":0,"ocean_menu_typo_font_size_unit":"px","ocean_menu_typo_font_weight":"","ocean_menu_typo_font_weight_tablet":"","ocean_menu_typo_font_weight_mobile":"","ocean_menu_typo_transform":"","ocean_menu_typo_transform_tablet":"","ocean_menu_typo_transform_mobile":"","ocean_menu_typo_line_height":0,"ocean_menu_typo_line_height_tablet":0,"ocean_menu_typo_line_height_mobile":0,"ocean_menu_typo_line_height_unit":"","ocean_menu_typo_spacing":0,"ocean_menu_typo_spacing_tablet":0,"ocean_menu_typo_spacing_mobile":0,"ocean_menu_typo_spacing_unit":"","ocean_menu_link_color":"","ocean_menu_link_color_hover":"","ocean_menu_link_color_active":"","ocean_menu_link_background":"","ocean_menu_link_hover_background":"","ocean_menu_link_active_background":"","ocean_menu_social_links_bg":"","ocean_menu_social_hover_links_bg":"","ocean_menu_social_links_color":"","ocean_menu_social_hover_links_color":"","ocean_disable_title":"default","ocean_disable_heading":"default","ocean_post_title":"","ocean_post_subheading":"","ocean_post_title_style":"","ocean_post_title_background_color":"","ocean_post_title_background":0,"ocean_post_title_bg_image_position":"","ocean_post_title_bg_image_attachment":"","ocean_post_title_bg_image_repeat":"","ocean_post_title_bg_image_size":"","ocean_post_title_height":0,"ocean_post_title_bg_overlay":0.5,"ocean_post_title_bg_overlay_color":"","ocean_disable_breadcrumbs":"default","ocean_breadcrumbs_color":"","ocean_breadcrumbs_separator_color":"","ocean_breadcrumbs_links_color":"","ocean_breadcrumbs_links_hover_color":"","ocean_display_footer_widgets":"default","ocean_display_footer_bottom":"default","ocean_custom_footer_template":"0","_joinchat":[]},"product_brand":[],"product_cat":[16],"product_tag":[],"class_list":{"0":"post-3295","1":"product","2":"type-product","3":"status-publish","4":"has-post-thumbnail","6":"product_cat-sin-categorizar","8":"entry","9":"has-media","11":"first","12":"instock","13":"shipping-taxable","14":"purchasable","15":"product-type-simple","16":"has-product-nav","17":"col","18":"span_1_of_3","19":"owp-content-center","20":"owp-thumbs-layout-horizontal","21":"owp-btn-normal","22":"owp-tabs-layout-horizontal","23":"has-no-thumbnails"},"_links":{"self":[{"href":"https:\/\/telemetry.com.pe\/index.php\/wp-json\/wp\/v2\/product\/3295","targetHints":{"allow":["GET"]}}],"collection":[{"href":"https:\/\/telemetry.com.pe\/index.php\/wp-json\/wp\/v2\/product"}],"about":[{"href":"https:\/\/telemetry.com.pe\/index.php\/wp-json\/wp\/v2\/types\/product"}],"replies":[{"embeddable":true,"href":"https:\/\/telemetry.com.pe\/index.php\/wp-json\/wp\/v2\/comments?post=3295"}],"wp:featuredmedia":[{"embeddable":true,"href":"https:\/\/telemetry.com.pe\/index.php\/wp-json\/wp\/v2\/media\/3398"}],"wp:attachment":[{"href":"https:\/\/telemetry.com.pe\/index.php\/wp-json\/wp\/v2\/media?parent=3295"}],"wp:term":[{"taxonomy":"product_brand","embeddable":true,"href":"https:\/\/telemetry.com.pe\/index.php\/wp-json\/wp\/v2\/product_brand?post=3295"},{"taxonomy":"product_cat","embeddable":true,"href":"https:\/\/telemetry.com.pe\/index.php\/wp-json\/wp\/v2\/product_cat?post=3295"},{"taxonomy":"product_tag","embeddable":true,"href":"https:\/\/telemetry.com.pe\/index.php\/wp-json\/wp\/v2\/product_tag?post=3295"}],"curies":[{"name":"wp","href":"https:\/\/api.w.org\/{rel}","templated":true}]}}