{"id":3305,"date":"2023-09-18T15:13:07","date_gmt":"2023-09-18T15:13:07","guid":{"rendered":"http:\/\/telemetry.com.pe\/?post_type=product&#038;p=3305"},"modified":"2023-09-18T15:13:07","modified_gmt":"2023-09-18T15:13:07","slug":"estacion-total-manual-leica-flexline-ts07","status":"publish","type":"product","link":"https:\/\/telemetry.com.pe\/index.php\/producto\/estacion-total-manual-leica-flexline-ts07\/","title":{"rendered":"Estaci\u00f3n Total Manual Leica FlexLine TS07"},"content":{"rendered":"<div>\n<p>Leica FlexLine TS07 es una estaci\u00f3n total manual que hace posibles mediciones topogr\u00e1ficas de mediana a alta precisi\u00f3n y tareas de levantamiento de manera sencilla y eficiente.<\/p>\n<p>Constructores, ingenieros civiles o profesionales de la topograf\u00eda y de la cartograf\u00eda se benefician de la TS07 ya que les ayuda diariamente a resolver sus retos profesionales:<\/p>\n<ul>\n<li><strong>Los directores en departamentos de construcci\u00f3n<\/strong>\u00a0se benefician de la m\u00ednima inversi\u00f3n de tiempo por parte de sus equipos de topograf\u00eda, haciendo que sea posible entregar los proyectos a tiempo y por debajo del presupuesto.<\/li>\n<li><strong>Los\u00a0<\/strong><strong>gerentes topogr\u00e1ficos<\/strong>\u00a0pueden confiar en un producto que tiene la mayor durabilidad del mercado, lo cual aumenta la precisi\u00f3n de su planeaci\u00f3n.<\/li>\n<li><strong>Los top\u00f3grafos<\/strong>\u00a0trabajan m\u00e1s r\u00e1pido midiendo m\u00e1s puntos por d\u00eda con menos errores y menor necesidad de realizar correcciones.<\/li>\n<\/ul>\n<\/div>\n<p><strong>Leica FlexLine: La nueva generaci\u00f3n de las estaciones totales manuales<\/strong><\/p>\n<p>La nueva serie Leica FlexLine est\u00e1 basada en el concepto de un producto probado, revolucionando el mundo de las mediciones y la topograf\u00eda por casi 200 a\u00f1os. A diferencia de cualquier otra estaci\u00f3n total manual del mercado, las estaciones totales manuales Leica Geosystems se enfocan en proveer la m\u00e1s alta calidad, el costo total de propiedad m\u00e1s bajo y la durabilidad m\u00e1s larga de la industria, permitiendo a los usuarios trabajar con soluciones espec\u00edficas para obtener el mejor desempe\u00f1o posible.<\/p>\n<p><strong>AutoAltura. Revolucionando los instrumentos de medici\u00f3n de altura.<\/strong><\/p>\n<p>La TS07 ofrece la primera funci\u00f3n de AutoAltura del mundo como funci\u00f3n opcional. La AutoAltura permite que el instrumento mida, lea y calcule su altura autom\u00e1ticamente. De esta forma, evitamos la p\u00e9rdida de tiempo haciendo ajustes manuales y eliminamos errores cr\u00edticos al establecer los par\u00e1metros del instrumento ya que esta funcionalidad utiliza un l\u00e1ser del mismo instrumento que mide directamente hacia el suelo y pasa la medici\u00f3n al software.<\/p>\n<p><strong>Software Leica FlexField: Comprensivo, intuitivo y f\u00e1cil de usar.<\/strong><\/p>\n<p>La TS07 est\u00e1 equipada con el programa Leica FlexField, un programa intuitivo, familiar y f\u00e1cil de usar. Flujos de trabajo guiados, gr\u00e1ficas e \u00edconos f\u00e1ciles de entender aseguran una peque\u00f1a curva de aprendizaje al estar en el campo de trabajo. El software hace que la interpretaci\u00f3n de los valores de medici\u00f3n o de los textos ya no sea necesaria y garantiza una operaci\u00f3n m\u00e1s r\u00e1pida y simple justo cuando la necesita. Con su sistema de medici\u00f3n preciso a distancia tendr\u00e1 la capacidad de medir tanto a prismas como a cualquier otra superficie.<\/p>\n<p><strong>Servicio y soporte: Global, local y el mejor de su clase.<\/strong><\/p>\n<p>Ahora, con acceso a internet m\u00f3vil opcional, la TS07 puede conectarse a la oficina con un flujo de datos impecable y conectar tambi\u00e9n con el servicio y soporte global de Leica Geosystems. Todo ello con solo pulsar un bot\u00f3n. Con el programa\u00a0Active Customer Care\u00a0y el portal del cliente\u00a0myWorld,\u00a0los usuarios pueden tener acceso a las actualizaciones m\u00e1s recientes de su software, servicio, soporte, as\u00ed como tambi\u00e9n a mySecurity. Con mySecurity activado, el mecanismo de bloqueo asegura que el aparato se deshabilitar\u00e1 y ya no podr\u00e1 ser usado.<\/p>\n<div class=\"row equal-height\">\n<div class=\"col-lg-6 equal-height-inner\">\n<div class=\"inner-container\">\n<div class=\"caption baseFont\">\n<div class=\"text\">\n<h3>TRABAJE M\u00c1S R\u00c1PIDO<\/h3>\n<p>Mida m\u00e1s puntos por d\u00eda al poder medir m\u00e1s r\u00e1pido gracias a sus nuevas funcionalidades\u00a0 (tornillos sin fin, disparadores, identificaci\u00f3n del objetivo EDM, etc.) soportados por nuestro sencillo y familiar software FlexField. Acelere su curva de aprendizaje en el lugar de trabajo, aproveche la gran ergonom\u00eda y las mediciones fiables. Reduzca errores y evite rehacer el trabajo.<\/p>\n<\/div>\n<\/div>\n<\/div>\n<\/div>\n<div class=\"col-lg-6 equal-height-inner\">\n<div class=\"inner-container\">\n<div class=\"caption baseFont\">\n<div class=\"text\">\n<h3>FUNCIONALIDAD SIN PROBLEMAS<\/h3>\n<p>Incremente su productividad y minimice las p\u00e9rdidas de tiempo, confiando en instrumentos de alta durabilidad, acompa\u00f1ados de un servicio global y de la mayor red de soporte.<\/p>\n<h3><strong>PRODUCTOS HECHOS PARA DURAR<\/strong><\/h3>\n<\/div>\n<\/div>\n<\/div>\n<\/div>\n<\/div>\n<div class=\"row equal-height\">\n<div class=\"col-lg-6 equal-height-inner\">\n<div class=\"inner-container\">\n<div class=\"caption baseFont\">\n<div class=\"text\">Tras trabajar durante a\u00f1os bajo las condiciones m\u00e1s duras (ya sea barro, polvo, lluvia, calor o fr\u00edo extremos), la robusta gama FlexLine est\u00e1 preparada para operar con el mismo nivel de fiabilidad y precisi\u00f3n.<\/div>\n<\/div>\n<\/div>\n<\/div>\n<div class=\"col-lg-6 equal-height-inner\">\n<div class=\"inner-container\">\n<div class=\"caption baseFont\">\n<div class=\"text\">\n<h3>CONTROLE SU INVERSI\u00d3N<\/h3>\n<p>Llevamos casi 200 a\u00f1os creando instrumentos de calidad. Por este motivo, puedes confiar en una baja inversi\u00f3n durante la vida \u00fatil del instrumento sin necesidad de preocuparse por gastos inesperados.<\/p>\n<\/div>\n<\/div>\n<\/div>\n<\/div>\n<\/div>\n<div class=\"row equal-height\">\n<div class=\"col-lg-6 equal-height-inner\">\n<div class=\"inner-container no-border\">\n<div class=\"caption baseFont\">\n<div class=\"text\">\n<h3>GANE CON LA CONECTIVIDAD M\u00d3VIL<\/h3>\n<p>Con acceso opcional a internet m\u00f3vil, podr\u00e1 compartir su informaci\u00f3n en l\u00ednea mucho m\u00e1s r\u00e1pido, recibir informaci\u00f3n del proyecto de sus dise\u00f1adores o ingenieros en campo y utilizar los servicios de Leica Geosystems, tales como Leica Exchange o Leica Active Assist.<\/p>\n<\/div>\n<\/div>\n<\/div>\n<\/div>\n<div class=\"col-lg-6 equal-height-inner\">\n<div class=\"inner-container no-border\">\n<div class=\"caption baseFont\">\n<div class=\"text\">\n<h3>AHORRE TIEMPO CON LA FUNCIONALIDAD AUTOALTURA<\/h3>\n<p>Esta revolucionaria caracter\u00edstica permite a la TS07 medir, leer y calcular su propia altura de forma autom\u00e1tica. Esta funcionalidad minimiza los errores y acelera los estacionamientos en campo. La AutoAltura es una funcionalidad opcional que se encuentra disponible para la TS07.<\/p>\n<\/div>\n<\/div>\n<\/div>\n<\/div>\n<\/div>\n","protected":false},"excerpt":{"rendered":"<p>Leica FlexLine TS07 es una estaci\u00f3n total manual que hace posibles mediciones topogr\u00e1ficas de mediana a alta precisi\u00f3n y tareas de levantamiento de manera sencilla y eficiente. Constructores, ingenieros civiles o profesionales de la topograf\u00eda y de la cartograf\u00eda se benefician de la TS07 ya que les ayuda diariamente a resolver sus retos profesionales: Los [&hellip;]<\/p>\n","protected":false},"featured_media":3400,"comment_status":"open","ping_status":"closed","template":"","meta":{"om_disable_all_campaigns":false,"ocean_post_layout":"","ocean_both_sidebars_style":"","ocean_both_sidebars_content_width":0,"ocean_both_sidebars_sidebars_width":0,"ocean_sidebar":"0","ocean_second_sidebar":"0","ocean_disable_margins":"enable","ocean_add_body_class":"","ocean_shortcode_before_top_bar":"","ocean_shortcode_after_top_bar":"","ocean_shortcode_before_header":"","ocean_shortcode_after_header":"","ocean_has_shortcode":"","ocean_shortcode_after_title":"","ocean_shortcode_before_footer_widgets":"","ocean_shortcode_after_footer_widgets":"","ocean_shortcode_before_footer_bottom":"","ocean_shortcode_after_footer_bottom":"","ocean_display_top_bar":"default","ocean_display_header":"default","ocean_header_style":"","ocean_center_header_left_menu":"0","ocean_custom_header_template":"0","ocean_custom_logo":0,"ocean_custom_retina_logo":0,"ocean_custom_logo_max_width":0,"ocean_custom_logo_tablet_max_width":0,"ocean_custom_logo_mobile_max_width":0,"ocean_custom_logo_max_height":0,"ocean_custom_logo_tablet_max_height":0,"ocean_custom_logo_mobile_max_height":0,"ocean_header_custom_menu":"0","ocean_menu_typo_font_family":"0","ocean_menu_typo_font_subset":"","ocean_menu_typo_font_size":0,"ocean_menu_typo_font_size_tablet":0,"ocean_menu_typo_font_size_mobile":0,"ocean_menu_typo_font_size_unit":"px","ocean_menu_typo_font_weight":"","ocean_menu_typo_font_weight_tablet":"","ocean_menu_typo_font_weight_mobile":"","ocean_menu_typo_transform":"","ocean_menu_typo_transform_tablet":"","ocean_menu_typo_transform_mobile":"","ocean_menu_typo_line_height":0,"ocean_menu_typo_line_height_tablet":0,"ocean_menu_typo_line_height_mobile":0,"ocean_menu_typo_line_height_unit":"","ocean_menu_typo_spacing":0,"ocean_menu_typo_spacing_tablet":0,"ocean_menu_typo_spacing_mobile":0,"ocean_menu_typo_spacing_unit":"","ocean_menu_link_color":"","ocean_menu_link_color_hover":"","ocean_menu_link_color_active":"","ocean_menu_link_background":"","ocean_menu_link_hover_background":"","ocean_menu_link_active_background":"","ocean_menu_social_links_bg":"","ocean_menu_social_hover_links_bg":"","ocean_menu_social_links_color":"","ocean_menu_social_hover_links_color":"","ocean_disable_title":"default","ocean_disable_heading":"default","ocean_post_title":"","ocean_post_subheading":"","ocean_post_title_style":"","ocean_post_title_background_color":"","ocean_post_title_background":0,"ocean_post_title_bg_image_position":"","ocean_post_title_bg_image_attachment":"","ocean_post_title_bg_image_repeat":"","ocean_post_title_bg_image_size":"","ocean_post_title_height":0,"ocean_post_title_bg_overlay":0.5,"ocean_post_title_bg_overlay_color":"","ocean_disable_breadcrumbs":"default","ocean_breadcrumbs_color":"","ocean_breadcrumbs_separator_color":"","ocean_breadcrumbs_links_color":"","ocean_breadcrumbs_links_hover_color":"","ocean_display_footer_widgets":"default","ocean_display_footer_bottom":"default","ocean_custom_footer_template":"0","_joinchat":[]},"product_brand":[],"product_cat":[16],"product_tag":[],"class_list":{"0":"post-3305","1":"product","2":"type-product","3":"status-publish","4":"has-post-thumbnail","6":"product_cat-sin-categorizar","8":"entry","9":"has-media","11":"first","12":"instock","13":"shipping-taxable","14":"purchasable","15":"product-type-simple","16":"has-product-nav","17":"col","18":"span_1_of_3","19":"owp-content-center","20":"owp-thumbs-layout-horizontal","21":"owp-btn-normal","22":"owp-tabs-layout-horizontal","23":"has-no-thumbnails"},"_links":{"self":[{"href":"https:\/\/telemetry.com.pe\/index.php\/wp-json\/wp\/v2\/product\/3305","targetHints":{"allow":["GET"]}}],"collection":[{"href":"https:\/\/telemetry.com.pe\/index.php\/wp-json\/wp\/v2\/product"}],"about":[{"href":"https:\/\/telemetry.com.pe\/index.php\/wp-json\/wp\/v2\/types\/product"}],"replies":[{"embeddable":true,"href":"https:\/\/telemetry.com.pe\/index.php\/wp-json\/wp\/v2\/comments?post=3305"}],"wp:featuredmedia":[{"embeddable":true,"href":"https:\/\/telemetry.com.pe\/index.php\/wp-json\/wp\/v2\/media\/3400"}],"wp:attachment":[{"href":"https:\/\/telemetry.com.pe\/index.php\/wp-json\/wp\/v2\/media?parent=3305"}],"wp:term":[{"taxonomy":"product_brand","embeddable":true,"href":"https:\/\/telemetry.com.pe\/index.php\/wp-json\/wp\/v2\/product_brand?post=3305"},{"taxonomy":"product_cat","embeddable":true,"href":"https:\/\/telemetry.com.pe\/index.php\/wp-json\/wp\/v2\/product_cat?post=3305"},{"taxonomy":"product_tag","embeddable":true,"href":"https:\/\/telemetry.com.pe\/index.php\/wp-json\/wp\/v2\/product_tag?post=3305"}],"curies":[{"name":"wp","href":"https:\/\/api.w.org\/{rel}","templated":true}]}}