{"id":3337,"date":"2023-09-18T15:13:06","date_gmt":"2023-09-18T15:13:06","guid":{"rendered":"http:\/\/telemetry.com.pe\/?post_type=product&#038;p=3337"},"modified":"2023-09-18T15:13:06","modified_gmt":"2023-09-18T15:13:06","slug":"leica-gs18-i-gnss-movil-rtk","status":"publish","type":"product","link":"https:\/\/telemetry.com.pe\/index.php\/producto\/leica-gs18-i-gnss-movil-rtk\/","title":{"rendered":"Leica GS18 I GNSS M\u00f3vil RTK"},"content":{"rendered":"<p>Presentamos el Leica GS18 I, un m\u00f3vil GNSS RTK vers\u00e1til de calidad topogr\u00e1fica con Posicionamiento mediante Im\u00e1genes. Dise\u00f1ado para que los profesionales del \u00e1mbito de la topograf\u00eda midan de forma f\u00e1cil y precisa puntos que antes no era posible medir con un equipo m\u00f3vil GNSS. Ahora puede realizar una captura r\u00e1pida del lugar con im\u00e1genes para, despu\u00e9s, medir los puntos a partir de ellas, ya sea en campo o m\u00e1s tarde en oficina.<\/p>\n<p>La fusi\u00f3n de sensores GNSS, IMU y c\u00e1mara que funcionan juntos para crear una tecnolog\u00eda de posicionamiento mediante la imagen, lo que da lugar a un m\u00f3vil GNSS RTK tan potente, que permite medir lo que se ve. El GS18 I tiene todas las funciones del \u00a0<a href=\"https:\/\/leica-geosystems.com\/es-cl\/products\/gnss-systems\/smart-antennas\/leica-gs18-t\">Leica GS18 T<\/a>:\u00a0por ejemplo, adem\u00e1s del posicionamiento con im\u00e1genes, los usuarios pueden medir puntos con el bast\u00f3n inclinado o nivelado.<\/p>\n<ul>\n<li>Mida puntos, incluso en zonas con cielo oculto, de forma m\u00e1s f\u00e1cil y eficaz.<\/li>\n<li>Capture puntos a los que antes era imposible llegar con un m\u00f3vil GNSS.<\/li>\n<li>Obtenga m\u00e1s flexibilidad y control sin necesidad de utilizar equipos adicionales que impliquen una inversi\u00f3n de tiempo adicional.<\/li>\n<li>Mida cientos de puntos con una precisi\u00f3n topogr\u00e1fica en cuesti\u00f3n de minutos.<\/li>\n<li>Capture la escena r\u00e1pidamente y decida m\u00e1s tarde lo que debe medirse, incluso si la escena cambia o desaparece despu\u00e9s.<\/li>\n<li>Pulse una imagen para medir un punto, ya sea en campo o en oficina.<\/li>\n<li>R\u00e1pido y minucioso, para que pueda capturar todos y cada uno los detalles.<\/li>\n<\/ul>\n<p>&nbsp;<\/p>\n<div class=\"row\">\n<div class=\"col-lg-3\"><\/div>\n<div class=\"col-lg-9\">\n<h3>Innovador<\/h3>\n<p>El GS18 I es un m\u00f3vil GNSS RTK preciso y f\u00e1cil de utilizar. Emplea la innovadora tecnolog\u00eda de posicionamiento mediante im\u00e1genes bas\u00e1ndose en la integraci\u00f3n perfecta de GNSS, IMU y c\u00e1mara. Permite medir puntos con una precisi\u00f3n topogr\u00e1fica a partir de im\u00e1genes, ya sea en campo o en oficina. Tambi\u00e9n puede crear nubes de puntos a partir de im\u00e1genes capturadas utilizando\u00a0<a href=\"https:\/\/leica-geosystems.com\/es-cl\/products\/gnss-systems\/software\/leica-infinity\">Leica Infinity<\/a>\u00a0y, de este modo, aumentar las posibilidades a\u00fan m\u00e1s.<\/div>\n<\/div>\n<div class=\"row\">\n<div class=\"col-lg-3\"><\/div>\n<div class=\"col-lg-9\">\n<h3>R\u00e1pido<\/h3>\n<p>Dise\u00f1ado para medir un gran n\u00famero de puntos con total eficacia. El GS18 I permite capturar im\u00e1genes y medir cientos de puntos en cuesti\u00f3n de minutos sin necesidad de llegar f\u00edsicamente a cada punto. El tiempo que se invierte in situ disminuye y las revisitas se reducen al m\u00ednimo; una vez que se ha hecho una captura de ese sitio, es posible medir todos los detalles siempre que se desee.<\/p><\/div>\n<\/div>\n<div class=\"row\">\n<div class=\"col-lg-9\">\n<h3>Vers\u00e1til<\/h3>\n<p>El poder de la imagen ha cambiado las reglas del juego. Al tener la posibilidad de medir lo que se ve, ahora es posible llegar a lugares a los que antes no se pod\u00eda sin necesidad de utilizar herramientas o superar y sortear obst\u00e1culos. Esto ofrece flexibilidad en campo, libera de trabajo a los equipos y operarios, aumenta al m\u00e1ximo la productividad e incrementa los beneficios.<\/p><\/div>\n<\/div>\n<div>\n<div class=\"row equal-height\">\n<div class=\"col-lg-6  equal-height-inner\">\n<div class=\"inner-container\">\n<div class=\"caption baseFont\">\n<div class=\"text\">\n<h3>SOFTWARE ATRACTIVO<\/h3>\n<p>El software de campo\u00a0Leica Captivate\u00a0 es el compa\u00f1ero perfecto para el GS18 I. Con aplicaciones f\u00e1ciles de usar, es posible ver y utilizar todos los datos medidos y de dise\u00f1o, lo que le ofrece una clara compresi\u00f3n de los datos en vista 2D y 3D. Captivate abarca industrias y aplicaciones con poco m\u00e1s que un simple toque, independientemente de si est\u00e1 trabajando con GNSS, estaciones totales o ambos.<\/p><\/div>\n<\/div>\n<\/div>\n<\/div>\n<div class=\"col-lg-6  equal-height-inner\">\n<div class=\"inner-container\">\n<div class=\"caption baseFont\">\n<div class=\"text\">\n<h3>COMPENSACI\u00d3N DE LA INCLINACI\u00d3N<\/h3>\n<p>Basada en la fusi\u00f3n de sensores de IMU y GNSS, la compensaci\u00f3n de inclinaci\u00f3n del GS18 I es inmune a las perturbaciones magn\u00e9ticas y puede ponerse en funcionamiento de inmediato sin necesidad de calibraci\u00f3n. Con el GS18 I, los top\u00f3grafos tienen la flexibilidad de medir puntos con un bast\u00f3n nivelado y seguir guardando los valores de inclinaci\u00f3n de cada medici\u00f3n. De esta manera, se tiene la confianza de que lo que se ha medido es correcto.<\/p><\/div>\n<\/div>\n<\/div>\n<\/div>\n<\/div>\n<div class=\"row equal-height\">\n<div class=\"col-lg-6  equal-height-inner\">\n<div class=\"inner-container\">\n<div class=\"caption baseFont\">\n<div class=\"text\">\n<h3>MEMORIA INTERNA<\/h3>\n<p>Los usuarios con cualquier modelo GS18 tienen la flexibilidad de registrar datos brutos en una tarjeta SD o en la memoria interna.<\/p><\/div>\n<\/div>\n<\/div>\n<\/div>\n<div class=\"col-lg-6  equal-height-inner\">\n<div class=\"inner-container\">\n<div class=\"caption baseFont\">\n<div class=\"text\">\n<h3>4G LTE &amp; EXCELENTE CALIDAD DE MEDICI\u00d3N<\/h3>\n<p>El seguimiento de se\u00f1ales multifrecuencia viene de serie con todos los receptores Leica Geosystems GS.\u00a0Y, combinado con una excelente antena GNSS y una frecuencia de actualizaci\u00f3n de posici\u00f3n de 20 Hz, el GS18 I garantiza una calidad de medici\u00f3n altamente fiable.<\/p><\/div>\n<\/div>\n<\/div>\n<\/div>\n<\/div>\n<div class=\"row equal-height\">\n<div class=\"col-lg-6  equal-height-inner\">\n<div class=\"inner-container no-border\">\n<div class=\"caption baseFont\">\n<div class=\"text\">\n<h3>MEJORA DEL RENDIMIENTO<\/h3>\n<p>Las opciones de reducci\u00f3n del efecto multipath y de reducci\u00f3n de interferencias en Captivate refuerzan la calidad del seguimiento de la se\u00f1al GNSS en entornos complicados, lo que mejora la disponibilidad y la precisi\u00f3n RTK. Asimismo, un kit de herramientas de filtrado de interferencias permite eliminar las distorsiones dentro y fuera de banda para un seguimiento de la se\u00f1al GNSS a\u00fan m\u00e1s robusto.<\/p><\/div>\n<\/div>\n<\/div>\n<\/div>\n<div class=\"col-lg-6  equal-height-inner\">\n<div class=\"inner-container no-border\">\n<div class=\"caption baseFont\">\n<div class=\"text\">\n<h3>ACTIVE CUSTOMER CARE<\/h3>\n<p>A trav\u00e9s de\u00a0Active Customer Care (ACC), una red mundial de profesionales experimentados se encuentra a un solo clic de guiarle por cualquier reto.\u00a0 Controle sus gastos con un\u00a0Customer Care Package\u00a0(CCP), que le ofrece la tranquilidad de saber que est\u00e1 cubierto en cualquier momento y en cualquier lugar.<\/p>\n<\/div>\n<\/div>\n<\/div>\n<\/div>\n<\/div>\n<\/div>\n","protected":false},"excerpt":{"rendered":"<p>Presentamos el Leica GS18 I, un m\u00f3vil GNSS RTK vers\u00e1til de calidad topogr\u00e1fica con Posicionamiento mediante Im\u00e1genes. Dise\u00f1ado para que los profesionales del \u00e1mbito de la topograf\u00eda midan de forma f\u00e1cil y precisa puntos que antes no era posible medir con un equipo m\u00f3vil GNSS. Ahora puede realizar una captura r\u00e1pida del lugar con im\u00e1genes [&hellip;]<\/p>\n","protected":false},"featured_media":3338,"comment_status":"open","ping_status":"closed","template":"","meta":{"om_disable_all_campaigns":false,"ocean_post_layout":"","ocean_both_sidebars_style":"","ocean_both_sidebars_content_width":0,"ocean_both_sidebars_sidebars_width":0,"ocean_sidebar":"0","ocean_second_sidebar":"0","ocean_disable_margins":"enable","ocean_add_body_class":"","ocean_shortcode_before_top_bar":"","ocean_shortcode_after_top_bar":"","ocean_shortcode_before_header":"","ocean_shortcode_after_header":"","ocean_has_shortcode":"","ocean_shortcode_after_title":"","ocean_shortcode_before_footer_widgets":"","ocean_shortcode_after_footer_widgets":"","ocean_shortcode_before_footer_bottom":"","ocean_shortcode_after_footer_bottom":"","ocean_display_top_bar":"default","ocean_display_header":"default","ocean_header_style":"","ocean_center_header_left_menu":"0","ocean_custom_header_template":"0","ocean_custom_logo":0,"ocean_custom_retina_logo":0,"ocean_custom_logo_max_width":0,"ocean_custom_logo_tablet_max_width":0,"ocean_custom_logo_mobile_max_width":0,"ocean_custom_logo_max_height":0,"ocean_custom_logo_tablet_max_height":0,"ocean_custom_logo_mobile_max_height":0,"ocean_header_custom_menu":"0","ocean_menu_typo_font_family":"0","ocean_menu_typo_font_subset":"","ocean_menu_typo_font_size":0,"ocean_menu_typo_font_size_tablet":0,"ocean_menu_typo_font_size_mobile":0,"ocean_menu_typo_font_size_unit":"px","ocean_menu_typo_font_weight":"","ocean_menu_typo_font_weight_tablet":"","ocean_menu_typo_font_weight_mobile":"","ocean_menu_typo_transform":"","ocean_menu_typo_transform_tablet":"","ocean_menu_typo_transform_mobile":"","ocean_menu_typo_line_height":0,"ocean_menu_typo_line_height_tablet":0,"ocean_menu_typo_line_height_mobile":0,"ocean_menu_typo_line_height_unit":"","ocean_menu_typo_spacing":0,"ocean_menu_typo_spacing_tablet":0,"ocean_menu_typo_spacing_mobile":0,"ocean_menu_typo_spacing_unit":"","ocean_menu_link_color":"","ocean_menu_link_color_hover":"","ocean_menu_link_color_active":"","ocean_menu_link_background":"","ocean_menu_link_hover_background":"","ocean_menu_link_active_background":"","ocean_menu_social_links_bg":"","ocean_menu_social_hover_links_bg":"","ocean_menu_social_links_color":"","ocean_menu_social_hover_links_color":"","ocean_disable_title":"default","ocean_disable_heading":"default","ocean_post_title":"","ocean_post_subheading":"","ocean_post_title_style":"","ocean_post_title_background_color":"","ocean_post_title_background":0,"ocean_post_title_bg_image_position":"","ocean_post_title_bg_image_attachment":"","ocean_post_title_bg_image_repeat":"","ocean_post_title_bg_image_size":"","ocean_post_title_height":0,"ocean_post_title_bg_overlay":0.5,"ocean_post_title_bg_overlay_color":"","ocean_disable_breadcrumbs":"default","ocean_breadcrumbs_color":"","ocean_breadcrumbs_separator_color":"","ocean_breadcrumbs_links_color":"","ocean_breadcrumbs_links_hover_color":"","ocean_display_footer_widgets":"default","ocean_display_footer_bottom":"default","ocean_custom_footer_template":"0","_joinchat":[]},"product_brand":[],"product_cat":[16],"product_tag":[],"class_list":{"0":"post-3337","1":"product","2":"type-product","3":"status-publish","4":"has-post-thumbnail","6":"product_cat-sin-categorizar","8":"entry","9":"has-media","11":"first","12":"instock","13":"shipping-taxable","14":"purchasable","15":"product-type-simple","16":"has-product-nav","17":"col","18":"span_1_of_3","19":"owp-content-center","20":"owp-thumbs-layout-horizontal","21":"owp-btn-normal","22":"owp-tabs-layout-horizontal","23":"has-no-thumbnails"},"_links":{"self":[{"href":"https:\/\/telemetry.com.pe\/index.php\/wp-json\/wp\/v2\/product\/3337","targetHints":{"allow":["GET"]}}],"collection":[{"href":"https:\/\/telemetry.com.pe\/index.php\/wp-json\/wp\/v2\/product"}],"about":[{"href":"https:\/\/telemetry.com.pe\/index.php\/wp-json\/wp\/v2\/types\/product"}],"replies":[{"embeddable":true,"href":"https:\/\/telemetry.com.pe\/index.php\/wp-json\/wp\/v2\/comments?post=3337"}],"wp:featuredmedia":[{"embeddable":true,"href":"https:\/\/telemetry.com.pe\/index.php\/wp-json\/wp\/v2\/media\/3338"}],"wp:attachment":[{"href":"https:\/\/telemetry.com.pe\/index.php\/wp-json\/wp\/v2\/media?parent=3337"}],"wp:term":[{"taxonomy":"product_brand","embeddable":true,"href":"https:\/\/telemetry.com.pe\/index.php\/wp-json\/wp\/v2\/product_brand?post=3337"},{"taxonomy":"product_cat","embeddable":true,"href":"https:\/\/telemetry.com.pe\/index.php\/wp-json\/wp\/v2\/product_cat?post=3337"},{"taxonomy":"product_tag","embeddable":true,"href":"https:\/\/telemetry.com.pe\/index.php\/wp-json\/wp\/v2\/product_tag?post=3337"}],"curies":[{"name":"wp","href":"https:\/\/api.w.org\/{rel}","templated":true}]}}