{"id":3343,"date":"2023-09-18T15:13:06","date_gmt":"2023-09-18T15:13:06","guid":{"rendered":"http:\/\/telemetry.com.pe\/?post_type=product&#038;p=3343"},"modified":"2023-09-18T15:13:06","modified_gmt":"2023-09-18T15:13:06","slug":"movil-gnss-leica-viva-gs16","status":"publish","type":"product","link":"https:\/\/telemetry.com.pe\/index.php\/producto\/movil-gnss-leica-viva-gs16\/","title":{"rendered":"M\u00f3vil GNSS Leica Viva GS16"},"content":{"rendered":"<p>La Leica Viva GS16 es una potente smart antena GNSS con autoaprendizaje. El creciente n\u00famero de se\u00f1ales procedentes de constelaciones de sat\u00e9lites cada vez m\u00e1s numerosas exige que el receptor GNSS sea inteligente y fiable. El GS16 es una s\u00f3lida herramienta de medici\u00f3n para los top\u00f3grafos que necesiten un sistema GNSS todo terreno que sea ligero de transportar a cualquier lugar, pero que se adapte a las condiciones de medici\u00f3n m\u00e1s exigentes. El GS16 es una soluci\u00f3n inteligente: util\u00edcela como m\u00f3vil o como base con toda la confianza.<\/p>\n<div class=\"row equal-height\">\n<div class=\"col-lg-6  equal-height-inner\">\n<div class=\"inner-container\">\n<div class=\"caption baseFont\">\n<div class=\"text\">\n<h3>SOFTWARE ATRACTIVO<\/h3>\n<p>El software de campo\u00a0<a href=\"https:\/\/leica-geosystems.com\/es-cl\/products\/gnss-systems\/smart-antennas\/~\/link.aspx?_id=BD928507FB7E408B8B9BAA7D537DEA63&amp;_z=z\">Leica Captivate<\/a>\u00a0 es el compa\u00f1ero perfecto para el GS16. Con aplicaciones f\u00e1ciles de usar, es posible ver y utilizar todos los datos medidos y de dise\u00f1o, lo que le ofrece una clara compresi\u00f3n de los datos en vista 2D y 3D. Captivate abarca industrias y aplicaciones con poco m\u00e1s que un simple toque, independientemente de si est\u00e1 trabajando con GNSS, estaciones totales o ambos.<\/div>\n<\/div>\n<\/div>\n<\/div>\n<div class=\"col-lg-6  equal-height-inner\">\n<div class=\"inner-container\">\n<div class=\"caption baseFont\">\n<div class=\"text\">\n<h3>EXCELENTE CALIDAD DE MEDICI\u00d3N<\/h3>\n<p>El seguimiento de se\u00f1ales multifrecuencia viene de serie con todos los receptores Leica Geosystems GS.\u00a0Combinado con una excelente antena GNSS y una frecuencia de actualizaci\u00f3n de posici\u00f3n de 20 Hz, el GS16 garantiza una calidad de medici\u00f3n altamente fiable.<\/p>\n<\/div>\n<\/div>\n<\/div>\n<\/div>\n<\/div>\n<div class=\"row equal-height\">\n<div class=\"col-lg-6  equal-height-inner\">\n<div class=\"inner-container no-border\">\n<div class=\"caption baseFont\">\n<div class=\"text\">\n<h3>MEJORA DEL RENDIMIENTO<\/h3>\n<p>La opci\u00f3n de reducci\u00f3n del efecto multipath en Captivate aumenta la calidad del seguimiento de la se\u00f1al GNSS en entornos dif\u00edciles, lo que mejora la disponibilidad y la precisi\u00f3n RTK. Adem\u00e1s, un conjunto de herramientas permite la mitigaci\u00f3n de interferencias fuera de banda, lo que permite a los usuarios obtener la m\u00e1xima solidez en el seguimiento de la se\u00f1al.<\/p>\n<\/div>\n<\/div>\n<\/div>\n<\/div>\n<div class=\"col-lg-6  equal-height-inner\">\n<div class=\"inner-container no-border\">\n<div class=\"caption baseFont\">\n<div class=\"text\">\n<h3>ACTIVE CUSTOMER CARE<\/h3>\n<p>A trav\u00e9s de\u00a0Active Customer Care (ACC), una red mundial de profesionales experimentados se encuentra a un solo clic de guiarle por cualquier reto. Controle sus gastos con un\u00a0Customer Care Package (CCP)\u00a0que le ofrece la tranquilidad de saber que est\u00e1 cubierto en cualquier momento y en cualquier lugar.<\/p><\/div>\n<\/div>\n<\/div>\n<\/div>\n<\/div>\n","protected":false},"excerpt":{"rendered":"<p>La Leica Viva GS16 es una potente smart antena GNSS con autoaprendizaje. El creciente n\u00famero de se\u00f1ales procedentes de constelaciones de sat\u00e9lites cada vez m\u00e1s numerosas exige que el receptor GNSS sea inteligente y fiable. El GS16 es una s\u00f3lida herramienta de medici\u00f3n para los top\u00f3grafos que necesiten un sistema GNSS todo terreno que sea [&hellip;]<\/p>\n","protected":false},"featured_media":3345,"comment_status":"open","ping_status":"closed","template":"","meta":{"om_disable_all_campaigns":false,"ocean_post_layout":"","ocean_both_sidebars_style":"","ocean_both_sidebars_content_width":0,"ocean_both_sidebars_sidebars_width":0,"ocean_sidebar":"0","ocean_second_sidebar":"0","ocean_disable_margins":"enable","ocean_add_body_class":"","ocean_shortcode_before_top_bar":"","ocean_shortcode_after_top_bar":"","ocean_shortcode_before_header":"","ocean_shortcode_after_header":"","ocean_has_shortcode":"","ocean_shortcode_after_title":"","ocean_shortcode_before_footer_widgets":"","ocean_shortcode_after_footer_widgets":"","ocean_shortcode_before_footer_bottom":"","ocean_shortcode_after_footer_bottom":"","ocean_display_top_bar":"default","ocean_display_header":"default","ocean_header_style":"","ocean_center_header_left_menu":"0","ocean_custom_header_template":"0","ocean_custom_logo":0,"ocean_custom_retina_logo":0,"ocean_custom_logo_max_width":0,"ocean_custom_logo_tablet_max_width":0,"ocean_custom_logo_mobile_max_width":0,"ocean_custom_logo_max_height":0,"ocean_custom_logo_tablet_max_height":0,"ocean_custom_logo_mobile_max_height":0,"ocean_header_custom_menu":"0","ocean_menu_typo_font_family":"0","ocean_menu_typo_font_subset":"","ocean_menu_typo_font_size":0,"ocean_menu_typo_font_size_tablet":0,"ocean_menu_typo_font_size_mobile":0,"ocean_menu_typo_font_size_unit":"px","ocean_menu_typo_font_weight":"","ocean_menu_typo_font_weight_tablet":"","ocean_menu_typo_font_weight_mobile":"","ocean_menu_typo_transform":"","ocean_menu_typo_transform_tablet":"","ocean_menu_typo_transform_mobile":"","ocean_menu_typo_line_height":0,"ocean_menu_typo_line_height_tablet":0,"ocean_menu_typo_line_height_mobile":0,"ocean_menu_typo_line_height_unit":"","ocean_menu_typo_spacing":0,"ocean_menu_typo_spacing_tablet":0,"ocean_menu_typo_spacing_mobile":0,"ocean_menu_typo_spacing_unit":"","ocean_menu_link_color":"","ocean_menu_link_color_hover":"","ocean_menu_link_color_active":"","ocean_menu_link_background":"","ocean_menu_link_hover_background":"","ocean_menu_link_active_background":"","ocean_menu_social_links_bg":"","ocean_menu_social_hover_links_bg":"","ocean_menu_social_links_color":"","ocean_menu_social_hover_links_color":"","ocean_disable_title":"default","ocean_disable_heading":"default","ocean_post_title":"","ocean_post_subheading":"","ocean_post_title_style":"","ocean_post_title_background_color":"","ocean_post_title_background":0,"ocean_post_title_bg_image_position":"","ocean_post_title_bg_image_attachment":"","ocean_post_title_bg_image_repeat":"","ocean_post_title_bg_image_size":"","ocean_post_title_height":0,"ocean_post_title_bg_overlay":0.5,"ocean_post_title_bg_overlay_color":"","ocean_disable_breadcrumbs":"default","ocean_breadcrumbs_color":"","ocean_breadcrumbs_separator_color":"","ocean_breadcrumbs_links_color":"","ocean_breadcrumbs_links_hover_color":"","ocean_display_footer_widgets":"default","ocean_display_footer_bottom":"default","ocean_custom_footer_template":"0","_joinchat":[]},"product_brand":[],"product_cat":[16],"product_tag":[],"class_list":{"0":"post-3343","1":"product","2":"type-product","3":"status-publish","4":"has-post-thumbnail","6":"product_cat-sin-categorizar","8":"entry","9":"has-media","11":"first","12":"instock","13":"shipping-taxable","14":"purchasable","15":"product-type-simple","16":"has-product-nav","17":"col","18":"span_1_of_3","19":"owp-content-center","20":"owp-thumbs-layout-horizontal","21":"owp-btn-normal","22":"owp-tabs-layout-horizontal","23":"has-no-thumbnails"},"_links":{"self":[{"href":"https:\/\/telemetry.com.pe\/index.php\/wp-json\/wp\/v2\/product\/3343","targetHints":{"allow":["GET"]}}],"collection":[{"href":"https:\/\/telemetry.com.pe\/index.php\/wp-json\/wp\/v2\/product"}],"about":[{"href":"https:\/\/telemetry.com.pe\/index.php\/wp-json\/wp\/v2\/types\/product"}],"replies":[{"embeddable":true,"href":"https:\/\/telemetry.com.pe\/index.php\/wp-json\/wp\/v2\/comments?post=3343"}],"wp:featuredmedia":[{"embeddable":true,"href":"https:\/\/telemetry.com.pe\/index.php\/wp-json\/wp\/v2\/media\/3345"}],"wp:attachment":[{"href":"https:\/\/telemetry.com.pe\/index.php\/wp-json\/wp\/v2\/media?parent=3343"}],"wp:term":[{"taxonomy":"product_brand","embeddable":true,"href":"https:\/\/telemetry.com.pe\/index.php\/wp-json\/wp\/v2\/product_brand?post=3343"},{"taxonomy":"product_cat","embeddable":true,"href":"https:\/\/telemetry.com.pe\/index.php\/wp-json\/wp\/v2\/product_cat?post=3343"},{"taxonomy":"product_tag","embeddable":true,"href":"https:\/\/telemetry.com.pe\/index.php\/wp-json\/wp\/v2\/product_tag?post=3343"}],"curies":[{"name":"wp","href":"https:\/\/api.w.org\/{rel}","templated":true}]}}