{"id":3346,"date":"2023-09-18T15:13:05","date_gmt":"2023-09-18T15:13:05","guid":{"rendered":"http:\/\/telemetry.com.pe\/?post_type=product&#038;p=3346"},"modified":"2023-09-18T15:13:05","modified_gmt":"2023-09-18T15:13:05","slug":"antena-inteligente-gnss-leica-viva-gs14","status":"publish","type":"product","link":"https:\/\/telemetry.com.pe\/index.php\/producto\/antena-inteligente-gnss-leica-viva-gs14\/","title":{"rendered":"Antena inteligente GNSS Leica Viva GS14"},"content":{"rendered":"<p>Leica Viva GS14 es una antena inteligente GNSS compacta y potente, ideal para cualquier tarea de medici\u00f3n, con comunicaciones m\u00f3viles y m\u00f3dem UHF integrados. El c\u00f3modo dise\u00f1o integrado de la Leica Viva GS14 la hace f\u00e1cil de usar.<\/p>\n<p>Esta antena inteligente es su herramienta GNSS multifunci\u00f3n de fiabilidad profesional cuando necesita la m\u00e1xima precisi\u00f3n posible. El dise\u00f1o de la Viva GS14 permite que pueda funcionar en cualquier parte y en el momento en que se necesite.<\/p>\n<p>Viva GS14 incluye tambi\u00e9n:<\/p>\n<p><strong>Software f\u00e1cil de usar<\/strong><br \/>\nLa antena inteligente Viva GS14 est\u00e1 equipada con el intuitivo software\u00a0Leica SmartWorx Viva.\u00a0Con sus gr\u00e1ficos claros, estructuras de men\u00fa pr\u00e1cticas y flujos de trabajo simplificados, ahorre tiempo y esfuerzo en cualquier terreno. SmartWorx Viva es extremadamente f\u00e1cil de descubrir y usar.<\/p>\n<p><strong>Infinidad de posibilidades<\/strong><br \/>\nMientras que SmartWorx Viva captura y modela los datos sobre el terreno, el software\u00a0Leica Infinity\u00a0procesa la informaci\u00f3n en la oficina. La agilizada transferencia de datos garantiza que el proyecto vaya a buen ritmo. SmartWorx Viva y Leica Infinity trabajan de forma conjunta para integrar los datos y editar los proyectos de una manera m\u00e1s r\u00e1pida y eficiente.<\/p>\n<p><strong>Atenci\u00f3n al cliente con un solo clic<\/strong><br \/>\nA trav\u00e9s de\u00a0Active Customer Care, podr\u00e1 acceder con un solo clic a una red mundial de profesionales cualificados que le guiar\u00e1n para resolver cualquier problema.<\/p>\n<ul>\n<li>Acabe con los retrasos gracias a un servicio t\u00e9cnico superior.<\/li>\n<li>Termine los trabajos m\u00e1s r\u00e1pidamente con un excelente servicio de asesoramiento.<\/li>\n<li>Evite tener que volver a la obra y el coste que ello conlleva gracias al servicio en l\u00ednea para enviar y recibir datos directamente sobre el terreno<\/li>\n<\/ul>\n<p>Controle sus gastos con un Customer Care Package personalizado, que le dar\u00e1 la tranquilidad de estar cubierto en todas partes y en todo momento.<\/p>\n<p><strong>Potentes dispositivos port\u00e1tiles<\/strong><br \/>\nEn un controlador o una tableta, podr\u00e1 llevarse consigo toda su oficina cuando descubra la capacidad de superar cualquier entorno desde la palma de su mano.\u00a0Las\u00a0controladoras Leica CS10 y CS15\u00a0proporciona el m\u00e1ximo control y comodidad y le brinda una movilidad total.<\/p>\n","protected":false},"excerpt":{"rendered":"<p>Leica Viva GS14 es una antena inteligente GNSS compacta y potente, ideal para cualquier tarea de medici\u00f3n, con comunicaciones m\u00f3viles y m\u00f3dem UHF integrados. El c\u00f3modo dise\u00f1o integrado de la Leica Viva GS14 la hace f\u00e1cil de usar. Esta antena inteligente es su herramienta GNSS multifunci\u00f3n de fiabilidad profesional cuando necesita la m\u00e1xima precisi\u00f3n posible. [&hellip;]<\/p>\n","protected":false},"featured_media":3347,"comment_status":"open","ping_status":"closed","template":"","meta":{"om_disable_all_campaigns":false,"ocean_post_layout":"","ocean_both_sidebars_style":"","ocean_both_sidebars_content_width":0,"ocean_both_sidebars_sidebars_width":0,"ocean_sidebar":"0","ocean_second_sidebar":"0","ocean_disable_margins":"enable","ocean_add_body_class":"","ocean_shortcode_before_top_bar":"","ocean_shortcode_after_top_bar":"","ocean_shortcode_before_header":"","ocean_shortcode_after_header":"","ocean_has_shortcode":"","ocean_shortcode_after_title":"","ocean_shortcode_before_footer_widgets":"","ocean_shortcode_after_footer_widgets":"","ocean_shortcode_before_footer_bottom":"","ocean_shortcode_after_footer_bottom":"","ocean_display_top_bar":"default","ocean_display_header":"default","ocean_header_style":"","ocean_center_header_left_menu":"0","ocean_custom_header_template":"0","ocean_custom_logo":0,"ocean_custom_retina_logo":0,"ocean_custom_logo_max_width":0,"ocean_custom_logo_tablet_max_width":0,"ocean_custom_logo_mobile_max_width":0,"ocean_custom_logo_max_height":0,"ocean_custom_logo_tablet_max_height":0,"ocean_custom_logo_mobile_max_height":0,"ocean_header_custom_menu":"0","ocean_menu_typo_font_family":"0","ocean_menu_typo_font_subset":"","ocean_menu_typo_font_size":0,"ocean_menu_typo_font_size_tablet":0,"ocean_menu_typo_font_size_mobile":0,"ocean_menu_typo_font_size_unit":"px","ocean_menu_typo_font_weight":"","ocean_menu_typo_font_weight_tablet":"","ocean_menu_typo_font_weight_mobile":"","ocean_menu_typo_transform":"","ocean_menu_typo_transform_tablet":"","ocean_menu_typo_transform_mobile":"","ocean_menu_typo_line_height":0,"ocean_menu_typo_line_height_tablet":0,"ocean_menu_typo_line_height_mobile":0,"ocean_menu_typo_line_height_unit":"","ocean_menu_typo_spacing":0,"ocean_menu_typo_spacing_tablet":0,"ocean_menu_typo_spacing_mobile":0,"ocean_menu_typo_spacing_unit":"","ocean_menu_link_color":"","ocean_menu_link_color_hover":"","ocean_menu_link_color_active":"","ocean_menu_link_background":"","ocean_menu_link_hover_background":"","ocean_menu_link_active_background":"","ocean_menu_social_links_bg":"","ocean_menu_social_hover_links_bg":"","ocean_menu_social_links_color":"","ocean_menu_social_hover_links_color":"","ocean_disable_title":"default","ocean_disable_heading":"default","ocean_post_title":"","ocean_post_subheading":"","ocean_post_title_style":"","ocean_post_title_background_color":"","ocean_post_title_background":0,"ocean_post_title_bg_image_position":"","ocean_post_title_bg_image_attachment":"","ocean_post_title_bg_image_repeat":"","ocean_post_title_bg_image_size":"","ocean_post_title_height":0,"ocean_post_title_bg_overlay":0.5,"ocean_post_title_bg_overlay_color":"","ocean_disable_breadcrumbs":"default","ocean_breadcrumbs_color":"","ocean_breadcrumbs_separator_color":"","ocean_breadcrumbs_links_color":"","ocean_breadcrumbs_links_hover_color":"","ocean_display_footer_widgets":"default","ocean_display_footer_bottom":"default","ocean_custom_footer_template":"0","_joinchat":[]},"product_brand":[],"product_cat":[16],"product_tag":[],"class_list":{"0":"post-3346","1":"product","2":"type-product","3":"status-publish","4":"has-post-thumbnail","6":"product_cat-sin-categorizar","8":"entry","9":"has-media","11":"first","12":"instock","13":"shipping-taxable","14":"purchasable","15":"product-type-simple","16":"has-product-nav","17":"col","18":"span_1_of_3","19":"owp-content-center","20":"owp-thumbs-layout-horizontal","21":"owp-btn-normal","22":"owp-tabs-layout-horizontal","23":"has-no-thumbnails"},"_links":{"self":[{"href":"https:\/\/telemetry.com.pe\/index.php\/wp-json\/wp\/v2\/product\/3346","targetHints":{"allow":["GET"]}}],"collection":[{"href":"https:\/\/telemetry.com.pe\/index.php\/wp-json\/wp\/v2\/product"}],"about":[{"href":"https:\/\/telemetry.com.pe\/index.php\/wp-json\/wp\/v2\/types\/product"}],"replies":[{"embeddable":true,"href":"https:\/\/telemetry.com.pe\/index.php\/wp-json\/wp\/v2\/comments?post=3346"}],"wp:featuredmedia":[{"embeddable":true,"href":"https:\/\/telemetry.com.pe\/index.php\/wp-json\/wp\/v2\/media\/3347"}],"wp:attachment":[{"href":"https:\/\/telemetry.com.pe\/index.php\/wp-json\/wp\/v2\/media?parent=3346"}],"wp:term":[{"taxonomy":"product_brand","embeddable":true,"href":"https:\/\/telemetry.com.pe\/index.php\/wp-json\/wp\/v2\/product_brand?post=3346"},{"taxonomy":"product_cat","embeddable":true,"href":"https:\/\/telemetry.com.pe\/index.php\/wp-json\/wp\/v2\/product_cat?post=3346"},{"taxonomy":"product_tag","embeddable":true,"href":"https:\/\/telemetry.com.pe\/index.php\/wp-json\/wp\/v2\/product_tag?post=3346"}],"curies":[{"name":"wp","href":"https:\/\/api.w.org\/{rel}","templated":true}]}}