{"id":3348,"date":"2023-09-16T00:57:12","date_gmt":"2023-09-16T00:57:12","guid":{"rendered":"http:\/\/telemetry.com.pe\/?post_type=product&#038;p=3348"},"modified":"2023-09-16T00:57:12","modified_gmt":"2023-09-16T00:57:12","slug":"leica-gs07-pensada-para-usted","status":"publish","type":"product","link":"https:\/\/telemetry.com.pe\/index.php\/producto\/leica-gs07-pensada-para-usted\/","title":{"rendered":"Leica GS07 &#8211; Pensada para usted"},"content":{"rendered":"<div class=\"text-group\">\n<p>La GS07 es la nueva antena GNSS inteligente de gama media de Leica Geosystems. Es un equipo ligero pero robusto que le proporciona exactamente lo que necesita, con la alta\u00a0calidad que conlleva formar parte de la\u00a0gama GNSS premium de Leica Geosystems.<\/p>\n<p>La GS07 le garantiza r\u00e1pidos\u00a0replanteos y una toma de\u00a0datos fiable, por tratarse de un\u00a0rover f\u00e1cil de usar con 320 canales, multi frecuencia y multi constelaci\u00f3n. Es totalmente compatible con el resto de dispositivos de comunicaci\u00f3n, tales como radios UHF, que est\u00e1n completamente integrados con la\u00a0controladora de campo CS20. Gracias a su conectividad con el software de campo Leica Captivate y con la Leica CS20, la\u00a0GS07 pone a su alcance la calidad de Leica Geosystems.<\/p>\n<p>La GS07 tambi\u00e9n le ofrece:<\/p>\n<\/div>\n<div class=\"row equal-height\">\n<div class=\"col-lg-6  equal-height-inner\">\n<div class=\"inner-container\">\n<div class=\"caption baseFont\">\n<div class=\"text\">\n<h3>Software envolvente<\/h3>\n<p>El Leica G07 se acompa\u00f1a con el revolucionario software Captivate, que convierte datos complejos en modelos 3D realistas y manejables. Con aplicaciones f\u00e1ciles de usar y tecnolog\u00eda t\u00e1ctil que le es familiar, todos los formatos de datos medidos y dise\u00f1ados se pueden ver en todas sus dimensiones. Leica Captivate abarca industrias y aplicaciones con poco m\u00e1s que un simple cambio de aplicaci\u00f3n, sin importar si usted trabaja con GNSS, estaciones totales o ambas cosas.<\/p><\/div>\n<\/div>\n<\/div>\n<\/div>\n<div class=\"col-lg-6  equal-height-inner\">\n<div class=\"inner-container\">\n<div class=\"caption baseFont\">\n<div class=\"text\">\n<h3>Posibilidades infinitas<\/h3>\n<p>Mientras Captivate captura y modela datos en el campo, Leica Infinity procesa la informaci\u00f3n en la oficina. Una transferencia de datos fluida garantiza que el proyecto transcurra por buen camino. Captivate e Infinity trabajan conjuntamente para unir datos de levantamientos topogr\u00e1ficos anteriores y editar proyectos de manera m\u00e1s r\u00e1pida y eficiente.<\/p>\n<\/div>\n<\/div>\n<\/div>\n<\/div>\n<\/div>\n<div class=\"row equal-height\">\n<div class=\"col-lg-6  equal-height-inner\">\n<div class=\"inner-container no-border\">\n<div class=\"caption baseFont\">\n<div class=\"text\">\n<h3>Dispositivos de mano m\u00e1s potentes<\/h3>\n<p>Ll\u00e9vese la\u00a0oficina a donde quiera que vaya y descubra el poder de superar cualquier dificultad desde la palma de su mano. La controladora Leica CS20 le ofrece m\u00e1xima\u00a0comodidad y total movilidad. La tecnolog\u00eda de pantalla t\u00e1ctil le permite un procesamiento de datos c\u00f3modo y r\u00e1pido, mientras que una impresionante vista 3D transforma su experiencia GNSS.<\/p>\n<\/div>\n<\/div>\n<\/div>\n<\/div>\n<div class=\"col-lg-6  equal-height-inner\">\n<div class=\"inner-container no-border\">\n<div class=\"caption baseFont\">\n<div class=\"text\">\n<h3>Atenci\u00f3n al cliente a un solo clic de distancia<\/h3>\n<p>Mediante Active Customer Care (ACC), dispone de una red internacional de profesionales experimentados que le proporcionar\u00e1n una asistencia experta con cualquier problema a tan solo un clic:<\/p>\n<ul>\n<li>Elimine los retrasos con un servicio t\u00e9cnico \u00f3ptimo<\/li>\n<li>Finalice las tareas m\u00e1s r\u00e1pido y evite el coste que supone tener que volver a visitar la obra<\/li>\n<li>Controle sus costes con un paquete a medida Customer Care Package (CCP) y si\u00e9ntase tranquilo con protecci\u00f3n en cualquier lugar y en cualquier momento<\/li>\n<\/ul>\n<\/div>\n<\/div>\n<\/div>\n<\/div>\n<\/div>\n","protected":false},"excerpt":{"rendered":"<p>La GS07 es la nueva antena GNSS inteligente de gama media de Leica Geosystems. Es un equipo ligero pero robusto que le proporciona exactamente lo que necesita, con la alta\u00a0calidad que conlleva formar parte de la\u00a0gama GNSS premium de Leica Geosystems. La GS07 le garantiza r\u00e1pidos\u00a0replanteos y una toma de\u00a0datos fiable, por tratarse de un\u00a0rover [&hellip;]<\/p>\n","protected":false},"featured_media":3349,"comment_status":"open","ping_status":"closed","template":"","meta":{"om_disable_all_campaigns":false,"ocean_post_layout":"","ocean_both_sidebars_style":"","ocean_both_sidebars_content_width":0,"ocean_both_sidebars_sidebars_width":0,"ocean_sidebar":"0","ocean_second_sidebar":"0","ocean_disable_margins":"enable","ocean_add_body_class":"","ocean_shortcode_before_top_bar":"","ocean_shortcode_after_top_bar":"","ocean_shortcode_before_header":"","ocean_shortcode_after_header":"","ocean_has_shortcode":"","ocean_shortcode_after_title":"","ocean_shortcode_before_footer_widgets":"","ocean_shortcode_after_footer_widgets":"","ocean_shortcode_before_footer_bottom":"","ocean_shortcode_after_footer_bottom":"","ocean_display_top_bar":"default","ocean_display_header":"default","ocean_header_style":"","ocean_center_header_left_menu":"0","ocean_custom_header_template":"0","ocean_custom_logo":0,"ocean_custom_retina_logo":0,"ocean_custom_logo_max_width":0,"ocean_custom_logo_tablet_max_width":0,"ocean_custom_logo_mobile_max_width":0,"ocean_custom_logo_max_height":0,"ocean_custom_logo_tablet_max_height":0,"ocean_custom_logo_mobile_max_height":0,"ocean_header_custom_menu":"0","ocean_menu_typo_font_family":"0","ocean_menu_typo_font_subset":"","ocean_menu_typo_font_size":0,"ocean_menu_typo_font_size_tablet":0,"ocean_menu_typo_font_size_mobile":0,"ocean_menu_typo_font_size_unit":"px","ocean_menu_typo_font_weight":"","ocean_menu_typo_font_weight_tablet":"","ocean_menu_typo_font_weight_mobile":"","ocean_menu_typo_transform":"","ocean_menu_typo_transform_tablet":"","ocean_menu_typo_transform_mobile":"","ocean_menu_typo_line_height":0,"ocean_menu_typo_line_height_tablet":0,"ocean_menu_typo_line_height_mobile":0,"ocean_menu_typo_line_height_unit":"","ocean_menu_typo_spacing":0,"ocean_menu_typo_spacing_tablet":0,"ocean_menu_typo_spacing_mobile":0,"ocean_menu_typo_spacing_unit":"","ocean_menu_link_color":"","ocean_menu_link_color_hover":"","ocean_menu_link_color_active":"","ocean_menu_link_background":"","ocean_menu_link_hover_background":"","ocean_menu_link_active_background":"","ocean_menu_social_links_bg":"","ocean_menu_social_hover_links_bg":"","ocean_menu_social_links_color":"","ocean_menu_social_hover_links_color":"","ocean_disable_title":"default","ocean_disable_heading":"default","ocean_post_title":"","ocean_post_subheading":"","ocean_post_title_style":"","ocean_post_title_background_color":"","ocean_post_title_background":0,"ocean_post_title_bg_image_position":"","ocean_post_title_bg_image_attachment":"","ocean_post_title_bg_image_repeat":"","ocean_post_title_bg_image_size":"","ocean_post_title_height":0,"ocean_post_title_bg_overlay":0.5,"ocean_post_title_bg_overlay_color":"","ocean_disable_breadcrumbs":"default","ocean_breadcrumbs_color":"","ocean_breadcrumbs_separator_color":"","ocean_breadcrumbs_links_color":"","ocean_breadcrumbs_links_hover_color":"","ocean_display_footer_widgets":"default","ocean_display_footer_bottom":"default","ocean_custom_footer_template":"0","_joinchat":[]},"product_brand":[],"product_cat":[16],"product_tag":[],"class_list":{"0":"post-3348","1":"product","2":"type-product","3":"status-publish","4":"has-post-thumbnail","6":"product_cat-sin-categorizar","8":"entry","9":"has-media","11":"first","12":"instock","13":"shipping-taxable","14":"purchasable","15":"product-type-simple","16":"has-product-nav","17":"col","18":"span_1_of_3","19":"owp-content-center","20":"owp-thumbs-layout-horizontal","21":"owp-btn-normal","22":"owp-tabs-layout-horizontal","23":"has-no-thumbnails"},"_links":{"self":[{"href":"https:\/\/telemetry.com.pe\/index.php\/wp-json\/wp\/v2\/product\/3348","targetHints":{"allow":["GET"]}}],"collection":[{"href":"https:\/\/telemetry.com.pe\/index.php\/wp-json\/wp\/v2\/product"}],"about":[{"href":"https:\/\/telemetry.com.pe\/index.php\/wp-json\/wp\/v2\/types\/product"}],"replies":[{"embeddable":true,"href":"https:\/\/telemetry.com.pe\/index.php\/wp-json\/wp\/v2\/comments?post=3348"}],"wp:featuredmedia":[{"embeddable":true,"href":"https:\/\/telemetry.com.pe\/index.php\/wp-json\/wp\/v2\/media\/3349"}],"wp:attachment":[{"href":"https:\/\/telemetry.com.pe\/index.php\/wp-json\/wp\/v2\/media?parent=3348"}],"wp:term":[{"taxonomy":"product_brand","embeddable":true,"href":"https:\/\/telemetry.com.pe\/index.php\/wp-json\/wp\/v2\/product_brand?post=3348"},{"taxonomy":"product_cat","embeddable":true,"href":"https:\/\/telemetry.com.pe\/index.php\/wp-json\/wp\/v2\/product_cat?post=3348"},{"taxonomy":"product_tag","embeddable":true,"href":"https:\/\/telemetry.com.pe\/index.php\/wp-json\/wp\/v2\/product_tag?post=3348"}],"curies":[{"name":"wp","href":"https:\/\/api.w.org\/{rel}","templated":true}]}}