{"id":3351,"date":"2023-09-16T00:57:12","date_gmt":"2023-09-16T00:57:12","guid":{"rendered":"http:\/\/telemetry.com.pe\/?post_type=product&#038;p=3351"},"modified":"2023-09-16T00:57:12","modified_gmt":"2023-09-16T00:57:12","slug":"antena-inteligente-leica-gmx910","status":"publish","type":"product","link":"https:\/\/telemetry.com.pe\/index.php\/producto\/antena-inteligente-leica-gmx910\/","title":{"rendered":"Antena inteligente Leica GMX910"},"content":{"rendered":"<p>Para los presupuestos limitados, el equipo de auscultaci\u00f3n ahora aporta mucho m\u00e1s por mucho menos. Leica GMX910 le ofrece a los especialistas de la monitorizaci\u00f3n una antena inteligente, flexible y rentable, equipada con tecnolog\u00eda GNSS de calidad superior. Desde proyectos est\u00e1ticos a largo plazo hasta proyectos din\u00e1micos de alta frecuencia, GMX910 supera las necesidades de monitorizaci\u00f3n de hoy y de ma\u00f1ana.<\/p>\n<p><strong>Auscultaci\u00f3n vers\u00e1til para todas las aplicaciones<\/strong><br \/>\nLeica GMX910 es una antena inteligente de auscultaci\u00f3n dise\u00f1ada para el funcionamiento continuo. Construida buscando la flexibilidad, es adaptable y se puede actualizar. Los profesionales de la auscultaci\u00f3n con proyectos cr\u00edticos pueden crear con facilidad una antena que se adapte a sus necesidades. Desde proyectos est\u00e1ticos a largo plazo hasta proyectos din\u00e1micos de alta frecuencia, GMX910 puede con todo.<\/p>\n<p><strong>Tecnolog\u00eda GNSS preparada para el futuro<\/strong><br \/>\nEl receptor para auscultaci\u00f3n Leica GMX910 excede las necesidades de se\u00f1ales GNSS de hoy y de ma\u00f1ana con sus 555 canales GNSS. Un receptor preparado para el futuro que ofrece de forma fiable unos resultados de la mejor calidad en todo momento. Una antena accesible, de alta calidad, equipada con la tecnolog\u00eda GNSS m\u00e1s puntera. Los especialistas tienen garantizada informaci\u00f3n puntual y precisa sobre el estado de estructuras sensibles para detectar posibles problemas y poder reaccionar.<\/p>\n<p><strong>Soluci\u00f3n de auscultaci\u00f3n<br \/>\n<\/strong>Soluci\u00f3n de deformaci\u00f3n totalmente integrada en Leica GeoMos, con conexi\u00f3n sencilla a Leica GNSS Spider, los profesionales tienen un proveedor para todas sus necesidades de auscultaci\u00f3n. Leica GMX910 puede combinarse f\u00e1cilmente con varios sensores y softwares de auscultaci\u00f3n. Transmisi\u00f3n de datos GNSS extremadamente fiable 24 horas al d\u00eda para aplicaciones de auscultaci\u00f3n de estructuras cr\u00edticas naturales o hechas por el hombre, que permite a los responsables estar tranquilos.<\/p>\n","protected":false},"excerpt":{"rendered":"<p>Para los presupuestos limitados, el equipo de auscultaci\u00f3n ahora aporta mucho m\u00e1s por mucho menos. Leica GMX910 le ofrece a los especialistas de la monitorizaci\u00f3n una antena inteligente, flexible y rentable, equipada con tecnolog\u00eda GNSS de calidad superior. Desde proyectos est\u00e1ticos a largo plazo hasta proyectos din\u00e1micos de alta frecuencia, GMX910 supera las necesidades de [&hellip;]<\/p>\n","protected":false},"featured_media":3352,"comment_status":"open","ping_status":"closed","template":"","meta":{"om_disable_all_campaigns":false,"ocean_post_layout":"","ocean_both_sidebars_style":"","ocean_both_sidebars_content_width":0,"ocean_both_sidebars_sidebars_width":0,"ocean_sidebar":"0","ocean_second_sidebar":"0","ocean_disable_margins":"enable","ocean_add_body_class":"","ocean_shortcode_before_top_bar":"","ocean_shortcode_after_top_bar":"","ocean_shortcode_before_header":"","ocean_shortcode_after_header":"","ocean_has_shortcode":"","ocean_shortcode_after_title":"","ocean_shortcode_before_footer_widgets":"","ocean_shortcode_after_footer_widgets":"","ocean_shortcode_before_footer_bottom":"","ocean_shortcode_after_footer_bottom":"","ocean_display_top_bar":"default","ocean_display_header":"default","ocean_header_style":"","ocean_center_header_left_menu":"0","ocean_custom_header_template":"0","ocean_custom_logo":0,"ocean_custom_retina_logo":0,"ocean_custom_logo_max_width":0,"ocean_custom_logo_tablet_max_width":0,"ocean_custom_logo_mobile_max_width":0,"ocean_custom_logo_max_height":0,"ocean_custom_logo_tablet_max_height":0,"ocean_custom_logo_mobile_max_height":0,"ocean_header_custom_menu":"0","ocean_menu_typo_font_family":"0","ocean_menu_typo_font_subset":"","ocean_menu_typo_font_size":0,"ocean_menu_typo_font_size_tablet":0,"ocean_menu_typo_font_size_mobile":0,"ocean_menu_typo_font_size_unit":"px","ocean_menu_typo_font_weight":"","ocean_menu_typo_font_weight_tablet":"","ocean_menu_typo_font_weight_mobile":"","ocean_menu_typo_transform":"","ocean_menu_typo_transform_tablet":"","ocean_menu_typo_transform_mobile":"","ocean_menu_typo_line_height":0,"ocean_menu_typo_line_height_tablet":0,"ocean_menu_typo_line_height_mobile":0,"ocean_menu_typo_line_height_unit":"","ocean_menu_typo_spacing":0,"ocean_menu_typo_spacing_tablet":0,"ocean_menu_typo_spacing_mobile":0,"ocean_menu_typo_spacing_unit":"","ocean_menu_link_color":"","ocean_menu_link_color_hover":"","ocean_menu_link_color_active":"","ocean_menu_link_background":"","ocean_menu_link_hover_background":"","ocean_menu_link_active_background":"","ocean_menu_social_links_bg":"","ocean_menu_social_hover_links_bg":"","ocean_menu_social_links_color":"","ocean_menu_social_hover_links_color":"","ocean_disable_title":"default","ocean_disable_heading":"default","ocean_post_title":"","ocean_post_subheading":"","ocean_post_title_style":"","ocean_post_title_background_color":"","ocean_post_title_background":0,"ocean_post_title_bg_image_position":"","ocean_post_title_bg_image_attachment":"","ocean_post_title_bg_image_repeat":"","ocean_post_title_bg_image_size":"","ocean_post_title_height":0,"ocean_post_title_bg_overlay":0.5,"ocean_post_title_bg_overlay_color":"","ocean_disable_breadcrumbs":"default","ocean_breadcrumbs_color":"","ocean_breadcrumbs_separator_color":"","ocean_breadcrumbs_links_color":"","ocean_breadcrumbs_links_hover_color":"","ocean_display_footer_widgets":"default","ocean_display_footer_bottom":"default","ocean_custom_footer_template":"0","_joinchat":[]},"product_brand":[],"product_cat":[16],"product_tag":[],"class_list":{"0":"post-3351","1":"product","2":"type-product","3":"status-publish","4":"has-post-thumbnail","6":"product_cat-sin-categorizar","8":"entry","9":"has-media","11":"first","12":"instock","13":"shipping-taxable","14":"purchasable","15":"product-type-simple","16":"has-product-nav","17":"col","18":"span_1_of_3","19":"owp-content-center","20":"owp-thumbs-layout-horizontal","21":"owp-btn-normal","22":"owp-tabs-layout-horizontal","23":"has-no-thumbnails"},"_links":{"self":[{"href":"https:\/\/telemetry.com.pe\/index.php\/wp-json\/wp\/v2\/product\/3351","targetHints":{"allow":["GET"]}}],"collection":[{"href":"https:\/\/telemetry.com.pe\/index.php\/wp-json\/wp\/v2\/product"}],"about":[{"href":"https:\/\/telemetry.com.pe\/index.php\/wp-json\/wp\/v2\/types\/product"}],"replies":[{"embeddable":true,"href":"https:\/\/telemetry.com.pe\/index.php\/wp-json\/wp\/v2\/comments?post=3351"}],"wp:featuredmedia":[{"embeddable":true,"href":"https:\/\/telemetry.com.pe\/index.php\/wp-json\/wp\/v2\/media\/3352"}],"wp:attachment":[{"href":"https:\/\/telemetry.com.pe\/index.php\/wp-json\/wp\/v2\/media?parent=3351"}],"wp:term":[{"taxonomy":"product_brand","embeddable":true,"href":"https:\/\/telemetry.com.pe\/index.php\/wp-json\/wp\/v2\/product_brand?post=3351"},{"taxonomy":"product_cat","embeddable":true,"href":"https:\/\/telemetry.com.pe\/index.php\/wp-json\/wp\/v2\/product_cat?post=3351"},{"taxonomy":"product_tag","embeddable":true,"href":"https:\/\/telemetry.com.pe\/index.php\/wp-json\/wp\/v2\/product_tag?post=3351"}],"curies":[{"name":"wp","href":"https:\/\/api.w.org\/{rel}","templated":true}]}}