{"id":3406,"date":"2023-09-16T00:57:12","date_gmt":"2023-09-16T00:57:12","guid":{"rendered":"http:\/\/telemetry.com.pe\/?post_type=product&#038;p=3406"},"modified":"2023-09-16T00:57:12","modified_gmt":"2023-09-16T00:57:12","slug":"leica-blk360","status":"publish","type":"product","link":"https:\/\/telemetry.com.pe\/index.php\/producto\/leica-blk360\/","title":{"rendered":"Leica BLK360"},"content":{"rendered":"<p>El Leica BLK360 captura el mundo a su alrededor con im\u00e1genes panor\u00e1micas a todo color superpuestas en una nube de puntos de alta precisi\u00f3n. El esc\u00e1ner BLK360 es el m\u00e1s peque\u00f1o y ligero de su clase, y se puede usar con facilidad con solo pulsar un bot\u00f3n. Cualquier persona capaz de manejar un iPad puede capturar el mundo a su alrededor con im\u00e1genes panor\u00e1micas 3D de alta resoluci\u00f3n.<\/p>\n<p>Gracias a la aplicaci\u00f3n m\u00f3vil ReCap Pro, el BLK360 puede transmitir im\u00e1genes y datos de nubes de puntos a un iPad. La aplicaci\u00f3n filtra y registra los datos de escaneo en tiempo real. Tras la captura, ReCap Pro permite la transferencia de datos de nubes de puntos a diversas aplicaciones CAD, BIM, VR y AR. La integraci\u00f3n del BLK360 y el software Autodesk simplifica significativamente el proceso de captura de la realidad, con lo que pone esta tecnolog\u00eda a disposici\u00f3n de top\u00f3grafos no profesionales.<\/p>\n<p><strong>Esc\u00e1ner l\u00e1ser de im\u00e1genes BLK360<\/strong><\/p>\n<p>&nbsp;<\/p>\n<ul>\n<li>Le permite escanear en resoluciones altas, est\u00e1ndar y r\u00e1pidas<\/li>\n<li>Peso: 1 kg\/Tama\u00f1o: 165 mm de altura x 100 mm de di\u00e1metro<\/li>\n<li>Menos de 3 minutos para un escaneo de domo completo (en resoluci\u00f3n est\u00e1ndar) y 150 MP de generaci\u00f3n de im\u00e1genes esf\u00e9ricas<\/li>\n<li>360 000 puntos de escaneo l\u00e1ser\/s<\/li>\n<\/ul>\n<p><strong>ReCap Pro Software<\/strong><\/p>\n<ul>\n<li>Disfrute de acceso completo a ReCap Pro para ordenadores de escritorio, web y m\u00f3viles*<\/li>\n<li>Controle todos los aspectos del proceso de captura de la realidad de manera remota en ReCap para iPad<\/li>\n<li>Registre y visualice autom\u00e1ticamente datos de escaneo en el terreno<\/li>\n<li>Marque y etiquete escaneos y colabore con ellos mientras se encuentre en la obra<\/li>\n<li>Reduzca la necesidad de repetir el trabajo y comparta datos de manera remota<\/li>\n<li>Transfiera datos de manera sencilla al software de dise\u00f1o Autodesk<\/li>\n<\/ul>\n<p>&nbsp;<\/p>\n<p><strong>Con el BLK360 y Autodesk ReCap Pro en combinaci\u00f3n, puede beneficiarse de:<\/p>\n<p>Velocidad<\/strong><br \/>\nProcesamiento de im\u00e1genes y nubes de puntos sobre la marcha en el terreno.<\/p>\n<p><strong>Portabilidad<\/strong><br \/>\nFlexibilidad para escanear cualquier elemento en cualquier momento con el esc\u00e1ner peque\u00f1o y ligero que cabe en un malet\u00edn.<\/p>\n<p><strong>Facilidad de uso<\/strong><br \/>\nEscaneo con tan solo pulsar un bot\u00f3n que marca puntos y los registra autom\u00e1ticamente en la versi\u00f3n m\u00f3vil de ReCap Pro.<\/p>\n<p><strong>Conectividad en la nube<\/strong><br \/>\nMejor colaboraci\u00f3n y virtualizaci\u00f3n con la sincronizaci\u00f3n en la nube.<\/p>\n<p><strong>Captura de datos simplificada<\/strong><br \/>\nDocumentaci\u00f3n de im\u00e1genes 360\u00ba dos en uno y datos de escaneo l\u00e1ser.<\/p>\n<p><strong>Interoperabilidad<\/strong><br \/>\nConectividad de los datos de captura de la realidad con las soluciones de dise\u00f1o de Autodesk.<\/p>\n","protected":false},"excerpt":{"rendered":"<p>El Leica BLK360 captura el mundo a su alrededor con im\u00e1genes panor\u00e1micas a todo color superpuestas en una nube de puntos de alta precisi\u00f3n. El esc\u00e1ner BLK360 es el m\u00e1s peque\u00f1o y ligero de su clase, y se puede usar con facilidad con solo pulsar un bot\u00f3n. Cualquier persona capaz de manejar un iPad puede [&hellip;]<\/p>\n","protected":false},"featured_media":3408,"comment_status":"open","ping_status":"closed","template":"","meta":{"om_disable_all_campaigns":false,"ocean_post_layout":"","ocean_both_sidebars_style":"","ocean_both_sidebars_content_width":0,"ocean_both_sidebars_sidebars_width":0,"ocean_sidebar":"0","ocean_second_sidebar":"0","ocean_disable_margins":"enable","ocean_add_body_class":"","ocean_shortcode_before_top_bar":"","ocean_shortcode_after_top_bar":"","ocean_shortcode_before_header":"","ocean_shortcode_after_header":"","ocean_has_shortcode":"","ocean_shortcode_after_title":"","ocean_shortcode_before_footer_widgets":"","ocean_shortcode_after_footer_widgets":"","ocean_shortcode_before_footer_bottom":"","ocean_shortcode_after_footer_bottom":"","ocean_display_top_bar":"default","ocean_display_header":"default","ocean_header_style":"","ocean_center_header_left_menu":"0","ocean_custom_header_template":"0","ocean_custom_logo":0,"ocean_custom_retina_logo":0,"ocean_custom_logo_max_width":0,"ocean_custom_logo_tablet_max_width":0,"ocean_custom_logo_mobile_max_width":0,"ocean_custom_logo_max_height":0,"ocean_custom_logo_tablet_max_height":0,"ocean_custom_logo_mobile_max_height":0,"ocean_header_custom_menu":"0","ocean_menu_typo_font_family":"0","ocean_menu_typo_font_subset":"","ocean_menu_typo_font_size":0,"ocean_menu_typo_font_size_tablet":0,"ocean_menu_typo_font_size_mobile":0,"ocean_menu_typo_font_size_unit":"px","ocean_menu_typo_font_weight":"","ocean_menu_typo_font_weight_tablet":"","ocean_menu_typo_font_weight_mobile":"","ocean_menu_typo_transform":"","ocean_menu_typo_transform_tablet":"","ocean_menu_typo_transform_mobile":"","ocean_menu_typo_line_height":0,"ocean_menu_typo_line_height_tablet":0,"ocean_menu_typo_line_height_mobile":0,"ocean_menu_typo_line_height_unit":"","ocean_menu_typo_spacing":0,"ocean_menu_typo_spacing_tablet":0,"ocean_menu_typo_spacing_mobile":0,"ocean_menu_typo_spacing_unit":"","ocean_menu_link_color":"","ocean_menu_link_color_hover":"","ocean_menu_link_color_active":"","ocean_menu_link_background":"","ocean_menu_link_hover_background":"","ocean_menu_link_active_background":"","ocean_menu_social_links_bg":"","ocean_menu_social_hover_links_bg":"","ocean_menu_social_links_color":"","ocean_menu_social_hover_links_color":"","ocean_disable_title":"default","ocean_disable_heading":"default","ocean_post_title":"","ocean_post_subheading":"","ocean_post_title_style":"","ocean_post_title_background_color":"","ocean_post_title_background":0,"ocean_post_title_bg_image_position":"","ocean_post_title_bg_image_attachment":"","ocean_post_title_bg_image_repeat":"","ocean_post_title_bg_image_size":"","ocean_post_title_height":0,"ocean_post_title_bg_overlay":0.5,"ocean_post_title_bg_overlay_color":"","ocean_disable_breadcrumbs":"default","ocean_breadcrumbs_color":"","ocean_breadcrumbs_separator_color":"","ocean_breadcrumbs_links_color":"","ocean_breadcrumbs_links_hover_color":"","ocean_display_footer_widgets":"default","ocean_display_footer_bottom":"default","ocean_custom_footer_template":"0","_joinchat":[]},"product_brand":[],"product_cat":[16],"product_tag":[],"class_list":{"0":"post-3406","1":"product","2":"type-product","3":"status-publish","4":"has-post-thumbnail","6":"product_cat-sin-categorizar","8":"entry","9":"has-media","11":"first","12":"instock","13":"shipping-taxable","14":"purchasable","15":"product-type-simple","16":"has-product-nav","17":"col","18":"span_1_of_3","19":"owp-content-center","20":"owp-thumbs-layout-horizontal","21":"owp-btn-normal","22":"owp-tabs-layout-horizontal","23":"has-no-thumbnails"},"_links":{"self":[{"href":"https:\/\/telemetry.com.pe\/index.php\/wp-json\/wp\/v2\/product\/3406","targetHints":{"allow":["GET"]}}],"collection":[{"href":"https:\/\/telemetry.com.pe\/index.php\/wp-json\/wp\/v2\/product"}],"about":[{"href":"https:\/\/telemetry.com.pe\/index.php\/wp-json\/wp\/v2\/types\/product"}],"replies":[{"embeddable":true,"href":"https:\/\/telemetry.com.pe\/index.php\/wp-json\/wp\/v2\/comments?post=3406"}],"wp:featuredmedia":[{"embeddable":true,"href":"https:\/\/telemetry.com.pe\/index.php\/wp-json\/wp\/v2\/media\/3408"}],"wp:attachment":[{"href":"https:\/\/telemetry.com.pe\/index.php\/wp-json\/wp\/v2\/media?parent=3406"}],"wp:term":[{"taxonomy":"product_brand","embeddable":true,"href":"https:\/\/telemetry.com.pe\/index.php\/wp-json\/wp\/v2\/product_brand?post=3406"},{"taxonomy":"product_cat","embeddable":true,"href":"https:\/\/telemetry.com.pe\/index.php\/wp-json\/wp\/v2\/product_cat?post=3406"},{"taxonomy":"product_tag","embeddable":true,"href":"https:\/\/telemetry.com.pe\/index.php\/wp-json\/wp\/v2\/product_tag?post=3406"}],"curies":[{"name":"wp","href":"https:\/\/api.w.org\/{rel}","templated":true}]}}