{"id":3411,"date":"2023-09-16T00:57:12","date_gmt":"2023-09-16T00:57:12","guid":{"rendered":"http:\/\/telemetry.com.pe\/?post_type=product&#038;p=3411"},"modified":"2024-05-17T19:03:03","modified_gmt":"2024-05-17T19:03:03","slug":"laser-escaner-3d-leica-rtc360","status":"publish","type":"product","link":"https:\/\/telemetry.com.pe\/index.php\/producto\/laser-escaner-3d-leica-rtc360\/","title":{"rendered":"L\u00e1ser esc\u00e1ner 3D Leica RTC360"},"content":{"rendered":"<p><span id=\"result_box\" lang=\"es\" tabindex=\"-1\">La soluci\u00f3n de captura de la realidad 3D Leica RTC360 permite a los usuarios documentar y capturar sus entornos en 3D, mejorando la eficiencia y la productividad en el campo y en la oficina a trav\u00e9s de hardware y software r\u00e1pidos, f\u00e1ciles de usar, precisos y port\u00e1tiles. El esc\u00e1ner l\u00e1ser 3D RTC360 es la soluci\u00f3n para que los profesionales manejen las complejidades del proyecto con representaciones 3D precisas y fiables y descubran las posibilidades de cualquier entorno.<\/p>\n<p><\/span><\/p>\n<ul>\n<li>Realmente port\u00e1til, totalmente automatizada, intuitiva y dise\u00f1ada para la m\u00e1xima productividad, la soluci\u00f3n RTC360 combina eficientemente el RTC360, un esc\u00e1ner l\u00e1ser 3D de alto rendimiento, la aplicaci\u00f3n para dispositivo m\u00f3vil Leica Cyclone FIELD 360 que registra autom\u00e1ticamente los escaneos en tiempo real, y el\u00a0<a href=\"https:\/\/leica-geosystems.com\/es-cl\/products\/laser-scanners\/software\/leica-cyclone\/leica-cyclone-register-360\">Leica Cyclone REGISTER 360<\/a>, un\u00a0software\u00a0de oficina que le permite integrar perfectamente su modelo 3D a su flujo de trabajo.<\/li>\n<li>Escanee y capture la realidad, incluyendo im\u00e1genes de alto rango din\u00e1mico (HDR), en menos de dos minutos.<\/li>\n<li>Grabe autom\u00e1ticamente sus movimientos de una estaci\u00f3n a otra para pre-registrar sus escaneos en el campo sin necesidad de intervenci\u00f3n manual alguna.<\/li>\n<li>Enriquezca su captura de datos con etiquetas de informaci\u00f3n que ilustran todos los detalles para una mejor planificaci\u00f3n, reflejan la realidad del sitio y permiten que su equipo de trabajo obtenga un verdadero conocimiento de la situaci\u00f3n.<\/li>\n<\/ul>\n<div class=\"row equal-height\">\n<div class=\"col-lg-6  equal-height-inner\">\n<div class=\"inner-container\">\n<div class=\"caption baseFont\">\n<div class=\"text\">\n<h3>R\u00e1pido<\/h3>\n<p>El esc\u00e1ner l\u00e1ser Leica RTC360 acelera la captura de realidad 3D hasta l\u00edmites nunca vistos. Con una tasa de medici\u00f3n de hasta 2 millones de puntos por segundo y sistema de im\u00e1genes HDR avanzado, la creaci\u00f3n de nubes de puntos 3D en color puede completarse en menos de 2 minutos. Adem\u00e1s, el registro de campo automatizado sin diana (basado en tecnolog\u00eda VIS) y la eficiente transferencia de datos automatizada desde la obra a la oficina reduce el tiempo empleado sobre el terreno, maximizando la productividad.<\/p><\/div>\n<\/div>\n<\/div>\n<\/div>\n<div class=\"col-lg-6  equal-height-inner\">\n<div class=\"inner-container\">\n<div class=\"caption baseFont\">\n<div class=\"text\">\n<h3>\u00c1gil<\/h3>\n<p>Peque\u00f1o y ligero, el dise\u00f1o port\u00e1til y el tr\u00edpode abatible del esc\u00e1ner Leica RTC360 significa que es suficientemente compacto para caber en la mayor\u00eda de las mochilas, por lo que puede llevarse a cualquier parte. Una vez est\u00e1 sobre el terreno, su sencillo funcionamiento de un solo bot\u00f3n permite un escaneo f\u00e1cil y sin problemas.<\/p><\/div>\n<\/div>\n<\/div>\n<\/div>\n<\/div>\n<div class=\"row equal-height\">\n<div class=\"col-lg-6  equal-height-inner\">\n<div class=\"inner-container no-border\">\n<div class=\"caption baseFont\">\n<div class=\"text\">\n<h3>Preciso<\/h3>\n<p>La baja cantidad de datos de ruido permite obtener mejores im\u00e1genes. El resultados son escaneos n\u00edtidos de alta calidad con un gran nivel de detalle que pueden utilizarse sin m\u00e1s procesamiento en una amplia gama de aplicaciones. Combinado con el software Cyclone FIELD 360 para un registro automatizado sobre el terreno, el esc\u00e1ner Leica RTC360 proporciona una excelente precisi\u00f3n que puede comprobarse en la obra.<\/p><\/div>\n<\/div>\n<\/div>\n<\/div>\n<div class=\"col-lg-6  equal-height-inner\">\n<div class=\"inner-container no-border\">\n<div class=\"caption baseFont\">\n<div class=\"text\">\n<h3>Registro previo en el campo<\/h3>\n<p>Como parte de la soluci\u00f3n de captaci\u00f3n de realidad 360 de Leica Geosystems, la aplicaci\u00f3n de alto rendimiento para dispositivos m\u00f3viles Leica Cyclone FIELD 360 es el mejor acompa\u00f1ante sobre el terreno para el esc\u00e1ner l\u00e1ser 3D. Con su intuitiva interfaz de usuario, su control de escaneo remoto y su pantalla para nubes de puntos sobre el terreno, la navegaci\u00f3n es coser y cantar, incluso para usuarios sin experiencia.<\/p><\/div>\n<\/div>\n<\/div>\n<\/div>\n<\/div>\n","protected":false},"excerpt":{"rendered":"<p>La soluci\u00f3n de captura de la realidad 3D Leica RTC360 permite a los usuarios documentar y capturar sus entornos en 3D, mejorando la eficiencia y la productividad en el campo y en la oficina a trav\u00e9s de hardware y software r\u00e1pidos, f\u00e1ciles de usar, precisos y port\u00e1tiles. El esc\u00e1ner l\u00e1ser 3D RTC360 es la soluci\u00f3n [&hellip;]<\/p>\n","protected":false},"featured_media":3408,"comment_status":"open","ping_status":"closed","template":"","meta":{"om_disable_all_campaigns":false,"ocean_post_layout":"","ocean_both_sidebars_style":"","ocean_both_sidebars_content_width":0,"ocean_both_sidebars_sidebars_width":0,"ocean_sidebar":"0","ocean_second_sidebar":"0","ocean_disable_margins":"enable","ocean_add_body_class":"","ocean_shortcode_before_top_bar":"","ocean_shortcode_after_top_bar":"","ocean_shortcode_before_header":"","ocean_shortcode_after_header":"","ocean_has_shortcode":"","ocean_shortcode_after_title":"","ocean_shortcode_before_footer_widgets":"","ocean_shortcode_after_footer_widgets":"","ocean_shortcode_before_footer_bottom":"","ocean_shortcode_after_footer_bottom":"","ocean_display_top_bar":"default","ocean_display_header":"default","ocean_header_style":"","ocean_center_header_left_menu":"0","ocean_custom_header_template":"0","ocean_custom_logo":0,"ocean_custom_retina_logo":0,"ocean_custom_logo_max_width":0,"ocean_custom_logo_tablet_max_width":0,"ocean_custom_logo_mobile_max_width":0,"ocean_custom_logo_max_height":0,"ocean_custom_logo_tablet_max_height":0,"ocean_custom_logo_mobile_max_height":0,"ocean_header_custom_menu":"0","ocean_menu_typo_font_family":"0","ocean_menu_typo_font_subset":"","ocean_menu_typo_font_size":0,"ocean_menu_typo_font_size_tablet":0,"ocean_menu_typo_font_size_mobile":0,"ocean_menu_typo_font_size_unit":"px","ocean_menu_typo_font_weight":"","ocean_menu_typo_font_weight_tablet":"","ocean_menu_typo_font_weight_mobile":"","ocean_menu_typo_transform":"","ocean_menu_typo_transform_tablet":"","ocean_menu_typo_transform_mobile":"","ocean_menu_typo_line_height":0,"ocean_menu_typo_line_height_tablet":0,"ocean_menu_typo_line_height_mobile":0,"ocean_menu_typo_line_height_unit":"","ocean_menu_typo_spacing":0,"ocean_menu_typo_spacing_tablet":0,"ocean_menu_typo_spacing_mobile":0,"ocean_menu_typo_spacing_unit":"","ocean_menu_link_color":"","ocean_menu_link_color_hover":"","ocean_menu_link_color_active":"","ocean_menu_link_background":"","ocean_menu_link_hover_background":"","ocean_menu_link_active_background":"","ocean_menu_social_links_bg":"","ocean_menu_social_hover_links_bg":"","ocean_menu_social_links_color":"","ocean_menu_social_hover_links_color":"","ocean_disable_title":"default","ocean_disable_heading":"default","ocean_post_title":"","ocean_post_subheading":"","ocean_post_title_style":"","ocean_post_title_background_color":"","ocean_post_title_background":0,"ocean_post_title_bg_image_position":"","ocean_post_title_bg_image_attachment":"","ocean_post_title_bg_image_repeat":"","ocean_post_title_bg_image_size":"","ocean_post_title_height":0,"ocean_post_title_bg_overlay":0.5,"ocean_post_title_bg_overlay_color":"","ocean_disable_breadcrumbs":"default","ocean_breadcrumbs_color":"","ocean_breadcrumbs_separator_color":"","ocean_breadcrumbs_links_color":"","ocean_breadcrumbs_links_hover_color":"","ocean_display_footer_widgets":"default","ocean_display_footer_bottom":"default","ocean_custom_footer_template":"0","_joinchat":[]},"product_brand":[],"product_cat":[16],"product_tag":[],"class_list":{"0":"post-3411","1":"product","2":"type-product","3":"status-publish","4":"has-post-thumbnail","6":"product_cat-sin-categorizar","8":"entry","9":"has-media","11":"first","12":"instock","13":"shipping-taxable","14":"purchasable","15":"product-type-simple","16":"has-product-nav","17":"col","18":"span_1_of_3","19":"owp-content-center","20":"owp-thumbs-layout-horizontal","21":"owp-btn-normal","22":"owp-tabs-layout-horizontal","23":"has-no-thumbnails"},"_links":{"self":[{"href":"https:\/\/telemetry.com.pe\/index.php\/wp-json\/wp\/v2\/product\/3411","targetHints":{"allow":["GET"]}}],"collection":[{"href":"https:\/\/telemetry.com.pe\/index.php\/wp-json\/wp\/v2\/product"}],"about":[{"href":"https:\/\/telemetry.com.pe\/index.php\/wp-json\/wp\/v2\/types\/product"}],"replies":[{"embeddable":true,"href":"https:\/\/telemetry.com.pe\/index.php\/wp-json\/wp\/v2\/comments?post=3411"}],"wp:featuredmedia":[{"embeddable":true,"href":"https:\/\/telemetry.com.pe\/index.php\/wp-json\/wp\/v2\/media\/3408"}],"wp:attachment":[{"href":"https:\/\/telemetry.com.pe\/index.php\/wp-json\/wp\/v2\/media?parent=3411"}],"wp:term":[{"taxonomy":"product_brand","embeddable":true,"href":"https:\/\/telemetry.com.pe\/index.php\/wp-json\/wp\/v2\/product_brand?post=3411"},{"taxonomy":"product_cat","embeddable":true,"href":"https:\/\/telemetry.com.pe\/index.php\/wp-json\/wp\/v2\/product_cat?post=3411"},{"taxonomy":"product_tag","embeddable":true,"href":"https:\/\/telemetry.com.pe\/index.php\/wp-json\/wp\/v2\/product_tag?post=3411"}],"curies":[{"name":"wp","href":"https:\/\/api.w.org\/{rel}","templated":true}]}}