{"id":3415,"date":"2023-09-16T00:57:12","date_gmt":"2023-09-16T00:57:12","guid":{"rendered":"http:\/\/telemetry.com.pe\/?post_type=product&#038;p=3415"},"modified":"2023-09-16T00:57:12","modified_gmt":"2023-09-16T00:57:12","slug":"leica-scanstation-p50","status":"publish","type":"product","link":"https:\/\/telemetry.com.pe\/index.php\/producto\/leica-scanstation-p50\/","title":{"rendered":"Leica ScanStation P50"},"content":{"rendered":"<p>Para profesionales del sector que desean escanear lugares inaccesibles y atraer nuevas oportunidades de negocio, Leica ScanStation P50 es el esc\u00e1ner l\u00e1ser 3D de largo alcance m\u00e1s r\u00e1pido y seguro. A diferencia del resto de esc\u00e1neres l\u00e1ser, la soluci\u00f3n P50 aumenta al m\u00e1ximo la productividad escaneando lugares inaccesibles desde una ubicaci\u00f3n segura de la obra, reduciendo as\u00ed el tiempo en campo con menos estacionamientos.<\/p>\n<div class=\"row\">\n<div class=\"col-lg-6 col-md-6 col-sm-12 col-xs-12\">\n<div class=\"no-cta multi-callout\">\n<div class=\"captions\">\n<div class=\"text\">\n<h3>La elecci\u00f3n acertada<\/h3>\n<p>Tanto si captura los edificios m\u00e1s altos del mundo en 3D, como si documenta los objetos de infraestructura m\u00e1s amplios o escanea las mayores explotaciones mineras a cielo abierto, sabe que el escaneo de largo alcance es esencial para su trabajo. Incorporando la capacidad de escaneo de largo alcance a la serie P de ScanStation, l\u00edder del mercado, el nuevo Leica ScanStation P50 es la elecci\u00f3n acertada, porque todos los detalles son importantes.<\/p>\n<\/div>\n<\/div>\n<\/div>\n<\/div>\n<div class=\"col-lg-6 col-md-6 col-sm-12 col-xs-12\">\n<div class=\"no-cta multi-callout\">\n<div class=\"media-content image\"><\/div>\n<div class=\"captions\">\n<div class=\"text\">\n<h3>De alto rendimiento<\/h3>\n<p>Este nuevo esc\u00e1ner l\u00e1ser Leica ScanStation P50, de excepcional duraci\u00f3n, funciona incluso en las condiciones medioambientales m\u00e1s exigentes, por ejemplo, en intervalos de temperatura que oscilan entre \u2013-20 \u00b0C y +50 \u00b0C. Adem\u00e1s, se ajusta a la clasificaci\u00f3n IP54 en cuanto a resistencia al polvo y al agua.<\/p>\n<\/div>\n<\/div>\n<\/div>\n<\/div>\n<\/div>\n<div class=\"row\">\n<div class=\"col-lg-6 col-md-6 col-sm-12 col-xs-12\">\n<div class=\"no-cta multi-callout\">\n<div class=\"media-content image\"><\/div>\n<div class=\"captions\">\n<div class=\"text\">\n<h3>Escanee lugares inaccesibles<\/h3>\n<p>El Leica ScanStation P50 ofrece datos en 3D de calidad, as\u00ed como im\u00e1genes de alto rango din\u00e1mico (HDR) a una velocidad de escaneo realmente r\u00e1pida de 1 mill\u00f3n de puntos por segundo con alcances superiores a 1 km. El insuperable alcance y la precisi\u00f3n angular, el bajo nivel de ruido y el compensador de doble eje constituyen las bases para conseguir nubes de puntos 3D a color con alto nivel de detalle y una claridad propia del mundo real.<\/p>\n<\/div>\n<\/div>\n<\/div>\n<\/div>\n<div class=\"col-lg-6 col-md-6 col-sm-12 col-xs-12\">\n<div class=\"no-cta multi-callout\">\n<div class=\"media-content image\"><\/div>\n<div class=\"captions\">\n<div class=\"text\">\n<h3>Soluci\u00f3n de escaneo completa<\/h3>\n<p>Leica Geosystems ofrece el nuevo Leica ScanStation P50 como parte integral de una soluci\u00f3n de escaneo completa que incluye hardware, software, servicios, formaci\u00f3n y asistencia. Los datos del esc\u00e1ner l\u00e1ser 3D se pueden procesar en la suite de software de nubes de puntos 3D, que constituye toda una referencia en el sector y est\u00e1 formada por el software independiente \u00a0Leica Cyclone,\u00a0Leica JetStream, las herramientas del plug-in\u00a0Leica CloudWorx\u00a0para los sistemas CAD y el software gratuito\u00a0Leica TruView.<\/p>\n<\/div>\n<\/div>\n<\/div>\n<\/div>\n<\/div>\n","protected":false},"excerpt":{"rendered":"<p>Para profesionales del sector que desean escanear lugares inaccesibles y atraer nuevas oportunidades de negocio, Leica ScanStation P50 es el esc\u00e1ner l\u00e1ser 3D de largo alcance m\u00e1s r\u00e1pido y seguro. A diferencia del resto de esc\u00e1neres l\u00e1ser, la soluci\u00f3n P50 aumenta al m\u00e1ximo la productividad escaneando lugares inaccesibles desde una ubicaci\u00f3n segura de la obra, [&hellip;]<\/p>\n","protected":false},"featured_media":3416,"comment_status":"open","ping_status":"closed","template":"","meta":{"om_disable_all_campaigns":false,"ocean_post_layout":"","ocean_both_sidebars_style":"","ocean_both_sidebars_content_width":0,"ocean_both_sidebars_sidebars_width":0,"ocean_sidebar":"0","ocean_second_sidebar":"0","ocean_disable_margins":"enable","ocean_add_body_class":"","ocean_shortcode_before_top_bar":"","ocean_shortcode_after_top_bar":"","ocean_shortcode_before_header":"","ocean_shortcode_after_header":"","ocean_has_shortcode":"","ocean_shortcode_after_title":"","ocean_shortcode_before_footer_widgets":"","ocean_shortcode_after_footer_widgets":"","ocean_shortcode_before_footer_bottom":"","ocean_shortcode_after_footer_bottom":"","ocean_display_top_bar":"default","ocean_display_header":"default","ocean_header_style":"","ocean_center_header_left_menu":"0","ocean_custom_header_template":"0","ocean_custom_logo":0,"ocean_custom_retina_logo":0,"ocean_custom_logo_max_width":0,"ocean_custom_logo_tablet_max_width":0,"ocean_custom_logo_mobile_max_width":0,"ocean_custom_logo_max_height":0,"ocean_custom_logo_tablet_max_height":0,"ocean_custom_logo_mobile_max_height":0,"ocean_header_custom_menu":"0","ocean_menu_typo_font_family":"0","ocean_menu_typo_font_subset":"","ocean_menu_typo_font_size":0,"ocean_menu_typo_font_size_tablet":0,"ocean_menu_typo_font_size_mobile":0,"ocean_menu_typo_font_size_unit":"px","ocean_menu_typo_font_weight":"","ocean_menu_typo_font_weight_tablet":"","ocean_menu_typo_font_weight_mobile":"","ocean_menu_typo_transform":"","ocean_menu_typo_transform_tablet":"","ocean_menu_typo_transform_mobile":"","ocean_menu_typo_line_height":0,"ocean_menu_typo_line_height_tablet":0,"ocean_menu_typo_line_height_mobile":0,"ocean_menu_typo_line_height_unit":"","ocean_menu_typo_spacing":0,"ocean_menu_typo_spacing_tablet":0,"ocean_menu_typo_spacing_mobile":0,"ocean_menu_typo_spacing_unit":"","ocean_menu_link_color":"","ocean_menu_link_color_hover":"","ocean_menu_link_color_active":"","ocean_menu_link_background":"","ocean_menu_link_hover_background":"","ocean_menu_link_active_background":"","ocean_menu_social_links_bg":"","ocean_menu_social_hover_links_bg":"","ocean_menu_social_links_color":"","ocean_menu_social_hover_links_color":"","ocean_disable_title":"default","ocean_disable_heading":"default","ocean_post_title":"","ocean_post_subheading":"","ocean_post_title_style":"","ocean_post_title_background_color":"","ocean_post_title_background":0,"ocean_post_title_bg_image_position":"","ocean_post_title_bg_image_attachment":"","ocean_post_title_bg_image_repeat":"","ocean_post_title_bg_image_size":"","ocean_post_title_height":0,"ocean_post_title_bg_overlay":0.5,"ocean_post_title_bg_overlay_color":"","ocean_disable_breadcrumbs":"default","ocean_breadcrumbs_color":"","ocean_breadcrumbs_separator_color":"","ocean_breadcrumbs_links_color":"","ocean_breadcrumbs_links_hover_color":"","ocean_display_footer_widgets":"default","ocean_display_footer_bottom":"default","ocean_custom_footer_template":"0","_joinchat":[]},"product_brand":[],"product_cat":[16],"product_tag":[],"class_list":{"0":"post-3415","1":"product","2":"type-product","3":"status-publish","4":"has-post-thumbnail","6":"product_cat-sin-categorizar","8":"entry","9":"has-media","11":"first","12":"instock","13":"shipping-taxable","14":"purchasable","15":"product-type-simple","16":"has-product-nav","17":"col","18":"span_1_of_3","19":"owp-content-center","20":"owp-thumbs-layout-horizontal","21":"owp-btn-normal","22":"owp-tabs-layout-horizontal","23":"has-no-thumbnails"},"_links":{"self":[{"href":"https:\/\/telemetry.com.pe\/index.php\/wp-json\/wp\/v2\/product\/3415","targetHints":{"allow":["GET"]}}],"collection":[{"href":"https:\/\/telemetry.com.pe\/index.php\/wp-json\/wp\/v2\/product"}],"about":[{"href":"https:\/\/telemetry.com.pe\/index.php\/wp-json\/wp\/v2\/types\/product"}],"replies":[{"embeddable":true,"href":"https:\/\/telemetry.com.pe\/index.php\/wp-json\/wp\/v2\/comments?post=3415"}],"wp:featuredmedia":[{"embeddable":true,"href":"https:\/\/telemetry.com.pe\/index.php\/wp-json\/wp\/v2\/media\/3416"}],"wp:attachment":[{"href":"https:\/\/telemetry.com.pe\/index.php\/wp-json\/wp\/v2\/media?parent=3415"}],"wp:term":[{"taxonomy":"product_brand","embeddable":true,"href":"https:\/\/telemetry.com.pe\/index.php\/wp-json\/wp\/v2\/product_brand?post=3415"},{"taxonomy":"product_cat","embeddable":true,"href":"https:\/\/telemetry.com.pe\/index.php\/wp-json\/wp\/v2\/product_cat?post=3415"},{"taxonomy":"product_tag","embeddable":true,"href":"https:\/\/telemetry.com.pe\/index.php\/wp-json\/wp\/v2\/product_tag?post=3415"}],"curies":[{"name":"wp","href":"https:\/\/api.w.org\/{rel}","templated":true}]}}