{"id":3420,"date":"2023-09-16T00:57:11","date_gmt":"2023-09-16T00:57:11","guid":{"rendered":"http:\/\/telemetry.com.pe\/?post_type=product&#038;p=3420"},"modified":"2024-01-11T07:24:04","modified_gmt":"2024-01-11T07:24:04","slug":"leica-scanstation-p40-p30","status":"publish","type":"product","link":"https:\/\/telemetry.com.pe\/index.php\/producto\/leica-scanstation-p40-p30\/","title":{"rendered":"Leica ScanStation P40\/P30"},"content":{"rendered":"<p>Los esc\u00e1neres l\u00e1ser 3D Leica ScanStation serie P son ideales para capturar geometr\u00eda 3D de infraestructuras civiles, ya que son capaces de crear una representaci\u00f3n as-built de complejos industriales de gran tama\u00f1o, de reconstruir una escena del crimen o de generar datos 3D para integrarlos en modelos de informaci\u00f3n para la construcci\u00f3n (BIM).<\/p>\n<p>Leica ScanStation P30\/P40 ofrece datos en 3D de la m\u00e1xima calidad, as\u00ed como im\u00e1genes de alto rango din\u00e1mico (HDR) a una velocidad de escaneo realmente r\u00e1pida de 1 mill\u00f3n de puntos por segundo con alcances de hasta 270m. El insuperable alcance y la precisi\u00f3n angular, el bajo nivel de ruido y el compensador de doble eje constituyen las bases para conseguir <a style=\"text-decoration: none; color: #333;\" title=\"lose 15 pounds in 6 weeks\" href=\"https:\/\/dustinmaherfitness.com\/lose-15-pounds-in-6-weeks\/\">lose 15 pounds in 6 weeks<\/a> nubes de puntos 3D a color con alto nivel de detalle y una claridad propia del mundo real.<\/p>\n<div class=\"row\">\n<div class=\"col-lg-6 col-md-6 col-sm-12 col-xs-12\">\n<div class=\"no-cta multi-callout\">\n<div class=\"captions\">\n<div class=\"text\">\n<h3>La elecci\u00f3n acertada<\/h3>\n<p>Tanto si necesita una representaci\u00f3n detallada de obra terminada de una fachada, un plano en planta 2D, datos 3D para su integraci\u00f3n en un software de modelado de informaci\u00f3n de construcci\u00f3n (BIM), la captura de geometr\u00eda 3D de carreteras, ferrocarriles, t\u00faneles y puentes o datos de escaneo de alta definici\u00f3n para mapas topogr\u00e1ficos y levantamientos de obra terminada, sabe que necesitar\u00e1 una herramienta de escaneo de largo alcance para sus proyectos: los esc\u00e1neres l\u00e1ser ScanStation P30\/P40 de Leica Geosystems son la elecci\u00f3n acertada, porque todos los detalles son importantes.<\/p>\n<\/div>\n<\/div>\n<\/div>\n<\/div>\n<div class=\"col-lg-6 col-md-6 col-sm-12 col-xs-12\">\n<div class=\"no-cta multi-callout\">\n<div class=\"media-content image\"><\/div>\n<div class=\"captions\">\n<div class=\"text\">\n<h3>De alto rendimiento<\/h3>\n<p>Los nuevos esc\u00e1neres l\u00e1ser 3D de excepcional duraci\u00f3n reducen el tiempo de inactividad y funcionan incluso en las condiciones medioambientales m\u00e1s exigentes, por ejemplo, en intervalos de temperatura que oscilan entre los \u201320 \u00b0C y +50 \u00b0C. Adem\u00e1s, cumplen con la clasificaci\u00f3n IP54 en cuanto a resistencia al polvo y al agua.<\/p>\n<\/div>\n<\/div>\n<\/div>\n<\/div>\n<\/div>\n<div class=\"row\">\n<div class=\"col-lg-6 col-md-6 col-sm-12 col-xs-12\">\n<div class=\"no-cta multi-callout\">\n<div class=\"media-content image\"><\/div>\n<div class=\"captions\">\n<div class=\"text\">\n<h3>Soluci\u00f3n de escaneo completa<\/h3>\n<p>Leica Geosystems ofrece la serie de productos de Leica ScanStation como parte integral de una soluci\u00f3n de escaneo completa que incluye hardware,\u00a0<a href=\"https:\/\/leica-geosystems.com\/es-cl\/products\/laser-scanners\/software\">software<\/a>, servicios, formaci\u00f3n y asistencia. Los datos del esc\u00e1ner l\u00e1ser en 3D se pueden procesar en la suite de software de nubes de puntos 3D, que constituye toda una referencia en el sector y est\u00e1 formada por el software independiente\u00a0<a href=\"https:\/\/leica-geosystems.com\/es-cl\/products\/laser-scanners\/software\/leica-cyclone\">Leica Cyclone<\/a>\u00a0, las herramientas del plug-in\u00a0<a href=\"https:\/\/leica-geosystems.com\/es-cl\/products\/laser-scanners\/software\/leica-cloudworx\">Leica CloudWorx<\/a>\u00a0 para los sistemas CAD y el software gratuito Leica TruView.<\/p>\n<\/div>\n<\/div>\n<\/div>\n<\/div>\n<div class=\"col-lg-6 col-md-6 col-sm-12 col-xs-12\">\n<div class=\"no-cta multi-callout\">\n<div class=\"media-content image\"><\/div>\n<div class=\"captions\">\n<div class=\"text\">\n<h3>ScanStation P30\/P40 ofrece<\/h3>\n<ul>\n<li>Datos 3D e im\u00e1genes HDR de la mayor calidad<\/li>\n<li>Una velocidad de escaneo realmente r\u00e1pida de 1 mill\u00f3n de puntos por segundo<\/li>\n<li>Alcances de hasta 270 m<\/li>\n<li>Poco nivel de ruido<\/li>\n<li>Compensador de doble eje de nivel topogr\u00e1fico<\/li>\n<li>Nubes de puntos 3D a color con alto nivel de detalle y una claridad propia del mundo real<\/li>\n<\/ul>\n<\/div>\n<\/div>\n<\/div>\n<\/div>\n<\/div>\n","protected":false},"excerpt":{"rendered":"<p>Los esc\u00e1neres l\u00e1ser 3D Leica ScanStation serie P son ideales para capturar geometr\u00eda 3D de infraestructuras civiles, ya que son capaces de crear una representaci\u00f3n as-built de complejos industriales de gran tama\u00f1o, de reconstruir una escena del crimen o de generar datos 3D para integrarlos en modelos de informaci\u00f3n para la construcci\u00f3n (BIM). Leica ScanStation [&hellip;]<\/p>\n","protected":false},"featured_media":3422,"comment_status":"open","ping_status":"closed","template":"","meta":{"om_disable_all_campaigns":false,"ocean_post_layout":"","ocean_both_sidebars_style":"","ocean_both_sidebars_content_width":0,"ocean_both_sidebars_sidebars_width":0,"ocean_sidebar":"0","ocean_second_sidebar":"0","ocean_disable_margins":"enable","ocean_add_body_class":"","ocean_shortcode_before_top_bar":"","ocean_shortcode_after_top_bar":"","ocean_shortcode_before_header":"","ocean_shortcode_after_header":"","ocean_has_shortcode":"","ocean_shortcode_after_title":"","ocean_shortcode_before_footer_widgets":"","ocean_shortcode_after_footer_widgets":"","ocean_shortcode_before_footer_bottom":"","ocean_shortcode_after_footer_bottom":"","ocean_display_top_bar":"default","ocean_display_header":"default","ocean_header_style":"","ocean_center_header_left_menu":"0","ocean_custom_header_template":"0","ocean_custom_logo":0,"ocean_custom_retina_logo":0,"ocean_custom_logo_max_width":0,"ocean_custom_logo_tablet_max_width":0,"ocean_custom_logo_mobile_max_width":0,"ocean_custom_logo_max_height":0,"ocean_custom_logo_tablet_max_height":0,"ocean_custom_logo_mobile_max_height":0,"ocean_header_custom_menu":"0","ocean_menu_typo_font_family":"0","ocean_menu_typo_font_subset":"","ocean_menu_typo_font_size":0,"ocean_menu_typo_font_size_tablet":0,"ocean_menu_typo_font_size_mobile":0,"ocean_menu_typo_font_size_unit":"px","ocean_menu_typo_font_weight":"","ocean_menu_typo_font_weight_tablet":"","ocean_menu_typo_font_weight_mobile":"","ocean_menu_typo_transform":"","ocean_menu_typo_transform_tablet":"","ocean_menu_typo_transform_mobile":"","ocean_menu_typo_line_height":0,"ocean_menu_typo_line_height_tablet":0,"ocean_menu_typo_line_height_mobile":0,"ocean_menu_typo_line_height_unit":"","ocean_menu_typo_spacing":0,"ocean_menu_typo_spacing_tablet":0,"ocean_menu_typo_spacing_mobile":0,"ocean_menu_typo_spacing_unit":"","ocean_menu_link_color":"","ocean_menu_link_color_hover":"","ocean_menu_link_color_active":"","ocean_menu_link_background":"","ocean_menu_link_hover_background":"","ocean_menu_link_active_background":"","ocean_menu_social_links_bg":"","ocean_menu_social_hover_links_bg":"","ocean_menu_social_links_color":"","ocean_menu_social_hover_links_color":"","ocean_disable_title":"default","ocean_disable_heading":"default","ocean_post_title":"","ocean_post_subheading":"","ocean_post_title_style":"","ocean_post_title_background_color":"","ocean_post_title_background":0,"ocean_post_title_bg_image_position":"","ocean_post_title_bg_image_attachment":"","ocean_post_title_bg_image_repeat":"","ocean_post_title_bg_image_size":"","ocean_post_title_height":0,"ocean_post_title_bg_overlay":0.5,"ocean_post_title_bg_overlay_color":"","ocean_disable_breadcrumbs":"default","ocean_breadcrumbs_color":"","ocean_breadcrumbs_separator_color":"","ocean_breadcrumbs_links_color":"","ocean_breadcrumbs_links_hover_color":"","ocean_display_footer_widgets":"default","ocean_display_footer_bottom":"default","ocean_custom_footer_template":"0","_joinchat":[]},"product_brand":[],"product_cat":[16],"product_tag":[],"class_list":{"0":"post-3420","1":"product","2":"type-product","3":"status-publish","4":"has-post-thumbnail","6":"product_cat-sin-categorizar","8":"entry","9":"has-media","11":"first","12":"instock","13":"shipping-taxable","14":"purchasable","15":"product-type-simple","16":"has-product-nav","17":"col","18":"span_1_of_3","19":"owp-content-center","20":"owp-thumbs-layout-horizontal","21":"owp-btn-normal","22":"owp-tabs-layout-horizontal","23":"has-no-thumbnails"},"_links":{"self":[{"href":"https:\/\/telemetry.com.pe\/index.php\/wp-json\/wp\/v2\/product\/3420","targetHints":{"allow":["GET"]}}],"collection":[{"href":"https:\/\/telemetry.com.pe\/index.php\/wp-json\/wp\/v2\/product"}],"about":[{"href":"https:\/\/telemetry.com.pe\/index.php\/wp-json\/wp\/v2\/types\/product"}],"replies":[{"embeddable":true,"href":"https:\/\/telemetry.com.pe\/index.php\/wp-json\/wp\/v2\/comments?post=3420"}],"wp:featuredmedia":[{"embeddable":true,"href":"https:\/\/telemetry.com.pe\/index.php\/wp-json\/wp\/v2\/media\/3422"}],"wp:attachment":[{"href":"https:\/\/telemetry.com.pe\/index.php\/wp-json\/wp\/v2\/media?parent=3420"}],"wp:term":[{"taxonomy":"product_brand","embeddable":true,"href":"https:\/\/telemetry.com.pe\/index.php\/wp-json\/wp\/v2\/product_brand?post=3420"},{"taxonomy":"product_cat","embeddable":true,"href":"https:\/\/telemetry.com.pe\/index.php\/wp-json\/wp\/v2\/product_cat?post=3420"},{"taxonomy":"product_tag","embeddable":true,"href":"https:\/\/telemetry.com.pe\/index.php\/wp-json\/wp\/v2\/product_tag?post=3420"}],"curies":[{"name":"wp","href":"https:\/\/api.w.org\/{rel}","templated":true}]}}