{"id":3434,"date":"2023-09-16T00:57:11","date_gmt":"2023-09-16T00:57:11","guid":{"rendered":"http:\/\/telemetry.com.pe\/?post_type=product&#038;p=3434"},"modified":"2023-09-16T00:57:11","modified_gmt":"2023-09-16T00:57:11","slug":"rockspot","status":"publish","type":"product","link":"https:\/\/telemetry.com.pe\/index.php\/producto\/rockspot\/","title":{"rendered":"RockSpot"},"content":{"rendered":"<p>RockSpot es un innovador sistema de radar capaz de\u00a0\u00a0<strong>localizar, rastrear y notificar ca\u00eddas de rocas, avalanchas y flujos de escombros en tiempo real<\/strong>\u00a0.\u00a0Este peque\u00f1o pero poderoso radar detecta peque\u00f1as rocas que caen a grandes distancias mucho antes de que el ojo humano pueda verlas.\u00a0RockSpot es la primera soluci\u00f3n integral de la industria para la detecci\u00f3n de desprendimientos de rocas y otros eventos de derrumbe,\u00a0\u00a0<strong>llenando el vac\u00edo en el monitoreo de taludes<\/strong>\u00a0.\u00a0Se puede detectar un solo evento de desprendimiento de rocas en\u00a0\u00a0<strong>tiempo real<\/strong>\u00a0y\u00a0los geot\u00e9cnicos y los equipos de trabajo tienen acceso a los detalles del evento.<\/p>\n<p>Todas las estad\u00edsticas de ca\u00edda de rocas se registran en una base de datos, lo que permite analizar cada evento y crear un mapa de zonificaci\u00f3n de riesgo adecuado.\u00a0RockSpot, que permite alertas m\u00e1s tempranas, aumenta significativamente la protecci\u00f3n de vidas y activos en varios sitios, llevando la seguridad al siguiente nivel.<\/p>\n<p>RockSpot nunca duerme y monitorea\u00a0\u00a0<strong>d\u00eda y noche<\/strong>\u00a0.\u00a0Para lograr la m\u00e1xima eficacia, todo el procesamiento se realiza in situ.\u00a0Dise\u00f1ado para soportar todas las condiciones clim\u00e1ticas, su dise\u00f1o simple y compacto le permite instalar el sistema en todas partes.<\/p>\n<p><strong>CARACTER\u00cdSTICAS Y BENEFICIOS<\/strong><\/p>\n<ul>\n<li><strong>Transmisi\u00f3n en tiempo real<\/strong>C\u00e1mara integrada que proporciona transmisi\u00f3n de video del \u00e1rea monitoreada, visible para todos los usuarios conectados.<\/li>\n<li><strong>Bajos costos de mantenimiento<\/strong>Sin partes m\u00f3viles con un dise\u00f1o limpio, lo que reduce significativamente los costos de mantenimiento.<\/li>\n<li><strong>Georreferenciaci\u00f3n autom\u00e1tica<\/strong>El GNSS integrado garantiza la georreferenciaci\u00f3n autom\u00e1tica de los desprendimientos de rocas rastreados.<\/li>\n<li><strong>Funciona en todas las condiciones meteorol\u00f3gicas<\/strong>Inmune a la nieve, el polvo y otros desechos ambientales, el dise\u00f1o duradero de RockSpot le permite operar en los entornos m\u00e1s hostiles.<\/li>\n<li><strong>software potente<\/strong>Todos los sistemas RockSpot est\u00e1n controlados por GeoCloud con la posibilidad de crear m\u00faltiples usuarios con diferentes niveles de acceso.<\/li>\n<li><strong>Cobertura + Resoluci\u00f3n<\/strong><br \/>\nUna sola unidad de radar puede cubrir toda una pared con alta resoluci\u00f3n, la cobertura puede duplicarse, con otro sensor dentro de la misma configuraci\u00f3n.<\/li>\n<\/ul>\n","protected":false},"excerpt":{"rendered":"<p>RockSpot es un innovador sistema de radar capaz de\u00a0\u00a0localizar, rastrear y notificar ca\u00eddas de rocas, avalanchas y flujos de escombros en tiempo real\u00a0.\u00a0Este peque\u00f1o pero poderoso radar detecta peque\u00f1as rocas que caen a grandes distancias mucho antes de que el ojo humano pueda verlas.\u00a0RockSpot es la primera soluci\u00f3n integral de la industria para la detecci\u00f3n [&hellip;]<\/p>\n","protected":false},"featured_media":3435,"comment_status":"open","ping_status":"closed","template":"","meta":{"om_disable_all_campaigns":false,"ocean_post_layout":"","ocean_both_sidebars_style":"","ocean_both_sidebars_content_width":0,"ocean_both_sidebars_sidebars_width":0,"ocean_sidebar":"0","ocean_second_sidebar":"0","ocean_disable_margins":"enable","ocean_add_body_class":"","ocean_shortcode_before_top_bar":"","ocean_shortcode_after_top_bar":"","ocean_shortcode_before_header":"","ocean_shortcode_after_header":"","ocean_has_shortcode":"","ocean_shortcode_after_title":"","ocean_shortcode_before_footer_widgets":"","ocean_shortcode_after_footer_widgets":"","ocean_shortcode_before_footer_bottom":"","ocean_shortcode_after_footer_bottom":"","ocean_display_top_bar":"default","ocean_display_header":"default","ocean_header_style":"","ocean_center_header_left_menu":"0","ocean_custom_header_template":"0","ocean_custom_logo":0,"ocean_custom_retina_logo":0,"ocean_custom_logo_max_width":0,"ocean_custom_logo_tablet_max_width":0,"ocean_custom_logo_mobile_max_width":0,"ocean_custom_logo_max_height":0,"ocean_custom_logo_tablet_max_height":0,"ocean_custom_logo_mobile_max_height":0,"ocean_header_custom_menu":"0","ocean_menu_typo_font_family":"0","ocean_menu_typo_font_subset":"","ocean_menu_typo_font_size":0,"ocean_menu_typo_font_size_tablet":0,"ocean_menu_typo_font_size_mobile":0,"ocean_menu_typo_font_size_unit":"px","ocean_menu_typo_font_weight":"","ocean_menu_typo_font_weight_tablet":"","ocean_menu_typo_font_weight_mobile":"","ocean_menu_typo_transform":"","ocean_menu_typo_transform_tablet":"","ocean_menu_typo_transform_mobile":"","ocean_menu_typo_line_height":0,"ocean_menu_typo_line_height_tablet":0,"ocean_menu_typo_line_height_mobile":0,"ocean_menu_typo_line_height_unit":"","ocean_menu_typo_spacing":0,"ocean_menu_typo_spacing_tablet":0,"ocean_menu_typo_spacing_mobile":0,"ocean_menu_typo_spacing_unit":"","ocean_menu_link_color":"","ocean_menu_link_color_hover":"","ocean_menu_link_color_active":"","ocean_menu_link_background":"","ocean_menu_link_hover_background":"","ocean_menu_link_active_background":"","ocean_menu_social_links_bg":"","ocean_menu_social_hover_links_bg":"","ocean_menu_social_links_color":"","ocean_menu_social_hover_links_color":"","ocean_disable_title":"default","ocean_disable_heading":"default","ocean_post_title":"","ocean_post_subheading":"","ocean_post_title_style":"","ocean_post_title_background_color":"","ocean_post_title_background":0,"ocean_post_title_bg_image_position":"","ocean_post_title_bg_image_attachment":"","ocean_post_title_bg_image_repeat":"","ocean_post_title_bg_image_size":"","ocean_post_title_height":0,"ocean_post_title_bg_overlay":0.5,"ocean_post_title_bg_overlay_color":"","ocean_disable_breadcrumbs":"default","ocean_breadcrumbs_color":"","ocean_breadcrumbs_separator_color":"","ocean_breadcrumbs_links_color":"","ocean_breadcrumbs_links_hover_color":"","ocean_display_footer_widgets":"default","ocean_display_footer_bottom":"default","ocean_custom_footer_template":"0","_joinchat":[]},"product_brand":[],"product_cat":[16],"product_tag":[],"class_list":{"0":"post-3434","1":"product","2":"type-product","3":"status-publish","4":"has-post-thumbnail","6":"product_cat-sin-categorizar","8":"entry","9":"has-media","11":"first","12":"instock","13":"shipping-taxable","14":"purchasable","15":"product-type-simple","16":"has-product-nav","17":"col","18":"span_1_of_3","19":"owp-content-center","20":"owp-thumbs-layout-horizontal","21":"owp-btn-normal","22":"owp-tabs-layout-horizontal","23":"has-no-thumbnails"},"_links":{"self":[{"href":"https:\/\/telemetry.com.pe\/index.php\/wp-json\/wp\/v2\/product\/3434","targetHints":{"allow":["GET"]}}],"collection":[{"href":"https:\/\/telemetry.com.pe\/index.php\/wp-json\/wp\/v2\/product"}],"about":[{"href":"https:\/\/telemetry.com.pe\/index.php\/wp-json\/wp\/v2\/types\/product"}],"replies":[{"embeddable":true,"href":"https:\/\/telemetry.com.pe\/index.php\/wp-json\/wp\/v2\/comments?post=3434"}],"wp:featuredmedia":[{"embeddable":true,"href":"https:\/\/telemetry.com.pe\/index.php\/wp-json\/wp\/v2\/media\/3435"}],"wp:attachment":[{"href":"https:\/\/telemetry.com.pe\/index.php\/wp-json\/wp\/v2\/media?parent=3434"}],"wp:term":[{"taxonomy":"product_brand","embeddable":true,"href":"https:\/\/telemetry.com.pe\/index.php\/wp-json\/wp\/v2\/product_brand?post=3434"},{"taxonomy":"product_cat","embeddable":true,"href":"https:\/\/telemetry.com.pe\/index.php\/wp-json\/wp\/v2\/product_cat?post=3434"},{"taxonomy":"product_tag","embeddable":true,"href":"https:\/\/telemetry.com.pe\/index.php\/wp-json\/wp\/v2\/product_tag?post=3434"}],"curies":[{"name":"wp","href":"https:\/\/api.w.org\/{rel}","templated":true}]}}