{"id":3442,"date":"2023-09-16T00:57:11","date_gmt":"2023-09-16T00:57:11","guid":{"rendered":"http:\/\/telemetry.com.pe\/?post_type=product&#038;p=3442"},"modified":"2023-09-16T00:57:11","modified_gmt":"2023-09-16T00:57:11","slug":"hydra-g","status":"publish","type":"product","link":"https:\/\/telemetry.com.pe\/index.php\/producto\/hydra-g\/","title":{"rendered":"HYDRA-G"},"content":{"rendered":"<div class=\"text-group\">\n<p dir=\"LTR\"><span>HYDRA-G es un sistema compacto\u00a0<\/span><strong><span>de monitoreo de detecci\u00f3n remota<\/span><\/strong><span>\u00a0dise\u00f1ado para alertas tempranas y mediciones en tiempo real de desplazamientos submilim\u00e9tricos en edificios, represas, t\u00faneles, infraestructuras mineras y taludes de corte.<\/span><\/p>\n<p dir=\"LTR\"><span>HYDRA-G puede proporcionar\u00a0<\/span><strong><span>monitoreo en tiempo real<\/span><\/strong><span>\u00a0de estructuras civiles y deformaciones en taludes y activar\u00a0<\/span><strong><span>alertas de alerta temprana en caso de colapsos inminentes para evacuar personas y maquinaria en riesgo.<\/span><\/strong><\/p>\n<p dir=\"LTR\"><span>Con un rango de exploraci\u00f3n de hasta 800 metros, el sistema proporciona la\u00a0<\/span><strong><span>tecnolog\u00eda de radar de alta precisi\u00f3n y resoluci\u00f3n.\u00a0<\/span><\/strong><span>HYDRA-G aprovecha la tecnolog\u00eda de vanguardia ArcSAR, proporcionando una\u00a0<\/span><strong><span>resoluci\u00f3n espacial de cent\u00edmetros<\/span><\/strong><span>\u00a0con informaci\u00f3n de desplazamiento actualizada cada 30 segundos.<\/span><\/p>\n<p dir=\"LTR\"><span>Una\u00a0<\/span><strong><span>c\u00e1mara HD \u00f3ptica e infrarroja<\/span><\/strong><span>\u00a0proporciona una inspecci\u00f3n visual en tiempo real de las \u00e1reas monitoreadas, y los datos del radar se colocan en un\u00a0<\/span><strong><span>modelo 3D<\/span><\/strong><span>\u00a0de la escena creada por el l\u00e1ser incorporado.\u00a0El software HYDRA Guardian, l\u00edder en la industria, proporciona una herramienta poderosa y f\u00e1cil de usar para visualizar e interpretar datos de radar y realizar\u00a0<\/span><strong><span>an\u00e1lisis de tendencias de desplazamiento de estructuras y movimientos de taludes de corte.\u00a0<\/span><\/strong><span>Adem\u00e1s, SurfScan es un\u00a0software de\u00a0<\/span><strong><span>an\u00e1lisis de deformaci\u00f3n y desplazamiento de edificios en tiempo real .<\/span><\/strong><\/p>\n<p><strong><span>Beneficios:<\/span><\/strong><\/p>\n<ul>\n<li>\n<p dir=\"LTR\"><strong><span>Tecnolog\u00eda no intrusiva:<\/span><\/strong><span>\u00a0no es necesario instalar punteros ni dispositivos en el objetivo<\/span><\/p>\n<\/li>\n<li>\n<p dir=\"LTR\"><strong><span>Resoluci\u00f3n hiperespacial<\/span><\/strong><span>\u00a0: para detectar incluso el desplazamiento m\u00e1s peque\u00f1o con una precisi\u00f3n de desplazamiento submilim\u00e9trica<\/span><\/p>\n<\/li>\n<li>\n<p dir=\"LTR\"><strong><span>Tasa de adquisici\u00f3n r\u00e1pida:<\/span><\/strong><span>\u00a030 segundos para un escaneo de resoluci\u00f3n completa<\/span><\/p>\n<\/li>\n<li>\n<p dir=\"LTR\"><strong><span>Capacidad de cobertura angular grande y de corto alcance:<\/span><\/strong><span>\u00a0para rastrear en tiempo real miles de puntos en el escenario monitoreado<\/span><\/p>\n<\/li>\n<li>\n<p dir=\"LTR\"><strong><span>Resultados in situ:<\/span><\/strong><span>\u00a0datos proporcionados en tiempo real con procesamiento instant\u00e1neo<\/span><\/p>\n<\/li>\n<li>\n<p dir=\"LTR\"><strong><span>Representaci\u00f3n 3D e im\u00e1genes visuales:<\/span><\/strong><span>\u00a0para facilitar la interpretaci\u00f3n de datos del \u00e1rea monitoreada<\/span><\/p>\n<\/li>\n<li>\n<p dir=\"LTR\"><strong><span>Soluci\u00f3n compacta y port\u00e1til:<\/span><\/strong><span>\u00a0f\u00e1cilmente transportable de un lugar a otro e instalada por una sola persona<\/span><\/p>\n<\/li>\n<li>\n<p dir=\"LTR\"><strong><span>Alta disponibilidad con bajos costes de mantenimiento:<\/span><\/strong><span>\u00a0piezas m\u00f3viles m\u00ednimas y dise\u00f1o de bajo perfil para garantizar robustez y m\u00e1xima disponibilidad en condiciones ambientales adversas.<\/span><\/p>\n<\/li>\n<\/ul>\n<\/div>\n<div id=\"accordion\" class=\"panel-group accordion-panel\" role=\"tablist\" aria-multiselectable=\"true\">\n<div class=\"panel\">\n<div class=\"panel-heading\" role=\"tab\">\n<h4 class=\"panel-title\"><\/h4>\n<\/div>\n<\/div>\n<\/div>\n","protected":false},"excerpt":{"rendered":"<p>HYDRA-G es un sistema compacto\u00a0de monitoreo de detecci\u00f3n remota\u00a0dise\u00f1ado para alertas tempranas y mediciones en tiempo real de desplazamientos submilim\u00e9tricos en edificios, represas, t\u00faneles, infraestructuras mineras y taludes de corte. HYDRA-G puede proporcionar\u00a0monitoreo en tiempo real\u00a0de estructuras civiles y deformaciones en taludes y activar\u00a0alertas de alerta temprana en caso de colapsos inminentes para evacuar personas [&hellip;]<\/p>\n","protected":false},"featured_media":3443,"comment_status":"open","ping_status":"closed","template":"","meta":{"om_disable_all_campaigns":false,"ocean_post_layout":"","ocean_both_sidebars_style":"","ocean_both_sidebars_content_width":0,"ocean_both_sidebars_sidebars_width":0,"ocean_sidebar":"0","ocean_second_sidebar":"0","ocean_disable_margins":"enable","ocean_add_body_class":"","ocean_shortcode_before_top_bar":"","ocean_shortcode_after_top_bar":"","ocean_shortcode_before_header":"","ocean_shortcode_after_header":"","ocean_has_shortcode":"","ocean_shortcode_after_title":"","ocean_shortcode_before_footer_widgets":"","ocean_shortcode_after_footer_widgets":"","ocean_shortcode_before_footer_bottom":"","ocean_shortcode_after_footer_bottom":"","ocean_display_top_bar":"default","ocean_display_header":"default","ocean_header_style":"","ocean_center_header_left_menu":"0","ocean_custom_header_template":"0","ocean_custom_logo":0,"ocean_custom_retina_logo":0,"ocean_custom_logo_max_width":0,"ocean_custom_logo_tablet_max_width":0,"ocean_custom_logo_mobile_max_width":0,"ocean_custom_logo_max_height":0,"ocean_custom_logo_tablet_max_height":0,"ocean_custom_logo_mobile_max_height":0,"ocean_header_custom_menu":"0","ocean_menu_typo_font_family":"0","ocean_menu_typo_font_subset":"","ocean_menu_typo_font_size":0,"ocean_menu_typo_font_size_tablet":0,"ocean_menu_typo_font_size_mobile":0,"ocean_menu_typo_font_size_unit":"px","ocean_menu_typo_font_weight":"","ocean_menu_typo_font_weight_tablet":"","ocean_menu_typo_font_weight_mobile":"","ocean_menu_typo_transform":"","ocean_menu_typo_transform_tablet":"","ocean_menu_typo_transform_mobile":"","ocean_menu_typo_line_height":0,"ocean_menu_typo_line_height_tablet":0,"ocean_menu_typo_line_height_mobile":0,"ocean_menu_typo_line_height_unit":"","ocean_menu_typo_spacing":0,"ocean_menu_typo_spacing_tablet":0,"ocean_menu_typo_spacing_mobile":0,"ocean_menu_typo_spacing_unit":"","ocean_menu_link_color":"","ocean_menu_link_color_hover":"","ocean_menu_link_color_active":"","ocean_menu_link_background":"","ocean_menu_link_hover_background":"","ocean_menu_link_active_background":"","ocean_menu_social_links_bg":"","ocean_menu_social_hover_links_bg":"","ocean_menu_social_links_color":"","ocean_menu_social_hover_links_color":"","ocean_disable_title":"default","ocean_disable_heading":"default","ocean_post_title":"","ocean_post_subheading":"","ocean_post_title_style":"","ocean_post_title_background_color":"","ocean_post_title_background":0,"ocean_post_title_bg_image_position":"","ocean_post_title_bg_image_attachment":"","ocean_post_title_bg_image_repeat":"","ocean_post_title_bg_image_size":"","ocean_post_title_height":0,"ocean_post_title_bg_overlay":0.5,"ocean_post_title_bg_overlay_color":"","ocean_disable_breadcrumbs":"default","ocean_breadcrumbs_color":"","ocean_breadcrumbs_separator_color":"","ocean_breadcrumbs_links_color":"","ocean_breadcrumbs_links_hover_color":"","ocean_display_footer_widgets":"default","ocean_display_footer_bottom":"default","ocean_custom_footer_template":"0","_joinchat":[]},"product_brand":[],"product_cat":[16],"product_tag":[],"class_list":{"0":"post-3442","1":"product","2":"type-product","3":"status-publish","4":"has-post-thumbnail","6":"product_cat-sin-categorizar","8":"entry","9":"has-media","11":"first","12":"instock","13":"shipping-taxable","14":"purchasable","15":"product-type-simple","16":"has-product-nav","17":"col","18":"span_1_of_3","19":"owp-content-center","20":"owp-thumbs-layout-horizontal","21":"owp-btn-normal","22":"owp-tabs-layout-horizontal","23":"has-no-thumbnails"},"_links":{"self":[{"href":"https:\/\/telemetry.com.pe\/index.php\/wp-json\/wp\/v2\/product\/3442","targetHints":{"allow":["GET"]}}],"collection":[{"href":"https:\/\/telemetry.com.pe\/index.php\/wp-json\/wp\/v2\/product"}],"about":[{"href":"https:\/\/telemetry.com.pe\/index.php\/wp-json\/wp\/v2\/types\/product"}],"replies":[{"embeddable":true,"href":"https:\/\/telemetry.com.pe\/index.php\/wp-json\/wp\/v2\/comments?post=3442"}],"wp:featuredmedia":[{"embeddable":true,"href":"https:\/\/telemetry.com.pe\/index.php\/wp-json\/wp\/v2\/media\/3443"}],"wp:attachment":[{"href":"https:\/\/telemetry.com.pe\/index.php\/wp-json\/wp\/v2\/media?parent=3442"}],"wp:term":[{"taxonomy":"product_brand","embeddable":true,"href":"https:\/\/telemetry.com.pe\/index.php\/wp-json\/wp\/v2\/product_brand?post=3442"},{"taxonomy":"product_cat","embeddable":true,"href":"https:\/\/telemetry.com.pe\/index.php\/wp-json\/wp\/v2\/product_cat?post=3442"},{"taxonomy":"product_tag","embeddable":true,"href":"https:\/\/telemetry.com.pe\/index.php\/wp-json\/wp\/v2\/product_tag?post=3442"}],"curies":[{"name":"wp","href":"https:\/\/api.w.org\/{rel}","templated":true}]}}