{"id":3446,"date":"2023-09-16T00:57:11","date_gmt":"2023-09-16T00:57:11","guid":{"rendered":"http:\/\/telemetry.com.pe\/?post_type=product&#038;p=3446"},"modified":"2023-09-16T00:57:11","modified_gmt":"2023-09-16T00:57:11","slug":"ibis-arcsar-lite-rendimiento","status":"publish","type":"product","link":"https:\/\/telemetry.com.pe\/index.php\/producto\/ibis-arcsar-lite-rendimiento\/","title":{"rendered":"IBIS-ArcSAR Lite \/ Rendimiento"},"content":{"rendered":"<p dir=\"LTR\"><strong><span>EL RADAR QUE CAMBI\u00d3 LA INDUSTRIA<\/span><\/strong><br \/>\n<span>IBIS-ArcSAR ha establecido nuevos est\u00e1ndares en la industria minera, y con su destacado desempe\u00f1o se ha convertido en la soluci\u00f3n tecnol\u00f3gica que lidera e inspira el mercado de monitoreo de taludes.\u00a0IBIS-ArcSAR est\u00e1 dise\u00f1ado para un despliegue r\u00e1pido y robusto para garantizar los m\u00e1s altos est\u00e1ndares de seguridad para gestionar las condiciones de riesgo con confianza.\u00a0Ya sea que se trate de un posicionamiento estrat\u00e9gico o t\u00e1ctico, IBIS-ArcSAR ofrece un rendimiento y una calidad de datos sin precedentes para tomar decisiones cr\u00edticas.<\/span><\/p>\n<p><strong><span>FLEXIBILIDAD MAXIMIZADA PARA LA VIDA M\u00cdA<\/span><\/strong><br \/>\n<span>Para satisfacer las demandas de la industria de un sistema muy flexible que pueda cubrir diferentes condiciones de miner\u00eda, IBIS-ArcSAR se ofrece en dos configuraciones: Lite y Performance.\u00a0IDS GeoRadar siempre se ha personalizado para adaptarse a cualquier escenario de monitoreo, sin encerrarlo en una soluci\u00f3n que no satisfaga sus necesidades actuales o desaf\u00edos futuros.\u00a0La actualizaci\u00f3n de Lite a Performance se puede realizar en cualquier momento con solo un clic del mouse, lo que genera el m\u00e1ximo retorno de la inversi\u00f3n inicial y valor agregado para el futuro de la mina.\u00a0<\/span><br \/>\n<strong><br \/>\n<span>LA CALIDAD DE DATOS M\u00c1S ALTA PARA EL MONITOREO CR\u00cdTICO<\/span><\/strong><br \/>\n<span>Siempre hemos estado convencidos de que la disponibilidad del hardware debe coincidir con el m\u00e1s alto nivel de confiabilidad de los datos para lograr un monitoreo cr\u00edtico efectivo en cualquier momento del d\u00eda y en todas las condiciones clim\u00e1ticas.\u00a0IBIS-ArcSAR, con su disponibilidad de hardware comprobada de m\u00e1s del 99 %, brinda una calidad de datos sobresaliente gracias al exclusivo algoritmo de procesamiento atmosf\u00e9rico avanzado IDS GeoRadar, resultado de a\u00f1os de desarrollo junto con nuestros clientes.\u00a0Como un instrumento de bajo mantenimiento pero de alto rendimiento, IBIS-ArcSAR puede operar sin el uso de un generador diesel hasta el 90% del tiempo, gracias a su muy bajo consumo de energ\u00eda, autonom\u00eda extendida y soluciones integradas de energ\u00eda verde (solar y e\u00f3lica) .\u00a0<\/span><\/p>\n<p><strong><span>COBERTURA COMPLETA DE 360\u00b0 A ALTA VELOCIDAD Y LARGO ALCANCE<\/span><\/strong><br \/>\n<span>IBIS-ArcSAR es el \u00fanico radar en la industria minera que proporciona un escaneo continuo de 360\u00b0 de las paredes del tajo con un tiempo de escaneo de extremo a extremo que coincide con el tiempo de adquisici\u00f3n del radar.\u00a0Mediante el empleo de una tecnolog\u00eda de anillo deslizante con clasificaci\u00f3n militar totalmente rotativa, maximiza la robustez con un m\u00ednimo de piezas m\u00f3viles, eliminando el cableado expuesto no deseado y el costoso mantenimiento.<\/span><br \/>\n<span>IBIS-ArcSAR puede operar a muy largo alcance (5000 metros), con un tiempo de escaneo muy corto (360\u00b0 en 40 s; 180\u00b0 en 20 s) manteniendo siempre la resoluci\u00f3n m\u00e1s alta con datos ligeros para la red de la mina.\u00a0<\/span><br \/>\n<span>La resoluci\u00f3n espacial excepcional define la extensi\u00f3n m\u00ednima del \u00e1rea detectable, incluso a escala de rango alto y subbanco.\u00a0Un solo p\u00edxel de radar es suficiente para activar una alarma, no se necesita sobremuestreo artificial para aumentar la definici\u00f3n de la imagen.\u00a0<\/span><\/p>\n<p><strong><span>DATOS 3D CON IM\u00c1GENES EN TIEMPO REAL\u00a0<\/span><\/strong><br \/>\n<span>IBIS-ArcSAR es tambi\u00e9n el primer radar SAR 3D completo que utiliza la matriz de antenas mimo patentada y la generaci\u00f3n autom\u00e1tica DTM.\u00a0El sistema tambi\u00e9n cuenta con una c\u00e1mara panor\u00e1mica HD integrada (85 Mpx para una vista panor\u00e1mica de 180\u00b0) que proporciona im\u00e1genes en tiempo real de las paredes del tajo y visualizaci\u00f3n instant\u00e1nea de \u00e1reas cr\u00edticas.\u00a0El sensor GNSS integrado garantiza la georreferenciaci\u00f3n autom\u00e1tica sobre la marcha de la unidad de radar durante la configuraci\u00f3n.<\/span><br \/>\n<span>La calidad de los datos siempre est\u00e1 garantizada por el sistema inteligente de gesti\u00f3n de datos y correcci\u00f3n atmosf\u00e9rica de \u00faltima generaci\u00f3n de IDS GeoRadar.<\/span><br \/>\n<strong><br \/>\n<span>SOLUCI\u00d3N DE MONITOREO INTEGRADO\u00a0<\/span><\/strong><br \/>\n<span>Al integrarse perfectamente en la suite Guardian FPM360, IBIS-ArcSAR puede expandir dr\u00e1sticamente las \u00e1reas de superposici\u00f3n de m\u00faltiples radares IBIS para explotar las capacidades \u00fanicas de TrueVector, brindando un entorno geot\u00e9cnico rico.\u00a0<\/span><br \/>\n<span>Una soluci\u00f3n combina datos de radar, desplazamiento de prismas y an\u00e1lisis de movimiento lento en una sola plataforma vers\u00e1til.<\/span><\/p>\n<hr \/>\n<p dir=\"LTR\"><strong><span>BENEFICIOS<\/span><\/strong><br \/>\n<span>Monitoreo Cr\u00edtico de Seguridad<\/span><br \/>\n<span>Una sola tecnolog\u00eda y equipo para monitoreo estrat\u00e9gico y t\u00e1ctico en tiempo real con cobertura total en tiempo y espacio.\u00a0Configuraci\u00f3n de proyectos con un solo toque.<\/span><\/p>\n<p><strong><span>Monitoreo y Planificaci\u00f3n a Largo Plazo<\/span><\/strong><br \/>\n<span>Detecci\u00f3n temprana de movimientos lentos, integraci\u00f3n autom\u00e1tica con Estaciones Totales y datos GNSS, y herramientas avanzadas de an\u00e1lisis geot\u00e9cnico.<\/span><\/p>\n<p><strong><span>Cobertura total y flexibilidad<\/span><\/strong><br \/>\n<span>El campo de visi\u00f3n m\u00e1s amplio y la resoluci\u00f3n espacial m\u00e1s alta para una m\u00e1xima flexibilidad y rendimiento en todos los escenarios de monitoreo: corto y largo alcance, paredes largas e instalaciones no dentro del tajo (relaves), con un tiempo de escaneo de segundos.<\/span><\/p>\n<p><strong><span>Informaci\u00f3n m\u00faltiple de un vistazo<\/span><\/strong><br \/>\n<span>Interpretaci\u00f3n de datos mejorada con imagen HD instant\u00e1nea del \u00e1rea monitoreada.\u00a0GNSS incorporado para geocodificaci\u00f3n autom\u00e1tica de datos de radar.\u00a0Levantamiento DTM en tiempo real.\u00a0<\/span><\/p>\n<p><strong><span>Green Power<\/span><\/strong><br \/>\n<span>Un sistema de suministro de generador h\u00edbrido solar-di\u00e9sel combinado e integrado, con turbina e\u00f3lica opcional, que garantiza una reducci\u00f3n dr\u00e1stica del consumo de combustible y ahorros en los costos de mantenimiento del grupo electr\u00f3geno.<\/span><\/p>\n<p><strong><span>Datos confiables 24\/7<\/span><\/strong><br \/>\n<span>El algoritmo de correcci\u00f3n atmosf\u00e9rica m\u00e1s avanzado disponible en el mercado que resuelve incluso los movimientos de pendiente m\u00e1s peque\u00f1os y repentinos.\u00a0Siempre eficaz en la entrega de los datos m\u00e1s limpios y precisos para alarmas confiables en tiempo real, sin necesidad de intervenci\u00f3n del usuario.\u00a0<\/span><\/p>\n<p><strong><span>Alta disponibilidad con bajos costes de mantenimiento<\/span><\/strong><br \/>\n<span>Piezas m\u00f3viles m\u00ednimas y dise\u00f1o a prueba de militares para garantizar robustez y m\u00e1xima disponibilidad en<\/span><br \/>\n<span>todas las condiciones meteorol\u00f3gicas y mineras.<\/span><\/p>\n<p><strong><span>Integraci\u00f3n completa con FPM360 TrueVector<\/span><\/strong><br \/>\n<span>Proporciona una conexi\u00f3n perfecta de m\u00faltiples sensores de monitoreo (radar IBIS, TPS, GNSS) en una soluci\u00f3n.<\/span><\/p>\n<hr \/>\n<p dir=\"LTR\"><strong><span>Caracter\u00edsticas<\/span><\/strong><\/p>\n<ul>\n<li><span>Rango de escaneo:<\/span>\n<ul>\n<li><span>Rendimiento: hasta 5000m<\/span><\/li>\n<li><span>Lite: hasta 2500m<\/span><\/li>\n<\/ul>\n<\/li>\n<li><span>Cobertura m\u00e1xima: 360\u00b0 H x 112\u00b0 V (62\u00b0 V por sesi\u00f3n)<\/span><\/li>\n<li><span>Tiempo de escaneo:\u00a0<\/span>\n<ul>\n<li><span>Rendimiento: 360\u00b0 en 40 s;\u00a0180\u00b0 en 20s<\/span><\/li>\n<li><span>Lite: 360\u00b0 en 4 min;\u00a0180\u00b0 en 2min<\/span><\/li>\n<\/ul>\n<\/li>\n<li><span>Resoluci\u00f3n:\u00a0<\/span>\n<ul>\n<li><span>Rendimiento: 10 millones de p\u00edxeles para escaneo de resoluci\u00f3n completa<\/span><\/li>\n<li><span>Lite: 5 millones de p\u00edxeles para escaneo de resoluci\u00f3n completa<\/span><\/li>\n<\/ul>\n<\/li>\n<li><span>Paneles solares integrados, generador diesel y turbina e\u00f3lica opcional<\/span><\/li>\n<li><span>Levantamiento 3D SAR\u00a0<\/span><sup><span>1<\/span><\/sup><span>\u00a0y DTM autom\u00e1tico<\/span><\/li>\n<li><span>C\u00e1mara HD integrada1 en cabezal de radar giratorio (con enlace a datos de radar)<\/span><\/li>\n<li><span>GNSS integrado<\/span><\/li>\n<li><span>Funciona en todas las condiciones clim\u00e1ticas y temperaturas (-20 \u00b0C\/-50 \u00b0C\u00a0<\/span><sup><span>2<\/span><\/sup><span>\u00a0a +55 \u00b0C)<\/span><\/li>\n<li><span>Operaci\u00f3n totalmente remota (enlace de radio inal\u00e1mbrico) y tama\u00f1o de archivo optimizado para ancho de banda bajo (&lt;1 Mbit\/s)<\/span><\/li>\n<li><span>Generaci\u00f3n de alarmas con niveles definidos por el usuario y m\u00faltiples criterios de alarma<\/span><\/li>\n<li><span>Cero retrasos en el procesamiento de datos y generaci\u00f3n de alarmas<\/span><\/li>\n<li><span>Exportabilidad de resultados georreferenciados a software de planificaci\u00f3n minera<\/span><\/li>\n<li><span>Herramientas de an\u00e1lisis geot\u00e9cnico integradas<\/span><\/li>\n<li><span>Integraci\u00f3n en la suite FPM360 TrueVector\u00a0<\/span><\/li>\n<\/ul>\n<p>&nbsp;<\/p>\n<p dir=\"LTR\"><sup><span>1 Opcional para Lite<\/span><br \/>\n<span>2 Con kit de baja temperatura opcional<\/span><\/sup><\/p>\n","protected":false},"excerpt":{"rendered":"<p>EL RADAR QUE CAMBI\u00d3 LA INDUSTRIA IBIS-ArcSAR ha establecido nuevos est\u00e1ndares en la industria minera, y con su destacado desempe\u00f1o se ha convertido en la soluci\u00f3n tecnol\u00f3gica que lidera e inspira el mercado de monitoreo de taludes.\u00a0IBIS-ArcSAR est\u00e1 dise\u00f1ado para un despliegue r\u00e1pido y robusto para garantizar los m\u00e1s altos est\u00e1ndares de seguridad para gestionar [&hellip;]<\/p>\n","protected":false},"featured_media":3447,"comment_status":"open","ping_status":"closed","template":"","meta":{"om_disable_all_campaigns":false,"ocean_post_layout":"","ocean_both_sidebars_style":"","ocean_both_sidebars_content_width":0,"ocean_both_sidebars_sidebars_width":0,"ocean_sidebar":"0","ocean_second_sidebar":"0","ocean_disable_margins":"enable","ocean_add_body_class":"","ocean_shortcode_before_top_bar":"","ocean_shortcode_after_top_bar":"","ocean_shortcode_before_header":"","ocean_shortcode_after_header":"","ocean_has_shortcode":"","ocean_shortcode_after_title":"","ocean_shortcode_before_footer_widgets":"","ocean_shortcode_after_footer_widgets":"","ocean_shortcode_before_footer_bottom":"","ocean_shortcode_after_footer_bottom":"","ocean_display_top_bar":"default","ocean_display_header":"default","ocean_header_style":"","ocean_center_header_left_menu":"0","ocean_custom_header_template":"0","ocean_custom_logo":0,"ocean_custom_retina_logo":0,"ocean_custom_logo_max_width":0,"ocean_custom_logo_tablet_max_width":0,"ocean_custom_logo_mobile_max_width":0,"ocean_custom_logo_max_height":0,"ocean_custom_logo_tablet_max_height":0,"ocean_custom_logo_mobile_max_height":0,"ocean_header_custom_menu":"0","ocean_menu_typo_font_family":"0","ocean_menu_typo_font_subset":"","ocean_menu_typo_font_size":0,"ocean_menu_typo_font_size_tablet":0,"ocean_menu_typo_font_size_mobile":0,"ocean_menu_typo_font_size_unit":"px","ocean_menu_typo_font_weight":"","ocean_menu_typo_font_weight_tablet":"","ocean_menu_typo_font_weight_mobile":"","ocean_menu_typo_transform":"","ocean_menu_typo_transform_tablet":"","ocean_menu_typo_transform_mobile":"","ocean_menu_typo_line_height":0,"ocean_menu_typo_line_height_tablet":0,"ocean_menu_typo_line_height_mobile":0,"ocean_menu_typo_line_height_unit":"","ocean_menu_typo_spacing":0,"ocean_menu_typo_spacing_tablet":0,"ocean_menu_typo_spacing_mobile":0,"ocean_menu_typo_spacing_unit":"","ocean_menu_link_color":"","ocean_menu_link_color_hover":"","ocean_menu_link_color_active":"","ocean_menu_link_background":"","ocean_menu_link_hover_background":"","ocean_menu_link_active_background":"","ocean_menu_social_links_bg":"","ocean_menu_social_hover_links_bg":"","ocean_menu_social_links_color":"","ocean_menu_social_hover_links_color":"","ocean_disable_title":"default","ocean_disable_heading":"default","ocean_post_title":"","ocean_post_subheading":"","ocean_post_title_style":"","ocean_post_title_background_color":"","ocean_post_title_background":0,"ocean_post_title_bg_image_position":"","ocean_post_title_bg_image_attachment":"","ocean_post_title_bg_image_repeat":"","ocean_post_title_bg_image_size":"","ocean_post_title_height":0,"ocean_post_title_bg_overlay":0.5,"ocean_post_title_bg_overlay_color":"","ocean_disable_breadcrumbs":"default","ocean_breadcrumbs_color":"","ocean_breadcrumbs_separator_color":"","ocean_breadcrumbs_links_color":"","ocean_breadcrumbs_links_hover_color":"","ocean_display_footer_widgets":"default","ocean_display_footer_bottom":"default","ocean_custom_footer_template":"0","_joinchat":[]},"product_brand":[],"product_cat":[16],"product_tag":[],"class_list":{"0":"post-3446","1":"product","2":"type-product","3":"status-publish","4":"has-post-thumbnail","6":"product_cat-sin-categorizar","8":"entry","9":"has-media","11":"first","12":"instock","13":"shipping-taxable","14":"purchasable","15":"product-type-simple","16":"has-product-nav","17":"col","18":"span_1_of_3","19":"owp-content-center","20":"owp-thumbs-layout-horizontal","21":"owp-btn-normal","22":"owp-tabs-layout-horizontal","23":"has-no-thumbnails"},"_links":{"self":[{"href":"https:\/\/telemetry.com.pe\/index.php\/wp-json\/wp\/v2\/product\/3446","targetHints":{"allow":["GET"]}}],"collection":[{"href":"https:\/\/telemetry.com.pe\/index.php\/wp-json\/wp\/v2\/product"}],"about":[{"href":"https:\/\/telemetry.com.pe\/index.php\/wp-json\/wp\/v2\/types\/product"}],"replies":[{"embeddable":true,"href":"https:\/\/telemetry.com.pe\/index.php\/wp-json\/wp\/v2\/comments?post=3446"}],"wp:featuredmedia":[{"embeddable":true,"href":"https:\/\/telemetry.com.pe\/index.php\/wp-json\/wp\/v2\/media\/3447"}],"wp:attachment":[{"href":"https:\/\/telemetry.com.pe\/index.php\/wp-json\/wp\/v2\/media?parent=3446"}],"wp:term":[{"taxonomy":"product_brand","embeddable":true,"href":"https:\/\/telemetry.com.pe\/index.php\/wp-json\/wp\/v2\/product_brand?post=3446"},{"taxonomy":"product_cat","embeddable":true,"href":"https:\/\/telemetry.com.pe\/index.php\/wp-json\/wp\/v2\/product_cat?post=3446"},{"taxonomy":"product_tag","embeddable":true,"href":"https:\/\/telemetry.com.pe\/index.php\/wp-json\/wp\/v2\/product_tag?post=3446"}],"curies":[{"name":"wp","href":"https:\/\/api.w.org\/{rel}","templated":true}]}}